{"id":15015,"date":"2023-04-19T22:28:18","date_gmt":"2023-04-19T19:28:18","guid":{"rendered":"https:\/\/medifactia.com\/tr\/?page_id=15015"},"modified":"2026-02-11T15:36:56","modified_gmt":"2026-02-11T12:36:56","slug":"instructions","status":"publish","type":"page","link":"https:\/\/medifactia.com\/tr\/instructions\/","title":{"rendered":"Instructions"},"content":{"rendered":"<div  class='flex_column av-c7kgj8n-cf9835e1f9c036fa50525d77c0b10866 av_one_full  avia-builder-el-0  el_before_av_one_full  avia-builder-el-first  first flex_column_div  '     ><div  class='avia-video av-bkhfp2f-2f283a60999ac713cf33d9c4d76884cc avia-video-16-9 av-no-preview-image avia-video-load-always av-lazyload-immediate av-lazyload-video-embed'  itemprop=\"video\" itemtype=\"https:\/\/schema.org\/VideoObject\"  data-original_url='https:\/\/vimeo.com\/796097857'><script type='text\/html' class='av-video-tmpl'><div class='avia-iframe-wrap'><iframe loading=\"lazy\" title=\"Medifactia video 1 2023 ENG.mp4\" src=\"https:\/\/player.vimeo.com\/video\/796097857?h=911af83fab&amp;dnt=1&amp;app_id=122963&autoplay=0&loop=0&controls=1&muted=0\" width=\"1500\" height=\"844\" frameborder=\"0\" allow=\"autoplay; fullscreen; picture-in-picture\" allowfullscreen><\/iframe><\/div><\/script><div class='av-click-to-play-overlay'><div class=\"avia_playpause_icon\"><\/div><\/div><\/div><\/div>\n<div  class='flex_column av-b4e4xgn-5591ef3be69ab6bab4671075e07fadfe av_one_full  avia-builder-el-2  el_after_av_one_full  el_before_av_one_full  first flex_column_div  column-top-margin'     ><p>\n<style type=\"text\/css\" data-created_by=\"avia_inline_auto\" id=\"style-css-av-lgo33dqs-8448f1963ee36d76768c574070bad505\">\n#top .av-special-heading.av-lgo33dqs-8448f1963ee36d76768c574070bad505{\npadding-bottom:10px;\n}\nbody .av-special-heading.av-lgo33dqs-8448f1963ee36d76768c574070bad505 .av-special-heading-tag .heading-char{\nfont-size:25px;\n}\n.av-special-heading.av-lgo33dqs-8448f1963ee36d76768c574070bad505 .av-subheading{\nfont-size:15px;\n}\n<\/style>\n<div  class='av-special-heading av-lgo33dqs-8448f1963ee36d76768c574070bad505 av-special-heading-h1 blockquote modern-quote  avia-builder-el-3  el_before_av_textblock  avia-builder-el-first '><h1 class='av-special-heading-tag '  itemprop=\"headline\"  >Transit-Pellets\u2019\u0131n do\u011fru kullan\u0131m\u0131 i\u00e7in talimatlar<\/h1><div class=\"special-heading-border\"><div class=\"special-heading-inner-border\"><\/div><\/div><\/div><br \/>\n<section  class='av_textblock_section av-lgo344vr-2de51112fc280ac4201e65bc39a4d495 '   itemscope=\"itemscope\" itemtype=\"https:\/\/schema.org\/CreativeWork\" ><div class='avia_textblock'  itemprop=\"text\" ><p>Transit-Pellets, doktorlar taraf\u0131ndan evde kullan\u0131m i\u00e7in re\u00e7ete edilir. Arka arkaya alt\u0131 g\u00fcn boyunca, yedek HPMC kaps\u00fcllerde bulunan Transit-Pellets i\u015faretleyicilerini yutun ve yedinci g\u00fcnde kar\u0131n r\u00f6ntgeni \u00e7ektirin.<\/p>\n<p>Transit-Pellets&#8217;\u0131n do\u011fru ve g\u00fcvenli kullan\u0131m\u0131n\u0131 sa\u011flamak i\u00e7in kullanmadan \u00f6nce Transit-Pellets kullan\u0131m k\u0131lavuzunu dikkatle okumak \u00f6nemlidir. Do\u011frudan <a href=\"https:\/\/medifactia.com\/wp-content\/uploads\/2026\/02\/0074-IFU-International-ver05.pdf\" target=\"_blank\" rel=\"noopener\">BU BA\u011eLANTI<\/a> \u00fczerinden indirebilirsiniz. L\u00fctfen k\u0131lavuzun de\u011fi\u015febilece\u011fini unutmay\u0131n. En son s\u00fcr\u00fcm her zaman bu sayfada bulunur.<\/p>\n<\/div><\/section><\/p><\/div><div  class='flex_column av-amjwn7r-97b6e660cceb51e4d14b9bcb730dcdbb av_one_full  avia-builder-el-5  el_after_av_one_full  el_before_av_hr  first flex_column_div  column-top-margin'     ><p>\n<style type=\"text\/css\" data-created_by=\"avia_inline_auto\" id=\"style-css-av-lgo34hnd-a0f5a53c0025e604a4a3dc6d2769153b\">\n#top .av-special-heading.av-lgo34hnd-a0f5a53c0025e604a4a3dc6d2769153b{\npadding-bottom:10px;\n}\nbody .av-special-heading.av-lgo34hnd-a0f5a53c0025e604a4a3dc6d2769153b .av-special-heading-tag .heading-char{\nfont-size:25px;\n}\n.av-special-heading.av-lgo34hnd-a0f5a53c0025e604a4a3dc6d2769153b .av-subheading{\nfont-size:15px;\n}\n<\/style>\n<div  class='av-special-heading av-lgo34hnd-a0f5a53c0025e604a4a3dc6d2769153b av-special-heading-h2 blockquote modern-quote  avia-builder-el-6  el_before_av_textblock  avia-builder-el-first '><h2 class='av-special-heading-tag '  itemprop=\"headline\"  >Do\u011fru Sonu\u00e7lar\u0131 Garanti Et: Re\u00e7etelenen Talimatlar\u0131 Takip Edin<\/h2><div class=\"special-heading-border\"><div class=\"special-heading-inner-border\"><\/div><\/div><\/div><br \/>\n<section  class='av_textblock_section av-lgo34qt5-7e00190e9c3ce1493e00399bb2d71281 '   itemscope=\"itemscope\" itemtype=\"https:\/\/schema.org\/CreativeWork\" ><div class='avia_textblock'  itemprop=\"text\" ><p><img decoding=\"async\" class=\"alignright size-full wp-image-15198\" style=\"margin-left: 25px; margin-bottom: 30px;\" src=\"https:\/\/medifactia.com\/us\/wp-content\/uploads\/sites\/2\/2023\/02\/Transit-Pellets-Blister-gray.png\" alt=\"\" width=\"120\" \/>Do\u011fru sonu\u00e7lar\u0131 garanti etmek i\u00e7in i\u015faretleyiciler i\u00e7in re\u00e7etelenen dozlama talimatlar\u0131n\u0131 takip etmek \u00f6nemlidir. Bir Transit-Pellets kaps\u00fcl\u00fc ilk g\u00fcnden be\u015finci g\u00fcne kadar her g\u00fcn al\u0131nmal\u0131d\u0131r. Alt\u0131nc\u0131 g\u00fcn, sabah bir kaps\u00fcl al\u0131nmal\u0131 ve \u201c6:1\u201d olarak etiketlenmeli ve ak\u015fam bir kaps\u00fcl al\u0131nmal\u0131 ve \u201c6:2\u201d olarak etiketlenmelidir.<\/p>\n<p>\u00d6l\u00e7\u00fcm\u00fcn do\u011frulu\u011fundan emin olmak i\u00e7in, radyoloji muayenesinin alt\u0131nc\u0131 g\u00fcn\u00fcn ak\u015fam\u0131nda al\u0131nan son i\u015faretleyici dozuna g\u00f6re uygun zamanlama yap\u0131lmas\u0131 \u00f6nemlidir. Bu, radyoloji muayenesinin, alt\u0131nc\u0131 g\u00fcn\u00fcn ak\u015fam\u0131nda al\u0131nan son dozdan yakla\u015f\u0131k 12 saat sonra planlanmas\u0131 gerekti\u011fi anlam\u0131na gelir. A\u015fa\u011f\u0131daki tablo yard\u0131mc\u0131 bir referans sa\u011flar.<\/p>\n<\/div><\/section><br \/>\n<div class='avia-data-table-wrap av-ad5fpt3-e235834689cefce26081876a17ff0b95 avia_responsive_table avia-table-1'><table  class='avia-table avia-data-table avia_pricing_default  avia-builder-el-8  el_after_av_textblock  avia-builder-el-last '  itemscope=\"itemscope\" itemtype=\"https:\/\/schema.org\/Table\" ><tbody><tr class='avia-heading-row'><th class=''>G\u00fcn 1 (Kaps\u00fcl 1&#8217;i Yutun)<\/th><th class=''>G\u00fcn 7 (X-\u0131\u015f\u0131n\u0131)<\/th><\/tr><tr class=''><td class=''>Sal\u0131<\/td><td class=''>Pazartesi<\/td><\/tr><tr class=''><td class=''>\u00c7ar\u015famba<\/td><td class=''>Sal\u0131<\/td><\/tr><tr class=''><td class=''>Per\u015fembe<\/td><td class=''>\u00c7ar\u015famba<\/td><\/tr><tr class=''><td class=''>Cuma<\/td><td class=''>Per\u015fembe<\/td><\/tr><tr class=''><td class=''>Cumartesi<\/td><td class=''>Cuma<\/td><\/tr><\/tbody><\/table><\/div><style type='text\/css'>.avia-table-1 td:nth-of-type(1):before { content: 'G\u00fcn 1 (Kaps\u00fcl 1\u2019i Yutun)'; } .avia-table-1 td:nth-of-type(2):before { content: 'G\u00fcn 7 (X-\u0131\u015f\u0131n\u0131)'; } <\/style><\/p><\/div><\/p>\n<div  class='hr av-1u3f6pz-fe81d5f0b16dd2ff389f45fb4b0ccfc8 hr-default  avia-builder-el-9  el_after_av_one_full  el_before_av_one_full '><span class='hr-inner '><span class=\"hr-inner-style\"><\/span><\/span><\/div>\n<div  class='flex_column av-11i9afb-f01ef3794dff9660c06726a71a37cd74 av_one_full  avia-builder-el-10  el_after_av_hr  el_before_av_hr  first flex_column_div  '     ><style type=\"text\/css\" data-created_by=\"avia_inline_auto\" id=\"style-css-av-lgo36c9u-839f043d7a354613adab127769366162\">\n#top .av_textblock_section.av-lgo36c9u-839f043d7a354613adab127769366162 .avia_textblock{\nfont-size:13px;\n}\n<\/style>\n<section  class='av_textblock_section av-lgo36c9u-839f043d7a354613adab127769366162 '   itemscope=\"itemscope\" itemtype=\"https:\/\/schema.org\/CreativeWork\" ><div class='avia_textblock'  itemprop=\"text\" ><p>Bu sitedeki bilgiler, doktorunuzdan t\u0131bbi tavsiye yerine kullan\u0131lmamal\u0131d\u0131r. Tan\u0131 ve tedavi ile ilgili bilgileri, riskleri de dahil olmak \u00fczere her zaman doktorunuzla tart\u0131\u015f\u0131n. Unutmay\u0131n ki, t\u00fcm tedavi ve sonu\u00e7lar hastaya \u00f6zeldir. Sonu\u00e7lar de\u011fi\u015febilir.<\/p>\n<\/div><\/section><\/div>\n<div  class='hr av-lb37dz-697f9d0579f4a1741e5a11d34dc47303 hr-default  avia-builder-el-12  el_after_av_one_full  avia-builder-el-last '><span class='hr-inner '><span class=\"hr-inner-style\"><\/span><\/span><\/div>\n","protected":false},"excerpt":{"rendered":"","protected":false},"author":1,"featured_media":0,"parent":0,"menu_order":0,"comment_status":"closed","ping_status":"closed","template":"","meta":{"_lmt_disableupdate":"","_lmt_disable":"","footnotes":""},"class_list":["post-15015","page","type-page","status-publish","hentry"],"_links":{"self":[{"href":"https:\/\/medifactia.com\/tr\/wp-json\/wp\/v2\/pages\/15015","targetHints":{"allow":["GET"]}}],"collection":[{"href":"https:\/\/medifactia.com\/tr\/wp-json\/wp\/v2\/pages"}],"about":[{"href":"https:\/\/medifactia.com\/tr\/wp-json\/wp\/v2\/types\/page"}],"author":[{"embeddable":true,"href":"https:\/\/medifactia.com\/tr\/wp-json\/wp\/v2\/users\/1"}],"replies":[{"embeddable":true,"href":"https:\/\/medifactia.com\/tr\/wp-json\/wp\/v2\/comments?post=15015"}],"version-history":[{"count":3,"href":"https:\/\/medifactia.com\/tr\/wp-json\/wp\/v2\/pages\/15015\/revisions"}],"predecessor-version":[{"id":15190,"href":"https:\/\/medifactia.com\/tr\/wp-json\/wp\/v2\/pages\/15015\/revisions\/15190"}],"wp:attachment":[{"href":"https:\/\/medifactia.com\/tr\/wp-json\/wp\/v2\/media?parent=15015"}],"curies":[{"name":"wp","href":"https:\/\/api.w.org\/{rel}","templated":true}]}}