{"id":15012,"date":"2023-04-19T22:24:51","date_gmt":"2023-04-19T19:24:51","guid":{"rendered":"https:\/\/medifactia.com\/tr\/?page_id=15012"},"modified":"2026-02-11T10:48:00","modified_gmt":"2026-02-11T07:48:00","slug":"colon-transit-markers","status":"publish","type":"page","link":"https:\/\/medifactia.com\/tr\/colon-transit-markers\/","title":{"rendered":"Colon Transit Markers"},"content":{"rendered":"<div  class='flex_column av-4n9g0g4-633884709185e01093906263e0959868 av_one_full  avia-builder-el-0  el_before_av_one_full  avia-builder-el-first  first flex_column_div  '     ><style type=\"text\/css\" data-created_by=\"avia_inline_auto\" id=\"style-css-av-lgo2zhce-144b057a70224605caf739fe0350ff0b\">\n.avia-image-container.av-lgo2zhce-144b057a70224605caf739fe0350ff0b img.avia_image{\nbox-shadow:none;\n}\n.avia-image-container.av-lgo2zhce-144b057a70224605caf739fe0350ff0b .av-image-caption-overlay-center{\ncolor:#ffffff;\n}\n<\/style>\n<div  class='avia-image-container av-lgo2zhce-144b057a70224605caf739fe0350ff0b av-styling- avia-align-center  avia-builder-el-1  avia-builder-el-no-sibling '   itemprop=\"image\" itemscope=\"itemscope\" itemtype=\"https:\/\/schema.org\/ImageObject\" ><div class=\"avia-image-container-inner\"><div class=\"avia-image-overlay-wrap\"><img decoding=\"async\" fetchpriority=\"high\" class='wp-image- avia-img-lazy-loading-not- avia_image ' src=\"https:\/\/medifactia.com\/us\/wp-content\/uploads\/sites\/2\/2023\/02\/medifactia-TP-Infinit.jpg\" alt='' title=''   itemprop=\"thumbnailUrl\"  \/><\/div><\/div><\/div><\/div>\n<div  class='flex_column av-4fv0j8k-c5279e6f6f19e88fd6a8322af465ae71 av_one_full  avia-builder-el-2  el_after_av_one_full  el_before_av_hr  first flex_column_div  column-top-margin'     ><p>\n<style type=\"text\/css\" data-created_by=\"avia_inline_auto\" id=\"style-css-av-lgo2zoyo-99c2f1ec2bd7a4073aa6e0496f462219\">\n#top .av-special-heading.av-lgo2zoyo-99c2f1ec2bd7a4073aa6e0496f462219{\npadding-bottom:10px;\n}\nbody .av-special-heading.av-lgo2zoyo-99c2f1ec2bd7a4073aa6e0496f462219 .av-special-heading-tag .heading-char{\nfont-size:25px;\n}\n.av-special-heading.av-lgo2zoyo-99c2f1ec2bd7a4073aa6e0496f462219 .av-subheading{\nfont-size:15px;\n}\n<\/style>\n<div  class='av-special-heading av-lgo2zoyo-99c2f1ec2bd7a4073aa6e0496f462219 av-special-heading-h1 blockquote modern-quote  avia-builder-el-3  el_before_av_textblock  avia-builder-el-first '><h1 class='av-special-heading-tag '  itemprop=\"headline\"  >Transit-Pellets A\u00e7\u0131klamas\u0131<\/h1><div class=\"special-heading-border\"><div class=\"special-heading-inner-border\"><\/div><\/div><\/div><br \/>\n<section  class='av_textblock_section av-lgo308le-a9054c111d0554615852bd252511b65b '   itemscope=\"itemscope\" itemtype=\"https:\/\/schema.org\/CreativeWork\" ><div class='avia_textblock'  itemprop=\"text\" ><p>Transit-Pellets, sert kabuklu hidropropil metil sel\u00fcloz (HPMC) kaps\u00fcl i\u00e7inde barium s\u00fclfat (BaSO<sub>4<\/sub>) ile doldurulmu\u015f silikon i\u00e7eren k\u00fc\u00e7\u00fck r\u00f6ntgenta\u015f mark\u00f6rlerden olu\u015fur. HPMC kaps\u00fclleri jelatin i\u00e7ermeyen ve t\u0131bbi \u00fcr\u00fcnler i\u00e7in standart tipte kullan\u0131lmaktad\u0131r. Kaps\u00fcllerin i\u015flevi, mark\u00f6rleri mideye ta\u015f\u0131makt\u0131r, burada \u00e7\u00f6z\u00fcn\u00fcrler. Mark\u00f6rler sindirim sistemi boyunca ge\u00e7er ve d\u0131\u015fk\u0131yla at\u0131l\u0131r.<\/p>\n<p>Barium S\u00fclfat, 1890&#8217;larda WB Cannon taraf\u0131ndan yap\u0131lan \u00f6nc\u00fc \u00e7al\u0131\u015fmalardan beri gastrointestinal sistem radyografik g\u00f6r\u00fcnt\u00fclemesi i\u00e7in kullan\u0131lan bir radyoopak malzemedir. \u201dRadyoopak\u201d terimi, X \u0131\u015f\u0131nlar\u0131n\u0131n i\u00e7inden ge\u00e7emeyecek kadar yo\u011fun olan malzemeler, \u00f6rne\u011fin Barium S\u00fclfat gibi, anlam\u0131na gelir ve bu nedenle bir X \u0131\u015f\u0131n\u0131 g\u00f6r\u00fcnt\u00fcs\u00fcnde g\u00f6r\u00fclebilirler. Barium S\u00fclfat ile emprenye edilmi\u015f radyoopak mark\u00f6rlerin kolon transit s\u00fcresini \u00f6l\u00e7mek i\u00e7in kullan\u0131m\u0131 45 y\u0131l\u0131 a\u015fk\u0131n bir s\u00fcredir uygulanmaktad\u0131r. Silikon da bir\u00e7ok t\u0131bbi teknoloji uygulamas\u0131nda yayg\u0131n olarak kullan\u0131lan bir malzemedir.<\/p>\n<\/div><\/section><\/p><\/div>\n\n<style type=\"text\/css\" data-created_by=\"avia_inline_auto\" id=\"style-css-av-3zvcif8-d5bd5641bd4e0127d3f9605cfc71a6a8\">\n#top .hr.hr-invisible.av-3zvcif8-d5bd5641bd4e0127d3f9605cfc71a6a8{\nheight:10px;\n}\n<\/style>\n<div  class='hr av-3zvcif8-d5bd5641bd4e0127d3f9605cfc71a6a8 hr-invisible  avia-builder-el-5  el_after_av_one_full  el_before_av_three_fifth '><span class='hr-inner '><span class=\"hr-inner-style\"><\/span><\/span><\/div>\n<div  class='flex_column av-3k13j7o-fff5d934b41bf177a0794331e301d296 av_three_fifth  avia-builder-el-6  el_after_av_hr  el_before_av_two_fifth  first flex_column_div  '     ><section  class='av_textblock_section av-lgo30jc2-bd80f50ca5713c7c51c5790938c17685 '   itemscope=\"itemscope\" itemtype=\"https:\/\/schema.org\/CreativeWork\" ><div class='avia_textblock'  itemprop=\"text\" ><p>HPMC kaps\u00fcl\u00fc (-00- boyutu) bir kapa ve bir g\u00f6vdeden olu\u015fan iki a\u00e7\u0131k u\u00e7lu silindirlerden olu\u015fur ve birbirlerinin i\u00e7ine uygun \u015fekilde yerle\u015ftirilir. Be\u015f kaps\u00fcl on halka \u015feklinde mark\u00f6r i\u00e7erirken, iki kaps\u00fcl be\u015f t\u00fcp \u015feklinde mark\u00f6r i\u00e7erir. Transit-Pellets kaps\u00fclleri blister ambalajda gelir ve bu blister ambalaj karton kutunun i\u00e7ine yerle\u015ftirilir.<\/p>\n<p>Transit-Pellets&#8217;in alt\u0131nc\u0131 g\u00fcn\u00fc i\u00e7in farkl\u0131 bir formu vard\u0131r, bu da doktorun kal\u0131n ba\u011f\u0131rsakta belirli b\u00f6lgeleri daha iyi g\u00f6rebilmesine yard\u0131mc\u0131 olur. Alt\u0131nc\u0131 g\u00fcn dozu ayr\u0131ca sabah ve ak\u015fam dozlar\u0131na b\u00f6l\u00fcn\u00fcr ve bunun nedeni h\u0131zl\u0131 kolontransitin olup olmad\u0131\u011f\u0131n\u0131 de\u011ferlendirebilmektir.<\/p>\n<\/div><\/section><\/div>\n\n<style type=\"text\/css\" data-created_by=\"avia_inline_auto\" id=\"style-css-av-31uq084-0b50476f178c12dc044191677d5b5ad6\">\n.flex_column.av-31uq084-0b50476f178c12dc044191677d5b5ad6{\npadding:10px 0 0 0;\n}\n<\/style>\n<div  class='flex_column av-31uq084-0b50476f178c12dc044191677d5b5ad6 av_two_fifth  avia-builder-el-8  el_after_av_three_fifth  el_before_av_hr  flex_column_div  '     ><style type=\"text\/css\" data-created_by=\"avia_inline_auto\" id=\"style-css-av-lgo30o7f-006969938a95be3fb9bbd284e4410d42\">\n.avia-image-container.av-lgo30o7f-006969938a95be3fb9bbd284e4410d42 img.avia_image{\nbox-shadow:none;\n}\n.avia-image-container.av-lgo30o7f-006969938a95be3fb9bbd284e4410d42 .av-image-caption-overlay-center{\ncolor:#ffffff;\n}\n<\/style>\n<div  class='avia-image-container av-lgo30o7f-006969938a95be3fb9bbd284e4410d42 av-styling- avia-align-center  avia-builder-el-9  avia-builder-el-no-sibling '   itemprop=\"image\" itemscope=\"itemscope\" itemtype=\"https:\/\/schema.org\/ImageObject\" ><div class=\"avia-image-container-inner\"><div class=\"avia-image-overlay-wrap\"><img decoding=\"async\" fetchpriority=\"high\" class='wp-image- avia-img-lazy-loading-not- avia_image ' src=\"https:\/\/medifactia.com\/us\/wp-content\/uploads\/sites\/2\/2023\/02\/kapslar-1.jpg\" alt='' title=''   itemprop=\"thumbnailUrl\"  \/><\/div><\/div><\/div><\/div>\n\n<style type=\"text\/css\" data-created_by=\"avia_inline_auto\" id=\"style-css-av-2omjilg-41a0f9b87aacf2a6ec4f0777982ec68b\">\n#top .hr.hr-invisible.av-2omjilg-41a0f9b87aacf2a6ec4f0777982ec68b{\nheight:50px;\n}\n<\/style>\n<div  class='hr av-2omjilg-41a0f9b87aacf2a6ec4f0777982ec68b hr-invisible  avia-builder-el-10  el_after_av_two_fifth  el_before_av_one_full '><span class='hr-inner '><span class=\"hr-inner-style\"><\/span><\/span><\/div>\n<div  class='flex_column av-1x7ttqc-73d59f0199dcb93920da2cf5d17c74ce av_one_full  avia-builder-el-11  el_after_av_hr  el_before_av_hr  first flex_column_div  '     ><p>\n<style type=\"text\/css\" data-created_by=\"avia_inline_auto\" id=\"style-css-av-lgo30x6a-5afc2001b78d393ba47e37f89b47c96c\">\n#top .av-special-heading.av-lgo30x6a-5afc2001b78d393ba47e37f89b47c96c{\npadding-bottom:10px;\n}\nbody .av-special-heading.av-lgo30x6a-5afc2001b78d393ba47e37f89b47c96c .av-special-heading-tag .heading-char{\nfont-size:25px;\n}\n.av-special-heading.av-lgo30x6a-5afc2001b78d393ba47e37f89b47c96c .av-subheading{\nfont-size:15px;\n}\n<\/style>\n<div  class='av-special-heading av-lgo30x6a-5afc2001b78d393ba47e37f89b47c96c av-special-heading-h2 blockquote modern-quote  avia-builder-el-12  el_before_av_textblock  avia-builder-el-first '><h2 class='av-special-heading-tag '  itemprop=\"headline\"  >Transit-Pellets Kullan\u0131m Talimat\u0131<\/h2><div class=\"special-heading-border\"><div class=\"special-heading-inner-border\"><\/div><\/div><\/div><br \/>\n<section  class='av_textblock_section av-lgo31qem-555196c46f09997a251054e30d5b1e7c '   itemscope=\"itemscope\" itemtype=\"https:\/\/schema.org\/CreativeWork\" ><div class='avia_textblock'  itemprop=\"text\" ><p>Her Transit-Pellets kutusu, kullan\u0131labilir olan 20 farkl\u0131 dilde Kullan\u0131m Talimat\u0131 i\u00e7ermektedir. Cihaz\u0131n kullan\u0131m\u0131na ba\u015flamadan \u00f6nce Transit-Pellets kullan\u0131c\u0131s\u0131n\u0131n bu bilgileri okumas\u0131 \u00f6nemlidir. Kullan\u0131m Talimat\u0131, Transit-Pellets&#8217;in do\u011fru \u015fekilde nas\u0131l kullan\u0131laca\u011f\u0131 hakk\u0131nda \u00f6nemli talimatlar i\u00e7erir. L\u00fctfen Transit-Pellets kullan\u0131m k\u0131lavuzunu bu <a href=\"https:\/\/medifactia.com\/wp-content\/uploads\/2026\/02\/0074-IFU-International-ver05.pdf\" target=\"_blank\" rel=\"noopener\">L\u0130NK<\/a> arac\u0131l\u0131\u011f\u0131yla indirin.<\/p>\n<\/div><\/section><\/p><\/div><div  class='hr av-1i5oi9w-79da919e2e340a59ed52ffdd9f48c355 hr-default  avia-builder-el-14  el_after_av_one_full  el_before_av_one_full '><span class='hr-inner '><span class=\"hr-inner-style\"><\/span><\/span><\/div><\/p>\n<div  class='flex_column av-1b8vgkk-87835c9106a74371632329bdd0cbc7cd av_one_full  avia-builder-el-15  el_after_av_hr  el_before_av_hr  first flex_column_div  '     ><style type=\"text\/css\" data-created_by=\"avia_inline_auto\" id=\"style-css-av-lgo320lg-4b43bafaf7088a48907c380f9517b99e\">\n#top .av_textblock_section.av-lgo320lg-4b43bafaf7088a48907c380f9517b99e .avia_textblock{\nfont-size:13px;\n}\n<\/style>\n<section  class='av_textblock_section av-lgo320lg-4b43bafaf7088a48907c380f9517b99e '   itemscope=\"itemscope\" itemtype=\"https:\/\/schema.org\/CreativeWork\" ><div class='avia_textblock'  itemprop=\"text\" ><p>Bu sitedeki bilgiler, doktorunuzdan t\u0131bbi tavsiye yerine kullan\u0131lmamal\u0131d\u0131r. Tan\u0131 ve tedavi ile ilgili bilgileri, riskleri de dahil olmak \u00fczere her zaman doktorunuzla tart\u0131\u015f\u0131n. Unutmay\u0131n ki, t\u00fcm tedavi ve sonu\u00e7lar hastaya \u00f6zeldir. Sonu\u00e7lar de\u011fi\u015febilir.<\/p>\n<\/div><\/section><\/div>\n<div  class='hr av-vmyjtw-07eeb534485eb9a2d54dcaed5474ad5e hr-default  avia-builder-el-17  el_after_av_one_full  avia-builder-el-last '><span class='hr-inner '><span class=\"hr-inner-style\"><\/span><\/span><\/div>\n","protected":false},"excerpt":{"rendered":"","protected":false},"author":1,"featured_media":0,"parent":0,"menu_order":0,"comment_status":"closed","ping_status":"closed","template":"","meta":{"_lmt_disableupdate":"","_lmt_disable":"","footnotes":""},"class_list":["post-15012","page","type-page","status-publish","hentry"],"_links":{"self":[{"href":"https:\/\/medifactia.com\/tr\/wp-json\/wp\/v2\/pages\/15012","targetHints":{"allow":["GET"]}}],"collection":[{"href":"https:\/\/medifactia.com\/tr\/wp-json\/wp\/v2\/pages"}],"about":[{"href":"https:\/\/medifactia.com\/tr\/wp-json\/wp\/v2\/types\/page"}],"author":[{"embeddable":true,"href":"https:\/\/medifactia.com\/tr\/wp-json\/wp\/v2\/users\/1"}],"replies":[{"embeddable":true,"href":"https:\/\/medifactia.com\/tr\/wp-json\/wp\/v2\/comments?post=15012"}],"version-history":[{"count":3,"href":"https:\/\/medifactia.com\/tr\/wp-json\/wp\/v2\/pages\/15012\/revisions"}],"predecessor-version":[{"id":15186,"href":"https:\/\/medifactia.com\/tr\/wp-json\/wp\/v2\/pages\/15012\/revisions\/15186"}],"wp:attachment":[{"href":"https:\/\/medifactia.com\/tr\/wp-json\/wp\/v2\/media?parent=15012"}],"curies":[{"name":"wp","href":"https:\/\/api.w.org\/{rel}","templated":true}]}}