{"id":15009,"date":"2023-04-19T22:21:50","date_gmt":"2023-04-19T19:21:50","guid":{"rendered":"https:\/\/medifactia.com\/tr\/?page_id=15009"},"modified":"2024-04-25T10:39:28","modified_gmt":"2024-04-25T07:39:28","slug":"colon-transit-study","status":"publish","type":"page","link":"https:\/\/medifactia.com\/tr\/colon-transit-study\/","title":{"rendered":"Colon Transit Study"},"content":{"rendered":"<div  class='flex_column av-3d7v34x-9beb8aac75573fa6ffbcd76977b56628 av_one_full  avia-builder-el-0  el_before_av_one_full  avia-builder-el-first  first flex_column_div  '     ><style type=\"text\/css\" data-created_by=\"avia_inline_auto\" id=\"style-css-av-lgo2vb1c-b7c759d749237f5e8d9a0a2b6acbebc6\">\n.avia-image-container.av-lgo2vb1c-b7c759d749237f5e8d9a0a2b6acbebc6 img.avia_image{\nbox-shadow:none;\n}\n.avia-image-container.av-lgo2vb1c-b7c759d749237f5e8d9a0a2b6acbebc6 .av-image-caption-overlay-center{\ncolor:#ffffff;\n}\n<\/style>\n<div  class='avia-image-container av-lgo2vb1c-b7c759d749237f5e8d9a0a2b6acbebc6 av-styling- avia-align-center  avia-builder-el-1  avia-builder-el-no-sibling '   itemprop=\"image\" itemscope=\"itemscope\" itemtype=\"https:\/\/schema.org\/ImageObject\" ><div class=\"avia-image-container-inner\"><div class=\"avia-image-overlay-wrap\"><img decoding=\"async\" fetchpriority=\"high\" class='wp-image-15056 avia-img-lazy-loading-not-15056 avia_image ' src=\"https:\/\/medifactia.com\/tr\/wp-content\/uploads\/sites\/19\/2023\/06\/patient-doctor-2.jpg\" alt='' title='patient-doctor-2'  height=\"1282\" width=\"1920\"  itemprop=\"thumbnailUrl\" srcset=\"https:\/\/medifactia.com\/tr\/wp-content\/uploads\/sites\/19\/2023\/06\/patient-doctor-2.jpg 1920w, https:\/\/medifactia.com\/tr\/wp-content\/uploads\/sites\/19\/2023\/06\/patient-doctor-2-300x200.jpg 300w, https:\/\/medifactia.com\/tr\/wp-content\/uploads\/sites\/19\/2023\/06\/patient-doctor-2-1030x688.jpg 1030w, https:\/\/medifactia.com\/tr\/wp-content\/uploads\/sites\/19\/2023\/06\/patient-doctor-2-768x513.jpg 768w, https:\/\/medifactia.com\/tr\/wp-content\/uploads\/sites\/19\/2023\/06\/patient-doctor-2-1536x1026.jpg 1536w, https:\/\/medifactia.com\/tr\/wp-content\/uploads\/sites\/19\/2023\/06\/patient-doctor-2-1500x1002.jpg 1500w, https:\/\/medifactia.com\/tr\/wp-content\/uploads\/sites\/19\/2023\/06\/patient-doctor-2-705x471.jpg 705w\" sizes=\"(max-width: 1920px) 100vw, 1920px\" \/><\/div><\/div><\/div><\/div>\n<div  class='flex_column av-2wafsbl-930c3ce852de5e14d9845c7044327391 av_one_full  avia-builder-el-2  el_after_av_one_full  el_before_av_one_full  first flex_column_div  column-top-margin'     ><p>\n<style type=\"text\/css\" data-created_by=\"avia_inline_auto\" id=\"style-css-av-lgo2vj3v-50040b11a2ba75392350f6119120bda6\">\n#top .av-special-heading.av-lgo2vj3v-50040b11a2ba75392350f6119120bda6{\npadding-bottom:10px;\n}\nbody .av-special-heading.av-lgo2vj3v-50040b11a2ba75392350f6119120bda6 .av-special-heading-tag .heading-char{\nfont-size:25px;\n}\n.av-special-heading.av-lgo2vj3v-50040b11a2ba75392350f6119120bda6 .av-subheading{\nfont-size:15px;\n}\n<\/style>\n<div  class='av-special-heading av-lgo2vj3v-50040b11a2ba75392350f6119120bda6 av-special-heading-h1 blockquote modern-quote  avia-builder-el-3  el_before_av_textblock  avia-builder-el-first '><h1 class='av-special-heading-tag '  itemprop=\"headline\"  >Transit-Pellets Kaps\u00fclleri ile Kolon Transit \u00c7al\u0131\u015fmas\u0131 nedir?<\/h1><div class=\"special-heading-border\"><div class=\"special-heading-inner-border\"><\/div><\/div><\/div><br \/>\n<section  class='av_textblock_section av-lgo2vy9w-88b686c559ac128c4dbfe8007301ae6e '   itemscope=\"itemscope\" itemtype=\"https:\/\/schema.org\/CreativeWork\" ><div class='avia_textblock'  itemprop=\"text\" ><p>Kolon transit \u00e7al\u0131\u015fmas\u0131 Transit-Pellets ile s\u0131kl\u0131kla kronik kab\u0131zl\u0131k, kronik ishal ve\/veya irritabl ba\u011f\u0131rsak sendromu (IBS) olan hastalarda kullan\u0131l\u0131r. Bu testinin amac\u0131, motilite bozukluklar\u0131n\u0131 ve g\u0131dan\u0131n\/d\u0131\u015fk\u0131n\u0131n mide-barsak sistemi boyunca ne kadar h\u0131zl\u0131 veya yava\u015f hareket etti\u011fini de\u011ferlendirmektir.<\/p>\n<p>Test, alt\u0131 g\u00fcnl\u00fck bir s\u00fcre boyunca yedi kaps\u00fcl\u00fcn yutulmas\u0131n\u0131 i\u00e7erir ve her kaps\u00fcl, r\u00f6ntgen g\u00f6r\u00fcnt\u00fcleme ile g\u00f6r\u00fcnt\u00fclenebilen k\u00fc\u00e7\u00fck i\u015faretleyiciler i\u00e7erir. \u0130\u015faretleyicilerin kal\u0131n ba\u011f\u0131rsak boyunca ilerleyi\u015fini takip ederek, doktor problem\u0131n \u015fiddetini nicelendirebilir. Sonu\u00e7lar, di\u011fer muayene prosed\u00fcrlerinin gereklili\u011fini belirlemede ve uygun tedavi se\u00e7eneklerini se\u00e7mede \u00f6nemli olabilir.<\/p>\n<p>Kaps\u00fcller ve i\u015faretleyiciler, h\u0131zl\u0131 transit&#8217;ten yava\u015f transit&#8217;e kadar kolon transit s\u00fcresinin t\u00fcm aral\u0131\u011f\u0131n\u0131 \u00f6l\u00e7mek i\u00e7in do\u011frulanm\u0131\u015f tek bir y\u00f6ntem olan Transit-Pellets y\u00f6ntemine g\u00f6re benzersiz bir \u015fekilde paketlenmi\u015ftir.<\/p>\n<p>Transit-Pellets t\u00fcketimi g\u00fcvenlidir ve i\u015faretleyiciler, d\u0131\u015fk\u0131 ile birlikte v\u00fccuttan at\u0131lacak ve g\u00fcvenli bir \u015fekilde tuvalete at\u0131labilir.<\/p>\n<\/div><\/section><\/p><\/div><div  class='flex_column av-2mf25c1-8306bf6609ea324f4ab3dff590dc9005 av_one_full  avia-builder-el-5  el_after_av_one_full  el_before_av_one_full  first flex_column_div  column-top-margin'     ><p>\n<style type=\"text\/css\" data-created_by=\"avia_inline_auto\" id=\"style-css-av-lgo2w9r3-c7e6e9668201228e4509e820e224891c\">\n#top .av-special-heading.av-lgo2w9r3-c7e6e9668201228e4509e820e224891c{\npadding-bottom:10px;\n}\nbody .av-special-heading.av-lgo2w9r3-c7e6e9668201228e4509e820e224891c .av-special-heading-tag .heading-char{\nfont-size:25px;\n}\n.av-special-heading.av-lgo2w9r3-c7e6e9668201228e4509e820e224891c .av-subheading{\nfont-size:15px;\n}\n<\/style>\n<div  class='av-special-heading av-lgo2w9r3-c7e6e9668201228e4509e820e224891c av-special-heading-h2 blockquote modern-quote  avia-builder-el-6  el_before_av_textblock  avia-builder-el-first '><h2 class='av-special-heading-tag '  itemprop=\"headline\"  >Doktorunuz Transit-Pellets ile Kolon Transit \u00c7al\u0131\u015fmas\u0131 re\u00e7ete edebilece\u011fi durumlar<\/h2><div class=\"special-heading-border\"><div class=\"special-heading-inner-border\"><\/div><\/div><\/div><br \/>\n<section  class='av_textblock_section av-lgo2wiz0-c35f54b38e8cafd1b73f5197186f4640 '   itemscope=\"itemscope\" itemtype=\"https:\/\/schema.org\/CreativeWork\" ><div class='avia_textblock'  itemprop=\"text\" ><p>Genellikle kab\u0131zl\u0131\u011f\u0131n ilk tedavisi, diyet ve ya\u015fam tarz\u0131nda de\u011fi\u015fiklikler yapmak ve hacim artt\u0131r\u0131c\u0131 ve emilmez karbonhidratlar gibi re\u00e7etesiz m\u00fcshil ila\u00e7lar\u0131n\u0131 denemektir. Bu y\u00f6ntemler etkisiz kal\u0131rsa, Transit-Pellets kaps\u00fclleri kullanarak bir kolon transit \u00e7al\u0131\u015fmas\u0131 yap\u0131labilir. Baz\u0131 sa\u011fl\u0131k hizmeti sa\u011flay\u0131c\u0131lar\u0131, bir kolon transit testi \u00f6nermeden \u00f6nce tuzlu laksatifler veya motilite uyar\u0131c\u0131 ila\u00e7lar gibi di\u011fer tedavi se\u00e7eneklerini deneyebilir.<\/p>\n<\/div><\/section><\/p><\/div><\/p>\n<div  class='flex_column av-1yt5va9-269997921c6683136e359e84787cafc8 av_one_full  avia-builder-el-8  el_after_av_one_full  el_before_av_hr  first flex_column_div  column-top-margin'     ><p>\n<style type=\"text\/css\" data-created_by=\"avia_inline_auto\" id=\"style-css-av-lgo2wqok-216b0797830ee7d9706dc9ee48c57681\">\n#top .av-special-heading.av-lgo2wqok-216b0797830ee7d9706dc9ee48c57681{\npadding-bottom:10px;\n}\nbody .av-special-heading.av-lgo2wqok-216b0797830ee7d9706dc9ee48c57681 .av-special-heading-tag .heading-char{\nfont-size:25px;\n}\n.av-special-heading.av-lgo2wqok-216b0797830ee7d9706dc9ee48c57681 .av-subheading{\nfont-size:15px;\n}\n<\/style>\n<div  class='av-special-heading av-lgo2wqok-216b0797830ee7d9706dc9ee48c57681 av-special-heading-h2 blockquote modern-quote  avia-builder-el-9  el_before_av_textblock  avia-builder-el-first '><h2 class='av-special-heading-tag '  itemprop=\"headline\"  >K\u0131sa Tarih\u00e7e<\/h2><div class=\"special-heading-border\"><div class=\"special-heading-inner-border\"><\/div><\/div><\/div><br \/>\n<section  class='av_textblock_section av-lgo2wyi4-6f694dcf353221a3465be44bd813f790 '   itemscope=\"itemscope\" itemtype=\"https:\/\/schema.org\/CreativeWork\" ><div class='avia_textblock'  itemprop=\"text\" ><p>Kolon transitini de\u011ferlendirmek i\u00e7in yutulabilen radyoopak i\u015faretleyicilerin kullan\u0131m\u0131, Hinton&#8217;un 1969&#8217;da ilk kez tan\u0131mlad\u0131\u011f\u0131ndan beri iyi kabul g\u00f6rm\u00fc\u015ft\u00fcr. Test bazen \u201cHintons Method\u201d olarak adland\u0131r\u0131l\u0131r, ancak ayn\u0131 zamanda Colon Transit-Pellets test, Colonic Transit Markers Study, Radiopaque Markers Test, Radio-Opaque Markers Test, ROM Test veya Bowel Motility Test olarak da bilinir. R\u00f6ntgent\u00e4ta mark\u00f6rlerle kolon transit s\u00fcresini \u00f6l\u00e7mek, \u015fu anda yeti\u015fkinlerde ve \u00e7ocuklarda gastrointestinal bozukluklar\u0131 de\u011ferlendirmenin en g\u00fcvenilir ve g\u00fcvenli y\u00f6ntemi olarak kabul edilmektedir<\/p>\n<\/div><\/section><\/p><\/div><div  class='hr av-1p5rfsx-b91137614d0599d7813a065b531ef395 hr-default  avia-builder-el-11  el_after_av_one_full  el_before_av_one_full '><span class='hr-inner '><span class=\"hr-inner-style\"><\/span><\/span><\/div><\/p>\n<div  class='flex_column av-1byy8v5-d6ade543236beb96cfa707141cc86ed5 av_one_full  avia-builder-el-12  el_after_av_hr  el_before_av_hr  first flex_column_div  '     ><style type=\"text\/css\" data-created_by=\"avia_inline_auto\" id=\"style-css-av-lgo2xvwr-d90e178645c3a210aa258d7c3257d4af\">\n#top .av_textblock_section.av-lgo2xvwr-d90e178645c3a210aa258d7c3257d4af .avia_textblock{\nfont-size:13px;\n}\n<\/style>\n<section  class='av_textblock_section av-lgo2xvwr-d90e178645c3a210aa258d7c3257d4af '   itemscope=\"itemscope\" itemtype=\"https:\/\/schema.org\/CreativeWork\" ><div class='avia_textblock'  itemprop=\"text\" ><p>Bu sitedeki bilgiler, doktorunuzdan t\u0131bbi tavsiye yerine kullan\u0131lmamal\u0131d\u0131r. Tan\u0131 ve tedavi ile ilgili bilgileri, riskleri de dahil olmak \u00fczere her zaman doktorunuzla tart\u0131\u015f\u0131n. Unutmay\u0131n ki, t\u00fcm tedavi ve sonu\u00e7lar hastaya \u00f6zeldir. Sonu\u00e7lar de\u011fi\u015febilir.<\/p>\n<\/div><\/section><\/div>\n<div  class='hr av-vqw0f5-0a8bc7f678b590527d5d28dd8b21f569 hr-default  avia-builder-el-14  el_after_av_one_full  avia-builder-el-last '><span class='hr-inner '><span class=\"hr-inner-style\"><\/span><\/span><\/div>\n","protected":false},"excerpt":{"rendered":"","protected":false},"author":1,"featured_media":0,"parent":0,"menu_order":0,"comment_status":"closed","ping_status":"closed","template":"","meta":{"_lmt_disableupdate":"","_lmt_disable":"","footnotes":""},"class_list":["post-15009","page","type-page","status-publish","hentry"],"_links":{"self":[{"href":"https:\/\/medifactia.com\/tr\/wp-json\/wp\/v2\/pages\/15009","targetHints":{"allow":["GET"]}}],"collection":[{"href":"https:\/\/medifactia.com\/tr\/wp-json\/wp\/v2\/pages"}],"about":[{"href":"https:\/\/medifactia.com\/tr\/wp-json\/wp\/v2\/types\/page"}],"author":[{"embeddable":true,"href":"https:\/\/medifactia.com\/tr\/wp-json\/wp\/v2\/users\/1"}],"replies":[{"embeddable":true,"href":"https:\/\/medifactia.com\/tr\/wp-json\/wp\/v2\/comments?post=15009"}],"version-history":[{"count":4,"href":"https:\/\/medifactia.com\/tr\/wp-json\/wp\/v2\/pages\/15009\/revisions"}],"predecessor-version":[{"id":15169,"href":"https:\/\/medifactia.com\/tr\/wp-json\/wp\/v2\/pages\/15009\/revisions\/15169"}],"wp:attachment":[{"href":"https:\/\/medifactia.com\/tr\/wp-json\/wp\/v2\/media?parent=15009"}],"curies":[{"name":"wp","href":"https:\/\/api.w.org\/{rel}","templated":true}]}}