{"id":15435,"date":"2023-08-09T12:06:20","date_gmt":"2023-08-09T10:06:20","guid":{"rendered":"https:\/\/medifactia.com\/sv\/gastrointestinal-disorders\/"},"modified":"2023-08-09T14:02:25","modified_gmt":"2023-08-09T12:02:25","slug":"gastrointestinal-disorders","status":"publish","type":"page","link":"https:\/\/medifactia.com\/sv\/gastrointestinal-disorders\/","title":{"rendered":"Gastrointestinal Disorders"},"content":{"rendered":"<div  class='flex_column av-vcawky-18c8b3091d7005a1ca2a1950ce3b99ce av_one_full  avia-builder-el-0  el_before_av_one_full  avia-builder-el-first  first flex_column_div  '     ><style type=\"text\/css\" data-created_by=\"avia_inline_auto\" id=\"style-css-av-ll3mun2f-1ad3307a97f9fed1709524694a3a4431\">\n.avia-image-container.av-ll3mun2f-1ad3307a97f9fed1709524694a3a4431 img.avia_image{\nbox-shadow:none;\n}\n.avia-image-container.av-ll3mun2f-1ad3307a97f9fed1709524694a3a4431 .av-image-caption-overlay-center{\ncolor:#ffffff;\n}\n<\/style>\n<div  class='avia-image-container av-ll3mun2f-1ad3307a97f9fed1709524694a3a4431 av-styling- avia-align-center  avia-builder-el-1  avia-builder-el-no-sibling '   itemprop=\"image\" itemscope=\"itemscope\" itemtype=\"https:\/\/schema.org\/ImageObject\" ><div class=\"avia-image-container-inner\"><div class=\"avia-image-overlay-wrap\"><img decoding=\"async\" fetchpriority=\"high\" class='wp-image- avia-img-lazy-loading-not- avia_image ' src=\"https:\/\/medifactia.com\/wp-content\/uploads\/2023\/08\/Man_Toilet-scaled.jpg\" alt='' title=''   itemprop=\"thumbnailUrl\"  \/><\/div><\/div><\/div><\/div>\n<div  class='flex_column av-w7sqhe-d5fa4e22da3a538d13f5d1a26f7242b8 av_one_full  avia-builder-el-2  el_after_av_one_full  el_before_av_one_full  first flex_column_div  column-top-margin'     ><p>\n<style type=\"text\/css\" data-created_by=\"avia_inline_auto\" id=\"style-css-av-ll3mj5e5-ee39d58195887bcf2f0a7beacc4e14ea\">\n#top .av-special-heading.av-ll3mj5e5-ee39d58195887bcf2f0a7beacc4e14ea{\npadding-bottom:10px;\n}\nbody .av-special-heading.av-ll3mj5e5-ee39d58195887bcf2f0a7beacc4e14ea .av-special-heading-tag .heading-char{\nfont-size:25px;\n}\n.av-special-heading.av-ll3mj5e5-ee39d58195887bcf2f0a7beacc4e14ea .av-subheading{\nfont-size:15px;\n}\n<\/style>\n<div  class='av-special-heading av-ll3mj5e5-ee39d58195887bcf2f0a7beacc4e14ea av-special-heading-h1 blockquote modern-quote  avia-builder-el-3  el_before_av_textblock  avia-builder-el-first '><h1 class='av-special-heading-tag '  itemprop=\"headline\"  >Funktionell mag-tarmsjukdom (FGID)<\/h1><div class=\"special-heading-border\"><div class=\"special-heading-inner-border\"><\/div><\/div><\/div><br \/>\n<section  class='av_textblock_section av-ll3mjwks-3ed552d8431f93f0aaa92fa83a1eef94 '   itemscope=\"itemscope\" itemtype=\"https:\/\/schema.org\/CreativeWork\" ><div class='avia_textblock'  itemprop=\"text\" ><p>Funktionella mag-tarmsjukdomar (FGID) k\u00e4nnetecknas av kroniska (l\u00e5ngvariga) och\/eller \u00e5terkommande magtarmsymptom som uppst\u00e5r p\u00e5 grund av funktionen eller dysfunktionen i matsm\u00e4ltningssystemet. Funktionella mag-tarmsjukdomar \u00e4r de vanligaste magtarmproblemen i den allm\u00e4nna befolkningen. Uppskattningsvis kan omkring 1 av 4 individer eller till och med fler uppleva dessa problem. Dessa tillst\u00e5nd st\u00e5r f\u00f6r cirka 40% av de magtarmproblem som l\u00e4kare hj\u00e4lper patienter med.<\/p>\n<p>Termen \u201dfunktionell\u201d anv\u00e4nds vanligtvis f\u00f6r att beskriva st\u00f6rningar d\u00e4r de vanliga funktionerna hos tarmarnas r\u00f6relse, k\u00e4nsligheten hos tarmarnas nerver eller hj\u00e4rnans kontroll \u00f6ver dessa aktiviteter \u00e4r st\u00f6rda.<\/p>\n<p>N\u00e5gra av de vanligaste funktionella mag-tarmsjukdomarna inkluderar funktionell f\u00f6rstoppning, funktionell diarr\u00e9 och irritabel tarm-syndrom (IBS).<\/p>\n<\/div><\/section><\/p><\/div><div  class='flex_column av-1jtmvde-84260a62ab92da9de2ba17cb9d8eef8a av_one_full  avia-builder-el-5  el_after_av_one_full  el_before_av_one_full  first flex_column_div  column-top-margin'     ><p>\n<style type=\"text\/css\" data-created_by=\"avia_inline_auto\" id=\"style-css-av-ll3ml4jh-76e19a15a314ae3c2d7405f96097d977\">\n#top .av-special-heading.av-ll3ml4jh-76e19a15a314ae3c2d7405f96097d977{\npadding-bottom:10px;\n}\nbody .av-special-heading.av-ll3ml4jh-76e19a15a314ae3c2d7405f96097d977 .av-special-heading-tag .heading-char{\nfont-size:25px;\n}\n.av-special-heading.av-ll3ml4jh-76e19a15a314ae3c2d7405f96097d977 .av-subheading{\nfont-size:15px;\n}\n<\/style>\n<div  class='av-special-heading av-ll3ml4jh-76e19a15a314ae3c2d7405f96097d977 av-special-heading-h2 blockquote modern-quote  avia-builder-el-6  el_before_av_textblock  avia-builder-el-first '><h2 class='av-special-heading-tag '  itemprop=\"headline\"  >Kronisk f\u00f6rstoppning <\/h2><div class=\"special-heading-border\"><div class=\"special-heading-inner-border\"><\/div><\/div><\/div><br \/>\n<section  class='av_textblock_section av-ll3mm5zg-20b4496a7c9646f5e26187d06eb79991 '   itemscope=\"itemscope\" itemtype=\"https:\/\/schema.org\/CreativeWork\" ><div class='avia_textblock'  itemprop=\"text\" ><p>Kronisk f\u00f6rstoppning h\u00e4nvisar till ih\u00e5llande oregelbundna tarmr\u00f6relser eller sv\u00e5righeter att t\u00f6mma tarmen under en l\u00e4ngre tid, vanligtvis i flera veckor eller mer. Det k\u00e4nnetecknas ofta av att man har f\u00e4rre \u00e4n tre tarmt\u00f6mningar per vecka. Tillf\u00e4llig f\u00f6rstoppning \u00e4r ett vanligt problem b\u00e5de f\u00f6r vuxna och barn och vissa individer drabbas av kronisk f\u00f6rstoppning som kan p\u00e5verka livskvaliteten negativt.<\/p>\n<p>Tecken och symptom p\u00e5 kronisk f\u00f6rstoppning inkluderar:<\/p>\n<ul>\n<li>Nedsatt avf\u00f6ringsfrekvens (&lt;3 tarmt\u00f6mningar per vecka)<\/li>\n<li>Krystning vid tarmt\u00f6mning<\/li>\n<li>H\u00e5rd avf\u00f6ring<\/li>\n<li>K\u00e4nsla av blockering i \u00e4ndtarmen som hindrar tarmr\u00f6relser<\/li>\n<li>K\u00e4nsla av ofullst\u00e4ndig tarmt\u00f6mning<\/li>\n<li>Behov av hj\u00e4lp f\u00f6r att t\u00f6mma \u00e4ndtarmen vilket kan inneb\u00e4ra att trycka p\u00e5 magen eller manuellt ta bort avf\u00f6ring med ett finger<\/li>\n<\/ul>\n<p>F\u00f6rstoppning kan klassificeras som kronisk om du har upplevt tv\u00e5 eller fler av dessa symptom ih\u00e5llande under de senaste tre m\u00e5naderna. F\u00f6rstoppning som \u00e4r l\u00e5ngvarig (kronisk) eller som \u00e5terkommer kr\u00e4ver mer insats f\u00f6r att diagnosticera och behandla.<\/p>\n<\/div><\/section><\/p><\/div><div  class='flex_column av-10x8p8y-a287594219392dd62ffb17dd326eb404 av_one_full  avia-builder-el-8  el_after_av_one_full  el_before_av_one_full  first flex_column_div  column-top-margin'     ><p>\n<style type=\"text\/css\" data-created_by=\"avia_inline_auto\" id=\"style-css-av-ll3mmuxz-153e2191723c5129e559db32a3221afe\">\n#top .av-special-heading.av-ll3mmuxz-153e2191723c5129e559db32a3221afe{\npadding-bottom:10px;\n}\nbody .av-special-heading.av-ll3mmuxz-153e2191723c5129e559db32a3221afe .av-special-heading-tag .heading-char{\nfont-size:25px;\n}\n.av-special-heading.av-ll3mmuxz-153e2191723c5129e559db32a3221afe .av-subheading{\nfont-size:15px;\n}\n<\/style>\n<div  class='av-special-heading av-ll3mmuxz-153e2191723c5129e559db32a3221afe av-special-heading-h2 blockquote modern-quote  avia-builder-el-9  el_before_av_textblock  avia-builder-el-first '><h2 class='av-special-heading-tag '  itemprop=\"headline\"  >Diarr\u00e9<\/h2><div class=\"special-heading-border\"><div class=\"special-heading-inner-border\"><\/div><\/div><\/div><br \/>\n<section  class='av_textblock_section av-ll3mngxy-e393a0b3bce92c488ac3043db6d52eaf '   itemscope=\"itemscope\" itemtype=\"https:\/\/schema.org\/CreativeWork\" ><div class='avia_textblock'  itemprop=\"text\" ><p>Diarr\u00e9 \u00e4r ett vanligt f\u00f6rekommande tillst\u00e5nd som karakteriseras av frekvent passage av l\u00f6sa eller vattniga avf\u00f6ringar. Det kan f\u00f6rekomma oberoende eller tillsammans med andra symtom som illam\u00e5ende, kr\u00e4kningar, buksm\u00e4rtor eller viktf\u00f6rlust. Akut diarr\u00e9 f\u00f6rsvinner inom n\u00e5gra veckor och blir kronisk n\u00e4r den varar l\u00e4ngre \u00e4n 3-4 veckor. Om ingen specifik orsak hittas efter en noggrann unders\u00f6kning och vissa kriterier uppfylls, kan en diagnos av funktionell eller kronisk diarr\u00e9 \u00f6verv\u00e4gas.<\/p>\n<\/div><\/section><\/p><\/div><div  class='flex_column av-odeu9e-1af2c6b1ea3ecce6454987834f5d3f60 av_one_full  avia-builder-el-11  el_after_av_one_full  el_before_av_hr  first flex_column_div  column-top-margin'     ><p>\n<style type=\"text\/css\" data-created_by=\"avia_inline_auto\" id=\"style-css-av-ll3mnsx7-b58327bd70703c3c6482ea9fd73471af\">\n#top .av-special-heading.av-ll3mnsx7-b58327bd70703c3c6482ea9fd73471af{\npadding-bottom:10px;\n}\nbody .av-special-heading.av-ll3mnsx7-b58327bd70703c3c6482ea9fd73471af .av-special-heading-tag .heading-char{\nfont-size:25px;\n}\n.av-special-heading.av-ll3mnsx7-b58327bd70703c3c6482ea9fd73471af .av-subheading{\nfont-size:15px;\n}\n<\/style>\n<div  class='av-special-heading av-ll3mnsx7-b58327bd70703c3c6482ea9fd73471af av-special-heading-h2 blockquote modern-quote  avia-builder-el-12  el_before_av_textblock  avia-builder-el-first '><h2 class='av-special-heading-tag '  itemprop=\"headline\"  >Irritabel tarm-syndrom (IBS)<\/h2><div class=\"special-heading-border\"><div class=\"special-heading-inner-border\"><\/div><\/div><\/div><br \/>\n<section  class='av_textblock_section av-ll3moucw-012d68b4daff8778833aa2ef186ded39 '   itemscope=\"itemscope\" itemtype=\"https:\/\/schema.org\/CreativeWork\" ><div class='avia_textblock'  itemprop=\"text\" ><p>Irritabel tarm-syndrom (IBS) \u00e4r en vanlig st\u00f6rning som p\u00e5verkar magen och tarmarna, \u00e4ven kallat mag-tarmkanalen. Dess symptom inkluderar kramp, magont, uppbl\u00e5sthet, gasbildning samt alternerande episoder av diarr\u00e9 och f\u00f6rstoppning, ibland \u00e4ven b\u00e5da samtidigt. IBS \u00e4r ett kronisk tillst\u00e5nd som kr\u00e4ver l\u00e5ngsiktig hantering f\u00f6r att effektivt behandla dess symptom. Ett betydande antal personer som upplever m\u00e5ttlig till sv\u00e5r IBS rapporterar om s\u00e4mre livskvalitet.<\/p>\n<p>Symptom f\u00f6r IBS kan variera och tenderar att vara l\u00e5ngvariga. De vanligaste symptomen inkluderar:<\/p>\n<ul>\n<li>Magont, kramp eller uppbl\u00e5sthet i samband med tarmr\u00f6relser<\/li>\n<li>F\u00f6r\u00e4ndringar i utseendet p\u00e5 tarmt\u00f6mning<\/li>\n<li>F\u00f6r\u00e4ndringar i frekvensen av tarmt\u00f6mning<\/li>\n<\/ul>\n<p>Andra relaterade symptom kan involvera en k\u00e4nsla av ofullst\u00e4ndig tarmt\u00f6mning samt besv\u00e4r av gaser i tarmen.<\/p>\n<p>Det finns fyra typer av IBS. Varje typ \u00e4r namngiven efter sina vanligaste symptom, inklusive f\u00f6rstoppning dominerande IBS (IBS-C), diarr\u00e9 dominerande IBS (IBS-D), blandad typ av IBS (IBS-M) och oklassificerad IBS.<\/p>\n<\/div><\/section><\/p><\/div><div  class='hr av-5bf71u-0fc17794266e30ad9cc5c4260e9df573 hr-default  avia-builder-el-14  el_after_av_one_full  el_before_av_one_full '><span class='hr-inner '><span class=\"hr-inner-style\"><\/span><\/span><\/div><\/p>\n<div  class='flex_column av-16qxkia-ddb7daef80a5c3df972f5cad8e8e623c av_one_full  avia-builder-el-15  el_after_av_hr  el_before_av_hr  first flex_column_div  '     ><style type=\"text\/css\" data-created_by=\"avia_inline_auto\" id=\"style-css-av-ll3mqg6q-be652d1d2a197a30b775dc39a62b89c8\">\n#top .av_textblock_section.av-ll3mqg6q-be652d1d2a197a30b775dc39a62b89c8 .avia_textblock{\nfont-size:13px;\n}\n<\/style>\n<section  class='av_textblock_section av-ll3mqg6q-be652d1d2a197a30b775dc39a62b89c8 '   itemscope=\"itemscope\" itemtype=\"https:\/\/schema.org\/CreativeWork\" ><div class='avia_textblock'  itemprop=\"text\" ><p>Informationen p\u00e5 denna webbplats ska inte anv\u00e4ndas som ett substitut f\u00f6r medicinsk r\u00e5dgivning fr\u00e5n din l\u00e4kare. Diskutera alltid diagnos- och behandlingsinformation, inklusive risker, med din l\u00e4kare. T\u00e4nk p\u00e5 att all behandling och alla resultat \u00e4r specifika f\u00f6r den enskilda patienten. Resultaten kan variera.<\/p>\n<\/div><\/section><\/div><div  class='hr av-rtsaj6-d528e2842421b0c713aa5dafb313b352 hr-default  avia-builder-el-17  el_after_av_one_full  el_before_av_one_full '><span class='hr-inner '><span class=\"hr-inner-style\"><\/span><\/span><\/div><\/p>\n<div  class='flex_column av-jpilo2-80d69019b04e3fe061eaa22def74707d av_one_full  avia-builder-el-18  el_after_av_hr  avia-builder-el-last  first flex_column_div  '     ><style type=\"text\/css\" data-created_by=\"avia_inline_auto\" id=\"style-css-av-ll3msqtb-33b63a6eac43cd7ee4bdd225ddc31726\">\n#top .av_textblock_section.av-ll3msqtb-33b63a6eac43cd7ee4bdd225ddc31726 .avia_textblock{\nfont-size:12px;\ncolor:#707070;\n}\n<\/style>\n<section  class='av_textblock_section av-ll3msqtb-33b63a6eac43cd7ee4bdd225ddc31726 '   itemscope=\"itemscope\" itemtype=\"https:\/\/schema.org\/CreativeWork\" ><div class='avia_textblock av_inherit_color'  itemprop=\"text\" ><p>Aziz, I., Whitehead, W.E., Palsson, O., T\u00f6rnblom, H. &amp; Simr\u00e9n, M. (2020). Expert Review of Gastroenterology &amp; Hepatology. An approach to the diagnosis and management of Rome IV functional disorders of chronic constipation [electronic version]. Taylor &amp; Francis Group, Vol. no. 14, 1-8.<\/p>\n<p>Drossman DA., et al. (2016). Rome IV, the functional gastrointestinal disorders. Gastroenterology. Vol. 150:1262-1279.<\/p>\n<p>Keller, J., Bassotti, G., Clarke, J., et al. (2018). EXPERT CONSENCUS DOCUMENT. Advances in the diagnosis and classification of gastric and intestinal motility disorders [electronic version]. Nat Rev Gastroenterol Hepatol., Vol. 15(5), 291-308.<\/p>\n<p>Sperber, AD., et al. (2021). Worldwide Prevalence and Burden of Functional Gastrointestinal Disorders, Results of Rome Foundation Global Study. Gastroenterology. Vol. 160:99-114.<\/p>\n<\/div><\/section><\/div>\n","protected":false},"excerpt":{"rendered":"","protected":false},"author":1,"featured_media":0,"parent":0,"menu_order":0,"comment_status":"closed","ping_status":"closed","template":"","meta":{"footnotes":""},"class_list":["post-15435","page","type-page","status-publish","hentry"],"_links":{"self":[{"href":"https:\/\/medifactia.com\/sv\/wp-json\/wp\/v2\/pages\/15435","targetHints":{"allow":["GET"]}}],"collection":[{"href":"https:\/\/medifactia.com\/sv\/wp-json\/wp\/v2\/pages"}],"about":[{"href":"https:\/\/medifactia.com\/sv\/wp-json\/wp\/v2\/types\/page"}],"author":[{"embeddable":true,"href":"https:\/\/medifactia.com\/sv\/wp-json\/wp\/v2\/users\/1"}],"replies":[{"embeddable":true,"href":"https:\/\/medifactia.com\/sv\/wp-json\/wp\/v2\/comments?post=15435"}],"version-history":[{"count":2,"href":"https:\/\/medifactia.com\/sv\/wp-json\/wp\/v2\/pages\/15435\/revisions"}],"predecessor-version":[{"id":15436,"href":"https:\/\/medifactia.com\/sv\/wp-json\/wp\/v2\/pages\/15435\/revisions\/15436"}],"wp:attachment":[{"href":"https:\/\/medifactia.com\/sv\/wp-json\/wp\/v2\/media?parent=15435"}],"curies":[{"name":"wp","href":"https:\/\/api.w.org\/{rel}","templated":true}]}}