{"id":15222,"date":"2023-01-20T11:04:20","date_gmt":"2023-01-20T11:04:20","guid":{"rendered":"https:\/\/panzify.oderland.agency\/medifactia\/?page_id=14948"},"modified":"2026-02-11T08:35:53","modified_gmt":"2026-02-11T07:35:53","slug":"transit-markers","status":"publish","type":"page","link":"https:\/\/medifactia.com\/sv\/transit-markers\/","title":{"rendered":"Colon Transit Markers"},"content":{"rendered":"<div  class='flex_column av-midf0k-eef1d64e9f8939c53d8475ff17b95ccf av_one_full  avia-builder-el-0  el_before_av_one_full  avia-builder-el-first  first flex_column_div  '     ><style type=\"text\/css\" data-created_by=\"avia_inline_auto\" id=\"style-css-av-1haayn8-c2417d5888da36c61f3f5ca4fb40e98f\">\n.avia-image-container.av-1haayn8-c2417d5888da36c61f3f5ca4fb40e98f img.avia_image{\nbox-shadow:none;\n}\n.avia-image-container.av-1haayn8-c2417d5888da36c61f3f5ca4fb40e98f .av-image-caption-overlay-center{\ncolor:#ffffff;\n}\n<\/style>\n<div  class='avia-image-container av-1haayn8-c2417d5888da36c61f3f5ca4fb40e98f av-styling- avia-align-center  avia-builder-el-1  avia-builder-el-no-sibling '   itemprop=\"image\" itemscope=\"itemscope\" itemtype=\"https:\/\/schema.org\/ImageObject\" ><div class=\"avia-image-container-inner\"><div class=\"avia-image-overlay-wrap\"><img decoding=\"async\" fetchpriority=\"high\" class='wp-image- avia-img-lazy-loading-not- avia_image ' src=\"https:\/\/medifactia.com\/us\/wp-content\/uploads\/sites\/2\/2023\/02\/medifactia-TP-Infinit.jpg\" alt='' title=''   itemprop=\"thumbnailUrl\"  \/><\/div><\/div><\/div><\/div>\n<div  class='flex_column av-6z3b8-26e947263a05eeefb27bb364ebd180c3 av_one_full  avia-builder-el-2  el_after_av_one_full  el_before_av_hr  first flex_column_div  column-top-margin'     ><p>\n<style type=\"text\/css\" data-created_by=\"avia_inline_auto\" id=\"style-css-av-ld4hews6-bfd64fcec3da1a00e1bca53c16dfe752\">\n#top .av-special-heading.av-ld4hews6-bfd64fcec3da1a00e1bca53c16dfe752{\npadding-bottom:10px;\n}\nbody .av-special-heading.av-ld4hews6-bfd64fcec3da1a00e1bca53c16dfe752 .av-special-heading-tag .heading-char{\nfont-size:25px;\n}\n.av-special-heading.av-ld4hews6-bfd64fcec3da1a00e1bca53c16dfe752 .av-subheading{\nfont-size:15px;\n}\n<\/style>\n<div  class='av-special-heading av-ld4hews6-bfd64fcec3da1a00e1bca53c16dfe752 av-special-heading-h1 blockquote modern-quote  avia-builder-el-3  el_before_av_textblock  avia-builder-el-first '><h1 class='av-special-heading-tag '  itemprop=\"headline\"  >Beskrivning Transit-Pellets<\/h1><div class=\"special-heading-border\"><div class=\"special-heading-inner-border\"><\/div><\/div><\/div><br \/>\n<section  class='av_textblock_section av-ld4hfu05-51b8d0a35d9ce00cb6ad5aa75c004e51 '   itemscope=\"itemscope\" itemtype=\"https:\/\/schema.org\/CreativeWork\" ><div class='avia_textblock'  itemprop=\"text\" ><p>Transit-Pellets best\u00e5r av sm\u00e5 r\u00f6ntgent\u00e4ta mark\u00f6rer, \u201dpellets\u201d, tillverkade av silikon och bariumsulfat (BaSO<sub>4<\/sub>). Mark\u00f6rerna \u00e4r placerade i en hydropropylmetylcellulosa (HPMC) kapsel. HPMC-kapslarna \u00e4r gelatinfria. Deras funktion \u00e4r att transportera mark\u00f6rerna till magen, d\u00e4r de l\u00f6ses upp. Mark\u00f6rerna passerar genom mag-tarmkanalen och uts\u00f6ndras med avf\u00f6ringen.<\/p>\n<p>Bariumsulfat \u00e4r ett r\u00f6ntgent\u00e4tt material som har anv\u00e4nts f\u00f6r r\u00f6ntgenavbildning av mag-tarmkanalen sedan pionj\u00e4rstudierna av WB Cannon p\u00e5 1890-talet. Termen \u201dr\u00f6ntgent\u00e4t\u201d avser material, s\u00e5som bariumsulfat, som \u00e4r tillr\u00e4ckligt t\u00e4t f\u00f6r att motst\u00e5 r\u00f6ntgenstr\u00e5lar som skiner igenom dem, och som d\u00e4rmed kan ses p\u00e5 en r\u00f6ntgenbild. Anv\u00e4ndningen av r\u00f6ntgent\u00e4ta mark\u00f6rer impregnerade med bariumsulfat f\u00f6r att m\u00e4ta kolontransittid har anv\u00e4nts i \u00f6ver 45 \u00e5r. Silikon \u00e4r ocks\u00e5 ett brett anv\u00e4nt material inom m\u00e5nga medicinsktekniska produkter.<\/p>\n<\/div><\/section><\/p><\/div>\n\n<style type=\"text\/css\" data-created_by=\"avia_inline_auto\" id=\"style-css-av-ldk0hm6b-6140893a167e75d68c1b8bbbe2d43780\">\n#top .hr.hr-invisible.av-ldk0hm6b-6140893a167e75d68c1b8bbbe2d43780{\nheight:10px;\n}\n<\/style>\n<div  class='hr av-ldk0hm6b-6140893a167e75d68c1b8bbbe2d43780 hr-invisible  avia-builder-el-5  el_after_av_one_full  el_before_av_three_fifth '><span class='hr-inner '><span class=\"hr-inner-style\"><\/span><\/span><\/div>\n<div  class='flex_column av-zqbc04-410de90e324b1dedf9104acbf7220f44 av_three_fifth  avia-builder-el-6  el_after_av_hr  el_before_av_two_fifth  first flex_column_div  '     ><section  class='av_textblock_section av-ldk0g1kx-f5966e51a7dce0d9d43777b74a4721c5 '   itemscope=\"itemscope\" itemtype=\"https:\/\/schema.org\/CreativeWork\" ><div class='avia_textblock'  itemprop=\"text\" ><p>HPMC-kapseln (storlek -00-) best\u00e5r av tv\u00e5 \u00f6ppna cylindrar, en kapsel och en kropp, som passar inuti varandra. Fem av kapslarna inneh\u00e5ller tio ringformade mark\u00f6rer, medan tv\u00e5 kapslar inneh\u00e5ller fem tubformade mark\u00f6rer. Transit-Pellets kapslarna kommer i en blisterf\u00f6rpackning som \u00e4r placerad inuti en kartong.<\/p>\n<p>Transit-Pellets har en annan form p\u00e5 dag sex f\u00f6r att hj\u00e4lpa l\u00e4karen att se vissa delar av tjocktarmen b\u00e4ttre. P\u00e5 dag sex \u00e4r dosen ocks\u00e5 uppdelad till en morgon och en kv\u00e4llsdos och anledningen till det \u00e4r f\u00f6r att kunna bed\u00f6ma om snabb kolontransit f\u00f6rkommer.<\/p>\n<\/div><\/section><\/div>\n\n<style type=\"text\/css\" data-created_by=\"avia_inline_auto\" id=\"style-css-av-jjojes-e7d59671132e68026d3bd61b8c401b99\">\n.flex_column.av-jjojes-e7d59671132e68026d3bd61b8c401b99{\npadding:10px 0 0 0;\n}\n<\/style>\n<div  class='flex_column av-jjojes-e7d59671132e68026d3bd61b8c401b99 av_two_fifth  avia-builder-el-8  el_after_av_three_fifth  el_before_av_hr  flex_column_div  '     ><style type=\"text\/css\" data-created_by=\"avia_inline_auto\" id=\"style-css-av-ldk0ea4j-d3bb2f225fada7355fe8ef53590597e3\">\n.avia-image-container.av-ldk0ea4j-d3bb2f225fada7355fe8ef53590597e3 img.avia_image{\nbox-shadow:none;\n}\n.avia-image-container.av-ldk0ea4j-d3bb2f225fada7355fe8ef53590597e3 .av-image-caption-overlay-center{\ncolor:#ffffff;\n}\n<\/style>\n<div  class='avia-image-container av-ldk0ea4j-d3bb2f225fada7355fe8ef53590597e3 av-styling- avia-align-center  avia-builder-el-9  avia-builder-el-no-sibling '   itemprop=\"image\" itemscope=\"itemscope\" itemtype=\"https:\/\/schema.org\/ImageObject\" ><div class=\"avia-image-container-inner\"><div class=\"avia-image-overlay-wrap\"><img decoding=\"async\" fetchpriority=\"high\" class='wp-image- avia-img-lazy-loading-not- avia_image ' src=\"https:\/\/medifactia.com\/us\/wp-content\/uploads\/sites\/2\/2023\/02\/kapslar-1.jpg\" alt='' title=''   itemprop=\"thumbnailUrl\"  \/><\/div><\/div><\/div><\/div>\n\n<style type=\"text\/css\" data-created_by=\"avia_inline_auto\" id=\"style-css-av-tn7tdw-7fdfc84fe391fb4d4a102dabd02c5df2\">\n#top .hr.hr-invisible.av-tn7tdw-7fdfc84fe391fb4d4a102dabd02c5df2{\nheight:50px;\n}\n<\/style>\n<div  class='hr av-tn7tdw-7fdfc84fe391fb4d4a102dabd02c5df2 hr-invisible  avia-builder-el-10  el_after_av_two_fifth  el_before_av_one_full '><span class='hr-inner '><span class=\"hr-inner-style\"><\/span><\/span><\/div>\n<div  class='flex_column av-15k2cf8-4fe4727fedb386ec9c597a35055e4ccb av_one_full  avia-builder-el-11  el_after_av_hr  el_before_av_hr  first flex_column_div  '     ><p>\n<style type=\"text\/css\" data-created_by=\"avia_inline_auto\" id=\"style-css-av-ld4iuc8y-59ec6e285bff8c0c22c343e739cfa862\">\n#top .av-special-heading.av-ld4iuc8y-59ec6e285bff8c0c22c343e739cfa862{\npadding-bottom:10px;\n}\nbody .av-special-heading.av-ld4iuc8y-59ec6e285bff8c0c22c343e739cfa862 .av-special-heading-tag .heading-char{\nfont-size:25px;\n}\n.av-special-heading.av-ld4iuc8y-59ec6e285bff8c0c22c343e739cfa862 .av-subheading{\nfont-size:15px;\n}\n<\/style>\n<div  class='av-special-heading av-ld4iuc8y-59ec6e285bff8c0c22c343e739cfa862 av-special-heading-h2 blockquote modern-quote  avia-builder-el-12  el_before_av_textblock  avia-builder-el-first '><h2 class='av-special-heading-tag '  itemprop=\"headline\"  >Bruksanvisning Transit-Pellets <\/h2><div class=\"special-heading-border\"><div class=\"special-heading-inner-border\"><\/div><\/div><\/div><br \/>\n<section  class='av_textblock_section av-ld4iuqrx-93503a1ffdde5459d26426bd73825ae9 '   itemscope=\"itemscope\" itemtype=\"https:\/\/schema.org\/CreativeWork\" ><div class='avia_textblock'  itemprop=\"text\" ><p>Varje f\u00f6rpackning med Transit-Pellets inneh\u00e5ller en bruksanvisning som \u00e4r tillg\u00e4nglig p\u00e5 upp till 20 olika spr\u00e5k. Det \u00e4r viktigt att anv\u00e4ndaren av Transit-Pellets l\u00e4ser denna information innan anv\u00e4ndning av produkten p\u00e5b\u00f6rjas. Bruksanvisningen inneh\u00e5ller viktiga instruktioner om hur man korrekt anv\u00e4nder Transit-Pellets. Ladda ner Transit-Pellets bruksanvisning via denna <a href=\"https:\/\/medifactia.com\/wp-content\/uploads\/2026\/02\/0074-IFU-International-ver05.pdf\" target=\"_blank\" rel=\"noopener\">DENNA L\u00c4NK<\/a>.<\/p>\n<\/div><\/section><\/p><\/div><div  class='hr av-1am0ew4-a4b6836ab40f5ebc0f4bb4ba7e9d600a hr-default  avia-builder-el-14  el_after_av_one_full  el_before_av_one_full '><span class='hr-inner '><span class=\"hr-inner-style\"><\/span><\/span><\/div><\/p>\n<div  class='flex_column av-whz8ec-078d9aee2e85a1fea6494a5a896e4681 av_one_full  avia-builder-el-15  el_after_av_hr  el_before_av_hr  first flex_column_div  '     ><style type=\"text\/css\" data-created_by=\"avia_inline_auto\" id=\"style-css-av-ld4iv95x-17d8edb180f593688c8e4468e3a50b43\">\n#top .av_textblock_section.av-ld4iv95x-17d8edb180f593688c8e4468e3a50b43 .avia_textblock{\nfont-size:13px;\n}\n<\/style>\n<section  class='av_textblock_section av-ld4iv95x-17d8edb180f593688c8e4468e3a50b43 '   itemscope=\"itemscope\" itemtype=\"https:\/\/schema.org\/CreativeWork\" ><div class='avia_textblock'  itemprop=\"text\" ><p>Informationen p\u00e5 denna webbplats ska inte anv\u00e4ndas som ett substitut f\u00f6r medicinsk r\u00e5dgivning fr\u00e5n din l\u00e4kare. Diskutera alltid diagnos- och behandlingsinformation, inklusive risker, med din l\u00e4kare. T\u00e4nk p\u00e5 att all behandling och alla resultat \u00e4r specifika f\u00f6r den enskilda patienten. Resultaten kan variera.<\/p>\n<\/div><\/section><\/div>\n<div  class='hr av-w1yo84-432b1c9cc3d42cdf36ac6688348854c2 hr-default  avia-builder-el-17  el_after_av_one_full  avia-builder-el-last '><span class='hr-inner '><span class=\"hr-inner-style\"><\/span><\/span><\/div>\n","protected":false},"excerpt":{"rendered":"","protected":false},"author":1,"featured_media":0,"parent":0,"menu_order":0,"comment_status":"closed","ping_status":"closed","template":"","meta":{"footnotes":""},"class_list":["post-15222","page","type-page","status-publish","hentry"],"_links":{"self":[{"href":"https:\/\/medifactia.com\/sv\/wp-json\/wp\/v2\/pages\/15222","targetHints":{"allow":["GET"]}}],"collection":[{"href":"https:\/\/medifactia.com\/sv\/wp-json\/wp\/v2\/pages"}],"about":[{"href":"https:\/\/medifactia.com\/sv\/wp-json\/wp\/v2\/types\/page"}],"author":[{"embeddable":true,"href":"https:\/\/medifactia.com\/sv\/wp-json\/wp\/v2\/users\/1"}],"replies":[{"embeddable":true,"href":"https:\/\/medifactia.com\/sv\/wp-json\/wp\/v2\/comments?post=15222"}],"version-history":[{"count":9,"href":"https:\/\/medifactia.com\/sv\/wp-json\/wp\/v2\/pages\/15222\/revisions"}],"predecessor-version":[{"id":15523,"href":"https:\/\/medifactia.com\/sv\/wp-json\/wp\/v2\/pages\/15222\/revisions\/15523"}],"wp:attachment":[{"href":"https:\/\/medifactia.com\/sv\/wp-json\/wp\/v2\/media?parent=15222"}],"curies":[{"name":"wp","href":"https:\/\/api.w.org\/{rel}","templated":true}]}}