{"id":15221,"date":"2023-01-20T11:03:44","date_gmt":"2023-01-20T11:03:44","guid":{"rendered":"https:\/\/panzify.oderland.agency\/medifactia\/?page_id=14945"},"modified":"2024-04-24T14:04:07","modified_gmt":"2024-04-24T12:04:07","slug":"transit-study","status":"publish","type":"page","link":"https:\/\/medifactia.com\/sv\/transit-study\/","title":{"rendered":"Colon Transit Study"},"content":{"rendered":"<div  class='flex_column av-kbjmip-2a249b93a6df68de23de4eecfb80b04d av_one_full  avia-builder-el-0  el_before_av_one_full  avia-builder-el-first  first flex_column_div  '     ><style type=\"text\/css\" data-created_by=\"avia_inline_auto\" id=\"style-css-av-ldk09k81-3751ebdcabff43de681ffd6ce328448e\">\n.avia-image-container.av-ldk09k81-3751ebdcabff43de681ffd6ce328448e img.avia_image{\nbox-shadow:none;\n}\n.avia-image-container.av-ldk09k81-3751ebdcabff43de681ffd6ce328448e .av-image-caption-overlay-center{\ncolor:#ffffff;\n}\n<\/style>\n<div  class='avia-image-container av-ldk09k81-3751ebdcabff43de681ffd6ce328448e av-styling- avia-align-center  avia-builder-el-1  avia-builder-el-no-sibling '   itemprop=\"image\" itemscope=\"itemscope\" itemtype=\"https:\/\/schema.org\/ImageObject\" ><div class=\"avia-image-container-inner\"><div class=\"avia-image-overlay-wrap\"><img decoding=\"async\" fetchpriority=\"high\" class='wp-image-15393 avia-img-lazy-loading-not-15393 avia_image ' src=\"https:\/\/medifactia.com\/sv\/wp-content\/uploads\/sites\/4\/2023\/06\/patient-doctor-2.jpg\" alt='' title='patient-doctor-2'  height=\"1282\" width=\"1920\"  itemprop=\"thumbnailUrl\" srcset=\"https:\/\/medifactia.com\/sv\/wp-content\/uploads\/sites\/4\/2023\/06\/patient-doctor-2.jpg 1920w, https:\/\/medifactia.com\/sv\/wp-content\/uploads\/sites\/4\/2023\/06\/patient-doctor-2-300x200.jpg 300w, https:\/\/medifactia.com\/sv\/wp-content\/uploads\/sites\/4\/2023\/06\/patient-doctor-2-1030x688.jpg 1030w, https:\/\/medifactia.com\/sv\/wp-content\/uploads\/sites\/4\/2023\/06\/patient-doctor-2-768x513.jpg 768w, https:\/\/medifactia.com\/sv\/wp-content\/uploads\/sites\/4\/2023\/06\/patient-doctor-2-1536x1026.jpg 1536w, https:\/\/medifactia.com\/sv\/wp-content\/uploads\/sites\/4\/2023\/06\/patient-doctor-2-1500x1002.jpg 1500w, https:\/\/medifactia.com\/sv\/wp-content\/uploads\/sites\/4\/2023\/06\/patient-doctor-2-705x471.jpg 705w\" sizes=\"(max-width: 1920px) 100vw, 1920px\" \/><\/div><\/div><\/div><\/div>\n<div  class='flex_column av-1frj2zl-58e4b1f184d0959e077b710e16979725 av_one_full  avia-builder-el-2  el_after_av_one_full  el_before_av_one_full  first flex_column_div  column-top-margin'     ><p>\n<style type=\"text\/css\" data-created_by=\"avia_inline_auto\" id=\"style-css-av-ld4hbab7-dca38fe55f8ba0361f0fa6f1b228cb1d\">\n#top .av-special-heading.av-ld4hbab7-dca38fe55f8ba0361f0fa6f1b228cb1d{\npadding-bottom:10px;\n}\nbody .av-special-heading.av-ld4hbab7-dca38fe55f8ba0361f0fa6f1b228cb1d .av-special-heading-tag .heading-char{\nfont-size:25px;\n}\n.av-special-heading.av-ld4hbab7-dca38fe55f8ba0361f0fa6f1b228cb1d .av-subheading{\nfont-size:15px;\n}\n<\/style>\n<div  class='av-special-heading av-ld4hbab7-dca38fe55f8ba0361f0fa6f1b228cb1d av-special-heading-h1 blockquote modern-quote  avia-builder-el-3  el_before_av_textblock  avia-builder-el-first '><h1 class='av-special-heading-tag '  itemprop=\"headline\"  >Vad \u00e4r en kolontransitunders\u00f6kning med Transit-Pellets?<\/h1><div class=\"special-heading-border\"><div class=\"special-heading-inner-border\"><\/div><\/div><\/div><br \/>\n<section  class='av_textblock_section av-ld4hc5te-db617519c4c3f338188538b34501ce98 '   itemscope=\"itemscope\" itemtype=\"https:\/\/schema.org\/CreativeWork\" ><div class='avia_textblock'  itemprop=\"text\" ><p>En kolontransitunders\u00f6kning med Transit-Pellets anv\u00e4nds ofta hos patienter som besv\u00e4ras av kronisk f\u00f6rstoppning, kronisk diarr\u00e9 och\/eller irritabel tarm-syndrom (IBS). Syftet med detta test \u00e4r att utv\u00e4rdera motilitetsrubbningar och hur snabbt eller l\u00e5ngsamt mat\/avf\u00f6ring passerar genom mag-tarmkanalen.<\/p>\n<p>Testet inneb\u00e4r att patienten under en sexdagarsperiod sv\u00e4ljer sju kapslar som inneh\u00e5ller sm\u00e5 mark\u00f6rer som kan visualiseras med en r\u00f6ntgenbild. Genom att f\u00f6lja mark\u00f6rernas r\u00f6relse genom tjocktarmen kan l\u00e4karen kvantifiera allvarlighetsgraden av problemet. Resultaten kan spela en viktig roll n\u00e4r det g\u00e4ller att avg\u00f6ra behovet av vidare unders\u00f6kningar och l\u00e4mpliga behandlingsalternativ<\/p>\n<p>Kapslarna och mark\u00f6rerna \u00e4r unikt packade enligt Transit-Pelletsmetoden, en validerad enkel metod f\u00f6r att m\u00e4ta hela spektrumet fr\u00e5n snabb till l\u00e5ngsam kolontransit.<\/p>\n<p>Att sv\u00e4lja Transit-Pellets \u00e4r s\u00e4kert och mark\u00f6rerna kommer att l\u00e4mna kroppen med avf\u00f6ringen och kan s\u00e4kert spolas ner i toaletten.<\/p>\n<\/div><\/section><\/p><\/div><div  class='flex_column av-17vpqwx-d2fee4f530c9faf553f29bb3b996e992 av_one_full  avia-builder-el-5  el_after_av_one_full  el_before_av_one_full  first flex_column_div  column-top-margin'     ><p>\n<style type=\"text\/css\" data-created_by=\"avia_inline_auto\" id=\"style-css-av-ld4hcf3y-ae5519a42845df76d8d9283b1a3d0919\">\n#top .av-special-heading.av-ld4hcf3y-ae5519a42845df76d8d9283b1a3d0919{\npadding-bottom:10px;\n}\nbody .av-special-heading.av-ld4hcf3y-ae5519a42845df76d8d9283b1a3d0919 .av-special-heading-tag .heading-char{\nfont-size:25px;\n}\n.av-special-heading.av-ld4hcf3y-ae5519a42845df76d8d9283b1a3d0919 .av-subheading{\nfont-size:15px;\n}\n<\/style>\n<div  class='av-special-heading av-ld4hcf3y-ae5519a42845df76d8d9283b1a3d0919 av-special-heading-h2 blockquote modern-quote  avia-builder-el-6  el_before_av_textblock  avia-builder-el-first '><h2 class='av-special-heading-tag '  itemprop=\"headline\"  >N\u00e4r din l\u00e4kare kan rekommendera en kolontransitunders\u00f6kning med Transit-Pellets <\/h2><div class=\"special-heading-border\"><div class=\"special-heading-inner-border\"><\/div><\/div><\/div><br \/>\n<section  class='av_textblock_section av-ld4hd4xr-ba1d89fbd02b0f064e383b609b8d99dd '   itemscope=\"itemscope\" itemtype=\"https:\/\/schema.org\/CreativeWork\" ><div class='avia_textblock'  itemprop=\"text\" ><p>Generellt inkluderar den initiala hanteringen av f\u00f6rstoppning ofta att g\u00f6ra \u00e4ndringar i kosten och livsstilen, samt att prova receptfria laxermedel som exempelvis bulkmedel och icke-absorberbara kolhydrater. Om dessa metoder visar sig vara ineffektiva kan en kolontransitunders\u00f6kning med Transit-Pellets genomf\u00f6ras. Vissa v\u00e5rdgivare kan ocks\u00e5 prova andra behandlingsalternativ, som exempelvis salinlaxermedel eller motilitetsstimulerande l\u00e4kemedel innan de rekommenderar en kolontransitunders\u00f6kning.<\/p>\n<\/div><\/section><\/p><\/div><div  class='flex_column av-1j352f5-4d195e90370596884831ff6fd225aa6a av_one_full  avia-builder-el-8  el_after_av_one_full  el_before_av_hr  first flex_column_div  column-top-margin'     ><p>\n<style type=\"text\/css\" data-created_by=\"avia_inline_auto\" id=\"style-css-av-158mtlt-ef258399eb372e51354ff7cf0d3ba9ec\">\n#top .av-special-heading.av-158mtlt-ef258399eb372e51354ff7cf0d3ba9ec{\npadding-bottom:10px;\n}\nbody .av-special-heading.av-158mtlt-ef258399eb372e51354ff7cf0d3ba9ec .av-special-heading-tag .heading-char{\nfont-size:25px;\n}\n.av-special-heading.av-158mtlt-ef258399eb372e51354ff7cf0d3ba9ec .av-subheading{\nfont-size:15px;\n}\n<\/style>\n<div  class='av-special-heading av-158mtlt-ef258399eb372e51354ff7cf0d3ba9ec av-special-heading-h2 blockquote modern-quote  avia-builder-el-9  el_before_av_textblock  avia-builder-el-first '><h2 class='av-special-heading-tag '  itemprop=\"headline\"  >Kort historik<\/h2><div class=\"special-heading-border\"><div class=\"special-heading-inner-border\"><\/div><\/div><\/div><br \/>\n<section  class='av_textblock_section av-t252kh-3ba10211a1950ab08f508f2f56816cc4 '   itemscope=\"itemscope\" itemtype=\"https:\/\/schema.org\/CreativeWork\" ><div class='avia_textblock'  itemprop=\"text\" ><p>Anv\u00e4ndningen av sv\u00e4ljbara r\u00f6ntgent\u00e4ta mark\u00f6rer f\u00f6r att bed\u00f6ma kolontransit har varit v\u00e4l accepterad sedan det f\u00f6rst beskrevs av Hinton 1969. Testet kallas ibland \u201dHintons Method\u201d eller \u201dHintons Test\u201d, men det \u00e4r ocks\u00e5 k\u00e4nt som Colon Transit-Pellets test, Colonic Transit Markers Study, Radiopaque Markers Test, Radio-Opaque Markers Test, ROM Test, or Bowel Motility Test. Att m\u00e4ta kolontransittid med r\u00f6ntgent\u00e4ta mark\u00f6rer anses vara den mest tillf\u00f6rlitliga och s\u00e4kra metoden f\u00f6r att utv\u00e4rdera motilitetsrubbningar b\u00e5de hos vuxna och barn.<\/p>\n<\/div><\/section><\/p><\/div><div  class='hr av-1ddqipt-e4aa6c9b5245423812b56a47e9b1f7e1 hr-default  avia-builder-el-11  el_after_av_one_full  el_before_av_one_full '><span class='hr-inner '><span class=\"hr-inner-style\"><\/span><\/span><\/div><\/p>\n<div  class='flex_column av-skzsch-65b1492c8b1a986e88a4828158bf5a2c av_one_full  avia-builder-el-12  el_after_av_hr  el_before_av_hr  first flex_column_div  '     ><style type=\"text\/css\" data-created_by=\"avia_inline_auto\" id=\"style-css-av-ld4hdnds-74c345ad077e9956da5d64992a8d41e7\">\n#top .av_textblock_section.av-ld4hdnds-74c345ad077e9956da5d64992a8d41e7 .avia_textblock{\nfont-size:13px;\n}\n<\/style>\n<section  class='av_textblock_section av-ld4hdnds-74c345ad077e9956da5d64992a8d41e7 '   itemscope=\"itemscope\" itemtype=\"https:\/\/schema.org\/CreativeWork\" ><div class='avia_textblock'  itemprop=\"text\" ><p>Informationen p\u00e5 denna webbplats ska inte anv\u00e4ndas som ett substitut f\u00f6r medicinsk r\u00e5dgivning fr\u00e5n din l\u00e4kare. Diskutera alltid diagnos- och behandlingsinformation, inklusive risker, med din l\u00e4kare. T\u00e4nk p\u00e5 att all behandling och alla resultat \u00e4r specifika f\u00f6r den enskilda patienten. Resultaten kan variera.<\/p>\n<\/div><\/section><\/div>\n<div  class='hr av-q1fbi9-a0854aada2dcf9775180ff46261603b0 hr-default  avia-builder-el-14  el_after_av_one_full  avia-builder-el-last '><span class='hr-inner '><span class=\"hr-inner-style\"><\/span><\/span><\/div>\n","protected":false},"excerpt":{"rendered":"","protected":false},"author":1,"featured_media":0,"parent":0,"menu_order":0,"comment_status":"closed","ping_status":"closed","template":"","meta":{"footnotes":""},"class_list":["post-15221","page","type-page","status-publish","hentry"],"_links":{"self":[{"href":"https:\/\/medifactia.com\/sv\/wp-json\/wp\/v2\/pages\/15221","targetHints":{"allow":["GET"]}}],"collection":[{"href":"https:\/\/medifactia.com\/sv\/wp-json\/wp\/v2\/pages"}],"about":[{"href":"https:\/\/medifactia.com\/sv\/wp-json\/wp\/v2\/types\/page"}],"author":[{"embeddable":true,"href":"https:\/\/medifactia.com\/sv\/wp-json\/wp\/v2\/users\/1"}],"replies":[{"embeddable":true,"href":"https:\/\/medifactia.com\/sv\/wp-json\/wp\/v2\/comments?post=15221"}],"version-history":[{"count":8,"href":"https:\/\/medifactia.com\/sv\/wp-json\/wp\/v2\/pages\/15221\/revisions"}],"predecessor-version":[{"id":15493,"href":"https:\/\/medifactia.com\/sv\/wp-json\/wp\/v2\/pages\/15221\/revisions\/15493"}],"wp:attachment":[{"href":"https:\/\/medifactia.com\/sv\/wp-json\/wp\/v2\/media?parent=15221"}],"curies":[{"name":"wp","href":"https:\/\/api.w.org\/{rel}","templated":true}]}}