{"id":14442,"date":"2021-08-30T06:15:39","date_gmt":"2021-08-30T05:15:39","guid":{"rendered":"https:\/\/medifactia.com\/sv\/?page_id=14442"},"modified":"2023-02-22T10:19:12","modified_gmt":"2023-02-22T09:19:12","slug":"bestall","status":"publish","type":"page","link":"https:\/\/medifactia.com\/sv\/bestall\/","title":{"rendered":"Best\u00e4ll"},"content":{"rendered":"\n<style type=\"text\/css\" data-created_by=\"avia_inline_auto\" id=\"style-css-av-2hzsokq-57fe76e38c5aa32e3c98d6ec9a3fdd02\">\n.flex_column.av-2hzsokq-57fe76e38c5aa32e3c98d6ec9a3fdd02{\nborder-radius:0px 0px 0px 0px;\npadding:0px 0px 0px 0px;\n}\n<\/style>\n<div  class='flex_column av-2hzsokq-57fe76e38c5aa32e3c98d6ec9a3fdd02 av_one_full  avia-builder-el-0  el_before_av_one_half  avia-builder-el-first  first flex_column_div av-zero-column-padding  '     ><p>\n<style type=\"text\/css\" data-created_by=\"avia_inline_auto\" id=\"style-css-av-yrs6nb-2754580a1ee494af9fb3005c03176600\">\n#top .av-special-heading.av-yrs6nb-2754580a1ee494af9fb3005c03176600{\npadding-bottom:10px;\n}\nbody .av-special-heading.av-yrs6nb-2754580a1ee494af9fb3005c03176600 .av-special-heading-tag .heading-char{\nfont-size:25px;\n}\n.av-special-heading.av-yrs6nb-2754580a1ee494af9fb3005c03176600 .av-subheading{\nfont-size:15px;\n}\n<\/style>\n<div  class='av-special-heading av-yrs6nb-2754580a1ee494af9fb3005c03176600 av-special-heading-h1 blockquote modern-quote  avia-builder-el-1  el_before_av_hr  avia-builder-el-first '><h1 class='av-special-heading-tag '  itemprop=\"headline\"  >Best\u00e4ll<\/h1><div class=\"special-heading-border\"><div class=\"special-heading-inner-border\"><\/div><\/div><\/div><br \/>\n\n<style type=\"text\/css\" data-created_by=\"avia_inline_auto\" id=\"style-css-av-ksy6wwfi-7ac54c83488d334cdfa906a7e3b3901f\">\n#top .hr.hr-invisible.av-ksy6wwfi-7ac54c83488d334cdfa906a7e3b3901f{\nmargin-top:-50px;\nheight:1px;\n}\n<\/style>\n<div  class='hr av-ksy6wwfi-7ac54c83488d334cdfa906a7e3b3901f hr-invisible  avia-builder-el-2  el_after_av_heading  avia-builder-el-last '><span class='hr-inner '><span class=\"hr-inner-style\"><\/span><\/span><\/div><\/p><\/div>\n\n<style type=\"text\/css\" data-created_by=\"avia_inline_auto\" id=\"style-css-av-21gf7my-5416d29f1e378c28a7333520fed63b93\">\n.flex_column.av-21gf7my-5416d29f1e378c28a7333520fed63b93{\nborder-radius:0px 0px 0px 0px;\npadding:0px 0px 0px 0px;\n}\n<\/style>\n<div  class='flex_column av-21gf7my-5416d29f1e378c28a7333520fed63b93 av_one_half  avia-builder-el-3  el_after_av_one_full  el_before_av_one_half  first flex_column_div av-zero-column-padding  column-top-margin'     ><p><section  class='av_textblock_section av-ksy6u7f4-40442235e3298d63b70d57db89aeadb1 '   itemscope=\"itemscope\" itemtype=\"https:\/\/schema.org\/CreativeWork\" ><div class='avia_textblock'  itemprop=\"text\" ><p>F\u00f6r oss p\u00e5 Medifactia \u00e4r kvalitet A och O. Kvalitet s\u00e5v\u00e4l n\u00e4r det g\u00e4ller produktens p\u00e5litlighet som leveranss\u00e4kerhet. Kvaliteten p\u00e5 v\u00e5r produkt och v\u00e5ra tj\u00e4nster ska vara en v\u00e4sentlig anledning till k\u00f6p.<\/p>\n<p>En f\u00f6rpackning Transit-Pellets\u2122 r\u00f6ntgent\u00e4ta mark\u00f6rer inneh\u00e5ller sju kapslar avsedd f\u00f6r en patient och en unders\u00f6kning.<\/p>\n<\/div><\/section><br \/>\n\n<style type=\"text\/css\" data-created_by=\"avia_inline_auto\" id=\"style-css-av-1t81mp6-8c4c9ec724e69b5ad3e84f11ad849a58\">\n.avia-image-container.av-1t81mp6-8c4c9ec724e69b5ad3e84f11ad849a58 img.avia_image{\nbox-shadow:none;\n}\n.avia-image-container.av-1t81mp6-8c4c9ec724e69b5ad3e84f11ad849a58 .av-image-caption-overlay-center{\ncolor:#ffffff;\n}\n<\/style>\n<div  class='avia-image-container av-1t81mp6-8c4c9ec724e69b5ad3e84f11ad849a58 av-styling- avia-align-center  avia-builder-el-5  el_after_av_textblock  el_before_av_textblock '   itemprop=\"image\" itemscope=\"itemscope\" itemtype=\"https:\/\/schema.org\/ImageObject\" ><div class=\"avia-image-container-inner\"><div class=\"avia-image-overlay-wrap\"><img decoding=\"async\" fetchpriority=\"high\" class='wp-image-14602 avia-img-lazy-loading-not-14602 avia_image ' src=\"https:\/\/medifactia.com\/sv\/wp-content\/uploads\/sites\/4\/2022\/01\/besta\u0308llningsbild-1.png\" alt='' title='besta\u0308llningsbild 1'  height=\"1233\" width=\"1920\"  itemprop=\"thumbnailUrl\" srcset=\"https:\/\/medifactia.com\/sv\/wp-content\/uploads\/sites\/4\/2022\/01\/besta\u0308llningsbild-1.png 1920w, https:\/\/medifactia.com\/sv\/wp-content\/uploads\/sites\/4\/2022\/01\/besta\u0308llningsbild-1-300x193.png 300w, https:\/\/medifactia.com\/sv\/wp-content\/uploads\/sites\/4\/2022\/01\/besta\u0308llningsbild-1-1030x661.png 1030w, https:\/\/medifactia.com\/sv\/wp-content\/uploads\/sites\/4\/2022\/01\/besta\u0308llningsbild-1-768x493.png 768w, https:\/\/medifactia.com\/sv\/wp-content\/uploads\/sites\/4\/2022\/01\/besta\u0308llningsbild-1-1536x986.png 1536w, https:\/\/medifactia.com\/sv\/wp-content\/uploads\/sites\/4\/2022\/01\/besta\u0308llningsbild-1-1500x963.png 1500w, https:\/\/medifactia.com\/sv\/wp-content\/uploads\/sites\/4\/2022\/01\/besta\u0308llningsbild-1-705x453.png 705w\" sizes=\"(max-width: 1920px) 100vw, 1920px\" \/><\/div><\/div><\/div><br \/>\n<section  class='av_textblock_section av-ksy6vgy3-7ba5df61385fd339892da558275db2b1 '   itemscope=\"itemscope\" itemtype=\"https:\/\/schema.org\/CreativeWork\" ><div class='avia_textblock'  itemprop=\"text\" ><p>Har du fr\u00e5gor eller vill att vi kommer till er f\u00f6r ett gemensamt m\u00f6te d\u00e4r vi ber\u00e4ttar mer om produkten, metoden och CTT Reporting System, v\u00e4nligen kontakta oss p\u00e5 <a href=\"mailto:info@medifactia.com\">info@medifactia.com<\/a>.<\/p>\n<\/div><\/section><\/p><\/div>\n<style type=\"text\/css\" data-created_by=\"avia_inline_auto\" id=\"style-css-av-3i628a-2507f51284657a91073640c4fae5cc65\">\n.flex_column.av-3i628a-2507f51284657a91073640c4fae5cc65{\nborder-radius:0px 0px 0px 0px;\npadding:0px 0px 0px 0px;\n}\n<\/style>\n<div  class='flex_column av-3i628a-2507f51284657a91073640c4fae5cc65 av_one_half  avia-builder-el-7  el_after_av_one_half  avia-builder-el-last  flex_column_div av-zero-column-padding  column-top-margin'     ><p>\n<style type=\"text\/css\" data-created_by=\"avia_inline_auto\" id=\"style-css-av-ka6bk7-66ca46db4ab5683cd3a9ecd346dd618e\">\n#top .av-special-heading.av-ka6bk7-66ca46db4ab5683cd3a9ecd346dd618e{\npadding-bottom:10px;\n}\nbody .av-special-heading.av-ka6bk7-66ca46db4ab5683cd3a9ecd346dd618e .av-special-heading-tag .heading-char{\nfont-size:25px;\n}\n.av-special-heading.av-ka6bk7-66ca46db4ab5683cd3a9ecd346dd618e .av-subheading{\nfont-size:15px;\n}\n<\/style>\n<div  class='av-special-heading av-ka6bk7-66ca46db4ab5683cd3a9ecd346dd618e av-special-heading-h3 blockquote modern-quote  avia-builder-el-8  el_before_av_textblock  avia-builder-el-first '><h3 class='av-special-heading-tag '  itemprop=\"headline\"  >Best\u00e4llningsformul\u00e4r<\/h3><div class=\"special-heading-border\"><div class=\"special-heading-inner-border\"><\/div><\/div><\/div><br \/>\n<section  class='av_textblock_section av-jy12p6-f3136bf6713acc1dd72527f0d605be16 '   itemscope=\"itemscope\" itemtype=\"https:\/\/schema.org\/CreativeWork\" ><div class='avia_textblock'  itemprop=\"text\" ><p>Best\u00e4ll Transit-Pellets\u2122 radiopaque markers genom att fylla i uppgifterna nedan. F\u00f6r att vi ska kunna behandla din best\u00e4llning \u00e4r det viktigt att du fyller i fullst\u00e4ndig faktureringsadress samt alla obligatoriska (*) f\u00e4lt.<\/p>\n<p>Klicka sedan p\u00e5 &#8221;Skicka best\u00e4llning&#8221; s\u00e5 tar vi hand om din best\u00e4llning s\u00e5 snart som m\u00f6jligt. Har du n\u00e5gra fr\u00e5gor \u00e4r du v\u00e4lkommen att maila oss p\u00e5 order@medifactia.com eller ringa oss p\u00e5 telefonnummer 08-460\u00a0 072 06.<\/p>\n<\/div><\/section><br \/>\n\n<style type=\"text\/css\" data-created_by=\"avia_inline_auto\" id=\"style-css-av-ksy6wwfi-cd266250db51fab03b7ee1844483278b\">\n#top .hr.hr-invisible.av-ksy6wwfi-cd266250db51fab03b7ee1844483278b{\nheight:20px;\n}\n<\/style>\n<div  class='hr av-ksy6wwfi-cd266250db51fab03b7ee1844483278b hr-invisible  avia-builder-el-10  el_after_av_textblock  el_before_av_codeblock '><span class='hr-inner '><span class=\"hr-inner-style\"><\/span><\/span><\/div><br \/>\n<\/p><\/div><\/p>\n","protected":false},"excerpt":{"rendered":"","protected":false},"author":1,"featured_media":0,"parent":0,"menu_order":0,"comment_status":"closed","ping_status":"closed","template":"","meta":{"footnotes":""},"class_list":["post-14442","page","type-page","status-publish","hentry"],"_links":{"self":[{"href":"https:\/\/medifactia.com\/sv\/wp-json\/wp\/v2\/pages\/14442","targetHints":{"allow":["GET"]}}],"collection":[{"href":"https:\/\/medifactia.com\/sv\/wp-json\/wp\/v2\/pages"}],"about":[{"href":"https:\/\/medifactia.com\/sv\/wp-json\/wp\/v2\/types\/page"}],"author":[{"embeddable":true,"href":"https:\/\/medifactia.com\/sv\/wp-json\/wp\/v2\/users\/1"}],"replies":[{"embeddable":true,"href":"https:\/\/medifactia.com\/sv\/wp-json\/wp\/v2\/comments?post=14442"}],"version-history":[{"count":8,"href":"https:\/\/medifactia.com\/sv\/wp-json\/wp\/v2\/pages\/14442\/revisions"}],"predecessor-version":[{"id":15525,"href":"https:\/\/medifactia.com\/sv\/wp-json\/wp\/v2\/pages\/14442\/revisions\/15525"}],"wp:attachment":[{"href":"https:\/\/medifactia.com\/sv\/wp-json\/wp\/v2\/media?parent=14442"}],"curies":[{"name":"wp","href":"https:\/\/api.w.org\/{rel}","templated":true}]}}