{"id":141,"date":"2016-04-15T06:45:08","date_gmt":"2016-04-15T04:45:08","guid":{"rendered":"http:\/\/medifactia.lluvy.se\/?page_id=141"},"modified":"2021-08-29T20:05:38","modified_gmt":"2021-08-29T19:05:38","slug":"om-oss","status":"publish","type":"page","link":"https:\/\/medifactia.com\/sv\/om-oss\/","title":{"rendered":"Om oss"},"content":{"rendered":"<div id='av_section_1'  class='avia-section av-2tmad-a847b63e8254e49b3886c58fb9b9627c main_color avia-section-default avia-no-border-styling  avia-builder-el-0  avia-builder-el-no-sibling  avia-bg-style-scroll container_wrap sidebar_right'  ><div class='container av-section-cont-open' ><main  role=\"main\" itemprop=\"mainContentOfPage\"  class='template-page content  av-content-small alpha units'><div class='post-entry post-entry-type-page post-entry-141'><div class='entry-content-wrapper clearfix'>\n\n<style type=\"text\/css\" data-created_by=\"avia_inline_auto\" id=\"style-css-av-iy24d-263b804defc73433a89e725889cbff14\">\n.flex_column.av-iy24d-263b804defc73433a89e725889cbff14{\nborder-radius:0px 0px 0px 0px;\npadding:0px 0px 0px 0px;\n}\n<\/style>\n<div  class='flex_column av-iy24d-263b804defc73433a89e725889cbff14 av_three_fourth  avia-builder-el-1  avia-builder-el-no-sibling  first flex_column_div av-zero-column-padding  '     ><p>\n<style type=\"text\/css\" data-created_by=\"avia_inline_auto\" id=\"style-css-av-ksxl1tpt-f8f6114ce37159b75a12c1032858bbcb\">\n#top .av-special-heading.av-ksxl1tpt-f8f6114ce37159b75a12c1032858bbcb{\npadding-bottom:0;\n}\nbody .av-special-heading.av-ksxl1tpt-f8f6114ce37159b75a12c1032858bbcb .av-special-heading-tag .heading-char{\nfont-size:25px;\n}\n.av-special-heading.av-ksxl1tpt-f8f6114ce37159b75a12c1032858bbcb .av-subheading{\nfont-size:15px;\n}\n<\/style>\n<div  class='av-special-heading av-ksxl1tpt-f8f6114ce37159b75a12c1032858bbcb av-special-heading-h1 blockquote modern-quote  avia-builder-el-2  el_before_av_textblock  avia-builder-el-first '><h1 class='av-special-heading-tag '  itemprop=\"headline\"  >Om Medifactia AB<\/h1><div class=\"special-heading-border\"><div class=\"special-heading-inner-border\"><\/div><\/div><\/div><br \/>\n<section  class='av_textblock_section av-6koxx-eb95b13822432046bed7dfe250faaf1e '   itemscope=\"itemscope\" itemtype=\"https:\/\/schema.org\/CreativeWork\" ><div class='avia_textblock'  itemprop=\"text\" ><p>Medifactia AB \u00e4r ett svenskt medicintekniskt f\u00f6retag som tillverkar och distribuerar Transit-Pellets\u2122 r\u00f6ntgent\u00e4ta mark\u00f6rer f\u00f6rpackade f\u00f6r m\u00e4tning av kolontransit enligt Transit-Pelletsmetoden\u2122. Produkten och metoden \u00e4r enkel och kostnadseffektiv och ett viktigt diagnostiskt verktyg vid handl\u00e4ggning av patienter med gastrointestinala besv\u00e4r. Inte nog med det, v\u00e5rt digitala verktyg GI Monitoring System skapar b\u00e4ttre f\u00f6ruts\u00e4ttningar f\u00f6r att effektivisera arbetet och erbjuda samma v\u00e5rd mellan olika v\u00e5rd- och omsorgsgivare.<\/p>\n<p>Medifactia AB var fram till 2012 ett handelsbolag, \u201cMedifact Handelsbolag\u201d, bildat 1986. I samband med bolagiseringen av f\u00f6retaget \u00e4ndrades namnet till Medifactia AB.<\/p>\n<p>F\u00f6r oss p\u00e5 Medifactia AB \u00e4r kvalitet A och O. Kvalitet s\u00e5v\u00e4l n\u00e4r det g\u00e4ller produktens p\u00e5litlighet som leveranss\u00e4kerhet. Kvaliteten p\u00e5 v\u00e5r produkt, v\u00e5rt kompletta system och v\u00e5ra tj\u00e4nster ska vara en v\u00e4sentlig anledning till k\u00f6p.<\/p>\n<\/div><\/section><\/p><\/div><\/div><\/div><\/main><!-- close content main element --><\/div><\/div><div id='after_section_1'  class='main_color av_default_container_wrap container_wrap sidebar_right'  ><div class='container av-section-cont-open' ><div class='template-page content  av-content-small alpha units'><div class='post-entry post-entry-type-page post-entry-141'><div class='entry-content-wrapper clearfix'>\n","protected":false},"excerpt":{"rendered":"","protected":false},"author":1,"featured_media":0,"parent":0,"menu_order":0,"comment_status":"closed","ping_status":"closed","template":"","meta":{"_lmt_disableupdate":"","_lmt_disable":"","footnotes":""},"class_list":["post-141","page","type-page","status-publish","hentry"],"_links":{"self":[{"href":"https:\/\/medifactia.com\/sv\/wp-json\/wp\/v2\/pages\/141","targetHints":{"allow":["GET"]}}],"collection":[{"href":"https:\/\/medifactia.com\/sv\/wp-json\/wp\/v2\/pages"}],"about":[{"href":"https:\/\/medifactia.com\/sv\/wp-json\/wp\/v2\/types\/page"}],"author":[{"embeddable":true,"href":"https:\/\/medifactia.com\/sv\/wp-json\/wp\/v2\/users\/1"}],"replies":[{"embeddable":true,"href":"https:\/\/medifactia.com\/sv\/wp-json\/wp\/v2\/comments?post=141"}],"version-history":[{"count":2,"href":"https:\/\/medifactia.com\/sv\/wp-json\/wp\/v2\/pages\/141\/revisions"}],"predecessor-version":[{"id":14575,"href":"https:\/\/medifactia.com\/sv\/wp-json\/wp\/v2\/pages\/141\/revisions\/14575"}],"wp:attachment":[{"href":"https:\/\/medifactia.com\/sv\/wp-json\/wp\/v2\/media?parent=141"}],"curies":[{"name":"wp","href":"https:\/\/api.w.org\/{rel}","templated":true}]}}