{"id":15108,"date":"2023-08-09T12:06:20","date_gmt":"2023-08-09T10:06:20","guid":{"rendered":"https:\/\/medifactia.com\/sk\/gastrointestinal-disorders\/"},"modified":"2023-09-12T10:12:31","modified_gmt":"2023-09-12T08:12:31","slug":"gastrointestinal-disorders","status":"publish","type":"page","link":"https:\/\/medifactia.com\/sk\/gastrointestinal-disorders\/","title":{"rendered":"Gastrointestinal Disorders"},"content":{"rendered":"<div  class='flex_column av-vcawky-18c8b3091d7005a1ca2a1950ce3b99ce av_one_full  avia-builder-el-0  el_before_av_one_full  avia-builder-el-first  first flex_column_div  '     ><style type=\"text\/css\" data-created_by=\"avia_inline_auto\" id=\"style-css-av-ll3mun2f-1ad3307a97f9fed1709524694a3a4431\">\n.avia-image-container.av-ll3mun2f-1ad3307a97f9fed1709524694a3a4431 img.avia_image{\nbox-shadow:none;\n}\n.avia-image-container.av-ll3mun2f-1ad3307a97f9fed1709524694a3a4431 .av-image-caption-overlay-center{\ncolor:#ffffff;\n}\n<\/style>\n<div  class='avia-image-container av-ll3mun2f-1ad3307a97f9fed1709524694a3a4431 av-styling- avia-align-center  avia-builder-el-1  avia-builder-el-no-sibling '   itemprop=\"image\" itemscope=\"itemscope\" itemtype=\"https:\/\/schema.org\/ImageObject\" ><div class=\"avia-image-container-inner\"><div class=\"avia-image-overlay-wrap\"><img decoding=\"async\" fetchpriority=\"high\" class='wp-image- avia-img-lazy-loading-not- avia_image ' src=\"https:\/\/medifactia.com\/wp-content\/uploads\/2023\/08\/Man_Toilet-scaled.jpg\" alt='' title=''   itemprop=\"thumbnailUrl\"  \/><\/div><\/div><\/div><\/div>\n<div  class='flex_column av-w7sqhe-d5fa4e22da3a538d13f5d1a26f7242b8 av_one_full  avia-builder-el-2  el_after_av_one_full  el_before_av_one_full  first flex_column_div  column-top-margin'     ><p>\n<style type=\"text\/css\" data-created_by=\"avia_inline_auto\" id=\"style-css-av-ll3mj5e5-0299f73a216da221a18da0f92a519e58\">\n#top .av-special-heading.av-ll3mj5e5-0299f73a216da221a18da0f92a519e58{\npadding-bottom:10px;\n}\nbody .av-special-heading.av-ll3mj5e5-0299f73a216da221a18da0f92a519e58 .av-special-heading-tag .heading-char{\nfont-size:25px;\n}\n.av-special-heading.av-ll3mj5e5-0299f73a216da221a18da0f92a519e58 .av-subheading{\nfont-size:15px;\n}\n<\/style>\n<div  class='av-special-heading av-ll3mj5e5-0299f73a216da221a18da0f92a519e58 av-special-heading-h1 blockquote modern-quote  avia-builder-el-3  el_before_av_textblock  avia-builder-el-first '><h1 class='av-special-heading-tag '  itemprop=\"headline\"  >Funkc\u030cne\u0301 gastrointestina\u0301lne poruchy (FGIP)<\/h1><div class=\"special-heading-border\"><div class=\"special-heading-inner-border\"><\/div><\/div><\/div><br \/>\n<section  class='av_textblock_section av-ll3mjwks-09a5b05a5d63f4e17acda3f0982bb6b5 '   itemscope=\"itemscope\" itemtype=\"https:\/\/schema.org\/CreativeWork\" ><div class='avia_textblock'  itemprop=\"text\" ><p>Funkc\u030cne\u0301 gastrointestina\u0301lne poruchy s\u00fa charakterizovan\u00e9 chronick\u00fdmi (dlhodob\u00fdmi) tr\u00e1viacimi sympt\u00f3mami, ktor\u00e9 vznikaj\u00fa v d\u00f4sledku fungovania alebo dysfunkcie tr\u00e1viaceho syst\u00e9mu.<\/p>\n<p>Poruchy funkcie tr\u00e1viaceho a pohybovej s\u00fastavy tr\u00e1viaceho syst\u00e9mu predstavuj\u00fa naj\u010dastej\u0161ie probl\u00e9my tr\u00e1viaceho syst\u00e9mu v be\u017enej popul\u00e1cii. Odhaduje sa, \u017ee tieto probl\u00e9my m\u00f4\u017eu postihn\u00fa\u0165 pribli\u017ene jednu zo \u0161tyroch os\u00f4b alebo dokonca viac. Tieto stavy tvoria pribli\u017ene 40% tr\u00e1viacich probl\u00e9mov, ktor\u00fdm lek\u00e1ri a terapeuti pom\u00e1haj\u00fa pacientom.<\/p>\n<p>V\u00fdraz &#8222;funk\u010dn\u00fd&#8220; sa obvykle pou\u017e\u00edva na popis por\u00fach, pri ktor\u00fdch s\u00fa naru\u0161en\u00e9 be\u017en\u00e9 funkcie pohybu \u010driev, citlivosti nervov \u010driev alebo riadenie t\u00fdchto \u010dinnost\u00ed mozgom.<\/p>\n<p>Niektor\u00e9 z naj\u010dastej\u0161\u00edch funk\u010dn\u00fdch por\u00fach tr\u00e1viaceho syst\u00e9mu s\u00fa funk\u010dn\u00e1 z\u00e1pcha, funk\u010dn\u00e1 hna\u010dka a syndr\u00f3m dr\u00e1\u017ediv\u00e9ho \u010dreva (IBS).<\/p>\n<\/div><\/section><\/p><\/div><div  class='flex_column av-1jtmvde-84260a62ab92da9de2ba17cb9d8eef8a av_one_full  avia-builder-el-5  el_after_av_one_full  el_before_av_one_full  first flex_column_div  column-top-margin'     ><p>\n<style type=\"text\/css\" data-created_by=\"avia_inline_auto\" id=\"style-css-av-ll3ml4jh-1453a46c4658eecb88fc2365d72e9d39\">\n#top .av-special-heading.av-ll3ml4jh-1453a46c4658eecb88fc2365d72e9d39{\npadding-bottom:10px;\n}\nbody .av-special-heading.av-ll3ml4jh-1453a46c4658eecb88fc2365d72e9d39 .av-special-heading-tag .heading-char{\nfont-size:25px;\n}\n.av-special-heading.av-ll3ml4jh-1453a46c4658eecb88fc2365d72e9d39 .av-subheading{\nfont-size:15px;\n}\n<\/style>\n<div  class='av-special-heading av-ll3ml4jh-1453a46c4658eecb88fc2365d72e9d39 av-special-heading-h2 blockquote modern-quote  avia-builder-el-6  el_before_av_textblock  avia-builder-el-first '><h2 class='av-special-heading-tag '  itemprop=\"headline\"  >Chronick\u00e1 z\u00e1pcha<\/h2><div class=\"special-heading-border\"><div class=\"special-heading-inner-border\"><\/div><\/div><\/div><br \/>\n<section  class='av_textblock_section av-ll3mm5zg-9d3204f66358feaa956605b5c8930f49 '   itemscope=\"itemscope\" itemtype=\"https:\/\/schema.org\/CreativeWork\" ><div class='avia_textblock'  itemprop=\"text\" ><p>Chronick\u00e1 z\u00e1pcha ozna\u010duje pretrv\u00e1vanie nepravideln\u00fdch stol\u00edc alebo \u0165a\u017ek\u00e9ho vypr\u00e1zd\u0148ovania stolice po\u010das dlh\u0161ieho obdobia, zvy\u010dajne trvaj\u00faceho nieko\u013eko t\u00fd\u017ed\u0148ov alebo viac. \u010casto sa prejavuje t\u00fdm, \u017ee \u010dlovek m\u00e1 menej ako tri stolice t\u00fd\u017edenne. Zatia\u013e \u010do ob\u010dasn\u00e1 z\u00e1pcha je be\u017en\u00fdm probl\u00e9mom u dospel\u00fdch aj det\u00ed, niektor\u00ed jednotlivci m\u00f4\u017eu trpie\u0165 chronickou z\u00e1pchou, \u010do v\u00fdznamne ovplyv\u0148uje ich denn\u00fd re\u017eim.<\/p>\n<p>Pr\u00edznaky a sympt\u00f3my chronick\u00e9ho z\u00e1pchy zah\u0155\u0148aj\u00fa:<\/p>\n<ul>\n<li>Menej ako tri stolice t\u00fd\u017edenne<\/li>\n<li>Sk\u00fasenos\u0165 s hrubou alebo tvrdou stolicou<\/li>\n<li>Nam\u00e1hanie sa po\u010das pohybu \u010driev<\/li>\n<li>Pocit blok\u00e1dy v kone\u010dn\u00edku, ktor\u00fd br\u00e1ni pohybom \u010driev<\/li>\n<li>Pocit ne\u00fapln\u00e9ho vypr\u00e1zd\u0148ovania kone\u010dn\u00edka po pohybe \u010driev<\/li>\n<li>Potreba pomoci pri vypr\u00e1zd\u0148ovan\u00ed kone\u010dn\u00edka, \u010do m\u00f4\u017ee zah\u0155\u0148a\u0165 tlak na brucho alebo ru\u010dn\u00e9 odstr\u00e1nenie stolice prstom<\/li>\n<\/ul>\n<p>Z\u00e1pcha m\u00f4\u017ee by\u0165 klasifikovan\u00e1 ako chronick\u00e1, ak ste trvalo za\u017e\u00edvali dva alebo viac t\u00fdchto pr\u00edznakov po\u010das posledn\u00fdch troch mesiacov. Chronick\u00e1 z\u00e1pcha, ktor\u00e1 je dlhodob\u00e1 alebo sa neust\u00e1le vracia, vy\u017eaduje viac \u00fasilia pri diagnostike a lie\u010dbe.<\/p>\n<\/div><\/section><\/p><\/div><div  class='flex_column av-10x8p8y-a287594219392dd62ffb17dd326eb404 av_one_full  avia-builder-el-8  el_after_av_one_full  el_before_av_one_full  first flex_column_div  column-top-margin'     ><p>\n<style type=\"text\/css\" data-created_by=\"avia_inline_auto\" id=\"style-css-av-ll3mmuxz-925cdb3a972ee17f07909bb12ec7c9de\">\n#top .av-special-heading.av-ll3mmuxz-925cdb3a972ee17f07909bb12ec7c9de{\npadding-bottom:10px;\n}\nbody .av-special-heading.av-ll3mmuxz-925cdb3a972ee17f07909bb12ec7c9de .av-special-heading-tag .heading-char{\nfont-size:25px;\n}\n.av-special-heading.av-ll3mmuxz-925cdb3a972ee17f07909bb12ec7c9de .av-subheading{\nfont-size:15px;\n}\n<\/style>\n<div  class='av-special-heading av-ll3mmuxz-925cdb3a972ee17f07909bb12ec7c9de av-special-heading-h2 blockquote modern-quote  avia-builder-el-9  el_before_av_textblock  avia-builder-el-first '><h2 class='av-special-heading-tag '  itemprop=\"headline\"  >Chronick\u00e1 hna\u010dka<\/h2><div class=\"special-heading-border\"><div class=\"special-heading-inner-border\"><\/div><\/div><\/div><br \/>\n<section  class='av_textblock_section av-ll3mngxy-a721c813b549503bdadf87aa9a586981 '   itemscope=\"itemscope\" itemtype=\"https:\/\/schema.org\/CreativeWork\" ><div class='avia_textblock'  itemprop=\"text\" ><p>Hna\u010dka je be\u017en\u00fd stav, ktor\u00fd sa prejavuje \u010dast\u00fdm vypr\u00e1zd\u0148ovan\u00edm riedkych alebo vodnat\u00fdch stol\u00edc. M\u00f4\u017ee sa vyskytn\u00fa\u0165 samostatne alebo spolu s \u010fal\u0161\u00edmi pr\u00edznakmi, ako s\u00fa nevo\u013enos\u0165, zvracanie, bolesti brucha alebo \u00fabytok hmotnosti. Ak\u00fatna hna\u010dka prejde o nieko\u013eko t\u00fd\u017ed\u0148ov a st\u00e1va sa chronickou, ak trv\u00e1 dlh\u0161ie ako 3\u20134 t\u00fd\u017edne. Ak po d\u00f4kladnom vy\u0161etren\u00ed nie je n\u00e1jden\u00e1 konkr\u00e9tna pr\u00ed\u010dina a splnia sa ur\u010dit\u00e9 krit\u00e9ri\u00e1, m\u00f4\u017ee sa zv\u00e1\u017ei\u0165 diagn\u00f3za funk\u010dnej alebo chronick\u00e9 hna\u010dky.<\/p>\n<\/div><\/section><\/p><\/div><div  class='flex_column av-odeu9e-1af2c6b1ea3ecce6454987834f5d3f60 av_one_full  avia-builder-el-11  el_after_av_one_full  el_before_av_hr  first flex_column_div  column-top-margin'     ><p>\n<style type=\"text\/css\" data-created_by=\"avia_inline_auto\" id=\"style-css-av-ll3mnsx7-244f794b1fb0d498672cf712843dafbf\">\n#top .av-special-heading.av-ll3mnsx7-244f794b1fb0d498672cf712843dafbf{\npadding-bottom:10px;\n}\nbody .av-special-heading.av-ll3mnsx7-244f794b1fb0d498672cf712843dafbf .av-special-heading-tag .heading-char{\nfont-size:25px;\n}\n.av-special-heading.av-ll3mnsx7-244f794b1fb0d498672cf712843dafbf .av-subheading{\nfont-size:15px;\n}\n<\/style>\n<div  class='av-special-heading av-ll3mnsx7-244f794b1fb0d498672cf712843dafbf av-special-heading-h2 blockquote modern-quote  avia-builder-el-12  el_before_av_textblock  avia-builder-el-first '><h2 class='av-special-heading-tag '  itemprop=\"headline\"  >Syndr\u00f3m dr\u00e1\u017ediv\u00e9ho \u010dreva (IBS)<\/h2><div class=\"special-heading-border\"><div class=\"special-heading-inner-border\"><\/div><\/div><\/div><br \/>\n<section  class='av_textblock_section av-ll3moucw-f006b17506cdf3fdefa27ebc084bed11 '   itemscope=\"itemscope\" itemtype=\"https:\/\/schema.org\/CreativeWork\" ><div class='avia_textblock'  itemprop=\"text\" ><p>Syndr\u00f3m dr\u00e1\u017ediv\u00e9ho \u010dreva (IBS) je be\u017en\u00fdm ochoren\u00edm, ktor\u00e9 postihuje \u017eal\u00fadok a \u010drevo, naz\u00fdvan\u00e9 tie\u017e tr\u00e1viaci trakt. Jeho sympt\u00f3my zah\u0155\u0148aj\u00fa k\u0155\u010de, bolesti brucha, nad\u00favanie, plyny, ako aj striedav\u00e9 epiz\u00f3dy hna\u010dky a z\u00e1pchy, alebo niekedy oboje. IBS je chronick\u00fdm stavom, ktor\u00fd vy\u017eaduje dlhodob\u00fa lie\u010dbu na efekt\u00edvne zmiernenie jeho sympt\u00f3mov. Zna\u010dn\u00fd po\u010det jednotlivcov s mierne a\u017e \u0165a\u017ek\u00fdm IBS uv\u00e1dza n\u00edzku kvalitu \u017eivota. Pr\u00edznaky IBS sa m\u00f4\u017eu l\u00ed\u0161i\u0165 a maj\u00fa tendenciu pretrv\u00e1va\u0165 po dlh\u0161\u00ed \u010das. Najbe\u017enej\u0161ie pr\u00edznaky zah\u0155\u0148aj\u00fa:<\/p>\n<ul>\n<li>Bolesti brucha, k\u0155\u010de alebo nad\u00favanie spojen\u00e9 s pohybmi \u010driev<\/li>\n<li>Zmeny vzh\u013eadu stolice<\/li>\n<li>Zmeny v frekvencii pohybov \u010driev<\/li>\n<\/ul>\n<p>In\u00e9 s\u00favisiace pr\u00edznaky m\u00f4\u017eu zah\u0155\u0148a\u0165 pocit ne\u00fapln\u00e9ho vypr\u00e1zd\u0148ovania a zv\u00fd\u0161en\u00fa pr\u00edtomnos\u0165 plynu alebo hlienu vo stolici.<\/p>\n<p>Existuje \u0161tyri typy IBS. Ka\u017ed\u00fd typ je naz\u00fdvan\u00fd pod\u013ea svojich naj\u010dastej\u0161\u00edch s\u0165a\u017enost\u00ed, vr\u00e1tane IBS s prevahou z\u00e1pchy (IBS-C), IBS s prevahou hna\u010dky (IBS-D), zmie\u0161an\u00fd typ IBS (IBS-M) a IBS neur\u010den\u00fd.<\/p>\n<\/div><\/section><\/p><\/div><div  class='hr av-5bf71u-0fc17794266e30ad9cc5c4260e9df573 hr-default  avia-builder-el-14  el_after_av_one_full  el_before_av_one_full '><span class='hr-inner '><span class=\"hr-inner-style\"><\/span><\/span><\/div><\/p>\n<div  class='flex_column av-16qxkia-ddb7daef80a5c3df972f5cad8e8e623c av_one_full  avia-builder-el-15  el_after_av_hr  el_before_av_hr  first flex_column_div  '     ><style type=\"text\/css\" data-created_by=\"avia_inline_auto\" id=\"style-css-av-ll3mqg6q-8f918120bac479fde7502dabee2ce1c4\">\n#top .av_textblock_section.av-ll3mqg6q-8f918120bac479fde7502dabee2ce1c4 .avia_textblock{\nfont-size:13px;\n}\n<\/style>\n<section  class='av_textblock_section av-ll3mqg6q-8f918120bac479fde7502dabee2ce1c4 '   itemscope=\"itemscope\" itemtype=\"https:\/\/schema.org\/CreativeWork\" ><div class='avia_textblock'  itemprop=\"text\" ><p>Inform\u00e1cie na tejto str\u00e1nke by nemali by\u0165 pou\u017eit\u00e9 ako n\u00e1hrada za lek\u00e1rsku radu od v\u00e1\u0161ho lek\u00e1ra. V\u017edy diskutujte s va\u0161\u00edm lek\u00e1rom o diagn\u00f3ze, lie\u010dbe a rizik\u00e1ch. Majte na pam\u00e4ti, \u017ee v\u00fdsledky lie\u010dby a v\u00fdsledky m\u00f4\u017eu by\u0165 \u0161pecifick\u00e9 pre jednotliv\u00fdch pacientov a m\u00f4\u017eu sa l\u00ed\u0161i\u0165.<\/p>\n<\/div><\/section><\/div><div  class='hr av-rtsaj6-d528e2842421b0c713aa5dafb313b352 hr-default  avia-builder-el-17  el_after_av_one_full  el_before_av_one_full '><span class='hr-inner '><span class=\"hr-inner-style\"><\/span><\/span><\/div><\/p>\n<div  class='flex_column av-jpilo2-80d69019b04e3fe061eaa22def74707d av_one_full  avia-builder-el-18  el_after_av_hr  avia-builder-el-last  first flex_column_div  '     ><style type=\"text\/css\" data-created_by=\"avia_inline_auto\" id=\"style-css-av-ll3msqtb-33b63a6eac43cd7ee4bdd225ddc31726\">\n#top .av_textblock_section.av-ll3msqtb-33b63a6eac43cd7ee4bdd225ddc31726 .avia_textblock{\nfont-size:12px;\ncolor:#707070;\n}\n<\/style>\n<section  class='av_textblock_section av-ll3msqtb-33b63a6eac43cd7ee4bdd225ddc31726 '   itemscope=\"itemscope\" itemtype=\"https:\/\/schema.org\/CreativeWork\" ><div class='avia_textblock av_inherit_color'  itemprop=\"text\" ><p>Aziz, I., Whitehead, W.E., Palsson, O., T\u00f6rnblom, H. &amp; Simr\u00e9n, M. (2020). Expert Review of Gastroenterology &amp; Hepatology. An approach to the diagnosis and management of Rome IV functional disorders of chronic constipation [electronic version]. Taylor &amp; Francis Group, Vol. no. 14, 1-8.<\/p>\n<p>Drossman DA., et al. (2016). Rome IV, the functional gastrointestinal disorders. Gastroenterology. Vol. 150:1262-1279.<\/p>\n<p>Keller, J., Bassotti, G., Clarke, J., et al. (2018). EXPERT CONSENCUS DOCUMENT. Advances in the diagnosis and classification of gastric and intestinal motility disorders [electronic version]. Nat Rev Gastroenterol Hepatol., Vol. 15(5), 291-308.<\/p>\n<p>Sperber, AD., et al. (2021). Worldwide Prevalence and Burden of Functional Gastrointestinal Disorders, Results of Rome Foundation Global Study. Gastroenterology. Vol. 160:99-114.<\/p>\n<\/div><\/section><\/div>\n","protected":false},"excerpt":{"rendered":"","protected":false},"author":1,"featured_media":0,"parent":0,"menu_order":0,"comment_status":"closed","ping_status":"closed","template":"","meta":{"_lmt_disableupdate":"","_lmt_disable":"","footnotes":""},"class_list":["post-15108","page","type-page","status-publish","hentry"],"_links":{"self":[{"href":"https:\/\/medifactia.com\/sk\/wp-json\/wp\/v2\/pages\/15108","targetHints":{"allow":["GET"]}}],"collection":[{"href":"https:\/\/medifactia.com\/sk\/wp-json\/wp\/v2\/pages"}],"about":[{"href":"https:\/\/medifactia.com\/sk\/wp-json\/wp\/v2\/types\/page"}],"author":[{"embeddable":true,"href":"https:\/\/medifactia.com\/sk\/wp-json\/wp\/v2\/users\/1"}],"replies":[{"embeddable":true,"href":"https:\/\/medifactia.com\/sk\/wp-json\/wp\/v2\/comments?post=15108"}],"version-history":[{"count":3,"href":"https:\/\/medifactia.com\/sk\/wp-json\/wp\/v2\/pages\/15108\/revisions"}],"predecessor-version":[{"id":15118,"href":"https:\/\/medifactia.com\/sk\/wp-json\/wp\/v2\/pages\/15108\/revisions\/15118"}],"wp:attachment":[{"href":"https:\/\/medifactia.com\/sk\/wp-json\/wp\/v2\/media?parent=15108"}],"curies":[{"name":"wp","href":"https:\/\/api.w.org\/{rel}","templated":true}]}}