{"id":15011,"date":"2023-04-20T07:21:44","date_gmt":"2023-04-20T05:21:44","guid":{"rendered":"https:\/\/medifactia.com\/sk\/?page_id=15011"},"modified":"2026-02-11T13:32:06","modified_gmt":"2026-02-11T12:32:06","slug":"instructions","status":"publish","type":"page","link":"https:\/\/medifactia.com\/sk\/instructions\/","title":{"rendered":"Instructions"},"content":{"rendered":"<div  class='flex_column av-c2ff0f7-93ac7cca0002ee53875e0c46e3bcaf5c av_one_full  avia-builder-el-0  el_before_av_one_full  avia-builder-el-first  first flex_column_div  '     ><div  class='avia-video av-bwgfdvn-9edddbf1b05084df9565e00efbe4a569 avia-video-16-9 av-no-preview-image avia-video-load-always av-lazyload-immediate av-lazyload-video-embed'  itemprop=\"video\" itemtype=\"https:\/\/schema.org\/VideoObject\"  data-original_url='https:\/\/vimeo.com\/796097857'><script type='text\/html' class='av-video-tmpl'><div class='avia-iframe-wrap'><iframe loading=\"lazy\" title=\"Medifactia video 1 2023 ENG.mp4\" src=\"https:\/\/player.vimeo.com\/video\/796097857?h=911af83fab&amp;dnt=1&amp;app_id=122963&autoplay=0&loop=0&controls=1&muted=0\" width=\"1500\" height=\"844\" frameborder=\"0\" allow=\"autoplay; fullscreen; picture-in-picture\" allowfullscreen><\/iframe><\/div><\/script><div class='av-click-to-play-overlay'><div class=\"avia_playpause_icon\"><\/div><\/div><\/div><\/div>\n<div  class='flex_column av-beszfxf-e15e585492b10eb6c6b64ce4f879eb5c av_one_full  avia-builder-el-2  el_after_av_one_full  el_before_av_one_full  first flex_column_div  column-top-margin'     ><p>\n<style type=\"text\/css\" data-created_by=\"avia_inline_auto\" id=\"style-css-av-lgooaj5c-d7e8a6163b44ecfbfa8fc574f05158bb\">\n#top .av-special-heading.av-lgooaj5c-d7e8a6163b44ecfbfa8fc574f05158bb{\npadding-bottom:10px;\n}\nbody .av-special-heading.av-lgooaj5c-d7e8a6163b44ecfbfa8fc574f05158bb .av-special-heading-tag .heading-char{\nfont-size:25px;\n}\n.av-special-heading.av-lgooaj5c-d7e8a6163b44ecfbfa8fc574f05158bb .av-subheading{\nfont-size:15px;\n}\n<\/style>\n<div  class='av-special-heading av-lgooaj5c-d7e8a6163b44ecfbfa8fc574f05158bb av-special-heading-h1 blockquote modern-quote  avia-builder-el-3  el_before_av_textblock  avia-builder-el-first '><h1 class='av-special-heading-tag '  itemprop=\"headline\"  >Pokyny pre spr\u00e1vne pou\u017eitie Transit-Pellets<\/h1><div class=\"special-heading-border\"><div class=\"special-heading-inner-border\"><\/div><\/div><\/div><br \/>\n<section  class='av_textblock_section av-lgoobdzb-0c3877c3f9b8c9c36c2f685c3ac22ccd '   itemscope=\"itemscope\" itemtype=\"https:\/\/schema.org\/CreativeWork\" ><div class='avia_textblock'  itemprop=\"text\" ><p>Testy s Transit-Pellets markermi s\u00fa predp\u00edsan\u00e9 lek\u00e1rom na pou\u017eitie pacientmi v dom\u00e1com prostred\u00ed. Pacient v priebehu \u0161iestich po sebe id\u00facich dn\u00ed prehltne markery Transit-Pellets obsiahnut\u00e9 v siedmich kapsul\u00e1ch HPMC (hydroxypropylmetylcelul\u00f3za) a na siedmy de\u0148 nasn\u00edma abdomin\u00e1lnu r\u00f6ntgenov\u00fa sn\u00edmku.<\/p>\n<p>Aby sa zabezpe\u010dilo spr\u00e1vne a bezpe\u010dn\u00e9 pou\u017eitie Transit-Pellets, je d\u00f4le\u017eit\u00e9 d\u00f4kladne pre\u0161tudova\u0165 Pokyny na pou\u017eitie Transit-Pellets pred zah\u00e1jen\u00edm pou\u017e\u00edvania. M\u00f4\u017eete si ich stiahnu\u0165 priamo cez <a href=\"https:\/\/medifactia.com\/wp-content\/uploads\/2026\/02\/0074-IFU-International-ver05.pdf\" target=\"_blank\" rel=\"noopener\">TENTO ODKAZ<\/a>. Pros\u00edm, bu\u010fte si vedom\u00ed, \u017ee Pokyny na pou\u017eitie Transit-Pellets sa m\u00f4\u017eu meni\u0165. V\u017edy je k dispoz\u00edcii najnov\u0161ia verzia na tejto str\u00e1nke.<\/p>\n<\/div><\/section><\/p><\/div><div  class='flex_column av-ap3njj7-3148b89725a51793ed88e26cdb604e3b av_one_full  avia-builder-el-5  el_after_av_one_full  el_before_av_hr  first flex_column_div  column-top-margin'     ><p>\n<style type=\"text\/css\" data-created_by=\"avia_inline_auto\" id=\"style-css-av-lgooblf3-7afd258ab4b46f7c2472369ce196d257\">\n#top .av-special-heading.av-lgooblf3-7afd258ab4b46f7c2472369ce196d257{\npadding-bottom:10px;\n}\nbody .av-special-heading.av-lgooblf3-7afd258ab4b46f7c2472369ce196d257 .av-special-heading-tag .heading-char{\nfont-size:25px;\n}\n.av-special-heading.av-lgooblf3-7afd258ab4b46f7c2472369ce196d257 .av-subheading{\nfont-size:15px;\n}\n<\/style>\n<div  class='av-special-heading av-lgooblf3-7afd258ab4b46f7c2472369ce196d257 av-special-heading-h2 blockquote modern-quote  avia-builder-el-6  el_before_av_textblock  avia-builder-el-first '><h2 class='av-special-heading-tag '  itemprop=\"headline\"  >Uistite sa o presnosti v\u00fdsledkov: Dodr\u017eujte predp\u00edsan\u00e9 pokyny<\/h2><div class=\"special-heading-border\"><div class=\"special-heading-inner-border\"><\/div><\/div><\/div><br \/>\n<section  class='av_textblock_section av-lgooby39-2257f7ed9d4e11571bf5070c518b0b2c '   itemscope=\"itemscope\" itemtype=\"https:\/\/schema.org\/CreativeWork\" ><div class='avia_textblock'  itemprop=\"text\" ><p><img decoding=\"async\" class=\"alignright size-full wp-image-15198\" style=\"margin-left: 25px; margin-bottom: 30px;\" src=\"https:\/\/medifactia.com\/us\/wp-content\/uploads\/sites\/2\/2023\/02\/Transit-Pellets-Blister-gray.png\" alt=\"\" width=\"120\" \/>Je d\u00f4le\u017eit\u00e9 dodr\u017eiava\u0165 predp\u00edsan\u00e9 d\u00e1vkovacie pokyny pre markery, aby sa zabezpe\u010dila presnos\u0165 v\u00fdsledkov. Jedna kapsula Transit-Pellets by sa mala u\u017e\u00edva\u0165 ka\u017ed\u00fd de\u0148 od prv\u00e9ho d\u0148a do piat\u00e9ho d\u0148a. Na \u0161iesty de\u0148 by sa mala u\u017ei\u0165 jedna kapsula r\u00e1no, ozna\u010den\u00e1 ako \u201d6:1\u201d, a jedna kapsula ve\u010der, ozna\u010den\u00e1 ako \u201d6:2\u201d.<\/p>\n<p>Pre zabezpe\u010denie presnosti merania je d\u00f4le\u017eit\u00e9 napl\u00e1nova\u0165 radiologick\u00e9 vy\u0161etrenie v spr\u00e1vnom \u010dase vzh\u013eadom na posledn\u00fa d\u00e1vku markera na \u0161iesty de\u0148, ozna\u010den\u00fa ako \u201d6:2\u201d. To znamen\u00e1, \u017ee rentgenov\u00e9 vy\u0161etrenie by malo by\u0165 napl\u00e1novan\u00e9 pribli\u017ene 12 hod\u00edn po poslednej d\u00e1vke markera, ktor\u00e1 bola u\u017eit\u00e1 ve\u010der v de\u0148 \u0161es\u0165. Nasleduj\u00faca tabu\u013eka poskytuje u\u017eito\u010dn\u00fa referenciu.<\/p>\n<\/div><\/section><br \/>\n<div class='avia-data-table-wrap av-a970twj-7cc9e97ec024244838c28a76a77e7028 avia_responsive_table avia-table-1'><table  class='avia-table avia-data-table avia_pricing_default  avia-builder-el-8  el_after_av_textblock  avia-builder-el-last '  itemscope=\"itemscope\" itemtype=\"https:\/\/schema.org\/Table\" ><tbody><tr class='avia-heading-row'><th class=''>De\u0148 1 (Prehltn\u00fa\u0165 kapsulu 1)<\/th><th class=''>De\u0148 7 (R\u00f6ntgen)<\/th><\/tr><tr class=''><td class=''>Utorok<\/td><td class=''>Pondelok<\/td><\/tr><tr class=''><td class=''>Streda<\/td><td class=''>Utorok<\/td><\/tr><tr class=''><td class=''>\u0160tvrtok<\/td><td class=''>Streda<\/td><\/tr><tr class=''><td class=''>Piatok<\/td><td class=''>\u0160tvrtok<\/td><\/tr><tr class=''><td class=''>Sobota<\/td><td class=''>Piatok<\/td><\/tr><\/tbody><\/table><\/div><style type='text\/css'>.avia-table-1 td:nth-of-type(1):before { content: 'De\u0148 1 (Prehltn\u00fa\u0165 kapsulu 1)'; } .avia-table-1 td:nth-of-type(2):before { content: 'De\u0148 7 (R\u00f6ntgen)'; } <\/style><\/p><\/div><\/p>\n<div  class='hr av-1mmsekj-811909c706d2014e623c87f975e48c83 hr-default  avia-builder-el-9  el_after_av_one_full  el_before_av_one_full '><span class='hr-inner '><span class=\"hr-inner-style\"><\/span><\/span><\/div>\n<div  class='flex_column av-1agcsoz-32008cb60f473f2b17604055bb6f5c4d av_one_full  avia-builder-el-10  el_after_av_hr  el_before_av_hr  first flex_column_div  '     ><style type=\"text\/css\" data-created_by=\"avia_inline_auto\" id=\"style-css-av-lgoodmd2-6be8fa2ead66a726f80b28e3fd69ca69\">\n#top .av_textblock_section.av-lgoodmd2-6be8fa2ead66a726f80b28e3fd69ca69 .avia_textblock{\nfont-size:13px;\n}\n<\/style>\n<section  class='av_textblock_section av-lgoodmd2-6be8fa2ead66a726f80b28e3fd69ca69 '   itemscope=\"itemscope\" itemtype=\"https:\/\/schema.org\/CreativeWork\" ><div class='avia_textblock'  itemprop=\"text\" ><p>Inform\u00e1cie na tejto str\u00e1nke by nemali by\u0165 pou\u017eit\u00e9 ako n\u00e1hrada za lek\u00e1rsku radu od v\u00e1\u0161ho lek\u00e1ra. V\u017edy diskutujte s va\u0161\u00edm lek\u00e1rom o diagn\u00f3ze, lie\u010dbe a rizik\u00e1ch. Majte na pam\u00e4ti, \u017ee v\u00fdsledky lie\u010dby a v\u00fdsledky m\u00f4\u017eu by\u0165 \u0161pecifick\u00e9 pre jednotliv\u00fdch pacientov a m\u00f4\u017eu sa l\u00ed\u0161i\u0165.<\/p>\n<\/div><\/section><\/div>\n<div  class='hr av-klufc3-876179b597e9acc67df0e1d6ed4be3c1 hr-default  avia-builder-el-12  el_after_av_one_full  avia-builder-el-last '><span class='hr-inner '><span class=\"hr-inner-style\"><\/span><\/span><\/div>\n","protected":false},"excerpt":{"rendered":"","protected":false},"author":1,"featured_media":0,"parent":0,"menu_order":0,"comment_status":"closed","ping_status":"closed","template":"","meta":{"_lmt_disableupdate":"","_lmt_disable":"","footnotes":""},"class_list":["post-15011","page","type-page","status-publish","hentry"],"_links":{"self":[{"href":"https:\/\/medifactia.com\/sk\/wp-json\/wp\/v2\/pages\/15011","targetHints":{"allow":["GET"]}}],"collection":[{"href":"https:\/\/medifactia.com\/sk\/wp-json\/wp\/v2\/pages"}],"about":[{"href":"https:\/\/medifactia.com\/sk\/wp-json\/wp\/v2\/types\/page"}],"author":[{"embeddable":true,"href":"https:\/\/medifactia.com\/sk\/wp-json\/wp\/v2\/users\/1"}],"replies":[{"embeddable":true,"href":"https:\/\/medifactia.com\/sk\/wp-json\/wp\/v2\/comments?post=15011"}],"version-history":[{"count":3,"href":"https:\/\/medifactia.com\/sk\/wp-json\/wp\/v2\/pages\/15011\/revisions"}],"predecessor-version":[{"id":15186,"href":"https:\/\/medifactia.com\/sk\/wp-json\/wp\/v2\/pages\/15011\/revisions\/15186"}],"wp:attachment":[{"href":"https:\/\/medifactia.com\/sk\/wp-json\/wp\/v2\/media?parent=15011"}],"curies":[{"name":"wp","href":"https:\/\/api.w.org\/{rel}","templated":true}]}}