{"id":15008,"date":"2023-04-20T07:18:16","date_gmt":"2023-04-20T05:18:16","guid":{"rendered":"https:\/\/medifactia.com\/sk\/?page_id=15008"},"modified":"2026-02-11T08:44:00","modified_gmt":"2026-02-11T07:44:00","slug":"colon-transit-markers","status":"publish","type":"page","link":"https:\/\/medifactia.com\/sk\/colon-transit-markers\/","title":{"rendered":"Colon Transit Markers"},"content":{"rendered":"<div  class='flex_column av-4ogsda8-cf2acf166e1c238edfec214d43233879 av_one_full  avia-builder-el-0  el_before_av_one_full  avia-builder-el-first  first flex_column_div  '     ><style type=\"text\/css\" data-created_by=\"avia_inline_auto\" id=\"style-css-av-lgoo6v2u-583c27e466a33a9be4c50c784f28b8ad\">\n.avia-image-container.av-lgoo6v2u-583c27e466a33a9be4c50c784f28b8ad img.avia_image{\nbox-shadow:none;\n}\n.avia-image-container.av-lgoo6v2u-583c27e466a33a9be4c50c784f28b8ad .av-image-caption-overlay-center{\ncolor:#ffffff;\n}\n<\/style>\n<div  class='avia-image-container av-lgoo6v2u-583c27e466a33a9be4c50c784f28b8ad av-styling- avia-align-center  avia-builder-el-1  avia-builder-el-no-sibling '   itemprop=\"image\" itemscope=\"itemscope\" itemtype=\"https:\/\/schema.org\/ImageObject\" ><div class=\"avia-image-container-inner\"><div class=\"avia-image-overlay-wrap\"><img decoding=\"async\" fetchpriority=\"high\" class='wp-image-15169 avia-img-lazy-loading-not-15169 avia_image ' src=\"https:\/\/medifactia.com\/sk\/wp-content\/uploads\/sites\/13\/2024\/10\/MM-23-005-Clinical-Decision-Support-Tool-CIC_without-references-ver02.png\" alt='' title='MM 23-005 Clinical Decision Support Tool - CIC_without references ver02'  height=\"1809\" width=\"2560\"  itemprop=\"thumbnailUrl\" srcset=\"https:\/\/medifactia.com\/sk\/wp-content\/uploads\/sites\/13\/2024\/10\/MM-23-005-Clinical-Decision-Support-Tool-CIC_without-references-ver02.png 2560w, https:\/\/medifactia.com\/sk\/wp-content\/uploads\/sites\/13\/2024\/10\/MM-23-005-Clinical-Decision-Support-Tool-CIC_without-references-ver02-300x212.png 300w, https:\/\/medifactia.com\/sk\/wp-content\/uploads\/sites\/13\/2024\/10\/MM-23-005-Clinical-Decision-Support-Tool-CIC_without-references-ver02-1030x728.png 1030w, https:\/\/medifactia.com\/sk\/wp-content\/uploads\/sites\/13\/2024\/10\/MM-23-005-Clinical-Decision-Support-Tool-CIC_without-references-ver02-768x543.png 768w, https:\/\/medifactia.com\/sk\/wp-content\/uploads\/sites\/13\/2024\/10\/MM-23-005-Clinical-Decision-Support-Tool-CIC_without-references-ver02-1536x1086.png 1536w, https:\/\/medifactia.com\/sk\/wp-content\/uploads\/sites\/13\/2024\/10\/MM-23-005-Clinical-Decision-Support-Tool-CIC_without-references-ver02-2048x1447.png 2048w, https:\/\/medifactia.com\/sk\/wp-content\/uploads\/sites\/13\/2024\/10\/MM-23-005-Clinical-Decision-Support-Tool-CIC_without-references-ver02-1500x1060.png 1500w, https:\/\/medifactia.com\/sk\/wp-content\/uploads\/sites\/13\/2024\/10\/MM-23-005-Clinical-Decision-Support-Tool-CIC_without-references-ver02-260x185.png 260w, https:\/\/medifactia.com\/sk\/wp-content\/uploads\/sites\/13\/2024\/10\/MM-23-005-Clinical-Decision-Support-Tool-CIC_without-references-ver02-705x498.png 705w\" sizes=\"(max-width: 2560px) 100vw, 2560px\" \/><\/div><\/div><\/div><\/div>\n<div  class='flex_column av-4bnukqo-7901b65c01ae37af52cdafa7407c7617 av_one_full  avia-builder-el-2  el_after_av_one_full  el_before_av_hr  first flex_column_div  column-top-margin'     ><p>\n<style type=\"text\/css\" data-created_by=\"avia_inline_auto\" id=\"style-css-av-lgoo764r-5b84c78ec1a8519ff7329cffb889055d\">\n#top .av-special-heading.av-lgoo764r-5b84c78ec1a8519ff7329cffb889055d{\npadding-bottom:10px;\n}\nbody .av-special-heading.av-lgoo764r-5b84c78ec1a8519ff7329cffb889055d .av-special-heading-tag .heading-char{\nfont-size:25px;\n}\n.av-special-heading.av-lgoo764r-5b84c78ec1a8519ff7329cffb889055d .av-subheading{\nfont-size:15px;\n}\n<\/style>\n<div  class='av-special-heading av-lgoo764r-5b84c78ec1a8519ff7329cffb889055d av-special-heading-h1 blockquote modern-quote  avia-builder-el-3  el_before_av_textblock  avia-builder-el-first '><h1 class='av-special-heading-tag '  itemprop=\"headline\"  >Transit-Pellets Description <\/h1><div class=\"special-heading-border\"><div class=\"special-heading-inner-border\"><\/div><\/div><\/div><br \/>\n<section  class='av_textblock_section av-lgoo7qjt-67aec1c5c7a2c693aa999ed11b26f3ba '   itemscope=\"itemscope\" itemtype=\"https:\/\/schema.org\/CreativeWork\" ><div class='avia_textblock'  itemprop=\"text\" ><p>Transit-Pellets pozost\u00e1vaj\u00fa z mal\u00fdch r\u00e1diopaque markerov, \u201cpellets\u201d, vyroben\u00fdch z bari\u00e9nskeho sulf\u00e1tu (BaSO<sup>4<\/sup>) naplnen\u00e9ho silik\u00f3nom vn\u00fatri tvrdej hydropropylmetylcelul\u00f3zovej (HPMC) kapsuly. Kapsuly HPMC s\u00fa bez \u017eelat\u00edny a s\u00fa be\u017en\u00fdm typom pou\u017e\u00edvan\u00fdm pre lie\u010div\u00e9 produkty. Ich funkcia je pren\u00e1\u0161a\u0165 markery do \u017eal\u00fadka, kde sa rozp\u00fa\u0161\u0165aj\u00fa. Markery prech\u00e1dzaj\u00fa gastrointestin\u00e1lnym traktom a s\u00fa vylu\u010dovan\u00e9 v stolici.<\/p>\n<p>Bari\u00e9nov\u00fd sulf\u00e1t je r\u00e1diopaque materi\u00e1l, ktor\u00fd sa pou\u017e\u00edva na r\u00e1diografick\u00e9 zobrazovanie gastrointestin\u00e1lneho traktu od pionierskych \u0161t\u00fadi\u00ed WB Cannona v 90. rokoch 19. storo\u010dia. Term\u00edn \u201cradiopaque\u201d sa vz\u0165ahuje na materi\u00e1ly, ako je bari\u00e9nov\u00fd sulf\u00e1t, ktor\u00e9 s\u00fa dostato\u010dne hust\u00e9 na to, aby odolali rentgenov\u00fdm l\u00fa\u010dom a tak ich je mo\u017en\u00e9 vidie\u0165 na rentgenovom sn\u00edmku. Pou\u017eitie r\u00e1diopaque markerov impregnovan\u00fdch bari\u00e9nov\u00fdm sulf\u00e1tom na meranie prechodov\u00e9ho \u010dasu hrub\u00e9ho \u010dreva je v praxi viac ako 45 rokov. Silik\u00f3n je tie\u017e \u0161iroko pou\u017e\u00edvan\u00fd materi\u00e1l v mnoh\u00fdch aplik\u00e1ci\u00e1ch v oblasti medic\u00ednskej technol\u00f3gie.<\/p>\n<\/div><\/section><\/p><\/div>\n\n<style type=\"text\/css\" data-created_by=\"avia_inline_auto\" id=\"style-css-av-3qi4lds-49a8116744cc467122a9e44ef1e63294\">\n#top .hr.hr-invisible.av-3qi4lds-49a8116744cc467122a9e44ef1e63294{\nheight:10px;\n}\n<\/style>\n<div  class='hr av-3qi4lds-49a8116744cc467122a9e44ef1e63294 hr-invisible  avia-builder-el-5  el_after_av_one_full  el_before_av_three_fifth '><span class='hr-inner '><span class=\"hr-inner-style\"><\/span><\/span><\/div>\n<div  class='flex_column av-3cifvls-8db6fdf4bc7ddff85e6c507588ebbdb4 av_three_fifth  avia-builder-el-6  el_after_av_hr  el_before_av_two_fifth  first flex_column_div  '     ><section  class='av_textblock_section av-lgoo808g-aaf99b3d2b683d94aff46ef877a91219 '   itemscope=\"itemscope\" itemtype=\"https:\/\/schema.org\/CreativeWork\" ><div class='avia_textblock'  itemprop=\"text\" ><p>Kapsula HPMC (ve\u013ekos\u0165 -00-) sa sklad\u00e1 z dvoch otvoren\u00fdch valcov, krytu a tela, ktor\u00e9 sa navz\u00e1jom vkladaj\u00fa. P\u00e4\u0165 z kaps\u00fal obsahuje desa\u0165 kruhov\u00fdch markerov, zatia\u013e \u010do dve kapsuly obsahuj\u00fa p\u00e4\u0165 trubkovit\u00fdch markerov. Kapsuly Transit-Pellets sa dod\u00e1vaj\u00fa v blisterovom balen\u00ed, ktor\u00e9 sa nach\u00e1dza v krabici.<\/p>\n<p>Transit-Pellets maj\u00fa v de\u0148 \u0161es\u0165 in\u00fd tvar, aby lek\u00e1r lep\u0161ie videl ur\u010dit\u00e9 \u010dasti hrub\u00e9ho \u010dreva. V de\u0148 \u0161es\u0165 je d\u00e1vka tie\u017e rozdelen\u00e1 na rann\u00fa a ve\u010dern\u00fa d\u00e1vku a d\u00f4vodom je pos\u00fadenie, \u010di sa vyskytuje r\u00fdchla kol\u00f3nov\u00e1 tranzitnos\u0165.<\/p>\n<\/div><\/section><\/div>\n\n<style type=\"text\/css\" data-created_by=\"avia_inline_auto\" id=\"style-css-av-300xlvk-2f139a8a9eeb05253b6d3d3a15358e8f\">\n.flex_column.av-300xlvk-2f139a8a9eeb05253b6d3d3a15358e8f{\npadding:10px 0 0 0;\n}\n<\/style>\n<div  class='flex_column av-300xlvk-2f139a8a9eeb05253b6d3d3a15358e8f av_two_fifth  avia-builder-el-8  el_after_av_three_fifth  el_before_av_hr  flex_column_div  '     ><style type=\"text\/css\" data-created_by=\"avia_inline_auto\" id=\"style-css-av-lgoo84bd-633a4528a0bd1a355af40b0cf6687fbc\">\n.avia-image-container.av-lgoo84bd-633a4528a0bd1a355af40b0cf6687fbc img.avia_image{\nbox-shadow:none;\n}\n.avia-image-container.av-lgoo84bd-633a4528a0bd1a355af40b0cf6687fbc .av-image-caption-overlay-center{\ncolor:#ffffff;\n}\n<\/style>\n<div  class='avia-image-container av-lgoo84bd-633a4528a0bd1a355af40b0cf6687fbc av-styling- avia-align-center  avia-builder-el-9  avia-builder-el-no-sibling '   itemprop=\"image\" itemscope=\"itemscope\" itemtype=\"https:\/\/schema.org\/ImageObject\" ><div class=\"avia-image-container-inner\"><div class=\"avia-image-overlay-wrap\"><img decoding=\"async\" fetchpriority=\"high\" class='wp-image- avia-img-lazy-loading-not- avia_image ' src=\"https:\/\/medifactia.com\/us\/wp-content\/uploads\/sites\/2\/2023\/02\/kapslar-1.jpg\" alt='' title=''   itemprop=\"thumbnailUrl\"  \/><\/div><\/div><\/div><\/div>\n\n<style type=\"text\/css\" data-created_by=\"avia_inline_auto\" id=\"style-css-av-2fughj4-9e67597039b2738f1f8a3c38d42a687b\">\n#top .hr.hr-invisible.av-2fughj4-9e67597039b2738f1f8a3c38d42a687b{\nheight:50px;\n}\n<\/style>\n<div  class='hr av-2fughj4-9e67597039b2738f1f8a3c38d42a687b hr-invisible  avia-builder-el-10  el_after_av_two_fifth  el_before_av_one_full '><span class='hr-inner '><span class=\"hr-inner-style\"><\/span><\/span><\/div>\n<div  class='flex_column av-21uy78g-4b30cfd711ca65410827aa1edcfe01c9 av_one_full  avia-builder-el-11  el_after_av_hr  el_before_av_hr  first flex_column_div  '     ><p>\n<style type=\"text\/css\" data-created_by=\"avia_inline_auto\" id=\"style-css-av-lgoo8c7h-4a2bec32f60cbb82700bdf02e932e08f\">\n#top .av-special-heading.av-lgoo8c7h-4a2bec32f60cbb82700bdf02e932e08f{\npadding-bottom:10px;\n}\nbody .av-special-heading.av-lgoo8c7h-4a2bec32f60cbb82700bdf02e932e08f .av-special-heading-tag .heading-char{\nfont-size:25px;\n}\n.av-special-heading.av-lgoo8c7h-4a2bec32f60cbb82700bdf02e932e08f .av-subheading{\nfont-size:15px;\n}\n<\/style>\n<div  class='av-special-heading av-lgoo8c7h-4a2bec32f60cbb82700bdf02e932e08f av-special-heading-h2 blockquote modern-quote  avia-builder-el-12  el_before_av_textblock  avia-builder-el-first '><h2 class='av-special-heading-tag '  itemprop=\"headline\"  >N\u00e1vod na pou\u017eitie Transit-Pellets<\/h2><div class=\"special-heading-border\"><div class=\"special-heading-inner-border\"><\/div><\/div><\/div><br \/>\n<section  class='av_textblock_section av-lgoo8y84-68c5685b3d68454e8309f6faf706fd7c '   itemscope=\"itemscope\" itemtype=\"https:\/\/schema.org\/CreativeWork\" ><div class='avia_textblock'  itemprop=\"text\" ><p>Ka\u017ed\u00e9 balenie Transit-Pellets obsahuje n\u00e1vod na pou\u017eitie, ktor\u00fd je k dispoz\u00edcii v a\u017e 20 r\u00f4znych jazykoch. Je d\u00f4le\u017eit\u00e9, aby pou\u017e\u00edvate\u013e Transit-Pellets pre\u010d\u00edtal tieto inform\u00e1cie pred za\u010dat\u00edm pou\u017e\u00edvania v\u00fdrobku. N\u00e1vod na pou\u017eitie obsahuje d\u00f4le\u017eit\u00e9 pokyny, ako spr\u00e1vne pou\u017e\u00edva\u0165 Transit-Pellets. Stiahnite si n\u00e1vod na pou\u017eitie Transit-Pellets cez <a href=\"https:\/\/medifactia.com\/wp-content\/uploads\/2026\/02\/0074-IFU-International-ver05.pdf\" target=\"_blank\" rel=\"noopener\">TENTO ODKAZ<\/a>.<\/p>\n<\/div><\/section><\/p><\/div><div  class='hr av-1inhd9c-ac896b81a7e57000a7054a67a05efb05 hr-default  avia-builder-el-14  el_after_av_one_full  el_before_av_one_full '><span class='hr-inner '><span class=\"hr-inner-style\"><\/span><\/span><\/div><\/p>\n<div  class='flex_column av-16z11uo-4e55258c0e9b4c1c54de49178c6eed00 av_one_full  avia-builder-el-15  el_after_av_hr  el_before_av_hr  first flex_column_div  '     ><style type=\"text\/css\" data-created_by=\"avia_inline_auto\" id=\"style-css-av-lgoo96rt-b6e3990b88137bed72de1bc4f4177988\">\n#top .av_textblock_section.av-lgoo96rt-b6e3990b88137bed72de1bc4f4177988 .avia_textblock{\nfont-size:13px;\n}\n<\/style>\n<section  class='av_textblock_section av-lgoo96rt-b6e3990b88137bed72de1bc4f4177988 '   itemscope=\"itemscope\" itemtype=\"https:\/\/schema.org\/CreativeWork\" ><div class='avia_textblock'  itemprop=\"text\" ><p>Inform\u00e1cie na tejto str\u00e1nke by nemali by\u0165 pou\u017eit\u00e9 ako n\u00e1hrada za lek\u00e1rsku radu od v\u00e1\u0161ho lek\u00e1ra. V\u017edy diskutujte s va\u0161\u00edm lek\u00e1rom o diagn\u00f3ze, lie\u010dbe a rizik\u00e1ch. Majte na pam\u00e4ti, \u017ee v\u00fdsledky lie\u010dby a v\u00fdsledky m\u00f4\u017eu by\u0165 \u0161pecifick\u00e9 pre jednotliv\u00fdch pacientov a m\u00f4\u017eu sa l\u00ed\u0161i\u0165.<\/p>\n<\/div><\/section><\/div>\n<div  class='hr av-tn3j40-30ba97aaed7989e26a79b85d23d2147c hr-default  avia-builder-el-17  el_after_av_one_full  avia-builder-el-last '><span class='hr-inner '><span class=\"hr-inner-style\"><\/span><\/span><\/div>\n","protected":false},"excerpt":{"rendered":"","protected":false},"author":1,"featured_media":0,"parent":0,"menu_order":0,"comment_status":"closed","ping_status":"closed","template":"","meta":{"_lmt_disableupdate":"","_lmt_disable":"","footnotes":""},"class_list":["post-15008","page","type-page","status-publish","hentry"],"_links":{"self":[{"href":"https:\/\/medifactia.com\/sk\/wp-json\/wp\/v2\/pages\/15008","targetHints":{"allow":["GET"]}}],"collection":[{"href":"https:\/\/medifactia.com\/sk\/wp-json\/wp\/v2\/pages"}],"about":[{"href":"https:\/\/medifactia.com\/sk\/wp-json\/wp\/v2\/types\/page"}],"author":[{"embeddable":true,"href":"https:\/\/medifactia.com\/sk\/wp-json\/wp\/v2\/users\/1"}],"replies":[{"embeddable":true,"href":"https:\/\/medifactia.com\/sk\/wp-json\/wp\/v2\/comments?post=15008"}],"version-history":[{"count":3,"href":"https:\/\/medifactia.com\/sk\/wp-json\/wp\/v2\/pages\/15008\/revisions"}],"predecessor-version":[{"id":15182,"href":"https:\/\/medifactia.com\/sk\/wp-json\/wp\/v2\/pages\/15008\/revisions\/15182"}],"wp:attachment":[{"href":"https:\/\/medifactia.com\/sk\/wp-json\/wp\/v2\/media?parent=15008"}],"curies":[{"name":"wp","href":"https:\/\/api.w.org\/{rel}","templated":true}]}}