{"id":15005,"date":"2023-04-20T07:15:29","date_gmt":"2023-04-20T05:15:29","guid":{"rendered":"https:\/\/medifactia.com\/sk\/?page_id=15005"},"modified":"2024-04-25T09:41:59","modified_gmt":"2024-04-25T07:41:59","slug":"colon-transit-study","status":"publish","type":"page","link":"https:\/\/medifactia.com\/sk\/colon-transit-study\/","title":{"rendered":"Colon Transit Study"},"content":{"rendered":"<div  class='flex_column av-40rbhlp-61ddec1aced1cde9e0b124ec54d6efc2 av_one_full  avia-builder-el-0  el_before_av_one_full  avia-builder-el-first  first flex_column_div  '     ><style type=\"text\/css\" data-created_by=\"avia_inline_auto\" id=\"style-css-av-lgoo3rq4-240ed4af5d6d2f35af2d917815ec43fa\">\n.avia-image-container.av-lgoo3rq4-240ed4af5d6d2f35af2d917815ec43fa img.avia_image{\nbox-shadow:none;\n}\n.avia-image-container.av-lgoo3rq4-240ed4af5d6d2f35af2d917815ec43fa .av-image-caption-overlay-center{\ncolor:#ffffff;\n}\n<\/style>\n<div  class='avia-image-container av-lgoo3rq4-240ed4af5d6d2f35af2d917815ec43fa av-styling- avia-align-center  avia-builder-el-1  avia-builder-el-no-sibling '   itemprop=\"image\" itemscope=\"itemscope\" itemtype=\"https:\/\/schema.org\/ImageObject\" ><div class=\"avia-image-container-inner\"><div class=\"avia-image-overlay-wrap\"><img decoding=\"async\" fetchpriority=\"high\" class='wp-image-15050 avia-img-lazy-loading-not-15050 avia_image ' src=\"https:\/\/medifactia.com\/sk\/wp-content\/uploads\/sites\/13\/2023\/06\/patient-doctor-2.jpg\" alt='' title='patient-doctor-2'  height=\"1282\" width=\"1920\"  itemprop=\"thumbnailUrl\" srcset=\"https:\/\/medifactia.com\/sk\/wp-content\/uploads\/sites\/13\/2023\/06\/patient-doctor-2.jpg 1920w, https:\/\/medifactia.com\/sk\/wp-content\/uploads\/sites\/13\/2023\/06\/patient-doctor-2-300x200.jpg 300w, https:\/\/medifactia.com\/sk\/wp-content\/uploads\/sites\/13\/2023\/06\/patient-doctor-2-1030x688.jpg 1030w, https:\/\/medifactia.com\/sk\/wp-content\/uploads\/sites\/13\/2023\/06\/patient-doctor-2-768x513.jpg 768w, https:\/\/medifactia.com\/sk\/wp-content\/uploads\/sites\/13\/2023\/06\/patient-doctor-2-1536x1026.jpg 1536w, https:\/\/medifactia.com\/sk\/wp-content\/uploads\/sites\/13\/2023\/06\/patient-doctor-2-1500x1002.jpg 1500w, https:\/\/medifactia.com\/sk\/wp-content\/uploads\/sites\/13\/2023\/06\/patient-doctor-2-705x471.jpg 705w\" sizes=\"(max-width: 1920px) 100vw, 1920px\" \/><\/div><\/div><\/div><\/div>\n<div  class='flex_column av-3djpm2l-942898c83dc2ad5400ecc62eea2e861b av_one_full  avia-builder-el-2  el_after_av_one_full  el_before_av_one_full  first flex_column_div  column-top-margin'     ><p>\n<style type=\"text\/css\" data-created_by=\"avia_inline_auto\" id=\"style-css-av-lgoo3zkm-84de253c94e20a88ec97909830fd7651\">\n#top .av-special-heading.av-lgoo3zkm-84de253c94e20a88ec97909830fd7651{\npadding-bottom:10px;\n}\nbody .av-special-heading.av-lgoo3zkm-84de253c94e20a88ec97909830fd7651 .av-special-heading-tag .heading-char{\nfont-size:25px;\n}\n.av-special-heading.av-lgoo3zkm-84de253c94e20a88ec97909830fd7651 .av-subheading{\nfont-size:15px;\n}\n<\/style>\n<div  class='av-special-heading av-lgoo3zkm-84de253c94e20a88ec97909830fd7651 av-special-heading-h1 blockquote modern-quote  avia-builder-el-3  el_before_av_textblock  avia-builder-el-first '><h1 class='av-special-heading-tag '  itemprop=\"headline\"  >\u010co je \u0161t\u00fadia tranzitu hrub\u00e9ho \u010dreva s kapsulami Transit-Pellets?<\/h1><div class=\"special-heading-border\"><div class=\"special-heading-inner-border\"><\/div><\/div><\/div><br \/>\n<section  class='av_textblock_section av-lgoo4e48-9962df0c150cb8984afe9f99e9ce2431 '   itemscope=\"itemscope\" itemtype=\"https:\/\/schema.org\/CreativeWork\" ><div class='avia_textblock'  itemprop=\"text\" ><p>\u0160t\u00fadia tranzitu hrub\u00e9ho \u010dreva s kapsulami Transit-Pellets sa \u010dasto pou\u017e\u00edva u pacientov trpiacich chronickou z\u00e1pchou, chronickou hna\u010dkou a \/ alebo syndr\u00f3mom dr\u00e1\u017ediv\u00e9ho \u010dreva (IBS). Cie\u013eom tejto testu je pos\u00fadi\u0165 tranzitn\u00fd \u010das a ako r\u00fdchlo alebo pomaly sa jedlo\/stolica pohybuje cez \u010drev\u00e1.<\/p>\n<p>Test zah\u0155\u0148a peror\u00e1lny pr\u00edjem sedem kaps\u00fal po\u010das \u0161es\u0165d\u0148ov\u00e9ho obdobia, pri\u010dom ka\u017ed\u00e1 obsahuje mal\u00e9 zna\u010dky, ktor\u00e9 mo\u017eno vizualizova\u0165 pomocou r\u00f6ntgenov\u00e9ho zobrazovania. Sledovan\u00edm pokroku zna\u010diek cez \u010drev\u00e1 m\u00f4\u017ee lek\u00e1r kvantifikova\u0165 z\u00e1va\u017enos\u0165 probl\u00e9mov s tranzitom. V\u00fdsledky m\u00f4\u017eu by\u0165 d\u00f4le\u017eit\u00e9 pri ur\u010dovan\u00ed potreby \u010fal\u0161\u00edch vy\u0161etrovac\u00edch postupov a v\u00fdbere vhodn\u00fdch mo\u017enost\u00ed lie\u010dby.<\/p>\n<p>Transit-Pellets s\u00fa ve\u013emi \u00fa\u010dinn\u00e9 pri presnej evalu\u00e1cii gastrointestin\u00e1lnej funkcie. Kapsuly a markerov s\u00fa jedine\u010dne zabalen\u00e9 pod\u013ea Transit-Pellets method, overenej jedinej r\u00f6ntgenovej techniky na meranie cel\u00e9ho rozsahu tranzitu hrub\u00e9ho \u010dreva, od r\u00fdchleho po pomal\u00fd tranzit.<\/p>\n<p>Konsum\u00e1cia zna\u010diek je bezpe\u010dn\u00e1 a markerov bud\u00fa vyl\u00fa\u010den\u00e9 v stolici a m\u00f4\u017eu by\u0165 bezpe\u010dne odstr\u00e1nen\u00e9 spl\u00e1chnut\u00edm do toalety.<\/p>\n<\/div><\/section><\/p><\/div><div  class='flex_column av-2uj5epp-8f8e35d75e80aa4b0daf7d65f6d2ffdb av_one_full  avia-builder-el-5  el_after_av_one_full  el_before_av_one_full  first flex_column_div  column-top-margin'     ><p>\n<style type=\"text\/css\" data-created_by=\"avia_inline_auto\" id=\"style-css-av-lgoo4ksd-c964e015c364b4ac462a966ab070a2c7\">\n#top .av-special-heading.av-lgoo4ksd-c964e015c364b4ac462a966ab070a2c7{\npadding-bottom:10px;\n}\nbody .av-special-heading.av-lgoo4ksd-c964e015c364b4ac462a966ab070a2c7 .av-special-heading-tag .heading-char{\nfont-size:25px;\n}\n.av-special-heading.av-lgoo4ksd-c964e015c364b4ac462a966ab070a2c7 .av-subheading{\nfont-size:15px;\n}\n<\/style>\n<div  class='av-special-heading av-lgoo4ksd-c964e015c364b4ac462a966ab070a2c7 av-special-heading-h2 blockquote modern-quote  avia-builder-el-6  el_before_av_textblock  avia-builder-el-first '><h2 class='av-special-heading-tag '  itemprop=\"headline\"  >Kedy m\u00f4\u017ee v\u00e1\u0161 lek\u00e1r predp\u00edsa\u0165 \u0161t\u00fadiu tranzitu hrub\u00e9ho \u010dreva s kapsulami Transit-Pellets<\/h2><div class=\"special-heading-border\"><div class=\"special-heading-inner-border\"><\/div><\/div><\/div><br \/>\n<section  class='av_textblock_section av-lgoo4xgj-877646717683e2d2d3fbf45d74926e2b '   itemscope=\"itemscope\" itemtype=\"https:\/\/schema.org\/CreativeWork\" ><div class='avia_textblock'  itemprop=\"text\" ><p>V\u0161eobecne sa prvotn\u00fdm pr\u00edstupom k z\u00e1pche zvy\u010dajne zah\u0155\u0148aj\u00fa \u00fapravy stravy a \u017eivotn\u00e9ho \u0161t\u00fdlu, ako aj vysk\u00fa\u0161anie vo\u013ene dostupn\u00fdch liekov proti z\u00e1pche, ako s\u00fa l\u00e1tky tvoriace objem a nesacharidov\u00e9 l\u00e1tky, ktor\u00e9 sa nevstreb\u00e1vaj\u00fa. Ak sa tieto met\u00f3dy uk\u00e1\u017eu ako ne\u00fa\u010dinn\u00e9, m\u00f4\u017ee sa uskuto\u010dni\u0165 \u0161t\u00fadia tranzitu hrub\u00e9ho \u010dreva pomocou kaps\u00fal Transit-Pellets. Niektor\u00ed poskytovatelia zdravotnej starostlivosti m\u00f4\u017eu sk\u00fasi\u0165 aj in\u00e9 lie\u010debn\u00e9 mo\u017enosti, ako s\u00fa so\u013en\u00e9 laxat\u00edva alebo lieky na stimul\u00e1ciu motility, predt\u00fdm ne\u017e odporu\u010dia test tranzitu hrub\u00e9ho \u010dreva.<\/p>\n<\/div><\/section><\/p><\/div><\/p>\n<div  class='flex_column av-2jd7o7x-d8503587c02f7def7aa799ef022310d9 av_one_full  avia-builder-el-8  el_after_av_one_full  el_before_av_hr  first flex_column_div  column-top-margin'     ><p>\n<style type=\"text\/css\" data-created_by=\"avia_inline_auto\" id=\"style-css-av-lgoo5658-0ad2b09cfc1de0b4e57ca956d4393887\">\n#top .av-special-heading.av-lgoo5658-0ad2b09cfc1de0b4e57ca956d4393887{\npadding-bottom:10px;\n}\nbody .av-special-heading.av-lgoo5658-0ad2b09cfc1de0b4e57ca956d4393887 .av-special-heading-tag .heading-char{\nfont-size:25px;\n}\n.av-special-heading.av-lgoo5658-0ad2b09cfc1de0b4e57ca956d4393887 .av-subheading{\nfont-size:15px;\n}\n<\/style>\n<div  class='av-special-heading av-lgoo5658-0ad2b09cfc1de0b4e57ca956d4393887 av-special-heading-h2 blockquote modern-quote  avia-builder-el-9  el_before_av_textblock  avia-builder-el-first '><h2 class='av-special-heading-tag '  itemprop=\"headline\"  >Stru\u010dn\u00e1 hist\u00f3ria<\/h2><div class=\"special-heading-border\"><div class=\"special-heading-inner-border\"><\/div><\/div><\/div><br \/>\n<section  class='av_textblock_section av-1w447od-e043c29bf34ccdf698e31b65007bad63 '   itemscope=\"itemscope\" itemtype=\"https:\/\/schema.org\/CreativeWork\" ><div class='avia_textblock'  itemprop=\"text\" ><p>Pou\u017e\u00edvanie r\u00e1diopaque markerov pre pos\u00fadenie prechodu hrub\u00e9ho \u010dreva sa \u0161iroko prij\u00edma od doby, ke\u010f ich prv\u00fdkr\u00e1t pop\u00edsal Hinton v roku 1969. Tento test sa niekedy naz\u00fdva \u201cHintons Method\u201d, ale je zn\u00e1my aj ako Colon Transit-Pellets test, Colonic Transit Markers Study, Radiopaque Markers Test, Radio-Opaque Markers Test, ROM Test alebo Bowel Motility Test. Meranie prechodov\u00e9ho \u010dasu hrub\u00e9ho \u010dreva s pou\u017eit\u00edm r\u00e1diopaque markerov sa v s\u00fa\u010dasnosti pova\u017euje za najspo\u013eahlivej\u0161iu a najbezpe\u010dnej\u0161iu met\u00f3du pre hodnotenie gastrointestin\u00e1lnych por\u00fach u dospel\u00fdch aj det\u00ed.<\/p>\n<\/div><\/section><\/p><\/div><div  class='hr av-1lbtaxp-c8dae2f307858eed3b847f425bff866e hr-default  avia-builder-el-11  el_after_av_one_full  el_before_av_one_full '><span class='hr-inner '><span class=\"hr-inner-style\"><\/span><\/span><\/div><\/p>\n<div  class='flex_column av-1d3m5h9-2caad78ade4f534d85c88aad5747392b av_one_full  avia-builder-el-12  el_after_av_hr  el_before_av_hr  first flex_column_div  '     ><style type=\"text\/css\" data-created_by=\"avia_inline_auto\" id=\"style-css-av-lgoo5m1b-83fadb34b485074678249f4d2408ef5d\">\n#top .av_textblock_section.av-lgoo5m1b-83fadb34b485074678249f4d2408ef5d .avia_textblock{\nfont-size:13px;\n}\n<\/style>\n<section  class='av_textblock_section av-lgoo5m1b-83fadb34b485074678249f4d2408ef5d '   itemscope=\"itemscope\" itemtype=\"https:\/\/schema.org\/CreativeWork\" ><div class='avia_textblock'  itemprop=\"text\" ><p>Inform\u00e1cie na tejto str\u00e1nke by nemali by\u0165 pou\u017eit\u00e9 ako n\u00e1hrada za lek\u00e1rsku radu od v\u00e1\u0161ho lek\u00e1ra. V\u017edy diskutujte s va\u0161\u00edm lek\u00e1rom o diagn\u00f3ze, lie\u010dbe a rizik\u00e1ch. Majte na pam\u00e4ti, \u017ee v\u00fdsledky lie\u010dby a v\u00fdsledky m\u00f4\u017eu by\u0165 \u0161pecifick\u00e9 pre jednotliv\u00fdch pacientov a m\u00f4\u017eu sa l\u00ed\u0161i\u0165.<\/p>\n<\/div><\/section><\/div>\n<div  class='hr av-jbn6sd-8eac18019042e02858d1c49bc52c5888 hr-default  avia-builder-el-14  el_after_av_one_full  avia-builder-el-last '><span class='hr-inner '><span class=\"hr-inner-style\"><\/span><\/span><\/div>\n","protected":false},"excerpt":{"rendered":"","protected":false},"author":1,"featured_media":0,"parent":0,"menu_order":0,"comment_status":"closed","ping_status":"closed","template":"","meta":{"_lmt_disableupdate":"","_lmt_disable":"","footnotes":""},"class_list":["post-15005","page","type-page","status-publish","hentry"],"_links":{"self":[{"href":"https:\/\/medifactia.com\/sk\/wp-json\/wp\/v2\/pages\/15005","targetHints":{"allow":["GET"]}}],"collection":[{"href":"https:\/\/medifactia.com\/sk\/wp-json\/wp\/v2\/pages"}],"about":[{"href":"https:\/\/medifactia.com\/sk\/wp-json\/wp\/v2\/types\/page"}],"author":[{"embeddable":true,"href":"https:\/\/medifactia.com\/sk\/wp-json\/wp\/v2\/users\/1"}],"replies":[{"embeddable":true,"href":"https:\/\/medifactia.com\/sk\/wp-json\/wp\/v2\/comments?post=15005"}],"version-history":[{"count":5,"href":"https:\/\/medifactia.com\/sk\/wp-json\/wp\/v2\/pages\/15005\/revisions"}],"predecessor-version":[{"id":15164,"href":"https:\/\/medifactia.com\/sk\/wp-json\/wp\/v2\/pages\/15005\/revisions\/15164"}],"wp:attachment":[{"href":"https:\/\/medifactia.com\/sk\/wp-json\/wp\/v2\/media?parent=15005"}],"curies":[{"name":"wp","href":"https:\/\/api.w.org\/{rel}","templated":true}]}}