{"id":15113,"date":"2023-08-09T12:06:20","date_gmt":"2023-08-09T11:06:20","guid":{"rendered":"https:\/\/medifactia.com\/pt\/gastrointestinal-disorders\/"},"modified":"2023-08-25T13:07:20","modified_gmt":"2023-08-25T12:07:20","slug":"gastrointestinal-disorders","status":"publish","type":"page","link":"https:\/\/medifactia.com\/pt\/gastrointestinal-disorders\/","title":{"rendered":"Gastrointestinal Disorders"},"content":{"rendered":"<div  class='flex_column av-vcawky-18c8b3091d7005a1ca2a1950ce3b99ce av_one_full  avia-builder-el-0  el_before_av_one_full  avia-builder-el-first  first flex_column_div  '     ><style type=\"text\/css\" data-created_by=\"avia_inline_auto\" id=\"style-css-av-ll3mun2f-1ad3307a97f9fed1709524694a3a4431\">\n.avia-image-container.av-ll3mun2f-1ad3307a97f9fed1709524694a3a4431 img.avia_image{\nbox-shadow:none;\n}\n.avia-image-container.av-ll3mun2f-1ad3307a97f9fed1709524694a3a4431 .av-image-caption-overlay-center{\ncolor:#ffffff;\n}\n<\/style>\n<div  class='avia-image-container av-ll3mun2f-1ad3307a97f9fed1709524694a3a4431 av-styling- avia-align-center  avia-builder-el-1  avia-builder-el-no-sibling '   itemprop=\"image\" itemscope=\"itemscope\" itemtype=\"https:\/\/schema.org\/ImageObject\" ><div class=\"avia-image-container-inner\"><div class=\"avia-image-overlay-wrap\"><img decoding=\"async\" fetchpriority=\"high\" class='wp-image- avia-img-lazy-loading-not- avia_image ' src=\"https:\/\/medifactia.com\/wp-content\/uploads\/2023\/08\/Man_Toilet-scaled.jpg\" alt='' title=''   itemprop=\"thumbnailUrl\"  \/><\/div><\/div><\/div><\/div>\n<div  class='flex_column av-w7sqhe-d5fa4e22da3a538d13f5d1a26f7242b8 av_one_full  avia-builder-el-2  el_after_av_one_full  el_before_av_one_full  first flex_column_div  column-top-margin'     ><p>\n<style type=\"text\/css\" data-created_by=\"avia_inline_auto\" id=\"style-css-av-ll3mj5e5-0228a2648a3370149923d285fb4448a5\">\n#top .av-special-heading.av-ll3mj5e5-0228a2648a3370149923d285fb4448a5{\npadding-bottom:10px;\n}\nbody .av-special-heading.av-ll3mj5e5-0228a2648a3370149923d285fb4448a5 .av-special-heading-tag .heading-char{\nfont-size:25px;\n}\n.av-special-heading.av-ll3mj5e5-0228a2648a3370149923d285fb4448a5 .av-subheading{\nfont-size:15px;\n}\n<\/style>\n<div  class='av-special-heading av-ll3mj5e5-0228a2648a3370149923d285fb4448a5 av-special-heading-h1 blockquote modern-quote  avia-builder-el-3  el_before_av_textblock  avia-builder-el-first '><h1 class='av-special-heading-tag '  itemprop=\"headline\"  >Transtornos Funcionais Gastrointestinais (TFGI)<\/h1><div class=\"special-heading-border\"><div class=\"special-heading-inner-border\"><\/div><\/div><\/div><br \/>\n<section  class='av_textblock_section av-ll3mjwks-3ed552d8431f93f0aaa92fa83a1eef94 '   itemscope=\"itemscope\" itemtype=\"https:\/\/schema.org\/CreativeWork\" ><div class='avia_textblock'  itemprop=\"text\" ><p>Os transtornos gastrointestinais funcionais s\u00e3o caracterizados por sintomas cr\u00f4nicos (de longo prazo) do trato gastrointestinal que surgem devido ao funcionamento ou disfun\u00e7\u00e3o do sistema digestivo.<\/p>\n<p>Os transtornos gastrointestinais funcionais e de motilidade s\u00e3o os problemas gastrointestinais mais comuns na popula\u00e7\u00e3o em geral. Estima-se que cerca de 1 em cada 4 indiv\u00edduos, ou at\u00e9 mais, possam enfrentar essas quest\u00f5es. Essas condi\u00e7\u00f5es compreendem cerca de 40% dos problemas gastrointestinais com os quais m\u00e9dicos e terapeutas auxiliam os pacientes.<\/p>\n<p>O termo &#8220;funcional&#8221; \u00e9 geralmente utilizado para descrever transtornos nos quais as fun\u00e7\u00f5es regulares do movimento dos intestinos, a sensibilidade dos nervos intestinais ou o controle do c\u00e9rebro sobre essas atividades s\u00e3o perturbados.<\/p>\n<p>Alguns dos transtornos gastrointestinais funcionais mais comuns s\u00e3o constipa\u00e7\u00e3o funcional, diarreia funcional e S\u00edndrome do Intestino Irrit\u00e1vel (SII).<\/p>\n<\/div><\/section><\/p><\/div><div  class='flex_column av-1jtmvde-84260a62ab92da9de2ba17cb9d8eef8a av_one_full  avia-builder-el-5  el_after_av_one_full  el_before_av_one_full  first flex_column_div  column-top-margin'     ><p>\n<style type=\"text\/css\" data-created_by=\"avia_inline_auto\" id=\"style-css-av-ll3ml4jh-34da4534d6d2959fbe612233b1222b62\">\n#top .av-special-heading.av-ll3ml4jh-34da4534d6d2959fbe612233b1222b62{\npadding-bottom:10px;\n}\nbody .av-special-heading.av-ll3ml4jh-34da4534d6d2959fbe612233b1222b62 .av-special-heading-tag .heading-char{\nfont-size:25px;\n}\n.av-special-heading.av-ll3ml4jh-34da4534d6d2959fbe612233b1222b62 .av-subheading{\nfont-size:15px;\n}\n<\/style>\n<div  class='av-special-heading av-ll3ml4jh-34da4534d6d2959fbe612233b1222b62 av-special-heading-h2 blockquote modern-quote  avia-builder-el-6  el_before_av_textblock  avia-builder-el-first '><h2 class='av-special-heading-tag '  itemprop=\"headline\"  >Constipa\u00e7\u00e3o Cr\u00f4nica<\/h2><div class=\"special-heading-border\"><div class=\"special-heading-inner-border\"><\/div><\/div><\/div><br \/>\n<section  class='av_textblock_section av-ll3mm5zg-20b4496a7c9646f5e26187d06eb79991 '   itemscope=\"itemscope\" itemtype=\"https:\/\/schema.org\/CreativeWork\" ><div class='avia_textblock'  itemprop=\"text\" ><p>A constipa\u00e7\u00e3o cr\u00f4nica refere-se \u00e0 persist\u00eancia de evacua\u00e7\u00f5es intestinais pouco frequentes ou passagem dif\u00edcil das fezes por um per\u00edodo prolongado, normalmente durando v\u00e1rias semanas ou mais. Frequentemente \u00e9 caracterizada por ter menos de tr\u00eas evacua\u00e7\u00f5es intestinais por semana. Embora a constipa\u00e7\u00e3o ocasional seja um problema comum tanto em adultos quanto em crian\u00e7as, algumas pessoas podem sofrer de constipa\u00e7\u00e3o cr\u00f4nica, afetando significativamente suas rotinas di\u00e1rias.<\/p>\n<p>Os sinais e sintomas da constipa\u00e7\u00e3o cr\u00f4nica incluem:<\/p>\n<ul>\n<li>Ter menos de tr\u00eas evacua\u00e7\u00f5es intestinais por semana<\/li>\n<li>Fezes em forma de grumos ou endurecidas<\/li>\n<li>Esfor\u00e7o durante as evacua\u00e7\u00f5es intestinalis<\/li>\n<li>Sensa\u00e7\u00e3o de bloqueio no reto que dificulta as evacua\u00e7\u00f5es<\/li>\n<li>Sensa\u00e7\u00e3o de esvaziamento incompleto do reto ap\u00f3s uma evacua\u00e7\u00e3o intestinal<\/li>\n<li>Necessidade de ajuda para esvaziar o reto, o que pode envolver pressionar o abd\u00f4men ou remover manualmente as fezes com um dedo<\/li>\n<\/ul>\n<p>A constipa\u00e7\u00e3o pode ser classificada como cr\u00f4nica se voc\u00ea tiver apresentado dois ou mais destes sintomas de forma persistente nos \u00faltimos tr\u00eas meses. A constipa\u00e7\u00e3o de longa dura\u00e7\u00e3o (cr\u00f4nica) ou que continua retornando requer um esfor\u00e7o maior para diagn\u00f3stico e tratamento.<\/p>\n<\/div><\/section><\/p><\/div><div  class='flex_column av-10x8p8y-a287594219392dd62ffb17dd326eb404 av_one_full  avia-builder-el-8  el_after_av_one_full  el_before_av_one_full  first flex_column_div  column-top-margin'     ><p>\n<style type=\"text\/css\" data-created_by=\"avia_inline_auto\" id=\"style-css-av-ll3mmuxz-63dccdf41ffd195bdf3ecd8b54c8c1e3\">\n#top .av-special-heading.av-ll3mmuxz-63dccdf41ffd195bdf3ecd8b54c8c1e3{\npadding-bottom:10px;\n}\nbody .av-special-heading.av-ll3mmuxz-63dccdf41ffd195bdf3ecd8b54c8c1e3 .av-special-heading-tag .heading-char{\nfont-size:25px;\n}\n.av-special-heading.av-ll3mmuxz-63dccdf41ffd195bdf3ecd8b54c8c1e3 .av-subheading{\nfont-size:15px;\n}\n<\/style>\n<div  class='av-special-heading av-ll3mmuxz-63dccdf41ffd195bdf3ecd8b54c8c1e3 av-special-heading-h2 blockquote modern-quote  avia-builder-el-9  el_before_av_textblock  avia-builder-el-first '><h2 class='av-special-heading-tag '  itemprop=\"headline\"  >Diarreia Cr\u00f4nica<\/h2><div class=\"special-heading-border\"><div class=\"special-heading-inner-border\"><\/div><\/div><\/div><br \/>\n<section  class='av_textblock_section av-ll3mngxy-e393a0b3bce92c488ac3043db6d52eaf '   itemscope=\"itemscope\" itemtype=\"https:\/\/schema.org\/CreativeWork\" ><div class='avia_textblock'  itemprop=\"text\" ><p>A diarreia \u00e9 uma condi\u00e7\u00e3o prevalente caracterizada pela passagem frequente de fezes soltas ou aquosas. Pode ocorrer de forma independente ou juntamente com outros sintomas como n\u00e1useas, v\u00f4mitos, dor abdominal ou perda de peso. A diarreia aguda desaparece em algumas semanas e se torna cr\u00f4nica quando dura mais de 3 a 4 semanas. Se nenhuma causa espec\u00edfica for encontrada ap\u00f3s uma investiga\u00e7\u00e3o completa e determinados crit\u00e9rios forem atendidos, um diagn\u00f3stico de diarreia funcional ou cr\u00f4nica pode ser considerado.<\/p>\n<\/div><\/section><\/p><\/div><div  class='flex_column av-odeu9e-1af2c6b1ea3ecce6454987834f5d3f60 av_one_full  avia-builder-el-11  el_after_av_one_full  el_before_av_hr  first flex_column_div  column-top-margin'     ><p>\n<style type=\"text\/css\" data-created_by=\"avia_inline_auto\" id=\"style-css-av-ll3mnsx7-c574c6a3d065cf4aef74309fe04c5232\">\n#top .av-special-heading.av-ll3mnsx7-c574c6a3d065cf4aef74309fe04c5232{\npadding-bottom:10px;\n}\nbody .av-special-heading.av-ll3mnsx7-c574c6a3d065cf4aef74309fe04c5232 .av-special-heading-tag .heading-char{\nfont-size:25px;\n}\n.av-special-heading.av-ll3mnsx7-c574c6a3d065cf4aef74309fe04c5232 .av-subheading{\nfont-size:15px;\n}\n<\/style>\n<div  class='av-special-heading av-ll3mnsx7-c574c6a3d065cf4aef74309fe04c5232 av-special-heading-h2 blockquote modern-quote  avia-builder-el-12  el_before_av_textblock  avia-builder-el-first '><h2 class='av-special-heading-tag '  itemprop=\"headline\"  >S\u00edndrome do Intestino Irrit\u00e1vel (SII)<\/h2><div class=\"special-heading-border\"><div class=\"special-heading-inner-border\"><\/div><\/div><\/div><br \/>\n<section  class='av_textblock_section av-ll3moucw-012d68b4daff8778833aa2ef186ded39 '   itemscope=\"itemscope\" itemtype=\"https:\/\/schema.org\/CreativeWork\" ><div class='avia_textblock'  itemprop=\"text\" ><p>A S\u00edndrome do Intestino Irrit\u00e1vel (SII) \u00e9 um dist\u00farbio comum que afeta o est\u00f4mago e os intestinos, tamb\u00e9m conhecidos como trato gastrointestinal. Seus sintomas incluem c\u00f3licas, dor abdominal, incha\u00e7o, gases, bem como epis\u00f3dios alternados de diarreia e constipa\u00e7\u00e3o, ou \u00e0s vezes ambos. A SII \u00e9 uma condi\u00e7\u00e3o cr\u00f4nica que requer um tratamento de longo prazo para abordar eficazmente seus sintomas. Um n\u00famero significativo de pessoas que vivenciam a SII de moderada a grave relata uma baixa qualidade de vida. Os sintomas da SII podem variar e tendem a persistir por um per\u00edodo prolongado. Os sintomas mais prevalentes incluem:<\/p>\n<ul>\n<li>Dor abdominal, c\u00f3licas ou incha\u00e7o associados \u00e0s evacua\u00e7\u00f5es<\/li>\n<li>Altera\u00e7\u00f5es na apar\u00eancia das evacua\u00e7\u00f5es<\/li>\n<li>Altera\u00e7\u00f5es na frequ\u00eancia das evacua\u00e7\u00f5es<\/li>\n<\/ul>\n<p>Outros sintomas relacionados podem envolver uma sensa\u00e7\u00e3o de evacua\u00e7\u00e3o incompleta e aumento da presen\u00e7a de gases ou muco nas fezes.<\/p>\n<p>Existem quatro tipos de SII. Cada tipo \u00e9 nomeado de acordo com suas queixas mais comuns, incluindo SII predominantemente de constipa\u00e7\u00e3o (SII-C), SII predominantemente de diarreia (SII-D), SII tipo misto (SII-M) e SII n\u00e3o classificada.<\/p>\n<\/div><\/section><\/p><\/div><div  class='hr av-5bf71u-0fc17794266e30ad9cc5c4260e9df573 hr-default  avia-builder-el-14  el_after_av_one_full  el_before_av_one_full '><span class='hr-inner '><span class=\"hr-inner-style\"><\/span><\/span><\/div><\/p>\n<div  class='flex_column av-16qxkia-ddb7daef80a5c3df972f5cad8e8e623c av_one_full  avia-builder-el-15  el_after_av_hr  el_before_av_hr  first flex_column_div  '     ><style type=\"text\/css\" data-created_by=\"avia_inline_auto\" id=\"style-css-av-ll3mqg6q-be652d1d2a197a30b775dc39a62b89c8\">\n#top .av_textblock_section.av-ll3mqg6q-be652d1d2a197a30b775dc39a62b89c8 .avia_textblock{\nfont-size:13px;\n}\n<\/style>\n<section  class='av_textblock_section av-ll3mqg6q-be652d1d2a197a30b775dc39a62b89c8 '   itemscope=\"itemscope\" itemtype=\"https:\/\/schema.org\/CreativeWork\" ><div class='avia_textblock'  itemprop=\"text\" ><p>As informa\u00e7\u00f5es contidas neste site n\u00e3o devem ser utilizadas como substituto para o conselho m\u00e9dico do seu m\u00e9dico. Sempre discuta informa\u00e7\u00f5es de diagn\u00f3stico e tratamento, incluindo riscos, com o seu m\u00e9dico. Tenha em mente que todos os resultados de tratamento e de desfecho s\u00e3o espec\u00edficos para cada paciente individual. Os resultados podem variar.<\/p>\n<\/div><\/section><\/div><div  class='hr av-rtsaj6-d528e2842421b0c713aa5dafb313b352 hr-default  avia-builder-el-17  el_after_av_one_full  el_before_av_one_full '><span class='hr-inner '><span class=\"hr-inner-style\"><\/span><\/span><\/div><\/p>\n<div  class='flex_column av-jpilo2-80d69019b04e3fe061eaa22def74707d av_one_full  avia-builder-el-18  el_after_av_hr  avia-builder-el-last  first flex_column_div  '     ><style type=\"text\/css\" data-created_by=\"avia_inline_auto\" id=\"style-css-av-ll3msqtb-33b63a6eac43cd7ee4bdd225ddc31726\">\n#top .av_textblock_section.av-ll3msqtb-33b63a6eac43cd7ee4bdd225ddc31726 .avia_textblock{\nfont-size:12px;\ncolor:#707070;\n}\n<\/style>\n<section  class='av_textblock_section av-ll3msqtb-33b63a6eac43cd7ee4bdd225ddc31726 '   itemscope=\"itemscope\" itemtype=\"https:\/\/schema.org\/CreativeWork\" ><div class='avia_textblock av_inherit_color'  itemprop=\"text\" ><p>Aziz, I., Whitehead, W.E., Palsson, O., T\u00f6rnblom, H. &amp; Simr\u00e9n, M. (2020). Expert Review of Gastroenterology &amp; Hepatology. An approach to the diagnosis and management of Rome IV functional disorders of chronic constipation [electronic version]. Taylor &amp; Francis Group, Vol. no. 14, 1-8.<\/p>\n<p>Drossman DA., et al. (2016). Rome IV, the functional gastrointestinal disorders. Gastroenterology. Vol. 150:1262-1279.<\/p>\n<p>Keller, J., Bassotti, G., Clarke, J., et al. (2018). EXPERT CONSENCUS DOCUMENT. Advances in the diagnosis and classification of gastric and intestinal motility disorders [electronic version]. Nat Rev Gastroenterol Hepatol., Vol. 15(5), 291-308.<\/p>\n<p>Sperber, AD., et al. (2021). Worldwide Prevalence and Burden of Functional Gastrointestinal Disorders, Results of Rome Foundation Global Study. Gastroenterology. Vol. 160:99-114.<\/p>\n<\/div><\/section><\/div>\n","protected":false},"excerpt":{"rendered":"","protected":false},"author":1,"featured_media":0,"parent":0,"menu_order":0,"comment_status":"closed","ping_status":"closed","template":"","meta":{"_lmt_disableupdate":"","_lmt_disable":"","footnotes":""},"class_list":["post-15113","page","type-page","status-publish","hentry"],"_links":{"self":[{"href":"https:\/\/medifactia.com\/pt\/wp-json\/wp\/v2\/pages\/15113","targetHints":{"allow":["GET"]}}],"collection":[{"href":"https:\/\/medifactia.com\/pt\/wp-json\/wp\/v2\/pages"}],"about":[{"href":"https:\/\/medifactia.com\/pt\/wp-json\/wp\/v2\/types\/page"}],"author":[{"embeddable":true,"href":"https:\/\/medifactia.com\/pt\/wp-json\/wp\/v2\/users\/1"}],"replies":[{"embeddable":true,"href":"https:\/\/medifactia.com\/pt\/wp-json\/wp\/v2\/comments?post=15113"}],"version-history":[{"count":3,"href":"https:\/\/medifactia.com\/pt\/wp-json\/wp\/v2\/pages\/15113\/revisions"}],"predecessor-version":[{"id":15118,"href":"https:\/\/medifactia.com\/pt\/wp-json\/wp\/v2\/pages\/15113\/revisions\/15118"}],"wp:attachment":[{"href":"https:\/\/medifactia.com\/pt\/wp-json\/wp\/v2\/media?parent=15113"}],"curies":[{"name":"wp","href":"https:\/\/api.w.org\/{rel}","templated":true}]}}