{"id":15010,"date":"2023-04-19T19:53:12","date_gmt":"2023-04-19T18:53:12","guid":{"rendered":"https:\/\/medifactia.com\/pt\/?page_id=15010"},"modified":"2026-02-11T12:35:05","modified_gmt":"2026-02-11T12:35:05","slug":"instructions","status":"publish","type":"page","link":"https:\/\/medifactia.com\/pt\/instructions\/","title":{"rendered":"Instructions"},"content":{"rendered":"<div  class='flex_column av-d9g81ia-ceca5f7afe3fb91e98b1a73deb070450 av_one_full  avia-builder-el-0  el_before_av_one_full  avia-builder-el-first  first flex_column_div  '     ><div  class='avia-video av-csqw8iq-eb929b99588af0819f680e908390b1c0 avia-video-16-9 av-no-preview-image avia-video-load-always av-lazyload-immediate av-lazyload-video-embed'  itemprop=\"video\" itemtype=\"https:\/\/schema.org\/VideoObject\"  data-original_url='https:\/\/vimeo.com\/796097857'><script type='text\/html' class='av-video-tmpl'><div class='avia-iframe-wrap'><iframe loading=\"lazy\" title=\"Medifactia video 1 2023 ENG.mp4\" src=\"https:\/\/player.vimeo.com\/video\/796097857?h=911af83fab&amp;dnt=1&amp;app_id=122963&autoplay=0&loop=0&controls=1&muted=0\" width=\"1500\" height=\"844\" frameborder=\"0\" allow=\"autoplay; fullscreen; picture-in-picture\" allowfullscreen><\/iframe><\/div><\/script><div class='av-click-to-play-overlay'><div class=\"avia_playpause_icon\"><\/div><\/div><\/div><\/div>\n<div  class='flex_column av-c761uea-1f05dccf8c869ff9483c69f9d9133920 av_one_full  avia-builder-el-2  el_after_av_one_full  el_before_av_one_full  first flex_column_div  column-top-margin'     ><p>\n<style type=\"text\/css\" data-created_by=\"avia_inline_auto\" id=\"style-css-av-lgo1wghm-90e67d8ba9c69531d66ea87fcf58e683\">\n#top .av-special-heading.av-lgo1wghm-90e67d8ba9c69531d66ea87fcf58e683{\npadding-bottom:10px;\n}\nbody .av-special-heading.av-lgo1wghm-90e67d8ba9c69531d66ea87fcf58e683 .av-special-heading-tag .heading-char{\nfont-size:25px;\n}\n.av-special-heading.av-lgo1wghm-90e67d8ba9c69531d66ea87fcf58e683 .av-subheading{\nfont-size:15px;\n}\n<\/style>\n<div  class='av-special-heading av-lgo1wghm-90e67d8ba9c69531d66ea87fcf58e683 av-special-heading-h1 blockquote modern-quote  avia-builder-el-3  el_before_av_textblock  avia-builder-el-first '><h1 class='av-special-heading-tag '  itemprop=\"headline\"  >Instru\u00e7\u00f5es para uso correto de Transit-Pellets<\/h1><div class=\"special-heading-border\"><div class=\"special-heading-inner-border\"><\/div><\/div><\/div><br \/>\n<section  class='av_textblock_section av-lgo1x55n-5222aa8c06a9b281cea4f52fc26abf69 '   itemscope=\"itemscope\" itemtype=\"https:\/\/schema.org\/CreativeWork\" ><div class='avia_textblock'  itemprop=\"text\" ><p>O Transit-Pellets \u00e9 prescrito por um m\u00e9dico para uso em ambiente domiciliar.<br \/>\nDurante seis dias consecutivos, o paciente ingere os marcadores do Transit-Pellets, que est\u00e3o contidos em sete c\u00e1psulas de HPMC, seguido de um raio-x abdominal no s\u00e9timo dia.<\/p>\n<p>Para garantir o uso correto e seguro do Transit-Pellets, \u00e9 importante ler cuidadosamente o manual de uso antes de iniciar o uso. Voc\u00ea pode fazer o download diretamente por <a href=\"https:\/\/medifactia.com\/wp-content\/uploads\/2026\/02\/0074-IFU-International-ver05.pdf\" target=\"_blank\" rel=\"noopener\">MEIO DESTE LINK<\/a>. Observe que o manual de uso pode ser alterado. A vers\u00e3o mais recente est\u00e1 sempre dispon\u00edvel nesta p\u00e1gina.<\/p>\n<\/div><\/section><\/p><\/div><div  class='flex_column av-bxkwv0i-86bb25c6b20000e27d821c0394adf6cb av_one_full  avia-builder-el-5  el_after_av_one_full  el_before_av_hr  first flex_column_div  column-top-margin'     ><p>\n<style type=\"text\/css\" data-created_by=\"avia_inline_auto\" id=\"style-css-av-lgo1xbr3-b1f63f93cfa7c34a7cc4f08a0f7e227f\">\n#top .av-special-heading.av-lgo1xbr3-b1f63f93cfa7c34a7cc4f08a0f7e227f{\npadding-bottom:10px;\n}\nbody .av-special-heading.av-lgo1xbr3-b1f63f93cfa7c34a7cc4f08a0f7e227f .av-special-heading-tag .heading-char{\nfont-size:25px;\n}\n.av-special-heading.av-lgo1xbr3-b1f63f93cfa7c34a7cc4f08a0f7e227f .av-subheading{\nfont-size:15px;\n}\n<\/style>\n<div  class='av-special-heading av-lgo1xbr3-b1f63f93cfa7c34a7cc4f08a0f7e227f av-special-heading-h2 blockquote modern-quote  avia-builder-el-6  el_before_av_textblock  avia-builder-el-first '><h2 class='av-special-heading-tag '  itemprop=\"headline\"  >Garanta resultados corretos: Siga as instru\u00e7\u00f5es prescritas<\/h2><div class=\"special-heading-border\"><div class=\"special-heading-inner-border\"><\/div><\/div><\/div><br \/>\n<section  class='av_textblock_section av-b8dz97m-b731ac1ed3809e018aca9aa192d0de75 '   itemscope=\"itemscope\" itemtype=\"https:\/\/schema.org\/CreativeWork\" ><div class='avia_textblock'  itemprop=\"text\" ><p><img decoding=\"async\" class=\"alignright size-full wp-image-15198\" style=\"margin-left: 25px; margin-bottom: 30px;\" src=\"https:\/\/medifactia.com\/us\/wp-content\/uploads\/sites\/2\/2023\/02\/Transit-Pellets-Blister-gray.png\" alt=\"\" width=\"120\" \/>\u00c9 importante seguir as instru\u00e7\u00f5es prescritas para a dosagem dos marcadores a fim de garantir resultados corretos. Uma c\u00e1psula do Transit-Pellets deve ser tomada todos os dias do dia 1 ao dia 5. No dia 6, uma c\u00e1psula deve ser tomada pela manh\u00e3, rotulada como \u201c6:1\u201d, e outra c\u00e1psula deve ser tomada \u00e0 noite, rotulada como \u201c6:2\u201d.<\/p>\n<p>Para garantir a precis\u00e3o da medi\u00e7\u00e3o, \u00e9 importante agendar a radiografia abdominal no momento apropriado em rela\u00e7\u00e3o \u00e0 \u00faltima dose de marca\u00e7\u00e3o no dia 6, rotulada como \u201c6:2\u201d. Isso significa que a radiografia deve ser agendada aproximadamente 12 horas ap\u00f3s a \u00faltima dose ter sido tomada \u00e0 noite no dia 6. A tabela a seguir fornece uma refer\u00eancia \u00fatil.<\/p>\n<\/div><\/section><br \/>\n<div class='avia-data-table-wrap av-aoci6ci-209bd2812888815a42633b82ee8de068 avia_responsive_table avia-table-1'><table  class='avia-table avia-data-table avia_pricing_default  avia-builder-el-8  el_after_av_textblock  avia-builder-el-last '  itemscope=\"itemscope\" itemtype=\"https:\/\/schema.org\/Table\" ><tbody><tr class='avia-heading-row'><th class=''>Dia 1 (Engolir C\u00e1psula 1)<\/th><th class=''>Dia 7 (Raio-X)<\/th><\/tr><tr class=''><td class=''>Ter\u00e7a-feira<\/td><td class=''>Segunda-feira<\/td><\/tr><tr class=''><td class=''>Quarta-feira<\/td><td class=''>Ter\u00e7a-feira<\/td><\/tr><tr class=''><td class=''>Quinta-feira<\/td><td class=''>Quarta-feira<\/td><\/tr><tr class=''><td class=''>Sexta-feira<\/td><td class=''>Quinta-feira<\/td><\/tr><tr class=''><td class=''>S\u00e1bado<\/td><td class=''>Sexta-feira<\/td><\/tr><\/tbody><\/table><\/div><style type='text\/css'>.avia-table-1 td:nth-of-type(1):before { content: 'Dia 1 (Engolir C\u00e1psula 1)'; } .avia-table-1 td:nth-of-type(2):before { content: 'Dia 7 (Raio-X)'; } <\/style><\/p><\/div><\/p>\n<div  class='hr av-2523fmq-6cc4769292e9ef7fcc7f77341ce65619 hr-default  avia-builder-el-9  el_after_av_one_full  el_before_av_one_full '><span class='hr-inner '><span class=\"hr-inner-style\"><\/span><\/span><\/div>\n<div  class='flex_column av-1jcsagy-b540f8fa0cb84d5f9c05b66790b158b5 av_one_full  avia-builder-el-10  el_after_av_hr  el_before_av_hr  first flex_column_div  '     ><style type=\"text\/css\" data-created_by=\"avia_inline_auto\" id=\"style-css-av-1bow0qq-0458aeeb7fd2227d33ef1cc89d537bea\">\n#top .av_textblock_section.av-1bow0qq-0458aeeb7fd2227d33ef1cc89d537bea .avia_textblock{\nfont-size:13px;\n}\n<\/style>\n<section  class='av_textblock_section av-1bow0qq-0458aeeb7fd2227d33ef1cc89d537bea '   itemscope=\"itemscope\" itemtype=\"https:\/\/schema.org\/CreativeWork\" ><div class='avia_textblock'  itemprop=\"text\" ><p>As informa\u00e7\u00f5es contidas neste site n\u00e3o devem ser utilizadas como substituto para o conselho m\u00e9dico do seu m\u00e9dico. Sempre discuta informa\u00e7\u00f5es de diagn\u00f3stico e tratamento, incluindo riscos, com o seu m\u00e9dico. Tenha em mente que todos os resultados de tratamento e de desfecho s\u00e3o espec\u00edficos para cada paciente individual. Os resultados podem variar.<\/p>\n<\/div><\/section><\/div>\n<div  class='hr av-q2m6rm-5324e3c8f62bf43497776a27fe3907c8 hr-default  avia-builder-el-12  el_after_av_one_full  avia-builder-el-last '><span class='hr-inner '><span class=\"hr-inner-style\"><\/span><\/span><\/div>\n","protected":false},"excerpt":{"rendered":"","protected":false},"author":1,"featured_media":0,"parent":0,"menu_order":0,"comment_status":"closed","ping_status":"closed","template":"","meta":{"_lmt_disableupdate":"","_lmt_disable":"","footnotes":""},"class_list":["post-15010","page","type-page","status-publish","hentry"],"_links":{"self":[{"href":"https:\/\/medifactia.com\/pt\/wp-json\/wp\/v2\/pages\/15010","targetHints":{"allow":["GET"]}}],"collection":[{"href":"https:\/\/medifactia.com\/pt\/wp-json\/wp\/v2\/pages"}],"about":[{"href":"https:\/\/medifactia.com\/pt\/wp-json\/wp\/v2\/types\/page"}],"author":[{"embeddable":true,"href":"https:\/\/medifactia.com\/pt\/wp-json\/wp\/v2\/users\/1"}],"replies":[{"embeddable":true,"href":"https:\/\/medifactia.com\/pt\/wp-json\/wp\/v2\/comments?post=15010"}],"version-history":[{"count":4,"href":"https:\/\/medifactia.com\/pt\/wp-json\/wp\/v2\/pages\/15010\/revisions"}],"predecessor-version":[{"id":15193,"href":"https:\/\/medifactia.com\/pt\/wp-json\/wp\/v2\/pages\/15010\/revisions\/15193"}],"wp:attachment":[{"href":"https:\/\/medifactia.com\/pt\/wp-json\/wp\/v2\/media?parent=15010"}],"curies":[{"name":"wp","href":"https:\/\/api.w.org\/{rel}","templated":true}]}}