{"id":15007,"date":"2023-04-19T19:51:22","date_gmt":"2023-04-19T18:51:22","guid":{"rendered":"https:\/\/medifactia.com\/pt\/?page_id=15007"},"modified":"2026-02-11T07:46:28","modified_gmt":"2026-02-11T07:46:28","slug":"colon-transit-markers","status":"publish","type":"page","link":"https:\/\/medifactia.com\/pt\/colon-transit-markers\/","title":{"rendered":"Colon Transit Markers"},"content":{"rendered":"<div  class='flex_column av-5i5lqgv-5e431c96121167251c2a150a26b3c8ba av_one_full  avia-builder-el-0  el_before_av_one_full  avia-builder-el-first  first flex_column_div  '     ><style type=\"text\/css\" data-created_by=\"avia_inline_auto\" id=\"style-css-av-4pwxxvj-8c90afc9887aea9aa2d16a63b34de2eb\">\n.avia-image-container.av-4pwxxvj-8c90afc9887aea9aa2d16a63b34de2eb img.avia_image{\nbox-shadow:none;\n}\n.avia-image-container.av-4pwxxvj-8c90afc9887aea9aa2d16a63b34de2eb .av-image-caption-overlay-center{\ncolor:#ffffff;\n}\n<\/style>\n<div  class='avia-image-container av-4pwxxvj-8c90afc9887aea9aa2d16a63b34de2eb av-styling- avia-align-center  avia-builder-el-1  avia-builder-el-no-sibling '   itemprop=\"image\" itemscope=\"itemscope\" itemtype=\"https:\/\/schema.org\/ImageObject\" ><div class=\"avia-image-container-inner\"><div class=\"avia-image-overlay-wrap\"><img decoding=\"async\" fetchpriority=\"high\" class='wp-image- avia-img-lazy-loading-not- avia_image ' src=\"https:\/\/medifactia.com\/us\/wp-content\/uploads\/sites\/2\/2023\/02\/medifactia-TP-Infinit.jpg\" alt='' title=''   itemprop=\"thumbnailUrl\"  \/><\/div><\/div><\/div><\/div>\n<div  class='flex_column av-4ksupmn-d2a70dd3caf3d603ea039bfec89040fc av_one_full  avia-builder-el-2  el_after_av_one_full  el_before_av_hr  first flex_column_div  column-top-margin'     ><p>\n<style type=\"text\/css\" data-created_by=\"avia_inline_auto\" id=\"style-css-av-lgo1sy99-0a56c7e3faa1b666f90995d9dacf782e\">\n#top .av-special-heading.av-lgo1sy99-0a56c7e3faa1b666f90995d9dacf782e{\npadding-bottom:10px;\n}\nbody .av-special-heading.av-lgo1sy99-0a56c7e3faa1b666f90995d9dacf782e .av-special-heading-tag .heading-char{\nfont-size:25px;\n}\n.av-special-heading.av-lgo1sy99-0a56c7e3faa1b666f90995d9dacf782e .av-subheading{\nfont-size:15px;\n}\n<\/style>\n<div  class='av-special-heading av-lgo1sy99-0a56c7e3faa1b666f90995d9dacf782e av-special-heading-h1 blockquote modern-quote  avia-builder-el-3  el_before_av_textblock  avia-builder-el-first '><h1 class='av-special-heading-tag '  itemprop=\"headline\"  >Descri\u00e7\u00e3o de Transit-Pellets<\/h1><div class=\"special-heading-border\"><div class=\"special-heading-inner-border\"><\/div><\/div><\/div><br \/>\n<section  class='av_textblock_section av-lgo1tgss-c23276e3bec34aa4786ed2cf0aa1bce9 '   itemscope=\"itemscope\" itemtype=\"https:\/\/schema.org\/CreativeWork\" ><div class='avia_textblock'  itemprop=\"text\" ><p>Transit-Pellets \u00e9 composto por pequenos marcadores radiopacos, \u201cpellets\u201d, feitos de sulfato de b\u00e1rio (BaSO<sub>4<\/sub>) preenchidos com silicone dentro de uma c\u00e1psula de hidroxipropilmetilcelulose (HPMC) r\u00edgida. As c\u00e1psulas de HPMC s\u00e3o livres de gelatina e s\u00e3o do tipo padr\u00e3o usado em produtos m\u00e9dicos. Sua fun\u00e7\u00e3o \u00e9 transportar os marcadores para o est\u00f4mago, onde se dissolvem. Os marcadores passam pelo trato gastrointestinal e s\u00e3o eliminados nas fezes.<\/p>\n<p>O sulfato de b\u00e1rio \u00e9 um material radiopaco que tem sido usado para imagens radiogr\u00e1ficas do trato gastrointestinal desde os estudos pioneiros de WB Cannon na d\u00e9cada de 1890. O termo &#8220;radiopaco&#8221; refere-se a materiais, como o sulfato de b\u00e1rio, que s\u00e3o suficientemente densos para resistir aos raios-x que os atravessam e, portanto, podem ser vistos em uma imagem radiogr\u00e1fica. O uso de marcadores radiopacos impregnados com sulfato de b\u00e1rio para medir o tempo de tr\u00e2nsito do c\u00f3lon tem sido usado por mais de 45 anos. O silicone tamb\u00e9m \u00e9 um material amplamente utilizado em muitos produtos m\u00e9dicos.<\/p>\n<\/div><\/section><\/p><\/div>\n\n<style type=\"text\/css\" data-created_by=\"avia_inline_auto\" id=\"style-css-av-3vi1se7-6b5f3eff5b0f65e098fe859483a1a593\">\n#top .hr.hr-invisible.av-3vi1se7-6b5f3eff5b0f65e098fe859483a1a593{\nheight:10px;\n}\n<\/style>\n<div  class='hr av-3vi1se7-6b5f3eff5b0f65e098fe859483a1a593 hr-invisible  avia-builder-el-5  el_after_av_one_full  el_before_av_three_fifth '><span class='hr-inner '><span class=\"hr-inner-style\"><\/span><\/span><\/div>\n<div  class='flex_column av-3gd3qe7-f8f6435f610253d36e8d81a53413e198 av_three_fifth  avia-builder-el-6  el_after_av_hr  el_before_av_two_fifth  first flex_column_div  '     ><section  class='av_textblock_section av-lgo1trma-a35d123587bc1b75c27f360f6879ee8b '   itemscope=\"itemscope\" itemtype=\"https:\/\/schema.org\/CreativeWork\" ><div class='avia_textblock'  itemprop=\"text\" ><p>A c\u00e1psula de HPMC (tamanho -00-) consiste em dois cilindros abertos, uma tampa e um corpo, que se encaixam um no outro. Cinco das c\u00e1psulas cont\u00eam dez marcadores em forma de anel, enquanto duas c\u00e1psulas cont\u00eam cinco marcadores em forma de tubo. As c\u00e1psulas Transit-Pellets v\u00eam em uma embalagem blister que \u00e9 colocada dentro de uma caixa.<\/p>\n<p>Transit-Pellets t\u00eam uma forma diferente no sexto dia para ajudar o m\u00e9dico a ver melhor certas partes do c\u00f3lon. No sexto dia, a dose tamb\u00e9m \u00e9 dividida em uma dose da manh\u00e3 e uma dose da noite e a raz\u00e3o para isso \u00e9 para avaliar se ocorre um tr\u00e2nsito col\u00f4nico r\u00e1pido.<\/p>\n<\/div><\/section><\/div>\n\n<style type=\"text\/css\" data-created_by=\"avia_inline_auto\" id=\"style-css-av-2y1fg4f-4de851ad196efa1745acebd926c7d9df\">\n.flex_column.av-2y1fg4f-4de851ad196efa1745acebd926c7d9df{\npadding:10px 0 0 0;\n}\n<\/style>\n<div  class='flex_column av-2y1fg4f-4de851ad196efa1745acebd926c7d9df av_two_fifth  avia-builder-el-8  el_after_av_three_fifth  el_before_av_hr  flex_column_div  '     ><style type=\"text\/css\" data-created_by=\"avia_inline_auto\" id=\"style-css-av-lgo1twhi-522dc2c2e5703ed5bb61fd27c61b1ee3\">\n.avia-image-container.av-lgo1twhi-522dc2c2e5703ed5bb61fd27c61b1ee3 img.avia_image{\nbox-shadow:none;\n}\n.avia-image-container.av-lgo1twhi-522dc2c2e5703ed5bb61fd27c61b1ee3 .av-image-caption-overlay-center{\ncolor:#ffffff;\n}\n<\/style>\n<div  class='avia-image-container av-lgo1twhi-522dc2c2e5703ed5bb61fd27c61b1ee3 av-styling- avia-align-center  avia-builder-el-9  avia-builder-el-no-sibling '   itemprop=\"image\" itemscope=\"itemscope\" itemtype=\"https:\/\/schema.org\/ImageObject\" ><div class=\"avia-image-container-inner\"><div class=\"avia-image-overlay-wrap\"><img decoding=\"async\" fetchpriority=\"high\" class='wp-image- avia-img-lazy-loading-not- avia_image ' src=\"https:\/\/medifactia.com\/us\/wp-content\/uploads\/sites\/2\/2023\/02\/kapslar-1.jpg\" alt='' title=''   itemprop=\"thumbnailUrl\"  \/><\/div><\/div><\/div><\/div>\n\n<style type=\"text\/css\" data-created_by=\"avia_inline_auto\" id=\"style-css-av-8ppm7z-dda1c686da3d3340314a8742ff27eeb5\">\n#top .hr.hr-invisible.av-8ppm7z-dda1c686da3d3340314a8742ff27eeb5{\nheight:50px;\n}\n<\/style>\n<div  class='hr av-8ppm7z-dda1c686da3d3340314a8742ff27eeb5 hr-invisible  avia-builder-el-10  el_after_av_two_fifth  el_before_av_one_full '><span class='hr-inner '><span class=\"hr-inner-style\"><\/span><\/span><\/div>\n<div  class='flex_column av-23esnrz-3c91dbbbb8c7893d834a9a6827cbe3de av_one_full  avia-builder-el-11  el_after_av_hr  el_before_av_hr  first flex_column_div  '     ><p>\n<style type=\"text\/css\" data-created_by=\"avia_inline_auto\" id=\"style-css-av-lgo1u3nj-7133635102308d1dd1b624e27f2a9a54\">\n#top .av-special-heading.av-lgo1u3nj-7133635102308d1dd1b624e27f2a9a54{\npadding-bottom:10px;\n}\nbody .av-special-heading.av-lgo1u3nj-7133635102308d1dd1b624e27f2a9a54 .av-special-heading-tag .heading-char{\nfont-size:25px;\n}\n.av-special-heading.av-lgo1u3nj-7133635102308d1dd1b624e27f2a9a54 .av-subheading{\nfont-size:15px;\n}\n<\/style>\n<div  class='av-special-heading av-lgo1u3nj-7133635102308d1dd1b624e27f2a9a54 av-special-heading-h2 blockquote modern-quote  avia-builder-el-12  el_before_av_textblock  avia-builder-el-first '><h2 class='av-special-heading-tag '  itemprop=\"headline\"  >Manual de Uso de Transit-Pellets<\/h2><div class=\"special-heading-border\"><div class=\"special-heading-inner-border\"><\/div><\/div><\/div><br \/>\n<section  class='av_textblock_section av-lgo1uq7v-9ab6f00e206f6eb68c9c4df722c52994 '   itemscope=\"itemscope\" itemtype=\"https:\/\/schema.org\/CreativeWork\" ><div class='avia_textblock'  itemprop=\"text\" ><p>Cada embalagem de Transit-Pellets inclui um manual de uso dispon\u00edvel em at\u00e9 20 idiomas diferentes. \u00c9 importante que o usu\u00e1rio dos Transit-Pellets leia esta informa\u00e7\u00e3o antes de come\u00e7ar a usar o produto. O manual de uso cont\u00e9m instru\u00e7\u00f5es importantes sobre como usar corretamente os Transit-Pellets. Fa\u00e7a o download do manual de uso do Transit-Pellets por <a href=\"https:\/\/medifactia.com\/wp-content\/uploads\/2026\/02\/0074-IFU-International-ver05.pdf\" target=\"_blank\" rel=\"noopener\">MEIO DESTE LINK<\/a>.<\/p>\n<\/div><\/section><\/p><\/div><div  class='hr av-1q2zfcv-234d56e4a6d28a4b715c0cfb8317bd5f hr-default  avia-builder-el-14  el_after_av_one_full  el_before_av_one_full '><span class='hr-inner '><span class=\"hr-inner-style\"><\/span><\/span><\/div><\/p>\n<div  class='flex_column av-3pb9xb-520ba3130efbb87866093e8be131efcc av_one_full  avia-builder-el-15  el_after_av_hr  el_before_av_hr  first flex_column_div  '     ><style type=\"text\/css\" data-created_by=\"avia_inline_auto\" id=\"style-css-av-lgo1v0mx-e22c66dae4721e7594eb9d7814175ac4\">\n#top .av_textblock_section.av-lgo1v0mx-e22c66dae4721e7594eb9d7814175ac4 .avia_textblock{\nfont-size:13px;\n}\n<\/style>\n<section  class='av_textblock_section av-lgo1v0mx-e22c66dae4721e7594eb9d7814175ac4 '   itemscope=\"itemscope\" itemtype=\"https:\/\/schema.org\/CreativeWork\" ><div class='avia_textblock'  itemprop=\"text\" ><p>As informa\u00e7\u00f5es contidas neste site n\u00e3o devem ser utilizadas como substituto para o conselho m\u00e9dico do seu m\u00e9dico. Sempre discuta informa\u00e7\u00f5es de diagn\u00f3stico e tratamento, incluindo riscos, com o seu m\u00e9dico. Tenha em mente que todos os resultados de tratamento e de desfecho s\u00e3o espec\u00edficos para cada paciente individual. Os resultados podem variar.<\/p>\n<\/div><\/section><\/div>\n<div  class='hr av-rrkz3z-4ca80afc521a11f2ac34daea523915c4 hr-default  avia-builder-el-17  el_after_av_one_full  avia-builder-el-last '><span class='hr-inner '><span class=\"hr-inner-style\"><\/span><\/span><\/div>\n","protected":false},"excerpt":{"rendered":"","protected":false},"author":1,"featured_media":0,"parent":0,"menu_order":0,"comment_status":"closed","ping_status":"closed","template":"","meta":{"_lmt_disableupdate":"","_lmt_disable":"","footnotes":""},"class_list":["post-15007","page","type-page","status-publish","hentry"],"_links":{"self":[{"href":"https:\/\/medifactia.com\/pt\/wp-json\/wp\/v2\/pages\/15007","targetHints":{"allow":["GET"]}}],"collection":[{"href":"https:\/\/medifactia.com\/pt\/wp-json\/wp\/v2\/pages"}],"about":[{"href":"https:\/\/medifactia.com\/pt\/wp-json\/wp\/v2\/types\/page"}],"author":[{"embeddable":true,"href":"https:\/\/medifactia.com\/pt\/wp-json\/wp\/v2\/users\/1"}],"replies":[{"embeddable":true,"href":"https:\/\/medifactia.com\/pt\/wp-json\/wp\/v2\/comments?post=15007"}],"version-history":[{"count":3,"href":"https:\/\/medifactia.com\/pt\/wp-json\/wp\/v2\/pages\/15007\/revisions"}],"predecessor-version":[{"id":15189,"href":"https:\/\/medifactia.com\/pt\/wp-json\/wp\/v2\/pages\/15007\/revisions\/15189"}],"wp:attachment":[{"href":"https:\/\/medifactia.com\/pt\/wp-json\/wp\/v2\/media?parent=15007"}],"curies":[{"name":"wp","href":"https:\/\/api.w.org\/{rel}","templated":true}]}}