{"id":15004,"date":"2023-04-19T19:48:35","date_gmt":"2023-04-19T18:48:35","guid":{"rendered":"https:\/\/medifactia.com\/pt\/?page_id=15004"},"modified":"2024-04-25T08:36:33","modified_gmt":"2024-04-25T07:36:33","slug":"colon-transit-study","status":"publish","type":"page","link":"https:\/\/medifactia.com\/pt\/colon-transit-study\/","title":{"rendered":"Colon Transit Study"},"content":{"rendered":"<div  class='flex_column av-3i9mq4c-5975fbede18b55508ae5c7741321c4d4 av_one_full  avia-builder-el-0  el_before_av_one_full  avia-builder-el-first  first flex_column_div  '     ><style type=\"text\/css\" data-created_by=\"avia_inline_auto\" id=\"style-css-av-lgo1ovyp-8ad35f2f0486505a4270719ac5532355\">\n.avia-image-container.av-lgo1ovyp-8ad35f2f0486505a4270719ac5532355 img.avia_image{\nbox-shadow:none;\n}\n.avia-image-container.av-lgo1ovyp-8ad35f2f0486505a4270719ac5532355 .av-image-caption-overlay-center{\ncolor:#ffffff;\n}\n<\/style>\n<div  class='avia-image-container av-lgo1ovyp-8ad35f2f0486505a4270719ac5532355 av-styling- avia-align-center  avia-builder-el-1  avia-builder-el-no-sibling '   itemprop=\"image\" itemscope=\"itemscope\" itemtype=\"https:\/\/schema.org\/ImageObject\" ><div class=\"avia-image-container-inner\"><div class=\"avia-image-overlay-wrap\"><img decoding=\"async\" fetchpriority=\"high\" class='wp-image-15056 avia-img-lazy-loading-not-15056 avia_image ' src=\"https:\/\/medifactia.com\/pt\/wp-content\/uploads\/sites\/17\/2023\/06\/patient-doctor-2.jpg\" alt='' title='patient-doctor-2'  height=\"1282\" width=\"1920\"  itemprop=\"thumbnailUrl\" srcset=\"https:\/\/medifactia.com\/pt\/wp-content\/uploads\/sites\/17\/2023\/06\/patient-doctor-2.jpg 1920w, https:\/\/medifactia.com\/pt\/wp-content\/uploads\/sites\/17\/2023\/06\/patient-doctor-2-300x200.jpg 300w, https:\/\/medifactia.com\/pt\/wp-content\/uploads\/sites\/17\/2023\/06\/patient-doctor-2-1030x688.jpg 1030w, https:\/\/medifactia.com\/pt\/wp-content\/uploads\/sites\/17\/2023\/06\/patient-doctor-2-768x513.jpg 768w, https:\/\/medifactia.com\/pt\/wp-content\/uploads\/sites\/17\/2023\/06\/patient-doctor-2-1536x1026.jpg 1536w, https:\/\/medifactia.com\/pt\/wp-content\/uploads\/sites\/17\/2023\/06\/patient-doctor-2-1500x1002.jpg 1500w, https:\/\/medifactia.com\/pt\/wp-content\/uploads\/sites\/17\/2023\/06\/patient-doctor-2-705x471.jpg 705w\" sizes=\"(max-width: 1920px) 100vw, 1920px\" \/><\/div><\/div><\/div><\/div>\n<div  class='flex_column av-379pgu4-a6af239954bf15d6bc77b9c1c4765e2e av_one_full  avia-builder-el-2  el_after_av_one_full  el_before_av_one_full  first flex_column_div  column-top-margin'     ><p>\n<style type=\"text\/css\" data-created_by=\"avia_inline_auto\" id=\"style-css-av-lgo1p65e-7067d61eb299af3531921f55c99f1f61\">\n#top .av-special-heading.av-lgo1p65e-7067d61eb299af3531921f55c99f1f61{\npadding-bottom:10px;\n}\nbody .av-special-heading.av-lgo1p65e-7067d61eb299af3531921f55c99f1f61 .av-special-heading-tag .heading-char{\nfont-size:25px;\n}\n.av-special-heading.av-lgo1p65e-7067d61eb299af3531921f55c99f1f61 .av-subheading{\nfont-size:15px;\n}\n<\/style>\n<div  class='av-special-heading av-lgo1p65e-7067d61eb299af3531921f55c99f1f61 av-special-heading-h1 blockquote modern-quote  avia-builder-el-3  el_before_av_textblock  avia-builder-el-first '><h1 class='av-special-heading-tag '  itemprop=\"headline\"  >O que \u00e9 um exame de tr\u00e2nsito do c\u00f3lon com Transit-Pellets?<\/h1><div class=\"special-heading-border\"><div class=\"special-heading-inner-border\"><\/div><\/div><\/div><br \/>\n<section  class='av_textblock_section av-lgo1pq3g-3b4fcfe2402d738b33bfb2fdc8308703 '   itemscope=\"itemscope\" itemtype=\"https:\/\/schema.org\/CreativeWork\" ><div class='avia_textblock'  itemprop=\"text\" ><p>Um exame de tr\u00e2nsito do c\u00f3lon com Transit-Pellets \u00e9 frequentemente usado em pacientes que sofrem de constipa\u00e7\u00e3o cr\u00f4nica, diarreia cr\u00f4nica e\/ou s\u00edndrome do intestino irrit\u00e1vel (SII). O objetivo deste teste \u00e9 avaliar dist\u00farbios de motilidade e qu\u00e3o rapidamente ou lentamente o alimento\/fezes passa pelo trato gastrointestinal.<\/p>\n<p>O teste envolve a ingest\u00e3o de sete c\u00e1psulas contendo pequenos marcadores que podem ser visualizados por raio-X durante um per\u00edodo de seis dias. Ao seguir o movimento dos marcadores atrav\u00e9s do c\u00f3lon, o m\u00e9dico pode quantificar a gravidade do problema. Os resultados podem ser importantes para determinar a necessidade outros procedimentos de exame adicionais e escolher op\u00e7\u00f5es de tratamento apropriadas.<\/p>\n<p>As c\u00e1psulas e os marcadores s\u00e3o embalados de forma \u00fanica de acordo com o Transit-Pellets method, um m\u00e9todo validado e simples para medir todo o espectro de tr\u00e2nsito do c\u00f3lon, desde o r\u00e1pido at\u00e9 o lento.<\/p>\n<p>Consumir Transit-Pellets \u00e9 seguro e os marcadores ser\u00e3o eliminados do corpo nas fezes e podem ser descartados com seguran\u00e7a no vaso sanit\u00e1rio.<\/p>\n<\/div><\/section><\/p><\/div><div  class='flex_column av-2ej4ixo-0372d24451612a1b873a75d4577922e6 av_one_full  avia-builder-el-5  el_after_av_one_full  el_before_av_one_full  first flex_column_div  column-top-margin'     ><p>\n<style type=\"text\/css\" data-created_by=\"avia_inline_auto\" id=\"style-css-av-lgo1pwu8-6a0a6065b96bbf44ec4f46bb62887a7d\">\n#top .av-special-heading.av-lgo1pwu8-6a0a6065b96bbf44ec4f46bb62887a7d{\npadding-bottom:10px;\n}\nbody .av-special-heading.av-lgo1pwu8-6a0a6065b96bbf44ec4f46bb62887a7d .av-special-heading-tag .heading-char{\nfont-size:25px;\n}\n.av-special-heading.av-lgo1pwu8-6a0a6065b96bbf44ec4f46bb62887a7d .av-subheading{\nfont-size:15px;\n}\n<\/style>\n<div  class='av-special-heading av-lgo1pwu8-6a0a6065b96bbf44ec4f46bb62887a7d av-special-heading-h2 blockquote modern-quote  avia-builder-el-6  el_before_av_textblock  avia-builder-el-first '><h2 class='av-special-heading-tag '  itemprop=\"headline\"  >Quando seu m\u00e9dico pode recomendar uma exame de tr\u00e2nsito do c\u00f3lon com Transit-Pellets<\/h2><div class=\"special-heading-border\"><div class=\"special-heading-inner-border\"><\/div><\/div><\/div><br \/>\n<section  class='av_textblock_section av-lgo1q8u9-665315711b7eebd5fc744735f7da1dec '   itemscope=\"itemscope\" itemtype=\"https:\/\/schema.org\/CreativeWork\" ><div class='avia_textblock'  itemprop=\"text\" ><p>Geralmente, o manejo inicial da constipa\u00e7\u00e3o inclui mudan\u00e7as na dieta e no estilo de vida, al\u00e9m de tentar laxantes de venda livre, como agentes de volume e carboidratos n\u00e3o absorv\u00edveis. Se esses m\u00e9todos se mostrarem ineficazes, pode ser realizada uma exame de tr\u00e2nsito do c\u00f3lon com c\u00e1psulas Transit-Pellets. Alguns profissionais de sa\u00fade tamb\u00e9m podem tentar outras op\u00e7\u00f5es de tratamento, como laxantes salinos ou medicamentos estimulantes da motilidade, antes de recomendar uma exame de tr\u00e2nsito do c\u00f3lon<\/p>\n<\/div><\/section><\/p><\/div><\/p>\n<div  class='flex_column av-22mvfi4-b797f3399e4e58c7551580809de2627e av_one_full  avia-builder-el-8  el_after_av_one_full  el_before_av_hr  first flex_column_div  column-top-margin'     ><p>\n<style type=\"text\/css\" data-created_by=\"avia_inline_auto\" id=\"style-css-av-lgo1qgjv-9e400eff33134db779843c2553d20e0c\">\n#top .av-special-heading.av-lgo1qgjv-9e400eff33134db779843c2553d20e0c{\npadding-bottom:10px;\n}\nbody .av-special-heading.av-lgo1qgjv-9e400eff33134db779843c2553d20e0c .av-special-heading-tag .heading-char{\nfont-size:25px;\n}\n.av-special-heading.av-lgo1qgjv-9e400eff33134db779843c2553d20e0c .av-subheading{\nfont-size:15px;\n}\n<\/style>\n<div  class='av-special-heading av-lgo1qgjv-9e400eff33134db779843c2553d20e0c av-special-heading-h2 blockquote modern-quote  avia-builder-el-9  el_before_av_textblock  avia-builder-el-first '><h2 class='av-special-heading-tag '  itemprop=\"headline\"  >Breve Hist\u00f3rico<\/h2><div class=\"special-heading-border\"><div class=\"special-heading-inner-border\"><\/div><\/div><\/div><br \/>\n<section  class='av_textblock_section av-lgo1qoni-1928cbd47e64f5c9697720adb26bfc82 '   itemscope=\"itemscope\" itemtype=\"https:\/\/schema.org\/CreativeWork\" ><div class='avia_textblock'  itemprop=\"text\" ><p>O uso de marcadores radiopacos ingeridos para avaliar o tr\u00e2nsito do c\u00f3lon foi amplamente aceito desde que foi descrito pela primeira vez por Hinton em 1969. O teste \u00e9 \u00e0s vezes referido como \u201cHintons Method\u201d, mas tamb\u00e9m \u00e9 conhecido como Colon Transit-Pellets test, Colonic Transit Markers Study, Radiopaque Markers Test, Radio-Opaque Markers Test, ROM Test ou Bowel Motility Test. A medi\u00e7\u00e3o do tempo de tr\u00e2nsito col\u00f4nico com marcadores radiopacos \u00e9 atualmente considerada o m\u00e9todo mais confi\u00e1vel e seguro para avaliar dist\u00farbios gastrointestinais em adultos e crian\u00e7as.<\/p>\n<\/div><\/section><\/p><\/div><div  class='hr av-1rxnz3w-b5ee281ee31bcb9d961c0d83ef298f7a hr-default  avia-builder-el-11  el_after_av_one_full  el_before_av_one_full '><span class='hr-inner '><span class=\"hr-inner-style\"><\/span><\/span><\/div><\/p>\n<div  class='flex_column av-4bxqws-f243cc58bba95a8680ae42a5cf878a33 av_one_full  avia-builder-el-12  el_after_av_hr  el_before_av_hr  first flex_column_div  '     ><style type=\"text\/css\" data-created_by=\"avia_inline_auto\" id=\"style-css-av-lgo1raex-6b60b8f837db3ce827ba0eebc7311531\">\n#top .av_textblock_section.av-lgo1raex-6b60b8f837db3ce827ba0eebc7311531 .avia_textblock{\nfont-size:13px;\n}\n<\/style>\n<section  class='av_textblock_section av-lgo1raex-6b60b8f837db3ce827ba0eebc7311531 '   itemscope=\"itemscope\" itemtype=\"https:\/\/schema.org\/CreativeWork\" ><div class='avia_textblock'  itemprop=\"text\" ><p>As informa\u00e7\u00f5es contidas neste site n\u00e3o devem ser utilizadas como substituto para o conselho m\u00e9dico do seu m\u00e9dico. Sempre discuta informa\u00e7\u00f5es de diagn\u00f3stico e tratamento, incluindo riscos, com o seu m\u00e9dico. Tenha em mente que todos os resultados de tratamento e de desfecho s\u00e3o espec\u00edficos para cada paciente individual. Os resultados podem variar.<\/p>\n<\/div><\/section><\/div>\n<div  class='hr av-itb1cs-b5bca901799e22819a0c0049e9cf30a9 hr-default  avia-builder-el-14  el_after_av_one_full  avia-builder-el-last '><span class='hr-inner '><span class=\"hr-inner-style\"><\/span><\/span><\/div>\n","protected":false},"excerpt":{"rendered":"","protected":false},"author":1,"featured_media":0,"parent":0,"menu_order":0,"comment_status":"closed","ping_status":"closed","template":"","meta":{"_lmt_disableupdate":"","_lmt_disable":"","footnotes":""},"class_list":["post-15004","page","type-page","status-publish","hentry"],"_links":{"self":[{"href":"https:\/\/medifactia.com\/pt\/wp-json\/wp\/v2\/pages\/15004","targetHints":{"allow":["GET"]}}],"collection":[{"href":"https:\/\/medifactia.com\/pt\/wp-json\/wp\/v2\/pages"}],"about":[{"href":"https:\/\/medifactia.com\/pt\/wp-json\/wp\/v2\/types\/page"}],"author":[{"embeddable":true,"href":"https:\/\/medifactia.com\/pt\/wp-json\/wp\/v2\/users\/1"}],"replies":[{"embeddable":true,"href":"https:\/\/medifactia.com\/pt\/wp-json\/wp\/v2\/comments?post=15004"}],"version-history":[{"count":4,"href":"https:\/\/medifactia.com\/pt\/wp-json\/wp\/v2\/pages\/15004\/revisions"}],"predecessor-version":[{"id":15172,"href":"https:\/\/medifactia.com\/pt\/wp-json\/wp\/v2\/pages\/15004\/revisions\/15172"}],"wp:attachment":[{"href":"https:\/\/medifactia.com\/pt\/wp-json\/wp\/v2\/media?parent=15004"}],"curies":[{"name":"wp","href":"https:\/\/api.w.org\/{rel}","templated":true}]}}