{"id":15108,"date":"2023-08-09T12:06:20","date_gmt":"2023-08-09T10:06:20","guid":{"rendered":"https:\/\/medifactia.com\/pl\/gastrointestinal-disorders\/"},"modified":"2023-09-04T09:28:06","modified_gmt":"2023-09-04T07:28:06","slug":"gastrointestinal-disorders","status":"publish","type":"page","link":"https:\/\/medifactia.com\/pl\/gastrointestinal-disorders\/","title":{"rendered":"Gastrointestinal Disorders"},"content":{"rendered":"<div  class='flex_column av-vcawky-18c8b3091d7005a1ca2a1950ce3b99ce av_one_full  avia-builder-el-0  el_before_av_one_full  avia-builder-el-first  first flex_column_div  '     ><style type=\"text\/css\" data-created_by=\"avia_inline_auto\" id=\"style-css-av-ll3mun2f-1ad3307a97f9fed1709524694a3a4431\">\n.avia-image-container.av-ll3mun2f-1ad3307a97f9fed1709524694a3a4431 img.avia_image{\nbox-shadow:none;\n}\n.avia-image-container.av-ll3mun2f-1ad3307a97f9fed1709524694a3a4431 .av-image-caption-overlay-center{\ncolor:#ffffff;\n}\n<\/style>\n<div  class='avia-image-container av-ll3mun2f-1ad3307a97f9fed1709524694a3a4431 av-styling- avia-align-center  avia-builder-el-1  avia-builder-el-no-sibling '   itemprop=\"image\" itemscope=\"itemscope\" itemtype=\"https:\/\/schema.org\/ImageObject\" ><div class=\"avia-image-container-inner\"><div class=\"avia-image-overlay-wrap\"><img decoding=\"async\" fetchpriority=\"high\" class='wp-image- avia-img-lazy-loading-not- avia_image ' src=\"https:\/\/medifactia.com\/wp-content\/uploads\/2023\/08\/Man_Toilet-scaled.jpg\" alt='' title=''   itemprop=\"thumbnailUrl\"  \/><\/div><\/div><\/div><\/div>\n<div  class='flex_column av-w7sqhe-d5fa4e22da3a538d13f5d1a26f7242b8 av_one_full  avia-builder-el-2  el_after_av_one_full  el_before_av_one_full  first flex_column_div  column-top-margin'     ><p>\n<style type=\"text\/css\" data-created_by=\"avia_inline_auto\" id=\"style-css-av-ll3mj5e5-e665125d6a4b64ee6dc7b5dac3412f3b\">\n#top .av-special-heading.av-ll3mj5e5-e665125d6a4b64ee6dc7b5dac3412f3b{\npadding-bottom:10px;\n}\nbody .av-special-heading.av-ll3mj5e5-e665125d6a4b64ee6dc7b5dac3412f3b .av-special-heading-tag .heading-char{\nfont-size:25px;\n}\n.av-special-heading.av-ll3mj5e5-e665125d6a4b64ee6dc7b5dac3412f3b .av-subheading{\nfont-size:15px;\n}\n<\/style>\n<div  class='av-special-heading av-ll3mj5e5-e665125d6a4b64ee6dc7b5dac3412f3b av-special-heading-h1 blockquote modern-quote  avia-builder-el-3  el_before_av_textblock  avia-builder-el-first '><h1 class='av-special-heading-tag '  itemprop=\"headline\"  >Zaburzenia czynno\u015bciowe uk\u0142adu pokarmowego (FGID)<\/h1><div class=\"special-heading-border\"><div class=\"special-heading-inner-border\"><\/div><\/div><\/div><br \/>\n<section  class='av_textblock_section av-ll3mjwks-3ed552d8431f93f0aaa92fa83a1eef94 '   itemscope=\"itemscope\" itemtype=\"https:\/\/schema.org\/CreativeWork\" ><div class='avia_textblock'  itemprop=\"text\" ><p>Zaburzenia czynno\u015bciowe uk\u0142adu pokarmowego charakteryzuj\u0105 si\u0119 przewlek\u0142ymi (d\u0142ugotrwa\u0142ymi) objawami uk\u0142adu pokarmowego, kt\u00f3re wynikaj\u0105 z funkcji lub dysfunkcji uk\u0142adu trawiennego.<\/p>\n<p>Zaburzenia czynno\u015bciowe uk\u0142adu pokarmowego i motoryki s\u0105 najcz\u0119stszymi problemami uk\u0142adu pokarmowego w populacji og\u00f3lnej. Szacuje si\u0119, \u017ce oko\u0142o 1 na 4 osoby, a nawet wi\u0119cej, mo\u017ce do\u015bwiadczy\u0107 tych problem\u00f3w. Te warunki stanowi\u0105 oko\u0142o 40% problem\u00f3w uk\u0142adu pokarmowego, z kt\u00f3rymi lekarze i terapeuci pomagaj\u0105 pacjentom.<\/p>\n<p>Termin \u201efunkcjonalny\u201d jest zazwyczaj u\u017cywany do opisu zaburze\u0144, w kt\u00f3rych regularne funkcje ruch\u00f3w jelit, wra\u017cliwo\u015b\u0107 nerw\u00f3w jelitowych lub kontrola m\u00f3zgu nad tymi dzia\u0142aniami s\u0105 zak\u0142\u00f3cone.<\/p>\n<p>Niekt\u00f3re z najcz\u0119stszych zaburze\u0144 czynno\u015bciowych uk\u0142adu pokarmowego to funkcjonalna zaparcie, funkcjonalna biegunka oraz zesp\u00f3\u0142 jelita dra\u017cliwego (IBS).<\/p>\n<\/div><\/section><\/p><\/div><div  class='flex_column av-1jtmvde-84260a62ab92da9de2ba17cb9d8eef8a av_one_full  avia-builder-el-5  el_after_av_one_full  el_before_av_one_full  first flex_column_div  column-top-margin'     ><p>\n<style type=\"text\/css\" data-created_by=\"avia_inline_auto\" id=\"style-css-av-ll3ml4jh-9db803565b84642db86ff0236e59ce96\">\n#top .av-special-heading.av-ll3ml4jh-9db803565b84642db86ff0236e59ce96{\npadding-bottom:10px;\n}\nbody .av-special-heading.av-ll3ml4jh-9db803565b84642db86ff0236e59ce96 .av-special-heading-tag .heading-char{\nfont-size:25px;\n}\n.av-special-heading.av-ll3ml4jh-9db803565b84642db86ff0236e59ce96 .av-subheading{\nfont-size:15px;\n}\n<\/style>\n<div  class='av-special-heading av-ll3ml4jh-9db803565b84642db86ff0236e59ce96 av-special-heading-h2 blockquote modern-quote  avia-builder-el-6  el_before_av_textblock  avia-builder-el-first '><h2 class='av-special-heading-tag '  itemprop=\"headline\"  >Przewlek\u0142e zaparcie<\/h2><div class=\"special-heading-border\"><div class=\"special-heading-inner-border\"><\/div><\/div><\/div><br \/>\n<section  class='av_textblock_section av-ll3mm5zg-20b4496a7c9646f5e26187d06eb79991 '   itemscope=\"itemscope\" itemtype=\"https:\/\/schema.org\/CreativeWork\" ><div class='avia_textblock'  itemprop=\"text\" ><p>Przewlek\u0142e zaparcie odnosi si\u0119 do utrzymuj\u0105cej si\u0119 nieregularno\u015bci wypr\u00f3\u017cnie\u0144 lub trudno\u015bci w oddawaniu stolca przez d\u0142u\u017cszy okres, zwykle trwaj\u0105cy kilka tygodni lub d\u0142u\u017cej. Cz\u0119sto charakteryzuje si\u0119 mniej ni\u017c trzema wypr\u00f3\u017cnieniami tygodniowo. Podczas gdy okazjonalne zaparcia s\u0105 powszechnym problemem zar\u00f3wno u doros\u0142ych, jak i dzieci, pewne osoby mog\u0105 cierpie\u0107 na przewlek\u0142e zaparcia, co znacz\u0105co wp\u0142ywa na ich codzienne rutyny.<\/p>\n<p>Objawy przewlek\u0142ego zaparcia obejmuj\u0105:<\/p>\n<ul>\n<li>Mniej ni\u017c trzy wypr\u00f3\u017cnienia na tydzie\u0144<\/li>\n<li>Do\u015bwiadczanie grudkowatych lub twardych stolc\u00f3w<\/li>\n<li>Wysi\u0142ek podczas wypr\u00f3\u017cnie\u0144<\/li>\n<li>Odczucie blokady w odbycie, utrudniaj\u0105cej wypr\u00f3\u017cnianie<\/li>\n<li>Uczucie niepe\u0142nego opr\u00f3\u017cnienia odbytu po wypr\u00f3\u017cnieniu<\/li>\n<li>Konieczno\u015b\u0107 pomocy w opr\u00f3\u017cnianiu odbytu, co mo\u017ce obejmowa\u0107 naciskanie na brzuch lub r\u0119czne usuni\u0119cie stolca palcem<\/li>\n<\/ul>\n<p>Zaparcie mo\u017ce by\u0107 uznane za przewlek\u0142e, je\u015bli wyst\u0105pi\u0142y u Ciebie trwale dwa lub wi\u0119cej z tych objaw\u00f3w przez ostatnie trzy miesi\u0105ce. Zaparcie, kt\u00f3re jest d\u0142ugotrwa\u0142e (przewlek\u0142e) lub kt\u00f3re ci\u0105gle si\u0119 powtarza, wymaga wi\u0119kszego wysi\u0142ku w celu zdiagnozowania i leczenia.<\/p>\n<\/div><\/section><\/p><\/div><div  class='flex_column av-10x8p8y-a287594219392dd62ffb17dd326eb404 av_one_full  avia-builder-el-8  el_after_av_one_full  el_before_av_one_full  first flex_column_div  column-top-margin'     ><p>\n<style type=\"text\/css\" data-created_by=\"avia_inline_auto\" id=\"style-css-av-ll3mmuxz-89cbb20b8efd82832369454b5a99bf37\">\n#top .av-special-heading.av-ll3mmuxz-89cbb20b8efd82832369454b5a99bf37{\npadding-bottom:10px;\n}\nbody .av-special-heading.av-ll3mmuxz-89cbb20b8efd82832369454b5a99bf37 .av-special-heading-tag .heading-char{\nfont-size:25px;\n}\n.av-special-heading.av-ll3mmuxz-89cbb20b8efd82832369454b5a99bf37 .av-subheading{\nfont-size:15px;\n}\n<\/style>\n<div  class='av-special-heading av-ll3mmuxz-89cbb20b8efd82832369454b5a99bf37 av-special-heading-h2 blockquote modern-quote  avia-builder-el-9  el_before_av_textblock  avia-builder-el-first '><h2 class='av-special-heading-tag '  itemprop=\"headline\"  >Przewlek\u0142a biegunka<\/h2><div class=\"special-heading-border\"><div class=\"special-heading-inner-border\"><\/div><\/div><\/div><br \/>\n<section  class='av_textblock_section av-ll3mngxy-e393a0b3bce92c488ac3043db6d52eaf '   itemscope=\"itemscope\" itemtype=\"https:\/\/schema.org\/CreativeWork\" ><div class='avia_textblock'  itemprop=\"text\" ><p>Biegunka to powszechny stan charakteryzuj\u0105cy si\u0119 cz\u0119stym oddawaniem lu\u017anych lub wodnistych stolc\u00f3w. Mo\u017ce wyst\u0119powa\u0107 samodzielnie lub wraz z innymi objawami, takimi jak nudno\u015bci, wymioty, b\u00f3l brzucha lub utrata wagi. Ostre biegunki ust\u0119puj\u0105 w ci\u0105gu kilku tygodni, a staj\u0105 si\u0119 przewlek\u0142e, gdy trwaj\u0105 d\u0142u\u017cej ni\u017c 3\u20134 tygodnie. Je\u015bli po dok\u0142adnym zbadaniu nie zostanie znaleziona konkretna przyczyna i spe\u0142nione zostan\u0105 pewne kryteria, mo\u017ce by\u0107 rozwa\u017cona diagnoza biegunki funkcjonalnej lub przewlek\u0142ej.<\/p>\n<\/div><\/section><\/p><\/div><div  class='flex_column av-odeu9e-1af2c6b1ea3ecce6454987834f5d3f60 av_one_full  avia-builder-el-11  el_after_av_one_full  el_before_av_hr  first flex_column_div  column-top-margin'     ><p>\n<style type=\"text\/css\" data-created_by=\"avia_inline_auto\" id=\"style-css-av-ll3mnsx7-3261cd74e06bc508aae5f9d171d9bda7\">\n#top .av-special-heading.av-ll3mnsx7-3261cd74e06bc508aae5f9d171d9bda7{\npadding-bottom:10px;\n}\nbody .av-special-heading.av-ll3mnsx7-3261cd74e06bc508aae5f9d171d9bda7 .av-special-heading-tag .heading-char{\nfont-size:25px;\n}\n.av-special-heading.av-ll3mnsx7-3261cd74e06bc508aae5f9d171d9bda7 .av-subheading{\nfont-size:15px;\n}\n<\/style>\n<div  class='av-special-heading av-ll3mnsx7-3261cd74e06bc508aae5f9d171d9bda7 av-special-heading-h2 blockquote modern-quote  avia-builder-el-12  el_before_av_textblock  avia-builder-el-first '><h2 class='av-special-heading-tag '  itemprop=\"headline\"  >Zesp\u00f3\u0142 Jelita Dra\u017cliwego (IBS)<\/h2><div class=\"special-heading-border\"><div class=\"special-heading-inner-border\"><\/div><\/div><\/div><br \/>\n<section  class='av_textblock_section av-ll3moucw-012d68b4daff8778833aa2ef186ded39 '   itemscope=\"itemscope\" itemtype=\"https:\/\/schema.org\/CreativeWork\" ><div class='avia_textblock'  itemprop=\"text\" ><p>Zesp\u00f3\u0142 jelita dra\u017cliwego (IBS) to powszechna choroba wp\u0142ywaj\u0105ca na \u017co\u0142\u0105dek i jelita, nazywane r\u00f3wnie\u017c przewodem pokarmowym. Jej objawy obejmuj\u0105 skurcze, b\u00f3le brzucha, wzd\u0119cia, gaz oraz naprzemiennie wyst\u0119puj\u0105ce epizody biegunki i zaparcia, a czasem oba te stany razem. IBS to schorzenie przewlek\u0142e, kt\u00f3re wymaga d\u0142ugoterminowego zarz\u0105dzania w celu skutecznego \u0142agodzenia jego objaw\u00f3w. Znaczna liczba os\u00f3b do\u015bwiadczaj\u0105cych umiarkowanego lub ci\u0119\u017ckiego IBS zg\u0142asza nisk\u0105 jako\u015b\u0107 \u017cycia. Objawy IBS mog\u0105 si\u0119 r\u00f3\u017cni\u0107 i zazwyczaj utrzymuj\u0105 si\u0119 przez d\u0142u\u017cszy czas. Najcz\u0119stsze objawy to:<\/p>\n<ul>\n<li>B\u00f3l brzucha, skurcze lub wzd\u0119cia zwi\u0105zane z oddawaniem stolca<\/li>\n<li>Zmiany w wygl\u0105dzie stolca<\/li>\n<li>Zmiany w cz\u0119stotliwo\u015bci oddawania stolca<\/li>\n<\/ul>\n<p>Inne zwi\u0105zane objawy mog\u0105 obejmowa\u0107 uczucie niepe\u0142nego wypr\u00f3\u017cnienia oraz zwi\u0119kszon\u0105 obecno\u015b\u0107 gazu lub \u015bluzu w stolcu.<\/p>\n<p>Istniej\u0105 cztery typy IBS. Ka\u017cdy typ jest nazwany wed\u0142ug swoich najcz\u0119stszych dolegliwo\u015bci, w tym IBS z przewag\u0105 zapar\u0107 (IBS-C), IBS z przewag\u0105 biegunek (IBS-D), mieszany typ IBS (IBS-M) oraz IBS niesklasyfikowany.<\/p>\n<\/div><\/section><\/p><\/div><div  class='hr av-5bf71u-0fc17794266e30ad9cc5c4260e9df573 hr-default  avia-builder-el-14  el_after_av_one_full  el_before_av_one_full '><span class='hr-inner '><span class=\"hr-inner-style\"><\/span><\/span><\/div><\/p>\n<div  class='flex_column av-16qxkia-ddb7daef80a5c3df972f5cad8e8e623c av_one_full  avia-builder-el-15  el_after_av_hr  el_before_av_hr  first flex_column_div  '     ><style type=\"text\/css\" data-created_by=\"avia_inline_auto\" id=\"style-css-av-ll3mqg6q-be652d1d2a197a30b775dc39a62b89c8\">\n#top .av_textblock_section.av-ll3mqg6q-be652d1d2a197a30b775dc39a62b89c8 .avia_textblock{\nfont-size:13px;\n}\n<\/style>\n<section  class='av_textblock_section av-ll3mqg6q-be652d1d2a197a30b775dc39a62b89c8 '   itemscope=\"itemscope\" itemtype=\"https:\/\/schema.org\/CreativeWork\" ><div class='avia_textblock'  itemprop=\"text\" ><p>Informacje na tej stronie nie powinny by\u0107 u\u017cywane jako substytut porady medycznej od lekarza. Zawsze om\u00f3w diagnoz\u0119 i informacje dotycz\u0105ce leczenia, w tym ryzyka, z lekarzem. Pami\u0119taj, \u017ce wszystkie wyniki leczenia i jego skutki s\u0105 specyficzne dla indywidualnego pacjenta. Wyniki mog\u0105 si\u0119 r\u00f3\u017cni\u0107.<\/p>\n<\/div><\/section><\/div><div  class='hr av-rtsaj6-d528e2842421b0c713aa5dafb313b352 hr-default  avia-builder-el-17  el_after_av_one_full  el_before_av_one_full '><span class='hr-inner '><span class=\"hr-inner-style\"><\/span><\/span><\/div><\/p>\n<div  class='flex_column av-jpilo2-80d69019b04e3fe061eaa22def74707d av_one_full  avia-builder-el-18  el_after_av_hr  avia-builder-el-last  first flex_column_div  '     ><style type=\"text\/css\" data-created_by=\"avia_inline_auto\" id=\"style-css-av-ll3msqtb-33b63a6eac43cd7ee4bdd225ddc31726\">\n#top .av_textblock_section.av-ll3msqtb-33b63a6eac43cd7ee4bdd225ddc31726 .avia_textblock{\nfont-size:12px;\ncolor:#707070;\n}\n<\/style>\n<section  class='av_textblock_section av-ll3msqtb-33b63a6eac43cd7ee4bdd225ddc31726 '   itemscope=\"itemscope\" itemtype=\"https:\/\/schema.org\/CreativeWork\" ><div class='avia_textblock av_inherit_color'  itemprop=\"text\" ><p>Aziz, I., Whitehead, W.E., Palsson, O., T\u00f6rnblom, H. &amp; Simr\u00e9n, M. (2020). Expert Review of Gastroenterology &amp; Hepatology. An approach to the diagnosis and management of Rome IV functional disorders of chronic constipation [electronic version]. Taylor &amp; Francis Group, Vol. no. 14, 1-8.<\/p>\n<p>Drossman DA., et al. (2016). Rome IV, the functional gastrointestinal disorders. Gastroenterology. Vol. 150:1262-1279.<\/p>\n<p>Keller, J., Bassotti, G., Clarke, J., et al. (2018). EXPERT CONSENCUS DOCUMENT. Advances in the diagnosis and classification of gastric and intestinal motility disorders [electronic version]. Nat Rev Gastroenterol Hepatol., Vol. 15(5), 291-308.<\/p>\n<p>Sperber, AD., et al. (2021). Worldwide Prevalence and Burden of Functional Gastrointestinal Disorders, Results of Rome Foundation Global Study. Gastroenterology. Vol. 160:99-114.<\/p>\n<\/div><\/section><\/div>\n","protected":false},"excerpt":{"rendered":"","protected":false},"author":1,"featured_media":0,"parent":0,"menu_order":0,"comment_status":"closed","ping_status":"closed","template":"","meta":{"footnotes":""},"class_list":["post-15108","page","type-page","status-publish","hentry"],"_links":{"self":[{"href":"https:\/\/medifactia.com\/pl\/wp-json\/wp\/v2\/pages\/15108","targetHints":{"allow":["GET"]}}],"collection":[{"href":"https:\/\/medifactia.com\/pl\/wp-json\/wp\/v2\/pages"}],"about":[{"href":"https:\/\/medifactia.com\/pl\/wp-json\/wp\/v2\/types\/page"}],"author":[{"embeddable":true,"href":"https:\/\/medifactia.com\/pl\/wp-json\/wp\/v2\/users\/1"}],"replies":[{"embeddable":true,"href":"https:\/\/medifactia.com\/pl\/wp-json\/wp\/v2\/comments?post=15108"}],"version-history":[{"count":3,"href":"https:\/\/medifactia.com\/pl\/wp-json\/wp\/v2\/pages\/15108\/revisions"}],"predecessor-version":[{"id":15116,"href":"https:\/\/medifactia.com\/pl\/wp-json\/wp\/v2\/pages\/15108\/revisions\/15116"}],"wp:attachment":[{"href":"https:\/\/medifactia.com\/pl\/wp-json\/wp\/v2\/media?parent=15108"}],"curies":[{"name":"wp","href":"https:\/\/api.w.org\/{rel}","templated":true}]}}