{"id":15013,"date":"2023-04-20T07:38:12","date_gmt":"2023-04-20T05:38:12","guid":{"rendered":"https:\/\/medifactia.com\/pl\/?page_id=15013"},"modified":"2026-02-11T13:31:23","modified_gmt":"2026-02-11T12:31:23","slug":"instructions","status":"publish","type":"page","link":"https:\/\/medifactia.com\/pl\/instructions\/","title":{"rendered":"Instructions"},"content":{"rendered":"<div  class='flex_column av-ccf2yyt-371ce512cbb3513ff2217e9548b4ea9e av_one_full  avia-builder-el-0  el_before_av_one_full  avia-builder-el-first  first flex_column_div  '     ><div  class='avia-video av-16hvrmt-5e38fa1d993a2bec3711ace7544f9208 avia-video-16-9 av-no-preview-image avia-video-load-always av-lazyload-immediate av-lazyload-video-embed'  itemprop=\"video\" itemtype=\"https:\/\/schema.org\/VideoObject\"  data-original_url='https:\/\/vimeo.com\/796097857'><script type='text\/html' class='av-video-tmpl'><div class='avia-iframe-wrap'><iframe loading=\"lazy\" title=\"Medifactia video 1 2023 ENG.mp4\" src=\"https:\/\/player.vimeo.com\/video\/796097857?h=911af83fab&amp;dnt=1&amp;app_id=122963&autoplay=0&loop=0&controls=1&muted=0\" width=\"1500\" height=\"844\" frameborder=\"0\" allow=\"autoplay; fullscreen; picture-in-picture\" allowfullscreen><\/iframe><\/div><\/script><div class='av-click-to-play-overlay'><div class=\"avia_playpause_icon\"><\/div><\/div><\/div><\/div>\n<div  class='flex_column av-b7x6tyd-3d6d23448765c20a84a109604e66aafe av_one_full  avia-builder-el-2  el_after_av_one_full  el_before_av_one_full  first flex_column_div  column-top-margin'     ><p>\n<style type=\"text\/css\" data-created_by=\"avia_inline_auto\" id=\"style-css-av-lgoovtst-9c285b0e93e7fcf322196f21a95ae4fb\">\n#top .av-special-heading.av-lgoovtst-9c285b0e93e7fcf322196f21a95ae4fb{\npadding-bottom:10px;\n}\nbody .av-special-heading.av-lgoovtst-9c285b0e93e7fcf322196f21a95ae4fb .av-special-heading-tag .heading-char{\nfont-size:25px;\n}\n.av-special-heading.av-lgoovtst-9c285b0e93e7fcf322196f21a95ae4fb .av-subheading{\nfont-size:15px;\n}\n<\/style>\n<div  class='av-special-heading av-lgoovtst-9c285b0e93e7fcf322196f21a95ae4fb av-special-heading-h1 blockquote modern-quote  avia-builder-el-3  el_before_av_textblock  avia-builder-el-first '><h1 class='av-special-heading-tag '  itemprop=\"headline\"  >Instrukcja w\u0142a\u015bciwego u\u017cytkowania Markery Transit-Pellets<\/h1><div class=\"special-heading-border\"><div class=\"special-heading-inner-border\"><\/div><\/div><\/div><br \/>\n<section  class='av_textblock_section av-lgoowk1p-5f9667ff33307dec01c9e726a08fa67d '   itemscope=\"itemscope\" itemtype=\"https:\/\/schema.org\/CreativeWork\" ><div class='avia_textblock'  itemprop=\"text\" ><p>Testy z markerami Transit-Pellets s\u0105 przepisywane przez lekarza do stosowania przez pacjent\u00f3w w warunkach domowych. Przez sze\u015b\u0107 kolejnych dni, pacjent po\u0142yka markery Transit-Pellets zawarte w siedmiu kapsu\u0142kach HPMC (hydroksypropylometyloceluloza), a nast\u0119pnie wykonuje zdj\u0119cie rentgenowskie jamy brzusznej w si\u00f3dmym dniu.<\/p>\n<p>Aby zapewni\u0107 w\u0142a\u015bciwe i bezpieczne stosowanie marker\u00f3w Transit-Pellets, wa\u017cne jest dok\u0142adne zapoznanie si\u0119 z Instrukcj\u0105 U\u017cytkowania (IFU) dla Transit-Pellets przed rozpocz\u0119ciem stosowania. Mo\u017cna j\u0105 otworzy\u0107 bezpo\u015brednio przez <a href=\"https:\/\/medifactia.com\/wp-content\/uploads\/2026\/02\/0074-IFU-International-ver05.pdf\" target=\"_blank\" rel=\"noopener\">TEN LINK<\/a>. Nale\u017cy pami\u0119ta\u0107, \u017ce IFU dla marker\u00f3w Transit-Pellets mo\u017ce ulec zmianie. Najbardziej aktualna wersja jest zawsze dost\u0119pna na tej stronie.<\/p>\n<\/div><\/section><\/p><\/div><div  class='flex_column av-at7d6px-da4da11cb1579ba5381d769e0678297b av_one_full  avia-builder-el-5  el_after_av_one_full  el_before_av_hr  first flex_column_div  column-top-margin'     ><p>\n<style type=\"text\/css\" data-created_by=\"avia_inline_auto\" id=\"style-css-av-lgoows82-6cb5c9c72281e5175ae46053ca19d15d\">\n#top .av-special-heading.av-lgoows82-6cb5c9c72281e5175ae46053ca19d15d{\npadding-bottom:10px;\n}\nbody .av-special-heading.av-lgoows82-6cb5c9c72281e5175ae46053ca19d15d .av-special-heading-tag .heading-char{\nfont-size:25px;\n}\n.av-special-heading.av-lgoows82-6cb5c9c72281e5175ae46053ca19d15d .av-subheading{\nfont-size:15px;\n}\n<\/style>\n<div  class='av-special-heading av-lgoows82-6cb5c9c72281e5175ae46053ca19d15d av-special-heading-h2 blockquote modern-quote  avia-builder-el-6  el_before_av_textblock  avia-builder-el-first '><h2 class='av-special-heading-tag '  itemprop=\"headline\"  >Zapewnij dok\u0142adne wyniki: post\u0119puj zgodnie z zaleconymi instrukcjami<\/h2><div class=\"special-heading-border\"><div class=\"special-heading-inner-border\"><\/div><\/div><\/div><br \/>\n<section  class='av_textblock_section av-lgoox57l-e116b916218c41c6677cb2ab3c024988 '   itemscope=\"itemscope\" itemtype=\"https:\/\/schema.org\/CreativeWork\" ><div class='avia_textblock'  itemprop=\"text\" ><p><img decoding=\"async\" class=\"alignright size-full wp-image-15198\" style=\"margin-left: 25px; margin-bottom: 30px;\" src=\"https:\/\/medifactia.com\/us\/wp-content\/uploads\/sites\/2\/2023\/02\/Transit-Pellets-Blister-gray.png\" alt=\"\" width=\"120\" \/>Aby uzyska\u0107 dok\u0142adne wyniki, wa\u017cne jest, aby stosowa\u0107 zalecane instrukcje dotycz\u0105ce dawkowania marker\u00f3w. Od dnia pierwszego do dnia pi\u0105tego nale\u017cy przyjmowa\u0107 jedn\u0105 kapsu\u0142k\u0119 Transit-Pellets dziennie. W dniu sz\u00f3stym rano nale\u017cy przyj\u0105\u0107 jedn\u0105 kapsu\u0142k\u0119 oznaczon\u0105 jako \u201d6:1\u201d, a wieczorem drug\u0105 kapsu\u0142k\u0119 oznaczon\u0105 jako \u201d6:2\u201d.<\/p>\n<p>Aby zapewni\u0107 dok\u0142adno\u015b\u0107 pomiaru, wa\u017cne jest, aby um\u00f3wi\u0107 si\u0119 na badanie radiologiczne w odpowiednim czasie wzgl\u0119dem ostatniej dawki markera w dniu sz\u00f3stym, oznaczonej jako \u201d6:2\u201d. Oznacza to, \u017ce zdj\u0119cie rentgenowskie powinno by\u0107 wykonane oko\u0142o 12 godzin po ostatnim spo\u017cyciu markera wieczorem w dniu sz\u00f3stym. Poni\u017csza tabela stanowi przydatne odniesienie.<\/p>\n<\/div><\/section><br \/>\n<div class='avia-data-table-wrap av-a9s1fk5-0e4a258635dcd02390cc939a1f822b02 avia_responsive_table avia-table-1'><table  class='avia-table avia-data-table avia_pricing_default  avia-builder-el-8  el_after_av_textblock  avia-builder-el-last '  itemscope=\"itemscope\" itemtype=\"https:\/\/schema.org\/Table\" ><tbody><tr class='avia-heading-row'><th class=''>Dzie\u0144 1 (Przyjmij kapsu\u0142k\u0119 1)<\/th><th class=''>Dzie\u0144 7 (Rentgen)<\/th><\/tr><tr class=''><td class=''>Wtorek<\/td><td class=''>Poniedzia\u0142ek<\/td><\/tr><tr class=''><td class=''>\u015aroda<\/td><td class=''>Wtorek<\/td><\/tr><tr class=''><td class=''>Czwartek<\/td><td class=''>\u015aroda<\/td><\/tr><tr class=''><td class=''>Pi\u0105tek<\/td><td class=''>Czwartek<\/td><\/tr><tr class=''><td class=''>Sobota<\/td><td class=''>Pi\u0105tek<\/td><\/tr><\/tbody><\/table><\/div><style type='text\/css'>.avia-table-1 td:nth-of-type(1):before { content: 'Dzie\u0144 1 (Przyjmij kapsu\u0142k\u0119 1)'; } .avia-table-1 td:nth-of-type(2):before { content: 'Dzie\u0144 7 (Rentgen)'; } <\/style><\/p><\/div><\/p>\n<div  class='hr av-1j7d8v9-1efa2a7949d4d01bfddf0cb1a9b93416 hr-default  avia-builder-el-9  el_after_av_one_full  el_before_av_one_full '><span class='hr-inner '><span class=\"hr-inner-style\"><\/span><\/span><\/div>\n<div  class='flex_column av-124abt1-ceef5b01ddc6b6944a7b05e3fe092a96 av_one_full  avia-builder-el-10  el_after_av_hr  el_before_av_hr  first flex_column_div  '     ><style type=\"text\/css\" data-created_by=\"avia_inline_auto\" id=\"style-css-av-lgooyum8-6824e864abd2a723fe46bcbfc313c68e\">\n#top .av_textblock_section.av-lgooyum8-6824e864abd2a723fe46bcbfc313c68e .avia_textblock{\nfont-size:13px;\n}\n<\/style>\n<section  class='av_textblock_section av-lgooyum8-6824e864abd2a723fe46bcbfc313c68e '   itemscope=\"itemscope\" itemtype=\"https:\/\/schema.org\/CreativeWork\" ><div class='avia_textblock'  itemprop=\"text\" ><p>Informacje na tej stronie nie powinny by\u0107 u\u017cywane jako substytut porady medycznej od lekarza. Zawsze om\u00f3w diagnoz\u0119 i informacje dotycz\u0105ce leczenia, w tym ryzyka, z lekarzem. Pami\u0119taj, \u017ce wszystkie wyniki leczenia i jego skutki s\u0105 specyficzne dla indywidualnego pacjenta. Wyniki mog\u0105 si\u0119 r\u00f3\u017cni\u0107.<\/p>\n<\/div><\/section><\/div>\n<div  class='hr av-iuurj9-64284e813b09892ae2d680a4dcdeb710 hr-default  avia-builder-el-12  el_after_av_one_full  avia-builder-el-last '><span class='hr-inner '><span class=\"hr-inner-style\"><\/span><\/span><\/div>\n","protected":false},"excerpt":{"rendered":"","protected":false},"author":1,"featured_media":0,"parent":0,"menu_order":0,"comment_status":"closed","ping_status":"closed","template":"","meta":{"footnotes":""},"class_list":["post-15013","page","type-page","status-publish","hentry"],"_links":{"self":[{"href":"https:\/\/medifactia.com\/pl\/wp-json\/wp\/v2\/pages\/15013","targetHints":{"allow":["GET"]}}],"collection":[{"href":"https:\/\/medifactia.com\/pl\/wp-json\/wp\/v2\/pages"}],"about":[{"href":"https:\/\/medifactia.com\/pl\/wp-json\/wp\/v2\/types\/page"}],"author":[{"embeddable":true,"href":"https:\/\/medifactia.com\/pl\/wp-json\/wp\/v2\/users\/1"}],"replies":[{"embeddable":true,"href":"https:\/\/medifactia.com\/pl\/wp-json\/wp\/v2\/comments?post=15013"}],"version-history":[{"count":3,"href":"https:\/\/medifactia.com\/pl\/wp-json\/wp\/v2\/pages\/15013\/revisions"}],"predecessor-version":[{"id":15183,"href":"https:\/\/medifactia.com\/pl\/wp-json\/wp\/v2\/pages\/15013\/revisions\/15183"}],"wp:attachment":[{"href":"https:\/\/medifactia.com\/pl\/wp-json\/wp\/v2\/media?parent=15013"}],"curies":[{"name":"wp","href":"https:\/\/api.w.org\/{rel}","templated":true}]}}