{"id":15010,"date":"2023-04-20T07:34:55","date_gmt":"2023-04-20T05:34:55","guid":{"rendered":"https:\/\/medifactia.com\/pl\/?page_id=15010"},"modified":"2026-02-11T08:43:13","modified_gmt":"2026-02-11T07:43:13","slug":"colon-transit-markers","status":"publish","type":"page","link":"https:\/\/medifactia.com\/pl\/colon-transit-markers\/","title":{"rendered":"Colon Transit Markers"},"content":{"rendered":"<div  class='flex_column av-50fd1z6-9da9a3e2ff118836dccadf871598c93e av_one_full  avia-builder-el-0  el_before_av_one_full  avia-builder-el-first  first flex_column_div  '     ><style type=\"text\/css\" data-created_by=\"avia_inline_auto\" id=\"style-css-av-lgoorod5-9518f63f9cb0d292606fa79a91131690\">\n.avia-image-container.av-lgoorod5-9518f63f9cb0d292606fa79a91131690 img.avia_image{\nbox-shadow:none;\n}\n.avia-image-container.av-lgoorod5-9518f63f9cb0d292606fa79a91131690 .av-image-caption-overlay-center{\ncolor:#ffffff;\n}\n<\/style>\n<div  class='avia-image-container av-lgoorod5-9518f63f9cb0d292606fa79a91131690 av-styling- avia-align-center  avia-builder-el-1  avia-builder-el-no-sibling '   itemprop=\"image\" itemscope=\"itemscope\" itemtype=\"https:\/\/schema.org\/ImageObject\" ><div class=\"avia-image-container-inner\"><div class=\"avia-image-overlay-wrap\"><img decoding=\"async\" fetchpriority=\"high\" class='wp-image- avia-img-lazy-loading-not- avia_image ' src=\"https:\/\/medifactia.com\/us\/wp-content\/uploads\/sites\/2\/2023\/02\/medifactia-TP-Infinit.jpg\" alt='' title=''   itemprop=\"thumbnailUrl\"  \/><\/div><\/div><\/div><\/div>\n<div  class='flex_column av-gaiflu-10c745df5db66a7d037ff61bb03230a4 av_one_full  avia-builder-el-2  el_after_av_one_full  el_before_av_hr  first flex_column_div  column-top-margin'     ><p>\n<style type=\"text\/css\" data-created_by=\"avia_inline_auto\" id=\"style-css-av-lgoorsvm-993c5fba82a4615449d0a6716d5b2729\">\n#top .av-special-heading.av-lgoorsvm-993c5fba82a4615449d0a6716d5b2729{\npadding-bottom:10px;\n}\nbody .av-special-heading.av-lgoorsvm-993c5fba82a4615449d0a6716d5b2729 .av-special-heading-tag .heading-char{\nfont-size:25px;\n}\n.av-special-heading.av-lgoorsvm-993c5fba82a4615449d0a6716d5b2729 .av-subheading{\nfont-size:15px;\n}\n<\/style>\n<div  class='av-special-heading av-lgoorsvm-993c5fba82a4615449d0a6716d5b2729 av-special-heading-h1 blockquote modern-quote  avia-builder-el-3  el_before_av_textblock  avia-builder-el-first '><h1 class='av-special-heading-tag '  itemprop=\"headline\"  >Opis Transit-Pellets<\/h1><div class=\"special-heading-border\"><div class=\"special-heading-inner-border\"><\/div><\/div><\/div><br \/>\n<section  class='av_textblock_section av-lgoosfol-21ea790507e3651b036bdce88d24ee60 '   itemscope=\"itemscope\" itemtype=\"https:\/\/schema.org\/CreativeWork\" ><div class='avia_textblock'  itemprop=\"text\" ><p>Transit-Pellets sk\u0142ada si\u0119 z ma\u0142ych marker\u00f3w radiologiczne, \u201epellet\u00f3w\u201d, wykonanych z siarczanu baru (BaSO<sub>4<\/sub>), wype\u0142nionych silikonem wewn\u0105trz twardej kapsu\u0142ki hydroksypropylometylocelulozowej (HPMC). Kapsu\u0142ki HPMC s\u0105 wolne od \u017celatyny i s\u0105 standardowym typem u\u017cywanym w produktach leczniczych. Ich funkcj\u0105 jest transportowanie marker\u00f3w do \u017co\u0142\u0105dka, gdzie rozpuszczaj\u0105 si\u0119. Markery przechodz\u0105 przez przew\u00f3d pokarmowy i s\u0105 wydalane w kale.<\/p>\n<p>Siarczan baru to materia\u0142 radiopaki, kt\u00f3ry stosuje si\u0119 do radiologicznego obrazowania przewodu pokarmowego od czas\u00f3w pionierskich bada\u0144 WB Cannona w latach 90. XIX wieku. Termin \u201eradiopaki\u201d odnosi si\u0119 do materia\u0142\u00f3w, takich jak siarczan baru, kt\u00f3re s\u0105 wystarczaj\u0105co g\u0119ste, aby opiera\u0107 si\u0119 promieniowaniu rentgenowskiemu i dlatego mog\u0105 by\u0107 widoczne na zdj\u0119ciach rentgenowskich. U\u017cycie marker\u00f3w radiopaknych nas\u0105czonych siarczanem baru do pomiaru czas przej\u015bcia przez okr\u0119\u017cnic\u0119 jest praktykowane od ponad 45 lat. Silikon to r\u00f3wnie\u017c powszechnie stosowany materia\u0142 w wielu zastosowaniach medycznych.<\/p>\n<\/div><\/section><\/p><\/div>\n\n<style type=\"text\/css\" data-created_by=\"avia_inline_auto\" id=\"style-css-av-3yrkr7m-fc688f505389e03c3c38b4695ceefef1\">\n#top .hr.hr-invisible.av-3yrkr7m-fc688f505389e03c3c38b4695ceefef1{\nheight:10px;\n}\n<\/style>\n<div  class='hr av-3yrkr7m-fc688f505389e03c3c38b4695ceefef1 hr-invisible  avia-builder-el-5  el_after_av_one_full  el_before_av_three_fifth '><span class='hr-inner '><span class=\"hr-inner-style\"><\/span><\/span><\/div>\n<div  class='flex_column av-3aqdmwy-9b8360ce25f377d8716513b92b5a073d av_three_fifth  avia-builder-el-6  el_after_av_hr  el_before_av_two_fifth  first flex_column_div  '     ><section  class='av_textblock_section av-lgoosyz2-0617b2beef80987eb530e993b00a7f54 '   itemscope=\"itemscope\" itemtype=\"https:\/\/schema.org\/CreativeWork\" ><div class='avia_textblock'  itemprop=\"text\" ><p>HPMC-kapsu\u0142a (rozmiar -00-) sk\u0142ada si\u0119 z dw\u00f3ch otwartych cylinder\u00f3w, kapsu\u0142y i korpusu, kt\u00f3re pasuj\u0105 do siebie. Pi\u0119\u0107 kapsu\u0142 zawiera dziesi\u0119\u0107 pier\u015bcieniowatych znacznik\u00f3w, podczas gdy dwie kapsu\u0142y zawieraj\u0105 pi\u0119\u0107 znacznik\u00f3w w kszta\u0142cie rurki. Kapsu\u0142y Transit-Pellets s\u0105 pakowane w blister, kt\u00f3ry jest umieszczony w pude\u0142ku kartonowym.<\/p>\n<p>Transit-Pellets maj\u0105 inn\u0105 form\u0119 w dniu sz\u00f3stym, aby pom\u00f3c lekarzowi w lepszym zobrazowaniu niekt\u00f3rych cz\u0119\u015bci jelita grubego. W dniu sz\u00f3stym dawka jest r\u00f3wnie\u017c podzielona na porann\u0105 i wieczorn\u0105 dawk\u0119, aby umo\u017cliwi\u0107 ocen\u0119 wyst\u0119powania szybkiego transportu przez jelita.<\/p>\n<\/div><\/section><\/div>\n\n<style type=\"text\/css\" data-created_by=\"avia_inline_auto\" id=\"style-css-av-31i3m76-7014b054c1e31689b65109667ef09526\">\n.flex_column.av-31i3m76-7014b054c1e31689b65109667ef09526{\npadding:10px 0 0 0;\n}\n<\/style>\n<div  class='flex_column av-31i3m76-7014b054c1e31689b65109667ef09526 av_two_fifth  avia-builder-el-8  el_after_av_three_fifth  el_before_av_hr  flex_column_div  '     ><style type=\"text\/css\" data-created_by=\"avia_inline_auto\" id=\"style-css-av-lgoot3gm-cf8f4c2e5ccfd8e16eca022d99d584f5\">\n.avia-image-container.av-lgoot3gm-cf8f4c2e5ccfd8e16eca022d99d584f5 img.avia_image{\nbox-shadow:none;\n}\n.avia-image-container.av-lgoot3gm-cf8f4c2e5ccfd8e16eca022d99d584f5 .av-image-caption-overlay-center{\ncolor:#ffffff;\n}\n<\/style>\n<div  class='avia-image-container av-lgoot3gm-cf8f4c2e5ccfd8e16eca022d99d584f5 av-styling- avia-align-center  avia-builder-el-9  avia-builder-el-no-sibling '   itemprop=\"image\" itemscope=\"itemscope\" itemtype=\"https:\/\/schema.org\/ImageObject\" ><div class=\"avia-image-container-inner\"><div class=\"avia-image-overlay-wrap\"><img decoding=\"async\" fetchpriority=\"high\" class='wp-image- avia-img-lazy-loading-not- avia_image ' src=\"https:\/\/medifactia.com\/us\/wp-content\/uploads\/sites\/2\/2023\/02\/kapslar-1.jpg\" alt='' title=''   itemprop=\"thumbnailUrl\"  \/><\/div><\/div><\/div><\/div>\n\n<style type=\"text\/css\" data-created_by=\"avia_inline_auto\" id=\"style-css-av-8iopaa-d76a2db52035fa2dc7c32c97472057cd\">\n#top .hr.hr-invisible.av-8iopaa-d76a2db52035fa2dc7c32c97472057cd{\nheight:50px;\n}\n<\/style>\n<div  class='hr av-8iopaa-d76a2db52035fa2dc7c32c97472057cd hr-invisible  avia-builder-el-10  el_after_av_two_fifth  el_before_av_one_full '><span class='hr-inner '><span class=\"hr-inner-style\"><\/span><\/span><\/div>\n<div  class='flex_column av-23haoiq-6c28b4165a4f5a19b4f92116c2567c7e av_one_full  avia-builder-el-11  el_after_av_hr  el_before_av_hr  first flex_column_div  '     ><p>\n<style type=\"text\/css\" data-created_by=\"avia_inline_auto\" id=\"style-css-av-lgootlzk-ef6ba5c9af07a049056161c1d79d81c5\">\n#top .av-special-heading.av-lgootlzk-ef6ba5c9af07a049056161c1d79d81c5{\npadding-bottom:10px;\n}\nbody .av-special-heading.av-lgootlzk-ef6ba5c9af07a049056161c1d79d81c5 .av-special-heading-tag .heading-char{\nfont-size:25px;\n}\n.av-special-heading.av-lgootlzk-ef6ba5c9af07a049056161c1d79d81c5 .av-subheading{\nfont-size:15px;\n}\n<\/style>\n<div  class='av-special-heading av-lgootlzk-ef6ba5c9af07a049056161c1d79d81c5 av-special-heading-h2 blockquote modern-quote  avia-builder-el-12  el_before_av_textblock  avia-builder-el-first '><h2 class='av-special-heading-tag '  itemprop=\"headline\"  >Instrukcja u\u017cytkowania Transit-Pellets<\/h2><div class=\"special-heading-border\"><div class=\"special-heading-inner-border\"><\/div><\/div><\/div><br \/>\n<section  class='av_textblock_section av-lgoouaxl-89f017de182b86dc3d23ee669bff90c4 '   itemscope=\"itemscope\" itemtype=\"https:\/\/schema.org\/CreativeWork\" ><div class='avia_textblock'  itemprop=\"text\" ><p>Ka\u017cde opakowanie Transit-Pellets zawiera instrukcj\u0119 u\u017cytkowania (IFU), kt\u00f3ra jest dost\u0119pna w maksymalnie 20 r\u00f3\u017cnych j\u0119zykach. Wa\u017cne jest, aby u\u017cytkownik Transit-Pellets przeczyta\u0142 t\u0119 informacj\u0119 przed rozpocz\u0119ciem korzystania z urz\u0105dzenia. IFU zawiera wa\u017cne instrukcje dotycz\u0105ce prawid\u0142owego u\u017cytkowania Transit-Pellets. Pobierz instrukcj\u0119 obs\u0142ugi Transit-Pellets za pomoc\u0105 <a href=\"https:\/\/medifactia.com\/wp-content\/uploads\/2026\/02\/0074-IFU-International-ver05.pdf\" target=\"_blank\" rel=\"noopener\">TEGO LINKU<\/a>.<\/p>\n<\/div><\/section><\/p><\/div><div  class='hr av-1sbcy0y-b30b1c36d69c236d13d2bc292b282e93 hr-default  avia-builder-el-14  el_after_av_one_full  el_before_av_one_full '><span class='hr-inner '><span class=\"hr-inner-style\"><\/span><\/span><\/div><\/p>\n<div  class='flex_column av-13hl0oy-82cf7742196ef4d771cc3ca06b8176d0 av_one_full  avia-builder-el-15  el_after_av_hr  el_before_av_hr  first flex_column_div  '     ><style type=\"text\/css\" data-created_by=\"avia_inline_auto\" id=\"style-css-av-lgooukmo-cd41432d3fcbeacf61bf9818b60e702e\">\n#top .av_textblock_section.av-lgooukmo-cd41432d3fcbeacf61bf9818b60e702e .avia_textblock{\nfont-size:13px;\n}\n<\/style>\n<section  class='av_textblock_section av-lgooukmo-cd41432d3fcbeacf61bf9818b60e702e '   itemscope=\"itemscope\" itemtype=\"https:\/\/schema.org\/CreativeWork\" ><div class='avia_textblock'  itemprop=\"text\" ><p>Informacje na tej stronie nie powinny by\u0107 u\u017cywane jako substytut porady medycznej od lekarza. Zawsze om\u00f3w diagnoz\u0119 i informacje dotycz\u0105ce leczenia, w tym ryzyka, z lekarzem. Pami\u0119taj, \u017ce wszystkie wyniki leczenia i jego skutki s\u0105 specyficzne dla indywidualnego pacjenta. Wyniki mog\u0105 si\u0119 r\u00f3\u017cni\u0107.<\/p>\n<\/div><\/section><\/div>\n<div  class='hr av-vll94y-5d9075c50d3e3bd48292d57bf79e59a1 hr-default  avia-builder-el-17  el_after_av_one_full  avia-builder-el-last '><span class='hr-inner '><span class=\"hr-inner-style\"><\/span><\/span><\/div>\n","protected":false},"excerpt":{"rendered":"","protected":false},"author":1,"featured_media":0,"parent":0,"menu_order":0,"comment_status":"closed","ping_status":"closed","template":"","meta":{"footnotes":""},"class_list":["post-15010","page","type-page","status-publish","hentry"],"_links":{"self":[{"href":"https:\/\/medifactia.com\/pl\/wp-json\/wp\/v2\/pages\/15010","targetHints":{"allow":["GET"]}}],"collection":[{"href":"https:\/\/medifactia.com\/pl\/wp-json\/wp\/v2\/pages"}],"about":[{"href":"https:\/\/medifactia.com\/pl\/wp-json\/wp\/v2\/types\/page"}],"author":[{"embeddable":true,"href":"https:\/\/medifactia.com\/pl\/wp-json\/wp\/v2\/users\/1"}],"replies":[{"embeddable":true,"href":"https:\/\/medifactia.com\/pl\/wp-json\/wp\/v2\/comments?post=15010"}],"version-history":[{"count":3,"href":"https:\/\/medifactia.com\/pl\/wp-json\/wp\/v2\/pages\/15010\/revisions"}],"predecessor-version":[{"id":15179,"href":"https:\/\/medifactia.com\/pl\/wp-json\/wp\/v2\/pages\/15010\/revisions\/15179"}],"wp:attachment":[{"href":"https:\/\/medifactia.com\/pl\/wp-json\/wp\/v2\/media?parent=15010"}],"curies":[{"name":"wp","href":"https:\/\/api.w.org\/{rel}","templated":true}]}}