{"id":15007,"date":"2023-04-20T07:30:50","date_gmt":"2023-04-20T05:30:50","guid":{"rendered":"https:\/\/medifactia.com\/pl\/?page_id=15007"},"modified":"2024-04-25T09:43:32","modified_gmt":"2024-04-25T07:43:32","slug":"colon-transit-study","status":"publish","type":"page","link":"https:\/\/medifactia.com\/pl\/colon-transit-study\/","title":{"rendered":"Colon Transit Study"},"content":{"rendered":"<div  class='flex_column av-3n7ercv-b7c5f3afa71f82e7ab11a3e70b93c0a7 av_one_full  avia-builder-el-0  el_before_av_one_full  avia-builder-el-first  first flex_column_div  '     ><style type=\"text\/css\" data-created_by=\"avia_inline_auto\" id=\"style-css-av-lgoondik-456a648177c1450bc52cb370d5235466\">\n.avia-image-container.av-lgoondik-456a648177c1450bc52cb370d5235466 img.avia_image{\nbox-shadow:none;\n}\n.avia-image-container.av-lgoondik-456a648177c1450bc52cb370d5235466 .av-image-caption-overlay-center{\ncolor:#ffffff;\n}\n<\/style>\n<div  class='avia-image-container av-lgoondik-456a648177c1450bc52cb370d5235466 av-styling- avia-align-center  avia-builder-el-1  avia-builder-el-no-sibling '   itemprop=\"image\" itemscope=\"itemscope\" itemtype=\"https:\/\/schema.org\/ImageObject\" ><div class=\"avia-image-container-inner\"><div class=\"avia-image-overlay-wrap\"><img decoding=\"async\" fetchpriority=\"high\" class='wp-image-15051 avia-img-lazy-loading-not-15051 avia_image ' src=\"https:\/\/medifactia.com\/pl\/wp-content\/uploads\/sites\/12\/2023\/06\/patient-doctor-2.jpg\" alt='' title='patient-doctor-2'  height=\"1282\" width=\"1920\"  itemprop=\"thumbnailUrl\" srcset=\"https:\/\/medifactia.com\/pl\/wp-content\/uploads\/sites\/12\/2023\/06\/patient-doctor-2.jpg 1920w, https:\/\/medifactia.com\/pl\/wp-content\/uploads\/sites\/12\/2023\/06\/patient-doctor-2-300x200.jpg 300w, https:\/\/medifactia.com\/pl\/wp-content\/uploads\/sites\/12\/2023\/06\/patient-doctor-2-1030x688.jpg 1030w, https:\/\/medifactia.com\/pl\/wp-content\/uploads\/sites\/12\/2023\/06\/patient-doctor-2-768x513.jpg 768w, https:\/\/medifactia.com\/pl\/wp-content\/uploads\/sites\/12\/2023\/06\/patient-doctor-2-1536x1026.jpg 1536w, https:\/\/medifactia.com\/pl\/wp-content\/uploads\/sites\/12\/2023\/06\/patient-doctor-2-1500x1002.jpg 1500w, https:\/\/medifactia.com\/pl\/wp-content\/uploads\/sites\/12\/2023\/06\/patient-doctor-2-705x471.jpg 705w\" sizes=\"(max-width: 1920px) 100vw, 1920px\" \/><\/div><\/div><\/div><\/div>\n<div  class='flex_column av-2xcu8u7-b66bff96d8b03e2daa2b3a8606ad883a av_one_full  avia-builder-el-2  el_after_av_one_full  el_before_av_one_full  first flex_column_div  column-top-margin'     ><p>\n<style type=\"text\/css\" data-created_by=\"avia_inline_auto\" id=\"style-css-av-lgoonkbq-d739543dbe94ad032fbbb8dd4e66e026\">\n#top .av-special-heading.av-lgoonkbq-d739543dbe94ad032fbbb8dd4e66e026{\npadding-bottom:10px;\n}\nbody .av-special-heading.av-lgoonkbq-d739543dbe94ad032fbbb8dd4e66e026 .av-special-heading-tag .heading-char{\nfont-size:25px;\n}\n.av-special-heading.av-lgoonkbq-d739543dbe94ad032fbbb8dd4e66e026 .av-subheading{\nfont-size:15px;\n}\n<\/style>\n<div  class='av-special-heading av-lgoonkbq-d739543dbe94ad032fbbb8dd4e66e026 av-special-heading-h1 blockquote modern-quote  avia-builder-el-3  el_before_av_textblock  avia-builder-el-first '><h1 class='av-special-heading-tag '  itemprop=\"headline\"  >Co to jest czas przej\u015bcia przez okr\u0119\u017cnic\u0119 z u\u017cyciem kapsu\u0142ek Transit-Pellets?<\/h1><div class=\"special-heading-border\"><div class=\"special-heading-inner-border\"><\/div><\/div><\/div><br \/>\n<section  class='av_textblock_section av-lgoony0r-55374b11c868f14a5227502493499fe8 '   itemscope=\"itemscope\" itemtype=\"https:\/\/schema.org\/CreativeWork\" ><div class='avia_textblock'  itemprop=\"text\" ><p>Czas przej\u015bcia przez okr\u0119\u017cnic\u0119 z u\u017cyciem kapsu\u0142ek Transit-Pellets jest cz\u0119sto wykorzystywane u pacjent\u00f3w cierpi\u0105cych na przewlek\u0142e zaparcia, przewlek\u0142e biegunki i\/lub zesp\u00f3\u0142 jelita dra\u017cliwego (IBS). Celem tego testu jest ocena czasu tranzitu oraz tego, jak szybko lub wolno pokarm\/ka\u0142 przemieszcza si\u0119 przez jelita.<\/p>\n<p>Test polega na doustnym spo\u017cyciu siedmiu kapsu\u0142ek w ci\u0105gu sze\u015bciu dni, z ka\u017cd\u0105 z nich zawieraj\u0105c\u0105 ma\u0142e markery, kt\u00f3re mo\u017cna zobaczy\u0107 za pomoc\u0105 obrazowania rentgenowskiego. \u015aledz\u0105c post\u0119p marker\u00f3w przez jelita, lekarz mo\u017ce okre\u015bli\u0107 ci\u0119\u017cko\u015b\u0107 problem\u00f3w z tranzitem. Wyniki mog\u0105 by\u0107 istotne przy okre\u015blaniu potrzeby innych procedur badawczych i wyborze odpowiednich opcji leczenia.<\/p>\n<p>Transit-Pellets s\u0105 bardzo skuteczne w dok\u0142adnej ocenie funkcji przewodu pokarmowego. Kapsu\u0142ki i markery s\u0105 pakowane zgodnie z Transit-Pellets method, zwalidowan\u0105 jedn\u0105 technik\u0105 rentgenowsk\u0105 do pomiaru ca\u0142ego zakresu czasu tranzitu okr\u0119\u017cnicy, od szybkiego do wolnego tranzitu.<\/p>\n<p>Spo\u017cywanie marker\u00f3w jest bezpieczne, a markery zostan\u0105 wyeliminowane w kale i mo\u017cna je bezpiecznie usun\u0105\u0107 przez sp\u0142ukanie w toalecie.<\/p>\n<\/div><\/section><\/p><\/div><div  class='flex_column av-8gwegv-3887d1e161daae4e29279eea9c1bf7e6 av_one_full  avia-builder-el-5  el_after_av_one_full  el_before_av_one_full  first flex_column_div  column-top-margin'     ><p>\n<style type=\"text\/css\" data-created_by=\"avia_inline_auto\" id=\"style-css-av-lgooo56t-d0e1fddda44a43528712c3b7a71cbcaf\">\n#top .av-special-heading.av-lgooo56t-d0e1fddda44a43528712c3b7a71cbcaf{\npadding-bottom:10px;\n}\nbody .av-special-heading.av-lgooo56t-d0e1fddda44a43528712c3b7a71cbcaf .av-special-heading-tag .heading-char{\nfont-size:25px;\n}\n.av-special-heading.av-lgooo56t-d0e1fddda44a43528712c3b7a71cbcaf .av-subheading{\nfont-size:15px;\n}\n<\/style>\n<div  class='av-special-heading av-lgooo56t-d0e1fddda44a43528712c3b7a71cbcaf av-special-heading-h2 blockquote modern-quote  avia-builder-el-6  el_before_av_textblock  avia-builder-el-first '><h2 class='av-special-heading-tag '  itemprop=\"headline\"  >Kiedy tw\u00f3j lekarz mo\u017ce zaleci\u0107 badanie czasu tranzitu okr\u0119\u017cnicy z u\u017cyciem kapsu\u0142ek Transit-Pellets<\/h2><div class=\"special-heading-border\"><div class=\"special-heading-inner-border\"><\/div><\/div><\/div><br \/>\n<section  class='av_textblock_section av-lgoooemh-eec0a5b2576334762dd41cfd95c67d83 '   itemscope=\"itemscope\" itemtype=\"https:\/\/schema.org\/CreativeWork\" ><div class='avia_textblock'  itemprop=\"text\" ><p>W og\u00f3lno\u015bci, pocz\u0105tkowe leczenie zaparcia cz\u0119sto obejmuje wprowadzenie zmian w diecie i stylu \u017cycia, a tak\u017ce pr\u00f3by stosowania bez recepty \u015brodk\u00f3w przeczyszczaj\u0105cych, takich jak substancje zwi\u0119kszaj\u0105ce obj\u0119to\u015b\u0107 ka\u0142u i nieprzyswajalne w\u0119glowodany. Je\u015bli te metody okazuj\u0105 si\u0119 nieskuteczne, mo\u017ce by\u0107 przeprowadzone czasu tranzitu okr\u0119\u017cnicy z u\u017cyciem kapsu\u0142ek Transit-Pellets. Niekt\u00f3rzy pracownicy s\u0142u\u017cby zdrowia mog\u0105 r\u00f3wnie\u017c spr\u00f3bowa\u0107 innych opcji leczenia, takich jak solne \u015brodki przeczyszczaj\u0105ce lub leki pobudzaj\u0105ce motoryk\u0119, zanim zalec\u0105 czasu tranzitu okr\u0119\u017cnicy.<\/p>\n<\/div><\/section><\/p><\/div><\/p>\n<div  class='flex_column av-1zab5i7-f232b860c639d7a4135275424c229a3b av_one_full  avia-builder-el-8  el_after_av_one_full  el_before_av_hr  first flex_column_div  column-top-margin'     ><p>\n<style type=\"text\/css\" data-created_by=\"avia_inline_auto\" id=\"style-css-av-lgoooniv-d640d12668ab923bb16f7c043152c05a\">\n#top .av-special-heading.av-lgoooniv-d640d12668ab923bb16f7c043152c05a{\npadding-bottom:10px;\n}\nbody .av-special-heading.av-lgoooniv-d640d12668ab923bb16f7c043152c05a .av-special-heading-tag .heading-char{\nfont-size:25px;\n}\n.av-special-heading.av-lgoooniv-d640d12668ab923bb16f7c043152c05a .av-subheading{\nfont-size:15px;\n}\n<\/style>\n<div  class='av-special-heading av-lgoooniv-d640d12668ab923bb16f7c043152c05a av-special-heading-h2 blockquote modern-quote  avia-builder-el-9  el_before_av_textblock  avia-builder-el-first '><h2 class='av-special-heading-tag '  itemprop=\"headline\"  >Kr\u00f3tka historia<\/h2><div class=\"special-heading-border\"><div class=\"special-heading-inner-border\"><\/div><\/div><\/div><br \/>\n<section  class='av_textblock_section av-lgoooxp8-2919d46451dc00ad7fa4d489072ff214 '   itemscope=\"itemscope\" itemtype=\"https:\/\/schema.org\/CreativeWork\" ><div class='avia_textblock'  itemprop=\"text\" ><p>Od czasu, gdy Hinton opisa\u0142 po raz pierwszy stosowanie po\u0142kni\u0119tych marker\u00f3w radiologiczne do oceny tranzytu jelitowego w 1969 roku, ich u\u017cycie zosta\u0142o szeroko zaakceptowane. Test ten jest czasami okre\u015blany jako \u201eHintons Method\u201d, ale znany jest r\u00f3wnie\u017c jako Colon Transit-Pellets test, Colonic Transit Markers Study, Radiopaque Markers Test, Radio-Opaque Markers Test, ROM Test lub Bowel Motility Test. Pomiar czasu tranzitu okr\u0119\u017cnicy za pomoc\u0105 marker\u00f3w radiopakuj\u0105cych jest obecnie uwa\u017cany za najbardziej niezawodn\u0105 i bezpieczn\u0105 metod\u0119 oceny zaburze\u0144 uk\u0142adu pokarmowego zar\u00f3wno u doros\u0142ych, jak i dzieci.<\/p>\n<\/div><\/section><\/p><\/div><div  class='hr av-1mtzqzj-9435e6c4b6c560c563b7b36fb7b75b42 hr-default  avia-builder-el-11  el_after_av_one_full  el_before_av_one_full '><span class='hr-inner '><span class=\"hr-inner-style\"><\/span><\/span><\/div><\/p>\n<div  class='flex_column av-172pxsv-47346142f480a3b2f3f898f8cf10d241 av_one_full  avia-builder-el-12  el_after_av_hr  el_before_av_hr  first flex_column_div  '     ><style type=\"text\/css\" data-created_by=\"avia_inline_auto\" id=\"style-css-av-lgoop6xr-3db96f0790a06777ffae9185c745fb21\">\n#top .av_textblock_section.av-lgoop6xr-3db96f0790a06777ffae9185c745fb21 .avia_textblock{\nfont-size:13px;\n}\n<\/style>\n<section  class='av_textblock_section av-lgoop6xr-3db96f0790a06777ffae9185c745fb21 '   itemscope=\"itemscope\" itemtype=\"https:\/\/schema.org\/CreativeWork\" ><div class='avia_textblock'  itemprop=\"text\" ><p>Informacje na tej stronie nie powinny by\u0107 u\u017cywane jako substytut porady medycznej od lekarza. Zawsze om\u00f3w diagnoz\u0119 i informacje dotycz\u0105ce leczenia, w tym ryzyka, z lekarzem. Pami\u0119taj, \u017ce wszystkie wyniki leczenia i jego skutki s\u0105 specyficzne dla indywidualnego pacjenta. Wyniki mog\u0105 si\u0119 r\u00f3\u017cni\u0107.<\/p>\n<\/div><\/section><\/div>\n<div  class='hr av-st7kjj-e93cb723a29780577869e65699b9143e hr-default  avia-builder-el-14  el_after_av_one_full  avia-builder-el-last '><span class='hr-inner '><span class=\"hr-inner-style\"><\/span><\/span><\/div>\n","protected":false},"excerpt":{"rendered":"","protected":false},"author":1,"featured_media":0,"parent":0,"menu_order":0,"comment_status":"closed","ping_status":"closed","template":"","meta":{"footnotes":""},"class_list":["post-15007","page","type-page","status-publish","hentry"],"_links":{"self":[{"href":"https:\/\/medifactia.com\/pl\/wp-json\/wp\/v2\/pages\/15007","targetHints":{"allow":["GET"]}}],"collection":[{"href":"https:\/\/medifactia.com\/pl\/wp-json\/wp\/v2\/pages"}],"about":[{"href":"https:\/\/medifactia.com\/pl\/wp-json\/wp\/v2\/types\/page"}],"author":[{"embeddable":true,"href":"https:\/\/medifactia.com\/pl\/wp-json\/wp\/v2\/users\/1"}],"replies":[{"embeddable":true,"href":"https:\/\/medifactia.com\/pl\/wp-json\/wp\/v2\/comments?post=15007"}],"version-history":[{"count":4,"href":"https:\/\/medifactia.com\/pl\/wp-json\/wp\/v2\/pages\/15007\/revisions"}],"predecessor-version":[{"id":15162,"href":"https:\/\/medifactia.com\/pl\/wp-json\/wp\/v2\/pages\/15007\/revisions\/15162"}],"wp:attachment":[{"href":"https:\/\/medifactia.com\/pl\/wp-json\/wp\/v2\/media?parent=15007"}],"curies":[{"name":"wp","href":"https:\/\/api.w.org\/{rel}","templated":true}]}}