{"id":15115,"date":"2023-08-09T12:06:20","date_gmt":"2023-08-09T10:06:20","guid":{"rendered":"https:\/\/medifactia.com\/no\/gastrointestinal-disorders\/"},"modified":"2023-09-07T09:01:19","modified_gmt":"2023-09-07T07:01:19","slug":"gastrointestinal-disorders","status":"publish","type":"page","link":"https:\/\/medifactia.com\/no\/gastrointestinal-disorders\/","title":{"rendered":"Gastrointestinal Disorders"},"content":{"rendered":"<div  class='flex_column av-vcawky-18c8b3091d7005a1ca2a1950ce3b99ce av_one_full  avia-builder-el-0  el_before_av_one_full  avia-builder-el-first  first flex_column_div  '     ><style type=\"text\/css\" data-created_by=\"avia_inline_auto\" id=\"style-css-av-ll3mun2f-1ad3307a97f9fed1709524694a3a4431\">\n.avia-image-container.av-ll3mun2f-1ad3307a97f9fed1709524694a3a4431 img.avia_image{\nbox-shadow:none;\n}\n.avia-image-container.av-ll3mun2f-1ad3307a97f9fed1709524694a3a4431 .av-image-caption-overlay-center{\ncolor:#ffffff;\n}\n<\/style>\n<div  class='avia-image-container av-ll3mun2f-1ad3307a97f9fed1709524694a3a4431 av-styling- avia-align-center  avia-builder-el-1  avia-builder-el-no-sibling '   itemprop=\"image\" itemscope=\"itemscope\" itemtype=\"https:\/\/schema.org\/ImageObject\" ><div class=\"avia-image-container-inner\"><div class=\"avia-image-overlay-wrap\"><img decoding=\"async\" fetchpriority=\"high\" class='wp-image- avia-img-lazy-loading-not- avia_image ' src=\"https:\/\/medifactia.com\/wp-content\/uploads\/2023\/08\/Man_Toilet-scaled.jpg\" alt='' title=''   itemprop=\"thumbnailUrl\"  \/><\/div><\/div><\/div><\/div>\n<div  class='flex_column av-w7sqhe-d5fa4e22da3a538d13f5d1a26f7242b8 av_one_full  avia-builder-el-2  el_after_av_one_full  el_before_av_one_full  first flex_column_div  column-top-margin'     ><p>\n<style type=\"text\/css\" data-created_by=\"avia_inline_auto\" id=\"style-css-av-ll3mj5e5-197a10d19e09d54f1a0882ec35b2c317\">\n#top .av-special-heading.av-ll3mj5e5-197a10d19e09d54f1a0882ec35b2c317{\npadding-bottom:10px;\n}\nbody .av-special-heading.av-ll3mj5e5-197a10d19e09d54f1a0882ec35b2c317 .av-special-heading-tag .heading-char{\nfont-size:25px;\n}\n.av-special-heading.av-ll3mj5e5-197a10d19e09d54f1a0882ec35b2c317 .av-subheading{\nfont-size:15px;\n}\n<\/style>\n<div  class='av-special-heading av-ll3mj5e5-197a10d19e09d54f1a0882ec35b2c317 av-special-heading-h1 blockquote modern-quote  avia-builder-el-3  el_before_av_textblock  avia-builder-el-first '><h1 class='av-special-heading-tag '  itemprop=\"headline\"  >Funksjonelle Mage-tarmsykdommer (FGID)<\/h1><div class=\"special-heading-border\"><div class=\"special-heading-inner-border\"><\/div><\/div><\/div><br \/>\n<section  class='av_textblock_section av-ll3mjwks-09a5b05a5d63f4e17acda3f0982bb6b5 '   itemscope=\"itemscope\" itemtype=\"https:\/\/schema.org\/CreativeWork\" ><div class='avia_textblock'  itemprop=\"text\" ><p>Funksjonelle mage- og tarmsykdommer kjennetegnes av kroniske (langvarige) mage- og tarmsymptomer som oppst\u00e5r p\u00e5 grunn av funksjon eller dysfunksjon i ford\u00f8yelsessystemet.<\/p>\n<p>Funksjonelle mage- og motilitetsforstyrrelser er de vanligste mage- og tarmsykdommene i den generelle befolkningen. Det ansl\u00e5s at omtrent 1 av 4 personer, kanskje til og med flere, kan oppleve disse problemene. Disse tilstandene utgj\u00f8r omtrent 40% av mage- og tarmsykdommene som leger og terapeuter hjelper pasienter med.<\/p>\n<p>Betegnelsen \u201dfunksjonell\u201d brukes vanligvis for \u00e5 beskrive forstyrrelser der de normale funksjonene til tarmbevegelser, f\u00f8lsomheten til tarmnervene eller hjernens kontroll over disse aktivitetene er forstyrret.<\/p>\n<p>Noen av de vanligste funksjonelle mage-tarmsykdommene er funksjonell forstoppelse, funksjonell diar\u00e9 og irritabel tarmsyndrom (IBS).<\/p>\n<\/div><\/section><\/p><\/div><div  class='flex_column av-1jtmvde-84260a62ab92da9de2ba17cb9d8eef8a av_one_full  avia-builder-el-5  el_after_av_one_full  el_before_av_one_full  first flex_column_div  column-top-margin'     ><p>\n<style type=\"text\/css\" data-created_by=\"avia_inline_auto\" id=\"style-css-av-ll3ml4jh-331ac39979583de66962c23b0033d26a\">\n#top .av-special-heading.av-ll3ml4jh-331ac39979583de66962c23b0033d26a{\npadding-bottom:10px;\n}\nbody .av-special-heading.av-ll3ml4jh-331ac39979583de66962c23b0033d26a .av-special-heading-tag .heading-char{\nfont-size:25px;\n}\n.av-special-heading.av-ll3ml4jh-331ac39979583de66962c23b0033d26a .av-subheading{\nfont-size:15px;\n}\n<\/style>\n<div  class='av-special-heading av-ll3ml4jh-331ac39979583de66962c23b0033d26a av-special-heading-h2 blockquote modern-quote  avia-builder-el-6  el_before_av_textblock  avia-builder-el-first '><h2 class='av-special-heading-tag '  itemprop=\"headline\"  >Kronisk forstoppelse<\/h2><div class=\"special-heading-border\"><div class=\"special-heading-inner-border\"><\/div><\/div><\/div><br \/>\n<section  class='av_textblock_section av-ll3mm5zg-9d3204f66358feaa956605b5c8930f49 '   itemscope=\"itemscope\" itemtype=\"https:\/\/schema.org\/CreativeWork\" ><div class='avia_textblock'  itemprop=\"text\" ><p>Kronisk forstoppelse refererer til vedvarende sjeldne tarmbevegelser eller vanskelig passasje av avf\u00f8ring over en lengre periode, vanligvis som varer i flere uker eller mer. Det kjennetegnes ofte ved \u00e5 ha f\u00e6rre enn tre tarmbevegelser i uken. Mens sporadisk forstoppelse er et vanlig problem b\u00e5de for voksne og barn, kan visse individer oppleve kronisk forstoppelse, som kan ha betydelig innvirkning p\u00e5 deres daglige rutiner.<\/p>\n<p>Tegn og symptomer p\u00e5 kronisk forstoppelse inkluderer:<\/p>\n<ul>\n<li>\u00c5 ha f\u00e6rre enn tre tarmbevegelser per uke<\/li>\n<li>Opplever klumpete eller harde avf\u00f8ringskuler<\/li>\n<li>Anstrengelse under tarmbevegelser<\/li>\n<li>F\u00f8lelse av en blokkering i endetarmen som hindrer tarmbevegelser<\/li>\n<li>F\u00f8lelse av ufullstendig t\u00f8mming av endetarmen etter en tarmbevegelse<\/li>\n<li>Behov for hjelp til \u00e5 t\u00f8mme endetarmen, noe som kan inneb\u00e6re \u00e5 trykke p\u00e5 magen eller manuelt fjerne avf\u00f8ring med en finger<\/li>\n<\/ul>\n<p>Forstoppelse kan klassifiseres som kronisk hvis du har opplevd to eller flere av disse symptomene vedvarende de siste tre m\u00e5nedene. Forstoppelse som er langvarig (kronisk) eller som stadig kommer tilbake, krever mer innsats for \u00e5 diagnostisere og behandle.<\/p>\n<\/div><\/section><\/p><\/div><div  class='flex_column av-10x8p8y-a287594219392dd62ffb17dd326eb404 av_one_full  avia-builder-el-8  el_after_av_one_full  el_before_av_one_full  first flex_column_div  column-top-margin'     ><p>\n<style type=\"text\/css\" data-created_by=\"avia_inline_auto\" id=\"style-css-av-ll3mmuxz-bcc79ebea99c8141c0965bab36e34a8c\">\n#top .av-special-heading.av-ll3mmuxz-bcc79ebea99c8141c0965bab36e34a8c{\npadding-bottom:10px;\n}\nbody .av-special-heading.av-ll3mmuxz-bcc79ebea99c8141c0965bab36e34a8c .av-special-heading-tag .heading-char{\nfont-size:25px;\n}\n.av-special-heading.av-ll3mmuxz-bcc79ebea99c8141c0965bab36e34a8c .av-subheading{\nfont-size:15px;\n}\n<\/style>\n<div  class='av-special-heading av-ll3mmuxz-bcc79ebea99c8141c0965bab36e34a8c av-special-heading-h2 blockquote modern-quote  avia-builder-el-9  el_before_av_textblock  avia-builder-el-first '><h2 class='av-special-heading-tag '  itemprop=\"headline\"  >Kronisk diar\u00e9<\/h2><div class=\"special-heading-border\"><div class=\"special-heading-inner-border\"><\/div><\/div><\/div><br \/>\n<section  class='av_textblock_section av-ll3mngxy-a721c813b549503bdadf87aa9a586981 '   itemscope=\"itemscope\" itemtype=\"https:\/\/schema.org\/CreativeWork\" ><div class='avia_textblock'  itemprop=\"text\" ><p>Diar\u00e9 er en vanlig tilstand preget av hyppig avf\u00f8ring av l\u00f8s eller vannaktig avf\u00f8ring. Det kan forekomme uavhengig eller sammen med andre symptomer som kvalme, oppkast, magesmerter eller vekttap. Akutt diar\u00e9 g\u00e5r over i l\u00f8pet av noen uker og blir kronisk n\u00e5r den varer i mer enn 3\u20134 uker. Hvis det ikke blir funnet noen spesifikk \u00e5rsak etter en grundig unders\u00f8kelse og visse kriterier oppfylles, kan en diagnose av funksjonell eller kronisk diar\u00e9 vurderes.<\/p>\n<\/div><\/section><\/p><\/div><div  class='flex_column av-odeu9e-1af2c6b1ea3ecce6454987834f5d3f60 av_one_full  avia-builder-el-11  el_after_av_one_full  el_before_av_hr  first flex_column_div  column-top-margin'     ><p>\n<style type=\"text\/css\" data-created_by=\"avia_inline_auto\" id=\"style-css-av-ll3mnsx7-891ec3bd925d417258ea086669bb4f84\">\n#top .av-special-heading.av-ll3mnsx7-891ec3bd925d417258ea086669bb4f84{\npadding-bottom:10px;\n}\nbody .av-special-heading.av-ll3mnsx7-891ec3bd925d417258ea086669bb4f84 .av-special-heading-tag .heading-char{\nfont-size:25px;\n}\n.av-special-heading.av-ll3mnsx7-891ec3bd925d417258ea086669bb4f84 .av-subheading{\nfont-size:15px;\n}\n<\/style>\n<div  class='av-special-heading av-ll3mnsx7-891ec3bd925d417258ea086669bb4f84 av-special-heading-h2 blockquote modern-quote  avia-builder-el-12  el_before_av_textblock  avia-builder-el-first '><h2 class='av-special-heading-tag '  itemprop=\"headline\"  >Irritabel Tarmsyndrom (IBS) <\/h2><div class=\"special-heading-border\"><div class=\"special-heading-inner-border\"><\/div><\/div><\/div><br \/>\n<section  class='av_textblock_section av-ll3moucw-f006b17506cdf3fdefa27ebc084bed11 '   itemscope=\"itemscope\" itemtype=\"https:\/\/schema.org\/CreativeWork\" ><div class='avia_textblock'  itemprop=\"text\" ><p>Irritabel tarmsyndrom (IBS) er en vanlig forstyrrelse som p\u00e5virker magen og tarmene, ogs\u00e5 kalt mage-tarmkanalen. Symptomene inkluderer kramper, magesmerter, oppbl\u00e5sthet, luftplager, samt veksling mellom episoder med diar\u00e9 og forstoppelse, eller noen ganger begge deler. IBS er en kronisk tilstand som krever langvarig behandling for \u00e5 h\u00e5ndtere symptomene effektivt. Et betydelig antall personer som opplever moderat til alvorlig IBS, rapporterer om d\u00e5rlig livskvalitet. Symptomene ved IBS kan variere og pleier \u00e5 vedvare i lang tid. De mest vanlige symptomene inkluderer:<\/p>\n<ul>\n<li>Magesmerter, kramper eller oppbl\u00e5sthet knyttet til tarmbevegelser<\/li>\n<li>Endringer i utseendet til tarmbevegelser<\/li>\n<li>Endringer i hyppigheten av tarmbevegelser<\/li>\n<\/ul>\n<p>Andre relaterte symptomer kan omfatte f\u00f8lelse av ufullstendig t\u00f8mming og \u00f8kt tilstedev\u00e6relse av luft eller slim i avf\u00f8ringen.<\/p>\n<p>Det finnes fire typer IBS. Hver type er navngitt etter sine mest vanlige plager, inkludert forstoppelse-dominerende IBS (IBS-C), diar\u00e9-dominerende IBS (IBS-D), blandet type IBS (IBS-M), og uklassifisert IBS.<\/p>\n<\/div><\/section><\/p><\/div><div  class='hr av-5bf71u-0fc17794266e30ad9cc5c4260e9df573 hr-default  avia-builder-el-14  el_after_av_one_full  el_before_av_one_full '><span class='hr-inner '><span class=\"hr-inner-style\"><\/span><\/span><\/div><\/p>\n<div  class='flex_column av-16qxkia-ddb7daef80a5c3df972f5cad8e8e623c av_one_full  avia-builder-el-15  el_after_av_hr  el_before_av_hr  first flex_column_div  '     ><style type=\"text\/css\" data-created_by=\"avia_inline_auto\" id=\"style-css-av-ll3mqg6q-8f918120bac479fde7502dabee2ce1c4\">\n#top .av_textblock_section.av-ll3mqg6q-8f918120bac479fde7502dabee2ce1c4 .avia_textblock{\nfont-size:13px;\n}\n<\/style>\n<section  class='av_textblock_section av-ll3mqg6q-8f918120bac479fde7502dabee2ce1c4 '   itemscope=\"itemscope\" itemtype=\"https:\/\/schema.org\/CreativeWork\" ><div class='avia_textblock'  itemprop=\"text\" ><p>Informasjonen p\u00e5 denne nettsiden skal ikke brukes som en erstatning for medisinsk r\u00e5dgivning fra legen din. Diskuter alltid diagnose- og behandlingsinformasjon, inkludert risikoer, med legen din. Tenk p\u00e5 at all behandling og alle resultater er spesifikke for den enkelte pasienten. Resultatene kan variere.<\/p>\n<\/div><\/section><\/div><div  class='hr av-rtsaj6-d528e2842421b0c713aa5dafb313b352 hr-default  avia-builder-el-17  el_after_av_one_full  el_before_av_one_full '><span class='hr-inner '><span class=\"hr-inner-style\"><\/span><\/span><\/div><\/p>\n<div  class='flex_column av-jpilo2-80d69019b04e3fe061eaa22def74707d av_one_full  avia-builder-el-18  el_after_av_hr  avia-builder-el-last  first flex_column_div  '     ><style type=\"text\/css\" data-created_by=\"avia_inline_auto\" id=\"style-css-av-ll3msqtb-33b63a6eac43cd7ee4bdd225ddc31726\">\n#top .av_textblock_section.av-ll3msqtb-33b63a6eac43cd7ee4bdd225ddc31726 .avia_textblock{\nfont-size:12px;\ncolor:#707070;\n}\n<\/style>\n<section  class='av_textblock_section av-ll3msqtb-33b63a6eac43cd7ee4bdd225ddc31726 '   itemscope=\"itemscope\" itemtype=\"https:\/\/schema.org\/CreativeWork\" ><div class='avia_textblock av_inherit_color'  itemprop=\"text\" ><p>Aziz, I., Whitehead, W.E., Palsson, O., T\u00f6rnblom, H. &amp; Simr\u00e9n, M. (2020). Expert Review of Gastroenterology &amp; Hepatology. An approach to the diagnosis and management of Rome IV functional disorders of chronic constipation [electronic version]. Taylor &amp; Francis Group, Vol. no. 14, 1-8.<\/p>\n<p>Drossman DA., et al. (2016). Rome IV, the functional gastrointestinal disorders. Gastroenterology. Vol. 150:1262-1279.<\/p>\n<p>Keller, J., Bassotti, G., Clarke, J., et al. (2018). EXPERT CONSENCUS DOCUMENT. Advances in the diagnosis and classification of gastric and intestinal motility disorders [electronic version]. Nat Rev Gastroenterol Hepatol., Vol. 15(5), 291-308.<\/p>\n<p>Sperber, AD., et al. (2021). Worldwide Prevalence and Burden of Functional Gastrointestinal Disorders, Results of Rome Foundation Global Study. Gastroenterology. Vol. 160:99-114.<\/p>\n<\/div><\/section><\/div>\n","protected":false},"excerpt":{"rendered":"","protected":false},"author":1,"featured_media":0,"parent":0,"menu_order":0,"comment_status":"closed","ping_status":"closed","template":"","meta":{"footnotes":""},"class_list":["post-15115","page","type-page","status-publish","hentry"],"_links":{"self":[{"href":"https:\/\/medifactia.com\/no\/wp-json\/wp\/v2\/pages\/15115","targetHints":{"allow":["GET"]}}],"collection":[{"href":"https:\/\/medifactia.com\/no\/wp-json\/wp\/v2\/pages"}],"about":[{"href":"https:\/\/medifactia.com\/no\/wp-json\/wp\/v2\/types\/page"}],"author":[{"embeddable":true,"href":"https:\/\/medifactia.com\/no\/wp-json\/wp\/v2\/users\/1"}],"replies":[{"embeddable":true,"href":"https:\/\/medifactia.com\/no\/wp-json\/wp\/v2\/comments?post=15115"}],"version-history":[{"count":3,"href":"https:\/\/medifactia.com\/no\/wp-json\/wp\/v2\/pages\/15115\/revisions"}],"predecessor-version":[{"id":15123,"href":"https:\/\/medifactia.com\/no\/wp-json\/wp\/v2\/pages\/15115\/revisions\/15123"}],"wp:attachment":[{"href":"https:\/\/medifactia.com\/no\/wp-json\/wp\/v2\/media?parent=15115"}],"curies":[{"name":"wp","href":"https:\/\/api.w.org\/{rel}","templated":true}]}}