{"id":15012,"date":"2023-04-20T08:33:36","date_gmt":"2023-04-20T06:33:36","guid":{"rendered":"https:\/\/medifactia.com\/no\/?page_id=15012"},"modified":"2026-02-11T13:29:54","modified_gmt":"2026-02-11T12:29:54","slug":"instructions","status":"publish","type":"page","link":"https:\/\/medifactia.com\/no\/instructions\/","title":{"rendered":"Instructions"},"content":{"rendered":"<div  class='flex_column av-1780p38-54412eb567f08bdfd8c723b84e7236b0 av_one_full  avia-builder-el-0  el_before_av_one_full  avia-builder-el-first  first flex_column_div  '     ><div  class='avia-video av-bv5e538-7ac53276407d30d5a8753993247fc394 avia-video-16-9 av-no-preview-image avia-video-load-always av-lazyload-immediate av-lazyload-video-embed'  itemprop=\"video\" itemtype=\"https:\/\/schema.org\/VideoObject\"  data-original_url='https:\/\/vimeo.com\/796097857'><script type='text\/html' class='av-video-tmpl'><div class='avia-iframe-wrap'><iframe loading=\"lazy\" title=\"Medifactia video 1 2023 ENG.mp4\" src=\"https:\/\/player.vimeo.com\/video\/796097857?h=911af83fab&amp;dnt=1&amp;app_id=122963&autoplay=0&loop=0&controls=1&muted=0\" width=\"1500\" height=\"844\" frameborder=\"0\" allow=\"autoplay; fullscreen; picture-in-picture\" allowfullscreen><\/iframe><\/div><\/script><div class='av-click-to-play-overlay'><div class=\"avia_playpause_icon\"><\/div><\/div><\/div><\/div>\n<div  class='flex_column av-bcqx49w-28b0f6dee846046055c130e348ca23b8 av_one_full  avia-builder-el-2  el_after_av_one_full  el_before_av_one_full  first flex_column_div  column-top-margin'     ><p>\n<style type=\"text\/css\" data-created_by=\"avia_inline_auto\" id=\"style-css-av-lgoqv54l-02b4df728b73b9343803763b08026f6f\">\n#top .av-special-heading.av-lgoqv54l-02b4df728b73b9343803763b08026f6f{\npadding-bottom:10px;\n}\nbody .av-special-heading.av-lgoqv54l-02b4df728b73b9343803763b08026f6f .av-special-heading-tag .heading-char{\nfont-size:25px;\n}\n.av-special-heading.av-lgoqv54l-02b4df728b73b9343803763b08026f6f .av-subheading{\nfont-size:15px;\n}\n<\/style>\n<div  class='av-special-heading av-lgoqv54l-02b4df728b73b9343803763b08026f6f av-special-heading-h1 blockquote modern-quote  avia-builder-el-3  el_before_av_textblock  avia-builder-el-first '><h1 class='av-special-heading-tag '  itemprop=\"headline\"  >Instruksjoner for riktig bruk av Transit-Pellets<\/h1><div class=\"special-heading-border\"><div class=\"special-heading-inner-border\"><\/div><\/div><\/div><br \/>\n<section  class='av_textblock_section av-lgoqvuag-2385ba9e0ae2c5d410e0d6c88878e5a7 '   itemscope=\"itemscope\" itemtype=\"https:\/\/schema.org\/CreativeWork\" ><div class='avia_textblock'  itemprop=\"text\" ><p>Transit-Pellets er foreskrevet av lege for bruk i hjemmemilj\u00f8. I l\u00f8pet av seks p\u00e5f\u00f8lgende dager svelges Transit-Pellets-mark\u00f8rer som finnes i syv HPMC-kapsler, etterfulgt av en bukr\u00f8ntgen den syvende dagen.<\/p>\n<p>For \u00e5 sikre riktig og sikker bruk av Transit-Pellets, er det viktig \u00e5 n\u00f8ye lese gjennom bruksanvisningen for Transit-Pellets f\u00f8r bruk starter. Du kan laste den ned direkte via <a href=\"https:\/\/medifactia.com\/wp-content\/uploads\/2026\/02\/0074-IFU-International-ver05.pdf\" target=\"_blank\" rel=\"noopener\">DENNE LENKEN<\/a>. V\u00e6r oppmerksom p\u00e5 at bruksanvisningen kan endres. Den siste versjonen er alltid tilgjengelig p\u00e5 denne siden.<\/p>\n<\/div><\/section><\/p><\/div><div  class='flex_column av-axin1ac-d1c2cb0fd4d180f0f3d99c63a21ea654 av_one_full  avia-builder-el-5  el_after_av_one_full  el_before_av_hr  first flex_column_div  column-top-margin'     ><p>\n<style type=\"text\/css\" data-created_by=\"avia_inline_auto\" id=\"style-css-av-lgoqw8ff-d4874e421a1d452e4db0aa4f12afd878\">\n#top .av-special-heading.av-lgoqw8ff-d4874e421a1d452e4db0aa4f12afd878{\npadding-bottom:10px;\n}\nbody .av-special-heading.av-lgoqw8ff-d4874e421a1d452e4db0aa4f12afd878 .av-special-heading-tag .heading-char{\nfont-size:25px;\n}\n.av-special-heading.av-lgoqw8ff-d4874e421a1d452e4db0aa4f12afd878 .av-subheading{\nfont-size:15px;\n}\n<\/style>\n<div  class='av-special-heading av-lgoqw8ff-d4874e421a1d452e4db0aa4f12afd878 av-special-heading-h2 blockquote modern-quote  avia-builder-el-6  el_before_av_textblock  avia-builder-el-first '><h2 class='av-special-heading-tag '  itemprop=\"headline\"  >Sikre korrekte resultater: F\u00f8lg ordinerte instruksjoner<\/h2><div class=\"special-heading-border\"><div class=\"special-heading-inner-border\"><\/div><\/div><\/div><br \/>\n<section  class='av_textblock_section av-lgoqwk49-b03124c0fb1fb2b8cdab00cbabcf62d3 '   itemscope=\"itemscope\" itemtype=\"https:\/\/schema.org\/CreativeWork\" ><div class='avia_textblock'  itemprop=\"text\" ><p><img decoding=\"async\" class=\"alignright size-full wp-image-15198\" style=\"margin-left: 25px; margin-bottom: 30px;\" src=\"https:\/\/medifactia.com\/us\/wp-content\/uploads\/sites\/2\/2023\/02\/Transit-Pellets-Blister-gray.png\" alt=\"\" width=\"120\" \/>Det er viktig \u00e5 f\u00f8lge de instruksjonene legen har gitt for \u00e5 f\u00e5 korrekte resultater av unders\u00f8kelsen. Svelg en Transit-Pellets kapsel hver dag fra dag \u00e9n til dag fem. P\u00e5 dag seks skal du svelge en kapsel om morgenen, merket \u201d6:1\u201d, og en kapsel om kvelden, merket \u201d6:2\u201d.<\/p>\n<p>For at m\u00e5lingen skal bli korrekt, er det viktig \u00e5 bestille r\u00f8ntgenunders\u00f8kelsen til riktig tid i forhold til den siste kapselen p\u00e5 dag seks, merket \u201d6:2\u201d. Dette betyr at r\u00f8ntgenunders\u00f8kelsen b\u00f8r bestilles omtrent 12 timer etter at den siste dosen ble tatt om kvelden p\u00e5 dag seks. Tabellen nedenfor kan v\u00e6re til hjelp som referanse.<\/p>\n<\/div><\/section><br \/>\n<div class='avia-data-table-wrap av-a6exv44-759ac90e4bcc3eeb71231f611045bd5d avia_responsive_table avia-table-1'><table  class='avia-table avia-data-table avia_pricing_default  avia-builder-el-8  el_after_av_textblock  avia-builder-el-last '  itemscope=\"itemscope\" itemtype=\"https:\/\/schema.org\/Table\" ><tbody><tr class='avia-heading-row'><th class=''>Dag 1 (Svelg kapsel 1)<\/th><th class=''>Dag 7 (R\u00f8ntgen)<\/th><\/tr><tr class=''><td class=''>Tirsdag<\/td><td class=''>Mandag<\/td><\/tr><tr class=''><td class=''>Onsdag<\/td><td class=''>Tirsdag<\/td><\/tr><tr class=''><td class=''>Torsdag<\/td><td class=''>Onsdag<\/td><\/tr><tr class=''><td class=''>Fredag<\/td><td class=''>Torsdag<\/td><\/tr><tr class=''><td class=''>L\u00f8rdag<\/td><td class=''>Fredag<\/td><\/tr><\/tbody><\/table><\/div><style type='text\/css'>.avia-table-1 td:nth-of-type(1):before { content: 'Dag 1 (Svelg kapsel 1)'; } .avia-table-1 td:nth-of-type(2):before { content: 'Dag 7 (R\u00f8ntgen)'; } <\/style><\/p><\/div><\/p>\n<div  class='hr av-1pwo8ck-6593ece127bc6baac4e8af2cec557f6e hr-default  avia-builder-el-9  el_after_av_one_full  el_before_av_one_full '><span class='hr-inner '><span class=\"hr-inner-style\"><\/span><\/span><\/div>\n<div  class='flex_column av-17un62s-c57de42cea8a680bc4b687f7ca96f296 av_one_full  avia-builder-el-10  el_after_av_hr  el_before_av_hr  first flex_column_div  '     ><style type=\"text\/css\" data-created_by=\"avia_inline_auto\" id=\"style-css-av-lgoqy16e-8e40c609ffa63f2a65d470cab65fad6b\">\n#top .av_textblock_section.av-lgoqy16e-8e40c609ffa63f2a65d470cab65fad6b .avia_textblock{\nfont-size:13px;\n}\n<\/style>\n<section  class='av_textblock_section av-lgoqy16e-8e40c609ffa63f2a65d470cab65fad6b '   itemscope=\"itemscope\" itemtype=\"https:\/\/schema.org\/CreativeWork\" ><div class='avia_textblock'  itemprop=\"text\" ><p>Informasjonen p\u00e5 denne nettsiden skal ikke brukes som en erstatning for medisinsk r\u00e5dgivning fra legen din. Diskuter alltid diagnose- og behandlingsinformasjon, inkludert risikoer, med legen din. Tenk p\u00e5 at all behandling og alle resultater er spesifikke for den enkelte pasienten. Resultatene kan variere.<\/p>\n<\/div><\/section><\/div>\n<div  class='hr av-kapmbo-a984db170d039e8752105e6fdc5b5d13 hr-default  avia-builder-el-12  el_after_av_one_full  avia-builder-el-last '><span class='hr-inner '><span class=\"hr-inner-style\"><\/span><\/span><\/div>\n","protected":false},"excerpt":{"rendered":"","protected":false},"author":1,"featured_media":0,"parent":0,"menu_order":0,"comment_status":"closed","ping_status":"closed","template":"","meta":{"_lmt_disableupdate":"","_lmt_disable":"","footnotes":""},"class_list":["post-15012","page","type-page","status-publish","hentry"],"_links":{"self":[{"href":"https:\/\/medifactia.com\/no\/wp-json\/wp\/v2\/pages\/15012","targetHints":{"allow":["GET"]}}],"collection":[{"href":"https:\/\/medifactia.com\/no\/wp-json\/wp\/v2\/pages"}],"about":[{"href":"https:\/\/medifactia.com\/no\/wp-json\/wp\/v2\/types\/page"}],"author":[{"embeddable":true,"href":"https:\/\/medifactia.com\/no\/wp-json\/wp\/v2\/users\/1"}],"replies":[{"embeddable":true,"href":"https:\/\/medifactia.com\/no\/wp-json\/wp\/v2\/comments?post=15012"}],"version-history":[{"count":4,"href":"https:\/\/medifactia.com\/no\/wp-json\/wp\/v2\/pages\/15012\/revisions"}],"predecessor-version":[{"id":15190,"href":"https:\/\/medifactia.com\/no\/wp-json\/wp\/v2\/pages\/15012\/revisions\/15190"}],"wp:attachment":[{"href":"https:\/\/medifactia.com\/no\/wp-json\/wp\/v2\/media?parent=15012"}],"curies":[{"name":"wp","href":"https:\/\/api.w.org\/{rel}","templated":true}]}}