{"id":15009,"date":"2023-04-20T08:30:11","date_gmt":"2023-04-20T06:30:11","guid":{"rendered":"https:\/\/medifactia.com\/no\/?page_id=15009"},"modified":"2026-02-11T08:42:01","modified_gmt":"2026-02-11T07:42:01","slug":"colon-transit-markers","status":"publish","type":"page","link":"https:\/\/medifactia.com\/no\/colon-transit-markers\/","title":{"rendered":"Colon Transit Markers"},"content":{"rendered":"<div  class='flex_column av-59f0af5-3e03a57382f907b9d3a3305e733bf05b av_one_full  avia-builder-el-0  el_before_av_one_full  avia-builder-el-first  first flex_column_div  '     ><style type=\"text\/css\" data-created_by=\"avia_inline_auto\" id=\"style-css-av-lgoqqbij-377dbf6acec52c99bff1de3c6ade6097\">\n.avia-image-container.av-lgoqqbij-377dbf6acec52c99bff1de3c6ade6097 img.avia_image{\nbox-shadow:none;\n}\n.avia-image-container.av-lgoqqbij-377dbf6acec52c99bff1de3c6ade6097 .av-image-caption-overlay-center{\ncolor:#ffffff;\n}\n<\/style>\n<div  class='avia-image-container av-lgoqqbij-377dbf6acec52c99bff1de3c6ade6097 av-styling- avia-align-center  avia-builder-el-1  avia-builder-el-no-sibling '   itemprop=\"image\" itemscope=\"itemscope\" itemtype=\"https:\/\/schema.org\/ImageObject\" ><div class=\"avia-image-container-inner\"><div class=\"avia-image-overlay-wrap\"><img decoding=\"async\" fetchpriority=\"high\" class='wp-image- avia-img-lazy-loading-not- avia_image ' src=\"https:\/\/medifactia.com\/us\/wp-content\/uploads\/sites\/2\/2023\/02\/medifactia-TP-Infinit.jpg\" alt='' title=''   itemprop=\"thumbnailUrl\"  \/><\/div><\/div><\/div><\/div>\n<div  class='flex_column av-50fpwxt-67d85b7516ea5fa0d476c9cfd752b351 av_one_full  avia-builder-el-2  el_after_av_one_full  el_before_av_hr  first flex_column_div  column-top-margin'     ><p>\n<style type=\"text\/css\" data-created_by=\"avia_inline_auto\" id=\"style-css-av-lgoqqv34-d6e2e9ad43cc3a399c920316e2959b99\">\n#top .av-special-heading.av-lgoqqv34-d6e2e9ad43cc3a399c920316e2959b99{\npadding-bottom:10px;\n}\nbody .av-special-heading.av-lgoqqv34-d6e2e9ad43cc3a399c920316e2959b99 .av-special-heading-tag .heading-char{\nfont-size:25px;\n}\n.av-special-heading.av-lgoqqv34-d6e2e9ad43cc3a399c920316e2959b99 .av-subheading{\nfont-size:15px;\n}\n<\/style>\n<div  class='av-special-heading av-lgoqqv34-d6e2e9ad43cc3a399c920316e2959b99 av-special-heading-h1 blockquote modern-quote  avia-builder-el-3  el_before_av_textblock  avia-builder-el-first '><h1 class='av-special-heading-tag '  itemprop=\"headline\"  >Beskrivelse av Transit-Pellets<\/h1><div class=\"special-heading-border\"><div class=\"special-heading-inner-border\"><\/div><\/div><\/div><br \/>\n<section  class='av_textblock_section av-lgoqrfro-24610b726593b5197fd6ca92b4df235c '   itemscope=\"itemscope\" itemtype=\"https:\/\/schema.org\/CreativeWork\" ><div class='avia_textblock'  itemprop=\"text\" ><p>HPMC-kapselen (st\u00f8rrelse -00-) best\u00e5r av to \u00e5pne sylindere, en kapsel og en kropp, som passer inni hverandre. Fem av kapslene inneholder ti ringformede mark\u00f8rer, mens to kapsler inneholder fem r\u00f8rformede mark\u00f8rer. Transit-Pellets kapslene kommer i en blisterpakning som er plassert inne i en kartong.<\/p>\n<p>Transit-Pellets har en annen form p\u00e5 dag seks for \u00e5 hjelpe legen med \u00e5 se visse deler av tykktarmen bedre. P\u00e5 dag seks er dosen ogs\u00e5 delt opp i en morgen- og en kveldsdose, og grunnen til det er \u00e5 kunne vurdere om rask transitt forekommer.<\/p>\n<\/div><\/section><\/p><\/div>\n\n<style type=\"text\/css\" data-created_by=\"avia_inline_auto\" id=\"style-css-av-4ckppc1-b1125fe2497b278b6ef9be86ef8697cf\">\n#top .hr.hr-invisible.av-4ckppc1-b1125fe2497b278b6ef9be86ef8697cf{\nheight:10px;\n}\n<\/style>\n<div  class='hr av-4ckppc1-b1125fe2497b278b6ef9be86ef8697cf hr-invisible  avia-builder-el-5  el_after_av_one_full  el_before_av_three_fifth '><span class='hr-inner '><span class=\"hr-inner-style\"><\/span><\/span><\/div>\n<div  class='flex_column av-e7uoch-ff8cc3047f85bcebebf5e280e7c68c26 av_three_fifth  avia-builder-el-6  el_after_av_hr  el_before_av_two_fifth  first flex_column_div  '     ><section  class='av_textblock_section av-3d3imf5-f17268fa4d82b9573b6be33717809d80 '   itemscope=\"itemscope\" itemtype=\"https:\/\/schema.org\/CreativeWork\" ><div class='avia_textblock'  itemprop=\"text\" ><p>The HPMC capsule (size -00-) is composed of two open-ended cylinders, a cap and a body, that fit inside each other. Five of the capsules contain ten ring-formed markers, while two capsules contain five tube-formed markers. The capsules are packed in a blister pack labeled with numbers, which is then placed inside a carton box.<\/p>\n<p>The transit times obtained are independent of the shape of the markers, however, on day six, differently shaped markers are used to aid the radiologist in identifying the location of the caecum. Additionally, dividing the day six dosage into morning and evening doses will increase the accuracy of measurements related to rapid transit.<\/p>\n<\/div><\/section><\/div>\n\n<style type=\"text\/css\" data-created_by=\"avia_inline_auto\" id=\"style-css-av-2y0cv8h-cf51312ba42ced57f9826350e7177f54\">\n.flex_column.av-2y0cv8h-cf51312ba42ced57f9826350e7177f54{\npadding:10px 0 0 0;\n}\n<\/style>\n<div  class='flex_column av-2y0cv8h-cf51312ba42ced57f9826350e7177f54 av_two_fifth  avia-builder-el-8  el_after_av_three_fifth  el_before_av_hr  flex_column_div  '     ><style type=\"text\/css\" data-created_by=\"avia_inline_auto\" id=\"style-css-av-lgoqrxlg-de86b3a801a9a5af013eea58dd939642\">\n.avia-image-container.av-lgoqrxlg-de86b3a801a9a5af013eea58dd939642 img.avia_image{\nbox-shadow:none;\n}\n.avia-image-container.av-lgoqrxlg-de86b3a801a9a5af013eea58dd939642 .av-image-caption-overlay-center{\ncolor:#ffffff;\n}\n<\/style>\n<div  class='avia-image-container av-lgoqrxlg-de86b3a801a9a5af013eea58dd939642 av-styling- avia-align-center  avia-builder-el-9  avia-builder-el-no-sibling '   itemprop=\"image\" itemscope=\"itemscope\" itemtype=\"https:\/\/schema.org\/ImageObject\" ><div class=\"avia-image-container-inner\"><div class=\"avia-image-overlay-wrap\"><img decoding=\"async\" fetchpriority=\"high\" class='wp-image- avia-img-lazy-loading-not- avia_image ' src=\"https:\/\/medifactia.com\/us\/wp-content\/uploads\/sites\/2\/2023\/02\/kapslar-1.jpg\" alt='' title=''   itemprop=\"thumbnailUrl\"  \/><\/div><\/div><\/div><\/div>\n\n<style type=\"text\/css\" data-created_by=\"avia_inline_auto\" id=\"style-css-av-2qjd84h-cec6b09b18bf2bef1d37f9bf394fc816\">\n#top .hr.hr-invisible.av-2qjd84h-cec6b09b18bf2bef1d37f9bf394fc816{\nheight:50px;\n}\n<\/style>\n<div  class='hr av-2qjd84h-cec6b09b18bf2bef1d37f9bf394fc816 hr-invisible  avia-builder-el-10  el_after_av_two_fifth  el_before_av_one_full '><span class='hr-inner '><span class=\"hr-inner-style\"><\/span><\/span><\/div>\n<div  class='flex_column av-263wgjl-26ba7afc99dcce8f111970b3a222e774 av_one_full  avia-builder-el-11  el_after_av_hr  el_before_av_hr  first flex_column_div  '     ><p>\n<style type=\"text\/css\" data-created_by=\"avia_inline_auto\" id=\"style-css-av-lgoqs790-4d648b25c589a2150c03ad7e04c2488f\">\n#top .av-special-heading.av-lgoqs790-4d648b25c589a2150c03ad7e04c2488f{\npadding-bottom:10px;\n}\nbody .av-special-heading.av-lgoqs790-4d648b25c589a2150c03ad7e04c2488f .av-special-heading-tag .heading-char{\nfont-size:25px;\n}\n.av-special-heading.av-lgoqs790-4d648b25c589a2150c03ad7e04c2488f .av-subheading{\nfont-size:15px;\n}\n<\/style>\n<div  class='av-special-heading av-lgoqs790-4d648b25c589a2150c03ad7e04c2488f av-special-heading-h2 blockquote modern-quote  avia-builder-el-12  el_before_av_textblock  avia-builder-el-first '><h2 class='av-special-heading-tag '  itemprop=\"headline\"  >Bruksanvisning for Transit-Pellets<\/h2><div class=\"special-heading-border\"><div class=\"special-heading-inner-border\"><\/div><\/div><\/div><br \/>\n<section  class='av_textblock_section av-lgoqt5r3-4eb36ad03ae09a9528c4d4b32561e472 '   itemscope=\"itemscope\" itemtype=\"https:\/\/schema.org\/CreativeWork\" ><div class='avia_textblock'  itemprop=\"text\" ><p>Hver pakke med Transit-Pellets inneholder en bruksanvisning som er tilgjengelig p\u00e5 opptil 20 forskjellige spr\u00e5k. Det er viktig at brukeren av Transit-Pellets leser denne informasjonen f\u00f8r bruk av produktet starter. Bruksanvisningen inneholder viktige instruksjoner om hvordan man bruker Transit-Pellets p\u00e5 riktig m\u00e5te. Last ned bruksanvisningen for Transit-Pellets via <a href=\"https:\/\/medifactia.com\/wp-content\/uploads\/2026\/02\/0074-IFU-International-ver05.pdf\" target=\"_blank\" rel=\"noopener\">DENNE LENKEN<\/a>.<\/p>\n<\/div><\/section><\/p><\/div><div  class='hr av-1mh2n5t-789129dc9a9c89fd1f9e9238cef339e8 hr-default  avia-builder-el-14  el_after_av_one_full  el_before_av_one_full '><span class='hr-inner '><span class=\"hr-inner-style\"><\/span><\/span><\/div><\/p>\n<div  class='flex_column av-zttsip-8e6aa9603a2045f04b8cac3d3049f1d7 av_one_full  avia-builder-el-15  el_after_av_hr  el_before_av_hr  first flex_column_div  '     ><style type=\"text\/css\" data-created_by=\"avia_inline_auto\" id=\"style-css-av-lgoqte8o-c86032d2e1fbf0d5e5c9361669838f3c\">\n#top .av_textblock_section.av-lgoqte8o-c86032d2e1fbf0d5e5c9361669838f3c .avia_textblock{\nfont-size:13px;\n}\n<\/style>\n<section  class='av_textblock_section av-lgoqte8o-c86032d2e1fbf0d5e5c9361669838f3c '   itemscope=\"itemscope\" itemtype=\"https:\/\/schema.org\/CreativeWork\" ><div class='avia_textblock'  itemprop=\"text\" ><p>Informasjonen p\u00e5 denne nettsiden skal ikke brukes som en erstatning for medisinsk r\u00e5dgivning fra legen din. Diskuter alltid diagnose- og behandlingsinformasjon, inkludert risikoer, med legen din. Tenk p\u00e5 at all behandling og alle resultater er spesifikke for den enkelte pasienten. Resultatene kan variere.<\/p>\n<\/div><\/section><\/div>\n<div  class='hr av-qaeysh-80b05419600b54c4c3526004739419df hr-default  avia-builder-el-17  el_after_av_one_full  avia-builder-el-last '><span class='hr-inner '><span class=\"hr-inner-style\"><\/span><\/span><\/div>\n","protected":false},"excerpt":{"rendered":"","protected":false},"author":1,"featured_media":0,"parent":0,"menu_order":0,"comment_status":"closed","ping_status":"closed","template":"","meta":{"footnotes":""},"class_list":["post-15009","page","type-page","status-publish","hentry"],"_links":{"self":[{"href":"https:\/\/medifactia.com\/no\/wp-json\/wp\/v2\/pages\/15009","targetHints":{"allow":["GET"]}}],"collection":[{"href":"https:\/\/medifactia.com\/no\/wp-json\/wp\/v2\/pages"}],"about":[{"href":"https:\/\/medifactia.com\/no\/wp-json\/wp\/v2\/types\/page"}],"author":[{"embeddable":true,"href":"https:\/\/medifactia.com\/no\/wp-json\/wp\/v2\/users\/1"}],"replies":[{"embeddable":true,"href":"https:\/\/medifactia.com\/no\/wp-json\/wp\/v2\/comments?post=15009"}],"version-history":[{"count":4,"href":"https:\/\/medifactia.com\/no\/wp-json\/wp\/v2\/pages\/15009\/revisions"}],"predecessor-version":[{"id":15186,"href":"https:\/\/medifactia.com\/no\/wp-json\/wp\/v2\/pages\/15009\/revisions\/15186"}],"wp:attachment":[{"href":"https:\/\/medifactia.com\/no\/wp-json\/wp\/v2\/media?parent=15009"}],"curies":[{"name":"wp","href":"https:\/\/api.w.org\/{rel}","templated":true}]}}