{"id":15010,"date":"2023-04-20T08:55:54","date_gmt":"2023-04-20T06:55:54","guid":{"rendered":"https:\/\/medifactia.com\/nl\/?page_id=15010"},"modified":"2026-02-11T13:25:45","modified_gmt":"2026-02-11T12:25:45","slug":"instructions","status":"publish","type":"page","link":"https:\/\/medifactia.com\/nl\/instructions\/","title":{"rendered":"Instructions"},"content":{"rendered":"<div  class='flex_column av-cbd9y1u-6b91208762eb43a43cd0c1cd9a4b978e av_one_full  avia-builder-el-0  el_before_av_one_full  avia-builder-el-first  first flex_column_div  '     ><div  class='avia-video av-boz0qn6-abe54d651b7072012d72771e88c004ab avia-video-16-9 av-no-preview-image avia-video-load-always av-lazyload-immediate av-lazyload-video-embed'  itemprop=\"video\" itemtype=\"https:\/\/schema.org\/VideoObject\"  data-original_url='https:\/\/vimeo.com\/796097857'><script type='text\/html' class='av-video-tmpl'><div class='avia-iframe-wrap'><iframe loading=\"lazy\" title=\"Medifactia video 1 2023 ENG.mp4\" src=\"https:\/\/player.vimeo.com\/video\/796097857?h=911af83fab&amp;dnt=1&amp;app_id=122963&autoplay=0&loop=0&controls=1&muted=0\" width=\"1500\" height=\"844\" frameborder=\"0\" allow=\"autoplay; fullscreen; picture-in-picture\" allowfullscreen><\/iframe><\/div><\/script><div class='av-click-to-play-overlay'><div class=\"avia_playpause_icon\"><\/div><\/div><\/div><\/div>\n<div  class='flex_column av-b8ozrwi-22b602ae791300c385920af45c3c1c10 av_one_full  avia-builder-el-2  el_after_av_one_full  el_before_av_one_full  first flex_column_div  column-top-margin'     ><p>\n<style type=\"text\/css\" data-created_by=\"avia_inline_auto\" id=\"style-css-av-lgoro17l-2e6c69815d9fd7bf9082ed9e6f17312c\">\n#top .av-special-heading.av-lgoro17l-2e6c69815d9fd7bf9082ed9e6f17312c{\npadding-bottom:10px;\n}\nbody .av-special-heading.av-lgoro17l-2e6c69815d9fd7bf9082ed9e6f17312c .av-special-heading-tag .heading-char{\nfont-size:25px;\n}\n.av-special-heading.av-lgoro17l-2e6c69815d9fd7bf9082ed9e6f17312c .av-subheading{\nfont-size:15px;\n}\n<\/style>\n<div  class='av-special-heading av-lgoro17l-2e6c69815d9fd7bf9082ed9e6f17312c av-special-heading-h1 blockquote modern-quote  avia-builder-el-3  el_before_av_textblock  avia-builder-el-first '><h1 class='av-special-heading-tag '  itemprop=\"headline\"  >Instructies voor het juiste gebruik van de Transit-Pellets<\/h1><div class=\"special-heading-border\"><div class=\"special-heading-inner-border\"><\/div><\/div><\/div><br \/>\n<section  class='av_textblock_section av-lgororwm-82081c0fb01b93617bc61f168f05131e '   itemscope=\"itemscope\" itemtype=\"https:\/\/schema.org\/CreativeWork\" ><div class='avia_textblock'  itemprop=\"text\" ><p>Transit-Pellets markers testen worden voorgeschreven door een arts voor gebruik door pati\u00ebnten thuis. Gedurende zes opeenvolgende dagen slikt de pati\u00ebnt Transit-Pellets markers in, die zijn verpakt in zeven HPMC (hydropropyl methylcellulose) capsules, gevolgd door een buikoverzichtsfoto op dag zeven.<\/p>\n<p>Om ervoor te zorgen dat de Transit-Pellets op de juiste en veilige manier worden gebruikt, is het belangrijk om de Transit-Pellets Instructies voor Gebruik (IFU) grondig te lezen voordat u begint met het gebruik. U kunt deze rechtstreeks invoeren via <a href=\"https:\/\/medifactia.com\/wp-content\/uploads\/2026\/02\/0074-IFU-International-ver05.pdf\" target=\"_blank\" rel=\"noopener\">DEZE LINK<\/a>. Houd er rekening mee dat de Transit-Pellets IFU onderhevig is aan verandering. De meest recente versie is altijd beschikbaar op deze site.<\/p>\n<\/div><\/section><\/p><\/div><div  class='flex_column av-apzkdk2-7c729c2317c5e0e4d98011096ce5bb3b av_one_full  avia-builder-el-5  el_after_av_one_full  el_before_av_hr  first flex_column_div  column-top-margin'     ><p>\n<style type=\"text\/css\" data-created_by=\"avia_inline_auto\" id=\"style-css-av-lgoroz9d-cb69ae7f16ca99a74dfe5305bc15445d\">\n#top .av-special-heading.av-lgoroz9d-cb69ae7f16ca99a74dfe5305bc15445d{\npadding-bottom:10px;\n}\nbody .av-special-heading.av-lgoroz9d-cb69ae7f16ca99a74dfe5305bc15445d .av-special-heading-tag .heading-char{\nfont-size:25px;\n}\n.av-special-heading.av-lgoroz9d-cb69ae7f16ca99a74dfe5305bc15445d .av-subheading{\nfont-size:15px;\n}\n<\/style>\n<div  class='av-special-heading av-lgoroz9d-cb69ae7f16ca99a74dfe5305bc15445d av-special-heading-h2 blockquote modern-quote  avia-builder-el-6  el_before_av_textblock  avia-builder-el-first '><h2 class='av-special-heading-tag '  itemprop=\"headline\"  >Zorg voor nauwkeurige resultaten: Volg voorgeschreven instructies<\/h2><div class=\"special-heading-border\"><div class=\"special-heading-inner-border\"><\/div><\/div><\/div><br \/>\n<section  class='av_textblock_section av-lgorp98d-1299f327b84df0ee1698133fc4351dcc '   itemscope=\"itemscope\" itemtype=\"https:\/\/schema.org\/CreativeWork\" ><div class='avia_textblock'  itemprop=\"text\" ><p><img decoding=\"async\" class=\"alignright size-full wp-image-15198\" style=\"margin-left: 25px; margin-bottom: 30px;\" src=\"https:\/\/medifactia.com\/us\/wp-content\/uploads\/sites\/2\/2023\/02\/Transit-Pellets-Blister-gray.png\" alt=\"\" width=\"120\" \/>Het is belangrijk om de voorgeschreven doseringsinstructies voor de markers te volgen om nauwkeurige resultaten te garanderen. Van dag \u00e9\u00e9n tot dag vijf dient \u00e9\u00e9n Transit-Pellets-capsule per dag te worden ingenomen. Op dag zes dient \u00e9\u00e9n capsule &#8217;s ochtends te worden ingenomen, gelabeld als \u201d6:1\u201d, en \u00e9\u00e9n capsule dient &#8217;s avonds te worden ingenomen, gelabeld als \u201d6:2\u201d.<\/p>\n<p>Om de nauwkeurigheid van de meting te waarborgen, is het belangrijk om de radiologische onderzoek op het juiste moment in te plannen ten opzichte van de laatste markerdosis op dag zes, gelabeld als \u201d6:2\u201d. Dit betekent dat de r\u00f6ntgenfoto ongeveer 12 uur na de laatste markerdosis die &#8217;s avonds op dag zes werd ingenomen, moet worden ingepland. De volgende tabel geeft een nuttige referentie.<\/p>\n<\/div><\/section><br \/>\n<div class='avia-data-table-wrap av-aig0kjm-1358aad2f7d09f266359a9b767a1eebc avia_responsive_table avia-table-1'><table  class='avia-table avia-data-table avia_pricing_default  avia-builder-el-8  el_after_av_textblock  avia-builder-el-last '  itemscope=\"itemscope\" itemtype=\"https:\/\/schema.org\/Table\" ><tbody><tr class='avia-heading-row'><th class=''>Dag 1 (Slik capsule 1)<\/th><th class=''>Dag 7 (r\u00f6ntgenfoto)<\/th><\/tr><tr class=''><td class=''>Dinsdag<\/td><td class=''>Maandag<\/td><\/tr><tr class=''><td class=''>Woensdag<\/td><td class=''>Dinsdag<\/td><\/tr><tr class=''><td class=''>Donderdag<\/td><td class=''>Woensdag<\/td><\/tr><tr class=''><td class=''>Vrijdag<\/td><td class=''>Donderdag<\/td><\/tr><tr class=''><td class=''>Zaterdag<\/td><td class=''>Vrijdag<\/td><\/tr><\/tbody><\/table><\/div><style type='text\/css'>.avia-table-1 td:nth-of-type(1):before { content: 'Dag 1 (Slik capsule 1)'; } .avia-table-1 td:nth-of-type(2):before { content: 'Dag 7 (r\u00f6ntgenfoto)'; } <\/style><\/p><\/div><\/p>\n<div  class='hr av-1qkq56q-2f5e1403bd5d39bfbb61b9c72f33430d hr-default  avia-builder-el-9  el_after_av_one_full  el_before_av_one_full '><span class='hr-inner '><span class=\"hr-inner-style\"><\/span><\/span><\/div>\n<div  class='flex_column av-zexyea-f0aab6dfadd478e226a29b4fe997ecbb av_one_full  avia-builder-el-10  el_after_av_hr  el_before_av_hr  first flex_column_div  '     ><style type=\"text\/css\" data-created_by=\"avia_inline_auto\" id=\"style-css-av-lgorqret-7ef7b41e8ec03371bd8953e74ab5b7e2\">\n#top .av_textblock_section.av-lgorqret-7ef7b41e8ec03371bd8953e74ab5b7e2 .avia_textblock{\nfont-size:13px;\n}\n<\/style>\n<section  class='av_textblock_section av-lgorqret-7ef7b41e8ec03371bd8953e74ab5b7e2 '   itemscope=\"itemscope\" itemtype=\"https:\/\/schema.org\/CreativeWork\" ><div class='avia_textblock'  itemprop=\"text\" ><p>Informatie op deze site mag niet worden gebruikt als vervanging voor medisch advies van uw arts. Bespreek altijd diagnose- en behandelingsinformatie, inclusief risico&#8217;s, met uw arts. Houd er rekening mee dat alle behandelings- en resultaatresultaten specifiek zijn voor de individuele pati\u00ebnt. Resultaten kunnen vari\u00ebren.<\/p>\n<\/div><\/section><\/div>\n<div  class='hr av-ruk54y-7a0e9fae764c834463c442e1a29d2d83 hr-default  avia-builder-el-12  el_after_av_one_full  avia-builder-el-last '><span class='hr-inner '><span class=\"hr-inner-style\"><\/span><\/span><\/div>\n","protected":false},"excerpt":{"rendered":"","protected":false},"author":1,"featured_media":0,"parent":0,"menu_order":0,"comment_status":"closed","ping_status":"closed","template":"","meta":{"footnotes":""},"class_list":["post-15010","page","type-page","status-publish","hentry"],"_links":{"self":[{"href":"https:\/\/medifactia.com\/nl\/wp-json\/wp\/v2\/pages\/15010","targetHints":{"allow":["GET"]}}],"collection":[{"href":"https:\/\/medifactia.com\/nl\/wp-json\/wp\/v2\/pages"}],"about":[{"href":"https:\/\/medifactia.com\/nl\/wp-json\/wp\/v2\/types\/page"}],"author":[{"embeddable":true,"href":"https:\/\/medifactia.com\/nl\/wp-json\/wp\/v2\/users\/1"}],"replies":[{"embeddable":true,"href":"https:\/\/medifactia.com\/nl\/wp-json\/wp\/v2\/comments?post=15010"}],"version-history":[{"count":3,"href":"https:\/\/medifactia.com\/nl\/wp-json\/wp\/v2\/pages\/15010\/revisions"}],"predecessor-version":[{"id":15188,"href":"https:\/\/medifactia.com\/nl\/wp-json\/wp\/v2\/pages\/15010\/revisions\/15188"}],"wp:attachment":[{"href":"https:\/\/medifactia.com\/nl\/wp-json\/wp\/v2\/media?parent=15010"}],"curies":[{"name":"wp","href":"https:\/\/api.w.org\/{rel}","templated":true}]}}