{"id":15003,"date":"2023-04-20T09:27:08","date_gmt":"2023-04-20T07:27:08","guid":{"rendered":"https:\/\/medifactia.com\/lv\/?page_id=15003"},"modified":"2026-02-11T13:29:05","modified_gmt":"2026-02-11T12:29:05","slug":"instructions","status":"publish","type":"page","link":"https:\/\/medifactia.com\/lv\/instructions\/","title":{"rendered":"Instructions"},"content":{"rendered":"<div class=\"flex_column av_one_full  flex_column_div first  avia-builder-el-0  el_before_av_one_full  avia-builder-el-first  \" ><div  class='avia-video avia-video-16-9   av-lazyload-immediate  av-lazyload-video-embed  '   itemprop=\"video\" itemtype=\"https:\/\/schema.org\/VideoObject\"  data-original_url='https:\/\/vimeo.com\/796097857' ><script type='text\/html' class='av-video-tmpl'><div class='avia-iframe-wrap'><iframe loading=\"lazy\" title=\"Medifactia video 1 2023 ENG.mp4\" src=\"https:\/\/player.vimeo.com\/video\/796097857?h=911af83fab&amp;dnt=1&amp;app_id=122963&autoplay=0&loop=0&controls=1&muted=0\" width=\"1500\" height=\"844\" frameborder=\"0\" allow=\"autoplay; fullscreen; picture-in-picture\" allowfullscreen><\/iframe><\/div><\/script><div class='av-click-to-play-overlay'><div class=\"avia_playpause_icon\"><\/div><\/div><\/div><\/div>\n<div class=\"flex_column av_one_full  flex_column_div first  avia-builder-el-2  el_after_av_one_full  el_before_av_one_full  column-top-margin\" ><p><div  style='padding-bottom:10px; ' class='av-special-heading av-special-heading-h1  blockquote modern-quote  avia-builder-el-3  el_before_av_textblock  avia-builder-el-first  '><h1 class='av-special-heading-tag '  itemprop=\"headline\"  >Nor\u0101des par pareizu Transit-Pellets lieto\u0161anu<\/h1><div class='special-heading-border'><div class='special-heading-inner-border' ><\/div><\/div><\/div><br \/>\n<section class=\"av_textblock_section \"  itemscope=\"itemscope\" itemtype=\"https:\/\/schema.org\/CreativeWork\" ><div class='avia_textblock  '   itemprop=\"text\" ><p>Transit-Pellets testi tiek izrakst\u012bti \u0101rsta vad\u012bb\u0101 pacientiem, kuri veic testu m\u0101jas apst\u0101k\u013cos. Se\u0161u uzst\u0101j\u012bgu dienu laik\u0101 pacients norij Transit-Pellets mar\u0137ierus, kas atrodami septi\u0146\u0101s HPMC (hidroksipropilmetilcelulozes) kapsul\u0101s, p\u0113c tam sept\u012btaj\u0101 dien\u0101 tiek veikta v\u0113dera rentgenogr\u0101fija.<\/p>\n<p>Lai nodro\u0161in\u0101tu pareizu un dro\u0161u Transit-Pellets lieto\u0161anu, ir svar\u012bgi r\u016bp\u012bgi izlas\u012bt Transit-Pellets lieto\u0161anas instrukciju (IFU) pirms lieto\u0161anas s\u0101k\u0161anas. Lai to ieg\u016btu, varat ievad\u012bt <a href=\"https:\/\/medifactia.com\/wp-content\/uploads\/2026\/02\/0074-IFU-International-ver05.pdf\" target=\"_blank\" rel=\"noopener\">\u0160O SAITI<\/a>. L\u016bdzu, \u0146emiet v\u0113r\u0101, ka Transit-Pellets IFU var tikt main\u012bta. Visaktualiz\u0113t\u0101k\u0101 versija vienm\u0113r ir pieejama \u0161aj\u0101 vietn\u0113.<\/p>\n<\/div><\/section><\/p><\/div><div class=\"flex_column av_one_full  flex_column_div first  avia-builder-el-5  el_after_av_one_full  el_before_av_hr  column-top-margin\" ><p><div  style='padding-bottom:10px; ' class='av-special-heading av-special-heading-h2  blockquote modern-quote  avia-builder-el-6  el_before_av_textblock  avia-builder-el-first  '><h2 class='av-special-heading-tag '  itemprop=\"headline\"  >Nodro\u0161iniet prec\u012bzus rezult\u0101tus: Iev\u0113rojiet izrakst\u012bt\u0101s instrukcijas<\/h2><div class='special-heading-border'><div class='special-heading-inner-border' ><\/div><\/div><\/div><br \/>\n<section class=\"av_textblock_section \"  itemscope=\"itemscope\" itemtype=\"https:\/\/schema.org\/CreativeWork\" ><div class='avia_textblock  '   itemprop=\"text\" ><p><img decoding=\"async\" class=\"alignright size-full wp-image-15198\" style=\"margin-left: 25px; margin-bottom: 30px;\" src=\"https:\/\/medifactia.com\/us\/wp-content\/uploads\/sites\/2\/2023\/02\/Transit-Pellets-Blister-gray.png\" alt=\"\" width=\"120\" \/>Lai nodro\u0161in\u0101tu prec\u012bzus rezult\u0101tus, ir svar\u012bgi iev\u0113rot izrakst\u012bt\u0101s devas instrukcijas mar\u0137ieriem. Katru dienu no pirm\u0101s dienas l\u012bdz piektajai dienai j\u0101norij viena Tranz\u012bta granulu kapsula. Sestaj\u0101 dien\u0101 j\u0101norij viena kapsula no r\u012bta, kurai ir uzrakst\u012bts \u201d6:1\u201d, un viena kapsula vakar\u0101 ar uzrakstu \u201d6:2\u201d.<\/p>\n<p>Lai nodro\u0161in\u0101tu m\u0113r\u012bjumu precizit\u0101ti, ir svar\u012bgi iepl\u0101not radiolo\u0123ijas izmekl\u0113jumu attiec\u012bb\u0101 uz p\u0113d\u0113j\u0101s devas uz\u0146em\u0161anu sestaj\u0101 dien\u0101, kas atz\u012bm\u0113ta k\u0101 \u201d6:2\u201d. Tas noz\u012bm\u0113, ka rentgena izmekl\u0113jumu j\u0101iepl\u0101no aptuveni 12 stundas p\u0113c p\u0113d\u0113j\u0101s mar\u0137iera devas uz\u0146em\u0161anas vakar\u0101 sestaj\u0101 dien\u0101. Zem\u0101k redzam\u0101 tabula sniedz noder\u012bgu atsauci.<\/p>\n<\/div><\/section><br \/>\n<div class='avia-data-table-wrap avia_responsive_table'><table class='avia-table avia-data-table avia-table-1  avia-builder-el-8  el_after_av_textblock  avia-builder-el-last  avia_pricing_default '  itemscope=\"itemscope\" itemtype=\"https:\/\/schema.org\/Table\" ><tbody><tr class='avia-heading-row'><th class=''>1. diena (norijiet kapsulu Nr. 1)<\/th><th class=''>7. diena (rentgena att\u0113ls)<\/th><\/tr><tr class=''><td class=''>Otrdiena<\/td><td class=''>Pirmdiena<\/td><\/tr><tr class=''><td class=''>Tre\u0161diena<\/td><td class=''>Otrdiena<\/td><\/tr><tr class=''><td class=''>Ceturtdiena<\/td><td class=''>Tre\u0161diena<\/td><\/tr><tr class=''><td class=''>Piektdiena<\/td><td class=''>Ceturtdiena<\/td><\/tr><tr class=''><td class=''>Sestdiena<\/td><td class=''>Piektdiena<\/td><\/tr><\/tbody><\/table><\/div><style type='text\/css'>.avia-table-1 td:nth-of-type(1):before { content: '1. diena (norijiet kapsulu Nr. 1)'; } .avia-table-1 td:nth-of-type(2):before { content: '7. diena (rentgena att\u0113ls)'; } <\/style><\/p><\/div><\/p>\n<div   class='hr hr-default   avia-builder-el-9  el_after_av_one_full  el_before_av_one_full '><span class='hr-inner ' ><span class='hr-inner-style'><\/span><\/span><\/div>\n<div class=\"flex_column av_one_full  flex_column_div first  avia-builder-el-10  el_after_av_hr  el_before_av_hr  \" ><section class=\"av_textblock_section \"  itemscope=\"itemscope\" itemtype=\"https:\/\/schema.org\/CreativeWork\" ><div class='avia_textblock  '  style='font-size:13px; '  itemprop=\"text\" ><p>\u0160aj\u0101 vietn\u0113 sniegta inform\u0101cija nedr\u012bkst tikt izmantota k\u0101 aizvietot\u0101js medic\u012bniskajiem padomiem no j\u016bsu \u0101rsta. Vienum\u0101r ar savu \u0101rstu apspriediet diagnozes un \u0101rst\u0113\u0161anas inform\u0101ciju, tostarp riskus. \u0145emiet v\u0113r\u0101, ka visas \u0101rst\u0113\u0161anas un rezult\u0101tu rezult\u0101ti ir specifiski katram pacientam. Rezult\u0101ti var at\u0161\u0137irties.<\/p>\n<\/div><\/section><\/div>\n<div   class='hr hr-default   avia-builder-el-12  el_after_av_one_full  avia-builder-el-last '><span class='hr-inner ' ><span class='hr-inner-style'><\/span><\/span><\/div>\n","protected":false},"excerpt":{"rendered":"","protected":false},"author":1,"featured_media":0,"parent":0,"menu_order":0,"comment_status":"closed","ping_status":"closed","template":"","meta":{"footnotes":""},"class_list":["post-15003","page","type-page","status-publish","hentry"],"_links":{"self":[{"href":"https:\/\/medifactia.com\/lv\/wp-json\/wp\/v2\/pages\/15003","targetHints":{"allow":["GET"]}}],"collection":[{"href":"https:\/\/medifactia.com\/lv\/wp-json\/wp\/v2\/pages"}],"about":[{"href":"https:\/\/medifactia.com\/lv\/wp-json\/wp\/v2\/types\/page"}],"author":[{"embeddable":true,"href":"https:\/\/medifactia.com\/lv\/wp-json\/wp\/v2\/users\/1"}],"replies":[{"embeddable":true,"href":"https:\/\/medifactia.com\/lv\/wp-json\/wp\/v2\/comments?post=15003"}],"version-history":[{"count":3,"href":"https:\/\/medifactia.com\/lv\/wp-json\/wp\/v2\/pages\/15003\/revisions"}],"predecessor-version":[{"id":15180,"href":"https:\/\/medifactia.com\/lv\/wp-json\/wp\/v2\/pages\/15003\/revisions\/15180"}],"wp:attachment":[{"href":"https:\/\/medifactia.com\/lv\/wp-json\/wp\/v2\/media?parent=15003"}],"curies":[{"name":"wp","href":"https:\/\/api.w.org\/{rel}","templated":true}]}}