{"id":15000,"date":"2023-04-20T09:23:49","date_gmt":"2023-04-20T07:23:49","guid":{"rendered":"https:\/\/medifactia.com\/lv\/?page_id=15000"},"modified":"2026-02-11T08:41:10","modified_gmt":"2026-02-11T07:41:10","slug":"colon-transit-markers","status":"publish","type":"page","link":"https:\/\/medifactia.com\/lv\/colon-transit-markers\/","title":{"rendered":"Colon Transit Markers"},"content":{"rendered":"<div class=\"flex_column av_one_full  flex_column_div first  avia-builder-el-0  el_before_av_one_full  avia-builder-el-first  \" ><div  class='avia-image-container  av-styling-    avia-builder-el-1  avia-builder-el-no-sibling  avia-align-center '  itemprop=\"image\" itemscope=\"itemscope\" itemtype=\"https:\/\/schema.org\/ImageObject\"  ><div class='avia-image-container-inner'><div class='avia-image-overlay-wrap'><img class='avia_image' src='https:\/\/medifactia.com\/us\/wp-content\/uploads\/sites\/2\/2023\/02\/medifactia-TP-Infinit.jpg' alt='' title=''   itemprop=\"thumbnailUrl\"  \/><\/div><\/div><\/div><\/div>\n<div class=\"flex_column av_one_full  flex_column_div first  avia-builder-el-2  el_after_av_one_full  el_before_av_hr  column-top-margin\" ><p><div  style='padding-bottom:10px; ' class='av-special-heading av-special-heading-h1  blockquote modern-quote  avia-builder-el-3  el_before_av_textblock  avia-builder-el-first  '><h1 class='av-special-heading-tag '  itemprop=\"headline\"  >Transit-Pellets apraksts<\/h1><div class='special-heading-border'><div class='special-heading-inner-border' ><\/div><\/div><\/div><br \/>\n<section class=\"av_textblock_section \"  itemscope=\"itemscope\" itemtype=\"https:\/\/schema.org\/CreativeWork\" ><div class='avia_textblock  '   itemprop=\"text\" ><p>Transit-Pellets sast\u0101v no nelieliem radiop\u0101rredzamo mar\u0137ieriem, \u201cpellets\u201d, kas izgatavoti no b\u0101rija sulf\u0101ta (BaSO<sub>4<\/sub>), kas ir piepild\u012bti ar silikona vielu, kas atrodas ciet\u0101s hidropropilmetilcelulozes (HPMC) kapsul\u0101. HPMC kapsulas ir bez \u017eelat\u012bna un t\u0101s ir standarta tipa, ko izmanto medic\u012bnas produktiem. T\u0101s funkcija ir transport\u0113t mar\u0137ierus uz ku\u0146\u0123i, kur tie iz\u0161\u0137\u012bst. Mar\u0137ieri caur gremo\u0161anas traktu un tiek izvad\u012bti ar izk\u0101rn\u012bjumiem.<\/p>\n<p>B\u0101rija sulf\u0101ts ir radiop\u0101rredzama materi\u0101la, kas kop\u0161 1890. gadiem, kad to izmantoja pionierp\u0113t\u012bjumos WB Kanons, tiek izmantota gastrointestin\u0101l\u0101 trakta rentgena att\u0113lo\u0161anai. \u201cRadiop\u0101rredzam\u012bba\u201d attiecas uz materi\u0101liem, piem\u0113ram, b\u0101rija sulf\u0101tu, kas ir pietiekami bl\u012bvi, lai pretotos X staru caurumu caurumam un b\u016btu redzami rentgena att\u0113l\u0101. Radiop\u0101rredzamo mar\u0137ieru, kas satur b\u0101rija sulf\u0101tu, izmanto\u0161ana, lai m\u0113r\u012btu kolonu tranz\u012bta laiku, ir praktiz\u0113ta jau vair\u0101k nek\u0101 45 gadus. Silikons ar\u012b ir pla\u0161i izmantots materi\u0101ls daudzos medic\u012bnas tehnolo\u0123iju piem\u0113ros.<\/p>\n<\/div><\/section><\/p><\/div>\n<div  style='height:10px' class='hr hr-invisible   avia-builder-el-5  el_after_av_one_full  el_before_av_three_fifth '><span class='hr-inner ' ><span class='hr-inner-style'><\/span><\/span><\/div>\n<div class=\"flex_column av_three_fifth  flex_column_div first  avia-builder-el-6  el_after_av_hr  el_before_av_two_fifth  \" ><section class=\"av_textblock_section \"  itemscope=\"itemscope\" itemtype=\"https:\/\/schema.org\/CreativeWork\" ><div class='avia_textblock  '   itemprop=\"text\" ><p>HPMC kapsula (izm\u0113rs -00-) sast\u0101v no diviem atv\u0113rtiem cilindriem, v\u0101ka un \u0137erme\u0146a, kas iek\u013caujas viens otr\u0101. Piecu kapsulu iek\u0161pus\u0113 ir desmit gredzenveida mar\u0137ieri, bet div\u0101s kapsul\u0101s ir pieci caurulesveida mar\u0137ieri. Kapsulas ir iepakotas blister\u012b ar numuriem un ievietotas kast\u0113.<\/p>\n<p>Transit-Pellets sest\u0101 dien\u0101 ir cit\u0101da forma, lai pal\u012bdz\u0113tu \u0101rstam lab\u0101k redz\u0113t noteiktas resn\u0101s zarnas da\u013cas sest\u0101. dien\u0101 devu ar\u012b sadala div\u0101s dev\u0101s &#8211; r\u012bta un vakara dev\u0101s, lai var\u0113tu noteikt, vai notiek \u0101tr\u0101 kolontrans\u012bts.<\/p>\n<\/div><\/section><\/div>\n<div class=\"flex_column av_two_fifth  flex_column_div   avia-builder-el-8  el_after_av_three_fifth  el_before_av_hr  \" style='padding:10px 0 0 0 ; '><div  class='avia-image-container  av-styling-    avia-builder-el-9  avia-builder-el-no-sibling  avia-align-center '  itemprop=\"image\" itemscope=\"itemscope\" itemtype=\"https:\/\/schema.org\/ImageObject\"  ><div class='avia-image-container-inner'><div class='avia-image-overlay-wrap'><img class='avia_image' src='https:\/\/medifactia.com\/us\/wp-content\/uploads\/sites\/2\/2023\/02\/kapslar-1.jpg' alt='' title=''   itemprop=\"thumbnailUrl\"  \/><\/div><\/div><\/div><\/div>\n<div  style='height:50px' class='hr hr-invisible   avia-builder-el-10  el_after_av_two_fifth  el_before_av_one_full '><span class='hr-inner ' ><span class='hr-inner-style'><\/span><\/span><\/div>\n<div class=\"flex_column av_one_full  flex_column_div first  avia-builder-el-11  el_after_av_hr  el_before_av_hr  \" ><p><div  style='padding-bottom:10px; ' class='av-special-heading av-special-heading-h2  blockquote modern-quote  avia-builder-el-12  el_before_av_textblock  avia-builder-el-first  '><h2 class='av-special-heading-tag '  itemprop=\"headline\"  >Transit-Pellets lieto\u0161anas pam\u0101c\u012bba<\/h2><div class='special-heading-border'><div class='special-heading-inner-border' ><\/div><\/div><\/div><br \/>\n<section class=\"av_textblock_section \"  itemscope=\"itemscope\" itemtype=\"https:\/\/schema.org\/CreativeWork\" ><div class='avia_textblock  '   itemprop=\"text\" ><p>Katram Transit-Pellets iepakojumam pievienota lieto\u0161anas pam\u0101c\u012bba, kas pieejama l\u012bdz pat 20 da\u017e\u0101d\u0101m valod\u0101m. Lietot\u0101jam ir svar\u012bgi izlas\u012bt \u0161o inform\u0101ciju pirms Transit-Pellets lieto\u0161anas s\u0101k\u0161anas. Pam\u0101c\u012bba satur svar\u012bgas nor\u0101des par to, k\u0101 pareizi lietot Transit-Pellets. Lai lejupiel\u0101d\u0113tu Transit-Pellets lieto\u0161anas pam\u0101c\u012bbu, varat izmantot <a href=\"https:\/\/medifactia.com\/wp-content\/uploads\/2026\/02\/0074-IFU-International-ver05.pdf\" target=\"_blank\" rel=\"noopener\">\u0160O SAITI<\/a>.<\/p>\n<\/div><\/section><\/p><\/div><div   class='hr hr-default   avia-builder-el-14  el_after_av_one_full  el_before_av_one_full '><span class='hr-inner ' ><span class='hr-inner-style'><\/span><\/span><\/div><\/p>\n<div class=\"flex_column av_one_full  flex_column_div first  avia-builder-el-15  el_after_av_hr  el_before_av_hr  \" ><section class=\"av_textblock_section \"  itemscope=\"itemscope\" itemtype=\"https:\/\/schema.org\/CreativeWork\" ><div class='avia_textblock  '  style='font-size:13px; '  itemprop=\"text\" ><p>\u0160aj\u0101 vietn\u0113 sniegta inform\u0101cija nedr\u012bkst tikt izmantota k\u0101 aizvietot\u0101js medic\u012bniskajiem padomiem no j\u016bsu \u0101rsta. Vienum\u0101r ar savu \u0101rstu apspriediet diagnozes un \u0101rst\u0113\u0161anas inform\u0101ciju, tostarp riskus. \u0145emiet v\u0113r\u0101, ka visas \u0101rst\u0113\u0161anas un rezult\u0101tu rezult\u0101ti ir specifiski katram pacientam. Rezult\u0101ti var at\u0161\u0137irties.<\/p>\n<\/div><\/section><\/div>\n<div   class='hr hr-default   avia-builder-el-17  el_after_av_one_full  avia-builder-el-last '><span class='hr-inner ' ><span class='hr-inner-style'><\/span><\/span><\/div>\n","protected":false},"excerpt":{"rendered":"","protected":false},"author":1,"featured_media":0,"parent":0,"menu_order":0,"comment_status":"closed","ping_status":"closed","template":"","meta":{"footnotes":""},"class_list":["post-15000","page","type-page","status-publish","hentry"],"_links":{"self":[{"href":"https:\/\/medifactia.com\/lv\/wp-json\/wp\/v2\/pages\/15000","targetHints":{"allow":["GET"]}}],"collection":[{"href":"https:\/\/medifactia.com\/lv\/wp-json\/wp\/v2\/pages"}],"about":[{"href":"https:\/\/medifactia.com\/lv\/wp-json\/wp\/v2\/types\/page"}],"author":[{"embeddable":true,"href":"https:\/\/medifactia.com\/lv\/wp-json\/wp\/v2\/users\/1"}],"replies":[{"embeddable":true,"href":"https:\/\/medifactia.com\/lv\/wp-json\/wp\/v2\/comments?post=15000"}],"version-history":[{"count":3,"href":"https:\/\/medifactia.com\/lv\/wp-json\/wp\/v2\/pages\/15000\/revisions"}],"predecessor-version":[{"id":15176,"href":"https:\/\/medifactia.com\/lv\/wp-json\/wp\/v2\/pages\/15000\/revisions\/15176"}],"wp:attachment":[{"href":"https:\/\/medifactia.com\/lv\/wp-json\/wp\/v2\/media?parent=15000"}],"curies":[{"name":"wp","href":"https:\/\/api.w.org\/{rel}","templated":true}]}}