{"id":14997,"date":"2023-04-20T09:20:08","date_gmt":"2023-04-20T07:20:08","guid":{"rendered":"https:\/\/medifactia.com\/lv\/?page_id=14997"},"modified":"2024-04-25T09:46:43","modified_gmt":"2024-04-25T07:46:43","slug":"colon-transit-study","status":"publish","type":"page","link":"https:\/\/medifactia.com\/lv\/colon-transit-study\/","title":{"rendered":"Colon Transit Study"},"content":{"rendered":"<div class=\"flex_column av_one_full  flex_column_div first  avia-builder-el-0  el_before_av_one_full  avia-builder-el-first  \" ><div  class='avia-image-container  av-styling-    avia-builder-el-1  avia-builder-el-no-sibling  avia-align-center '  itemprop=\"image\" itemscope=\"itemscope\" itemtype=\"https:\/\/schema.org\/ImageObject\"  ><div class='avia-image-container-inner'><div class='avia-image-overlay-wrap'><img class='avia_image' src='https:\/\/medifactia.com\/lv\/wp-content\/uploads\/sites\/9\/2023\/06\/patient-doctor-2.jpg' alt='' title='patient-doctor-2' height=\"1282\" width=\"1920\"  itemprop=\"thumbnailUrl\"  \/><\/div><\/div><\/div><\/div>\n<div class=\"flex_column av_one_full  flex_column_div first  avia-builder-el-2  el_after_av_one_full  el_before_av_one_full  column-top-margin\" ><p><div  style='padding-bottom:10px; ' class='av-special-heading av-special-heading-h1  blockquote modern-quote  avia-builder-el-3  el_before_av_textblock  avia-builder-el-first  '><h1 class='av-special-heading-tag '  itemprop=\"headline\"  >Kas ir kolona tranz\u012bta p\u0113t\u012bjums ar Transit-Pellets kapsul\u0101m?<\/h1><div class='special-heading-border'><div class='special-heading-inner-border' ><\/div><\/div><\/div><br \/>\n<section class=\"av_textblock_section \"  itemscope=\"itemscope\" itemtype=\"https:\/\/schema.org\/CreativeWork\" ><div class='avia_textblock  '   itemprop=\"text\" ><p>Kolona tranz\u012bta p\u0113t\u012bjums ar Transit-Pellets kapsul\u0101m bie\u017ei tiek izmantots pacientiem, kas cie\u0161 no hroniskas aizciet\u0113jumiem, hroniskas caurejas un\/vai nervozo zarnu sindroma (NZS). \u0160\u012b testa m\u0113r\u0137is ir nov\u0113rt\u0113t tranz\u012bta laiku un to, cik \u0101tri vai l\u0113ni p\u0101rtika\/izk\u0101rn\u012bjumi p\u0101rvietojas caur zarn\u0101m.<\/p>\n<p>P\u0113t\u012bjums ietver septi\u0146u kapsulu nor\u012b\u0161anu se\u0161u dienu laik\u0101, katr\u0101 no t\u0101m ir s\u012bki markeri, ko var vizualiz\u0113t, izmantojot rentgena att\u0113lojumu. Sekojo\u0161i markeru kust\u012bbu caur zarn\u0101m nov\u0113rojot, \u0101rsts var kvantitat\u012bvi nov\u0113rt\u0113t tranz\u012bta probl\u0113mu smagumu un rezult\u0101ti var b\u016bt svar\u012bgi, lai noteiktu nepiecie\u0161am\u012bbu p\u0113c citas izmekl\u0113\u0161anas proced\u016bras un izv\u0113l\u0113ties atbilsto\u0161as \u0101rst\u0113\u0161anas iesp\u0113jas.<\/p>\n<p>Transit-Pellets ir \u013coti efekt\u012bvs, lai prec\u012bzi nov\u0113rt\u0113tu ku\u0146\u0123a-zarnu trakta funkciju. Kapsulas un markeri ir iepakoti saska\u0146\u0101 ar Transit-Pellets method, kas ir valid\u0113ta vienas rentgena tehnikas metode, lai m\u0113r\u012btu visu kolona tranz\u012bta laika diapazonu, s\u0101kot no \u0101tr\u0101 l\u012bdz l\u0113nai tranz\u012btam.<\/p>\n<p>Markeru lieto\u0161ana ir dro\u0161a, un markeri tiks izvad\u012bti no organisma ar izk\u0101rn\u012bjumiem, un tos var dro\u0161i izmest tualet\u0113.<\/p>\n<\/div><\/section><\/p><\/div><div class=\"flex_column av_one_full  flex_column_div first  avia-builder-el-5  el_after_av_one_full  el_before_av_one_full  column-top-margin\" ><p><div  style='padding-bottom:10px; ' class='av-special-heading av-special-heading-h2  blockquote modern-quote  avia-builder-el-6  el_before_av_textblock  avia-builder-el-first  '><h2 class='av-special-heading-tag '  itemprop=\"headline\"  >Kad \u0101rsts var izrakst\u012bt kolontransita p\u0113t\u012bjumu ar Transit-Pellets?<\/h2><div class='special-heading-border'><div class='special-heading-inner-border' ><\/div><\/div><\/div><br \/>\n<section class=\"av_textblock_section \"  itemscope=\"itemscope\" itemtype=\"https:\/\/schema.org\/CreativeWork\" ><div class='avia_textblock  '   itemprop=\"text\" ><p>Parasti s\u0101kotn\u0113j\u0101 aizciet\u0113jumu \u0101rst\u0113\u0161ana ietver uztura un dz\u012bvesveida izmai\u0146u veik\u0161anu, k\u0101 ar\u012b m\u0113\u0123in\u0101jumus izmantot bezrecep\u0161u caurejas l\u012bdzek\u013cus, piem\u0113ram, masveida veidojo\u0161os a\u0123entus un neuzs\u016bco\u0161us og\u013chidr\u0101tus. Ja \u0161ie l\u012bdzek\u013ci izr\u0101d\u0101s neefekt\u012bvi, var tikt veikts kolontransita p\u0113t\u012bjums ar Transit-Pellets kapsul\u0101m. Da\u017ei vesel\u012bbas apr\u016bpes sniedz\u0113ji var ar\u012b m\u0113\u0123in\u0101t citas \u0101rst\u0113\u0161anas iesp\u0113jas, piem\u0113ram, s\u0101ls caurejas l\u012bdzek\u013cus vai motilit\u0101tes stimul\u0113jo\u0161us medikamentus, pirms iesaka kolontransita p\u0101rbaudi.<\/p>\n<\/div><\/section><\/p><\/div><\/p>\n<div class=\"flex_column av_one_full  flex_column_div first  avia-builder-el-8  el_after_av_one_full  el_before_av_hr  column-top-margin\" ><p><div  style='padding-bottom:10px; ' class='av-special-heading av-special-heading-h2  blockquote modern-quote  avia-builder-el-9  el_before_av_textblock  avia-builder-el-first  '><h2 class='av-special-heading-tag '  itemprop=\"headline\"  >\u012ass v\u0113stures st\u0101sts<\/h2><div class='special-heading-border'><div class='special-heading-inner-border' ><\/div><\/div><\/div><br \/>\n<section class=\"av_textblock_section \"  itemscope=\"itemscope\" itemtype=\"https:\/\/schema.org\/CreativeWork\" ><div class='avia_textblock  '   itemprop=\"text\" ><p>Kop\u0161 1969. gada, kad to pirmo reizi aprakst\u012bja Hintons, zarnu tranz\u012bta nov\u0113rt\u0113\u0161anai ar norijam\u0101m radiopaiku mar\u0137ieru pal\u012bdz\u012bbu ir pla\u0161i pie\u0146emts izmantojums. \u0160o p\u0113t\u012bjumu da\u017ereiz sauc par \u201cHintons Method\u201d, bet tas ir paz\u012bstams ar\u012b k\u0101 Colon Transit-Pellets test, Colonic Transit Markers Study, Radiopaque Markers Test, Radio-Opaque Markers Test, ROM Test vai Bowel Motility Test. Radiopaiku mar\u0137ieru izmanto\u0161ana, lai m\u0113r\u012btu kolonu tranz\u012bta laiku, pa\u0161laik tiek uzskat\u012bta par visdro\u0161\u0101ko un uzticam\u0101ko metodi, nov\u0113rt\u0113tu gremo\u0161anas trakta trauc\u0113jumus gan pieaugu\u0161ajiem, gan b\u0113rniem.<\/p>\n<\/div><\/section><\/p><\/div><div   class='hr hr-default   avia-builder-el-11  el_after_av_one_full  el_before_av_one_full '><span class='hr-inner ' ><span class='hr-inner-style'><\/span><\/span><\/div><\/p>\n<div class=\"flex_column av_one_full  flex_column_div first  avia-builder-el-12  el_after_av_hr  el_before_av_hr  \" ><section class=\"av_textblock_section \"  itemscope=\"itemscope\" itemtype=\"https:\/\/schema.org\/CreativeWork\" ><div class='avia_textblock  '  style='font-size:13px; '  itemprop=\"text\" ><p>\u0160aj\u0101 vietn\u0113 sniegta inform\u0101cija nedr\u012bkst tikt izmantota k\u0101 aizvietot\u0101js medic\u012bniskajiem padomiem no j\u016bsu \u0101rsta. Vienum\u0101r ar savu \u0101rstu apspriediet diagnozes un \u0101rst\u0113\u0161anas inform\u0101ciju, tostarp riskus. \u0145emiet v\u0113r\u0101, ka visas \u0101rst\u0113\u0161anas un rezult\u0101tu rezult\u0101ti ir specifiski katram pacientam. Rezult\u0101ti var at\u0161\u0137irties.<\/p>\n<\/div><\/section><\/div>\n<div   class='hr hr-default   avia-builder-el-14  el_after_av_one_full  avia-builder-el-last '><span class='hr-inner ' ><span class='hr-inner-style'><\/span><\/span><\/div>\n","protected":false},"excerpt":{"rendered":"","protected":false},"author":1,"featured_media":0,"parent":0,"menu_order":0,"comment_status":"closed","ping_status":"closed","template":"","meta":{"footnotes":""},"class_list":["post-14997","page","type-page","status-publish","hentry"],"_links":{"self":[{"href":"https:\/\/medifactia.com\/lv\/wp-json\/wp\/v2\/pages\/14997","targetHints":{"allow":["GET"]}}],"collection":[{"href":"https:\/\/medifactia.com\/lv\/wp-json\/wp\/v2\/pages"}],"about":[{"href":"https:\/\/medifactia.com\/lv\/wp-json\/wp\/v2\/types\/page"}],"author":[{"embeddable":true,"href":"https:\/\/medifactia.com\/lv\/wp-json\/wp\/v2\/users\/1"}],"replies":[{"embeddable":true,"href":"https:\/\/medifactia.com\/lv\/wp-json\/wp\/v2\/comments?post=14997"}],"version-history":[{"count":4,"href":"https:\/\/medifactia.com\/lv\/wp-json\/wp\/v2\/pages\/14997\/revisions"}],"predecessor-version":[{"id":15159,"href":"https:\/\/medifactia.com\/lv\/wp-json\/wp\/v2\/pages\/14997\/revisions\/15159"}],"wp:attachment":[{"href":"https:\/\/medifactia.com\/lv\/wp-json\/wp\/v2\/media?parent=14997"}],"curies":[{"name":"wp","href":"https:\/\/api.w.org\/{rel}","templated":true}]}}