{"id":15110,"date":"2023-08-09T12:06:20","date_gmt":"2023-08-09T10:06:20","guid":{"rendered":"https:\/\/medifactia.com\/it\/gastrointestinal-disorders\/"},"modified":"2023-08-25T13:53:03","modified_gmt":"2023-08-25T11:53:03","slug":"gastrointestinal-disorders","status":"publish","type":"page","link":"https:\/\/medifactia.com\/it\/gastrointestinal-disorders\/","title":{"rendered":"Gastrointestinal Disorders"},"content":{"rendered":"<div  class='flex_column av-vcawky-18c8b3091d7005a1ca2a1950ce3b99ce av_one_full  avia-builder-el-0  el_before_av_one_full  avia-builder-el-first  first flex_column_div  '     ><style type=\"text\/css\" data-created_by=\"avia_inline_auto\" id=\"style-css-av-ll3mun2f-1ad3307a97f9fed1709524694a3a4431\">\n.avia-image-container.av-ll3mun2f-1ad3307a97f9fed1709524694a3a4431 img.avia_image{\nbox-shadow:none;\n}\n.avia-image-container.av-ll3mun2f-1ad3307a97f9fed1709524694a3a4431 .av-image-caption-overlay-center{\ncolor:#ffffff;\n}\n<\/style>\n<div  class='avia-image-container av-ll3mun2f-1ad3307a97f9fed1709524694a3a4431 av-styling- avia-align-center  avia-builder-el-1  avia-builder-el-no-sibling '   itemprop=\"image\" itemscope=\"itemscope\" itemtype=\"https:\/\/schema.org\/ImageObject\" ><div class=\"avia-image-container-inner\"><div class=\"avia-image-overlay-wrap\"><img decoding=\"async\" fetchpriority=\"high\" class='wp-image- avia-img-lazy-loading-not- avia_image ' src=\"https:\/\/medifactia.com\/wp-content\/uploads\/2023\/08\/Man_Toilet-scaled.jpg\" alt='' title=''   itemprop=\"thumbnailUrl\"  \/><\/div><\/div><\/div><\/div>\n<div  class='flex_column av-w7sqhe-d5fa4e22da3a538d13f5d1a26f7242b8 av_one_full  avia-builder-el-2  el_after_av_one_full  el_before_av_one_full  first flex_column_div  column-top-margin'     ><p>\n<style type=\"text\/css\" data-created_by=\"avia_inline_auto\" id=\"style-css-av-ll3mj5e5-d14e0725ff4dcb1202b68a9a30b157d5\">\n#top .av-special-heading.av-ll3mj5e5-d14e0725ff4dcb1202b68a9a30b157d5{\npadding-bottom:10px;\n}\nbody .av-special-heading.av-ll3mj5e5-d14e0725ff4dcb1202b68a9a30b157d5 .av-special-heading-tag .heading-char{\nfont-size:25px;\n}\n.av-special-heading.av-ll3mj5e5-d14e0725ff4dcb1202b68a9a30b157d5 .av-subheading{\nfont-size:15px;\n}\n<\/style>\n<div  class='av-special-heading av-ll3mj5e5-d14e0725ff4dcb1202b68a9a30b157d5 av-special-heading-h1 blockquote modern-quote  avia-builder-el-3  el_before_av_textblock  avia-builder-el-first '><h1 class='av-special-heading-tag '  itemprop=\"headline\"  >Disturbi Gastrointestinali Funzionali (FGID)<\/h1><div class=\"special-heading-border\"><div class=\"special-heading-inner-border\"><\/div><\/div><\/div><br \/>\n<section  class='av_textblock_section av-ll3mjwks-3ed552d8431f93f0aaa92fa83a1eef94 '   itemscope=\"itemscope\" itemtype=\"https:\/\/schema.org\/CreativeWork\" ><div class='avia_textblock'  itemprop=\"text\" ><p>I disturbi gastrointestinali funzionali sono caratterizzati da sintomi gastrointestinali cronici (a lungo termine) che sorgono a causa della funzione o disfunzione del sistema digestivo.<\/p>\n<p>I disturbi gastrointestinali funzionali e della motilit\u00e0 sono i problemi gastrointestinali pi\u00f9 comuni nella popolazione generale. Si stima che circa 1 su 4 individui, o forse anche di pi\u00f9, potrebbero sperimentare queste problematiche. Queste condizioni costituiscono circa il 40% dei problemi gastrointestinali per i quali medici e terapisti assistono i pazienti.<\/p>\n<p>Il termine &#8220;funzionale&#8221; viene solitamente utilizzato per descrivere disturbi nei quali le funzioni regolari del movimento dell&#8217;intestino, la sensibilit\u00e0 dei nervi intestinali o il controllo cerebrale su queste attivit\u00e0 vengono interrotti.<\/p>\n<p>Alcuni dei disturbi gastrointestinali funzionali pi\u00f9 comuni sono la stitichezza funzionale, la diarrea funzionale e la sindrome dell&#8217;intestino irritabile (IBS).<\/p>\n<\/div><\/section><\/p><\/div><div  class='flex_column av-1jtmvde-84260a62ab92da9de2ba17cb9d8eef8a av_one_full  avia-builder-el-5  el_after_av_one_full  el_before_av_one_full  first flex_column_div  column-top-margin'     ><p>\n<style type=\"text\/css\" data-created_by=\"avia_inline_auto\" id=\"style-css-av-ll3ml4jh-6a3feb0cb3a643fed3e053e5037395bb\">\n#top .av-special-heading.av-ll3ml4jh-6a3feb0cb3a643fed3e053e5037395bb{\npadding-bottom:10px;\n}\nbody .av-special-heading.av-ll3ml4jh-6a3feb0cb3a643fed3e053e5037395bb .av-special-heading-tag .heading-char{\nfont-size:25px;\n}\n.av-special-heading.av-ll3ml4jh-6a3feb0cb3a643fed3e053e5037395bb .av-subheading{\nfont-size:15px;\n}\n<\/style>\n<div  class='av-special-heading av-ll3ml4jh-6a3feb0cb3a643fed3e053e5037395bb av-special-heading-h2 blockquote modern-quote  avia-builder-el-6  el_before_av_textblock  avia-builder-el-first '><h2 class='av-special-heading-tag '  itemprop=\"headline\"  >Stitichezza Cronica<\/h2><div class=\"special-heading-border\"><div class=\"special-heading-inner-border\"><\/div><\/div><\/div><br \/>\n<section  class='av_textblock_section av-ll3mm5zg-20b4496a7c9646f5e26187d06eb79991 '   itemscope=\"itemscope\" itemtype=\"https:\/\/schema.org\/CreativeWork\" ><div class='avia_textblock'  itemprop=\"text\" ><p>La stitichezza cronica si riferisce alla persistenza di movimenti intestinali poco frequenti o al difficile passaggio delle feci per un periodo prolungato, tipicamente della durata di diverse settimane o pi\u00f9. Spesso si caratterizza per avere meno di tre movimenti intestinali alla settimana. Mentre la stitichezza occasionale \u00e8 un problema comune sia negli adulti che nei bambini, alcune persone possono soffrire di stitichezza cronica, influenzando significativamente le loro routine quotidiane.<\/p>\n<p>Segni e sintomi della stitichezza cronica includono:<\/p>\n<ul>\n<li>Avere meno di tre movimenti intestinali alla settimana<\/li>\n<li>Sperimentare feci grumose o dure<\/li>\n<li>Sforzarsi durante i movimenti intestinali<\/li>\n<li>Sensazione di un blocco nel retto che ostacola i movimenti intestinali<\/li>\n<li>Sensazione di evacuazione incompleta del retto dopo un movimento intestinale<\/li>\n<li>Necessit\u00e0 di assistenza per svuotare il retto, che potrebbe comportare la pressione sull&#8217;addome o la rimozione manuale delle feci con un dito<\/li>\n<\/ul>\n<p>La stitichezza pu\u00f2 essere classificata come cronica se hai riscontrato in modo persistente due o pi\u00f9 di questi sintomi negli ultimi tre mesi. La stitichezza a lungo termine (cronica) o che continua a ripresentarsi richiede maggiori sforzi per essere diagnosticata e trattata.<\/p>\n<\/div><\/section><\/p><\/div><div  class='flex_column av-10x8p8y-a287594219392dd62ffb17dd326eb404 av_one_full  avia-builder-el-8  el_after_av_one_full  el_before_av_one_full  first flex_column_div  column-top-margin'     ><p>\n<style type=\"text\/css\" data-created_by=\"avia_inline_auto\" id=\"style-css-av-ll3mmuxz-6bdf1fa61b5da36c7f617c2b87d70965\">\n#top .av-special-heading.av-ll3mmuxz-6bdf1fa61b5da36c7f617c2b87d70965{\npadding-bottom:10px;\n}\nbody .av-special-heading.av-ll3mmuxz-6bdf1fa61b5da36c7f617c2b87d70965 .av-special-heading-tag .heading-char{\nfont-size:25px;\n}\n.av-special-heading.av-ll3mmuxz-6bdf1fa61b5da36c7f617c2b87d70965 .av-subheading{\nfont-size:15px;\n}\n<\/style>\n<div  class='av-special-heading av-ll3mmuxz-6bdf1fa61b5da36c7f617c2b87d70965 av-special-heading-h2 blockquote modern-quote  avia-builder-el-9  el_before_av_textblock  avia-builder-el-first '><h2 class='av-special-heading-tag '  itemprop=\"headline\"  >Diarrea Cronica<\/h2><div class=\"special-heading-border\"><div class=\"special-heading-inner-border\"><\/div><\/div><\/div><br \/>\n<section  class='av_textblock_section av-ll3mngxy-e393a0b3bce92c488ac3043db6d52eaf '   itemscope=\"itemscope\" itemtype=\"https:\/\/schema.org\/CreativeWork\" ><div class='avia_textblock'  itemprop=\"text\" ><p>La diarrea \u00e8 una condizione diffusa caratterizzata dal frequente passaggio di feci molli o acquose. Pu\u00f2 verificarsi in modo indipendente o insieme ad altri sintomi come nausea, vomito, dolore addominale o perdita di peso. La diarrea acuta scompare in poche settimane e diventa cronica quando dura pi\u00f9 di 3-4 settimane. Se non viene individuata una causa specifica dopo un&#8217;indagine approfondita e vengono soddisfatti determinati criteri, pu\u00f2 essere presa in considerazione una diagnosi di diarrea funzionale o cronica.<\/p>\n<\/div><\/section><\/p><\/div><div  class='flex_column av-odeu9e-1af2c6b1ea3ecce6454987834f5d3f60 av_one_full  avia-builder-el-11  el_after_av_one_full  el_before_av_hr  first flex_column_div  column-top-margin'     ><p>\n<style type=\"text\/css\" data-created_by=\"avia_inline_auto\" id=\"style-css-av-ll3mnsx7-ec2d36f98a0b672f69049748c27803af\">\n#top .av-special-heading.av-ll3mnsx7-ec2d36f98a0b672f69049748c27803af{\npadding-bottom:10px;\n}\nbody .av-special-heading.av-ll3mnsx7-ec2d36f98a0b672f69049748c27803af .av-special-heading-tag .heading-char{\nfont-size:25px;\n}\n.av-special-heading.av-ll3mnsx7-ec2d36f98a0b672f69049748c27803af .av-subheading{\nfont-size:15px;\n}\n<\/style>\n<div  class='av-special-heading av-ll3mnsx7-ec2d36f98a0b672f69049748c27803af av-special-heading-h2 blockquote modern-quote  avia-builder-el-12  el_before_av_textblock  avia-builder-el-first '><h2 class='av-special-heading-tag '  itemprop=\"headline\"  >Sindrome dell\u2019Intestino Irritabile (IBS)<\/h2><div class=\"special-heading-border\"><div class=\"special-heading-inner-border\"><\/div><\/div><\/div><br \/>\n<section  class='av_textblock_section av-ll3moucw-012d68b4daff8778833aa2ef186ded39 '   itemscope=\"itemscope\" itemtype=\"https:\/\/schema.org\/CreativeWork\" ><div class='avia_textblock'  itemprop=\"text\" ><p>La sindrome dell&#8217;intestino irritabile (IBS) \u00e8 un disturbo comune che colpisce lo stomaco e l&#8217;intestino, chiamato anche tratto gastrointestinale. I suoi sintomi includono crampi, dolore addominale, gonfiore, gas, nonch\u00e9 episodi alternati di diarrea e stitichezza, o talvolta entrambi. L&#8217;IBS \u00e8 una condizione cronica che richiede una gestione a lungo termine per affrontare efficacemente i suoi sintomi. Un numero significativo di individui che sperimentano IBS moderato o grave segnala una scarsa qualit\u00e0 della vita. I sintomi dell&#8217;IBS possono variare e tendono a persistere per un periodo prolungato. I sintomi pi\u00f9 diffusi includono:<\/p>\n<ul>\n<li>Dolore addominale, crampi o gonfiore associati ai movimenti intestinali<\/li>\n<li>Variazioni nell&#8217;aspetto dei movimenti intestinali<\/li>\n<li>Variazioni nella frequenza dei movimenti intestinali<\/li>\n<\/ul>\n<p>Altri sintomi correlati possono includere la sensazione di evacuazione incompleta e un aumento della presenza di gas o muco nelle feci.<\/p>\n<p>Esistono quattro tipi di IBS. Ogni tipo \u00e8 denominato in base alle sue lamentele pi\u00f9 comuni, tra cui IBS a prevalenza di stitichezza (IBS-C), IBS a prevalenza di diarrea (IBS-D), IBS di tipo misto (IBS-M) e IBS non classificato.<\/p>\n<\/div><\/section><\/p><\/div><div  class='hr av-5bf71u-0fc17794266e30ad9cc5c4260e9df573 hr-default  avia-builder-el-14  el_after_av_one_full  el_before_av_one_full '><span class='hr-inner '><span class=\"hr-inner-style\"><\/span><\/span><\/div><\/p>\n<div  class='flex_column av-16qxkia-ddb7daef80a5c3df972f5cad8e8e623c av_one_full  avia-builder-el-15  el_after_av_hr  el_before_av_hr  first flex_column_div  '     ><style type=\"text\/css\" data-created_by=\"avia_inline_auto\" id=\"style-css-av-ll3mqg6q-be652d1d2a197a30b775dc39a62b89c8\">\n#top .av_textblock_section.av-ll3mqg6q-be652d1d2a197a30b775dc39a62b89c8 .avia_textblock{\nfont-size:13px;\n}\n<\/style>\n<section  class='av_textblock_section av-ll3mqg6q-be652d1d2a197a30b775dc39a62b89c8 '   itemscope=\"itemscope\" itemtype=\"https:\/\/schema.org\/CreativeWork\" ><div class='avia_textblock'  itemprop=\"text\" ><p>Le informazioni presenti in questo sito non dovrebbero essere utilizzate come sostituto del consiglio medico del tuo medico. Discuti sempre le informazioni di diagnosi e trattamento, compresi i rischi, con il tuo medico. Ricorda che tutti i risultati di trattamento e di outcome sono specifici per il singolo paziente. I risultati possono variare.<\/p>\n<\/div><\/section><\/div><div  class='hr av-rtsaj6-d528e2842421b0c713aa5dafb313b352 hr-default  avia-builder-el-17  el_after_av_one_full  el_before_av_one_full '><span class='hr-inner '><span class=\"hr-inner-style\"><\/span><\/span><\/div><\/p>\n<div  class='flex_column av-jpilo2-80d69019b04e3fe061eaa22def74707d av_one_full  avia-builder-el-18  el_after_av_hr  avia-builder-el-last  first flex_column_div  '     ><style type=\"text\/css\" data-created_by=\"avia_inline_auto\" id=\"style-css-av-ll3msqtb-33b63a6eac43cd7ee4bdd225ddc31726\">\n#top .av_textblock_section.av-ll3msqtb-33b63a6eac43cd7ee4bdd225ddc31726 .avia_textblock{\nfont-size:12px;\ncolor:#707070;\n}\n<\/style>\n<section  class='av_textblock_section av-ll3msqtb-33b63a6eac43cd7ee4bdd225ddc31726 '   itemscope=\"itemscope\" itemtype=\"https:\/\/schema.org\/CreativeWork\" ><div class='avia_textblock av_inherit_color'  itemprop=\"text\" ><p>Aziz, I., Whitehead, W.E., Palsson, O., T\u00f6rnblom, H. &amp; Simr\u00e9n, M. (2020). Expert Review of Gastroenterology &amp; Hepatology. An approach to the diagnosis and management of Rome IV functional disorders of chronic constipation [electronic version]. Taylor &amp; Francis Group, Vol. no. 14, 1-8.<\/p>\n<p>Drossman DA., et al. (2016). Rome IV, the functional gastrointestinal disorders. Gastroenterology. Vol. 150:1262-1279.<\/p>\n<p>Keller, J., Bassotti, G., Clarke, J., et al. (2018). EXPERT CONSENCUS DOCUMENT. Advances in the diagnosis and classification of gastric and intestinal motility disorders [electronic version]. Nat Rev Gastroenterol Hepatol., Vol. 15(5), 291-308.<\/p>\n<p>Sperber, AD., et al. (2021). Worldwide Prevalence and Burden of Functional Gastrointestinal Disorders, Results of Rome Foundation Global Study. Gastroenterology. Vol. 160:99-114.<\/p>\n<\/div><\/section><\/div>\n","protected":false},"excerpt":{"rendered":"","protected":false},"author":1,"featured_media":0,"parent":0,"menu_order":0,"comment_status":"closed","ping_status":"closed","template":"","meta":{"footnotes":""},"class_list":["post-15110","page","type-page","status-publish","hentry"],"_links":{"self":[{"href":"https:\/\/medifactia.com\/it\/wp-json\/wp\/v2\/pages\/15110","targetHints":{"allow":["GET"]}}],"collection":[{"href":"https:\/\/medifactia.com\/it\/wp-json\/wp\/v2\/pages"}],"about":[{"href":"https:\/\/medifactia.com\/it\/wp-json\/wp\/v2\/types\/page"}],"author":[{"embeddable":true,"href":"https:\/\/medifactia.com\/it\/wp-json\/wp\/v2\/users\/1"}],"replies":[{"embeddable":true,"href":"https:\/\/medifactia.com\/it\/wp-json\/wp\/v2\/comments?post=15110"}],"version-history":[{"count":3,"href":"https:\/\/medifactia.com\/it\/wp-json\/wp\/v2\/pages\/15110\/revisions"}],"predecessor-version":[{"id":15115,"href":"https:\/\/medifactia.com\/it\/wp-json\/wp\/v2\/pages\/15110\/revisions\/15115"}],"wp:attachment":[{"href":"https:\/\/medifactia.com\/it\/wp-json\/wp\/v2\/media?parent=15110"}],"curies":[{"name":"wp","href":"https:\/\/api.w.org\/{rel}","templated":true}]}}