{"id":15007,"date":"2023-04-19T20:28:22","date_gmt":"2023-04-19T18:28:22","guid":{"rendered":"https:\/\/medifactia.com\/it\/?page_id=15007"},"modified":"2024-04-25T09:32:31","modified_gmt":"2024-04-25T07:32:31","slug":"colon-transit-study","status":"publish","type":"page","link":"https:\/\/medifactia.com\/it\/colon-transit-study\/","title":{"rendered":"Colon Transit Study"},"content":{"rendered":"<div  class='flex_column av-3hazapr-c295f9a563b9f06119a8523da479d764 av_one_full  avia-builder-el-0  el_before_av_one_full  avia-builder-el-first  first flex_column_div  '     ><style type=\"text\/css\" data-created_by=\"avia_inline_auto\" id=\"style-css-av-lgo0y3nr-9be18d68f31c4bb0014ce8fa29715009\">\n.avia-image-container.av-lgo0y3nr-9be18d68f31c4bb0014ce8fa29715009 img.avia_image{\nbox-shadow:none;\n}\n.avia-image-container.av-lgo0y3nr-9be18d68f31c4bb0014ce8fa29715009 .av-image-caption-overlay-center{\ncolor:#ffffff;\n}\n<\/style>\n<div  class='avia-image-container av-lgo0y3nr-9be18d68f31c4bb0014ce8fa29715009 av-styling- avia-align-center  avia-builder-el-1  avia-builder-el-no-sibling '   itemprop=\"image\" itemscope=\"itemscope\" itemtype=\"https:\/\/schema.org\/ImageObject\" ><div class=\"avia-image-container-inner\"><div class=\"avia-image-overlay-wrap\"><img decoding=\"async\" fetchpriority=\"high\" class='wp-image-15053 avia-img-lazy-loading-not-15053 avia_image ' src=\"https:\/\/medifactia.com\/it\/wp-content\/uploads\/sites\/16\/2023\/06\/patient-doctor-2.jpg\" alt='' title='patient-doctor-2'  height=\"1282\" width=\"1920\"  itemprop=\"thumbnailUrl\" srcset=\"https:\/\/medifactia.com\/it\/wp-content\/uploads\/sites\/16\/2023\/06\/patient-doctor-2.jpg 1920w, https:\/\/medifactia.com\/it\/wp-content\/uploads\/sites\/16\/2023\/06\/patient-doctor-2-300x200.jpg 300w, https:\/\/medifactia.com\/it\/wp-content\/uploads\/sites\/16\/2023\/06\/patient-doctor-2-1030x688.jpg 1030w, https:\/\/medifactia.com\/it\/wp-content\/uploads\/sites\/16\/2023\/06\/patient-doctor-2-768x513.jpg 768w, https:\/\/medifactia.com\/it\/wp-content\/uploads\/sites\/16\/2023\/06\/patient-doctor-2-1536x1026.jpg 1536w, https:\/\/medifactia.com\/it\/wp-content\/uploads\/sites\/16\/2023\/06\/patient-doctor-2-1500x1002.jpg 1500w, https:\/\/medifactia.com\/it\/wp-content\/uploads\/sites\/16\/2023\/06\/patient-doctor-2-705x471.jpg 705w\" sizes=\"(max-width: 1920px) 100vw, 1920px\" \/><\/div><\/div><\/div><\/div>\n<div  class='flex_column av-2wvve3j-4f02cb42d7b4c49d7b0e465f83d084b5 av_one_full  avia-builder-el-2  el_after_av_one_full  el_before_av_one_full  first flex_column_div  column-top-margin'     ><p>\n<style type=\"text\/css\" data-created_by=\"avia_inline_auto\" id=\"style-css-av-lgo0yc1k-0b9f62904488317532ff250593b53e5a\">\n#top .av-special-heading.av-lgo0yc1k-0b9f62904488317532ff250593b53e5a{\npadding-bottom:10px;\n}\nbody .av-special-heading.av-lgo0yc1k-0b9f62904488317532ff250593b53e5a .av-special-heading-tag .heading-char{\nfont-size:25px;\n}\n.av-special-heading.av-lgo0yc1k-0b9f62904488317532ff250593b53e5a .av-subheading{\nfont-size:15px;\n}\n<\/style>\n<div  class='av-special-heading av-lgo0yc1k-0b9f62904488317532ff250593b53e5a av-special-heading-h1 blockquote modern-quote  avia-builder-el-3  el_before_av_textblock  avia-builder-el-first '><h1 class='av-special-heading-tag '  itemprop=\"headline\"  >Cos\u2019\u00e8 una l\u2019esame del transito colonico con i Transit-Pellets?<\/h1><div class=\"special-heading-border\"><div class=\"special-heading-inner-border\"><\/div><\/div><\/div><br \/>\n<section  class='av_textblock_section av-lgo0z40t-8cdf8979ec861722d3050e81f60041e7 '   itemscope=\"itemscope\" itemtype=\"https:\/\/schema.org\/CreativeWork\" ><div class='avia_textblock'  itemprop=\"text\" ><p>Una l\u2019esame del transito colonico con i Transit-Pellets \u00e8 spesso utilizzata nei pazienti che soffrono di stitichezza cronica, diarrea cronica e\/o sindrome dell&#8217;intestino irritabile (IBS). Lo scopo di questo test \u00e8 valutare i disturbi della motilit\u00e0 e la velocit\u00e0 con cui il cibo\/le feci attraversano il tratto gastrointestinale.<\/p>\n<p>Il test consiste nel ingerire sette capsule contenenti piccoli marcatori che possono essere visualizzati con una radiografia durante un periodo di sei giorni. Seguendo il movimento dei marcatori attraverso il colon, il medico pu\u00f2 quantificare la gravit\u00e0 del problema. Mon itorando il progresso dei marker attraverso gli intestini, il medico pu\u00f2 quantificare la gravit\u00e0 dei problemi di transito e i risultati possono essere importanti per determinare la necessit\u00e0 di altre procedure di esame e selezionare le opzioni di trattamento appropriate.<\/p>\n<p>Le capsule e i marcatori sono confezionati in modo univoco secondo il Transit-Pellets method, un metodo semplice e validato per misurare l&#8217;intero spettro del transito colonico, dal rapido al lento. Consumare Transit-Pellets \u00e8 sicuro e i marcatori verranno eliminati con le feci e possono essere tranquillamente scaricati nel water.<\/p>\n<\/div><\/section><\/p><\/div><div  class='flex_column av-2fwf7tr-fceb98202825090304f921eaa8705d95 av_one_full  avia-builder-el-5  el_after_av_one_full  el_before_av_one_full  first flex_column_div  column-top-margin'     ><p>\n<style type=\"text\/css\" data-created_by=\"avia_inline_auto\" id=\"style-css-av-lgo10qdq-e6edc36381941c1d2eadd0ba5bcb2144\">\n#top .av-special-heading.av-lgo10qdq-e6edc36381941c1d2eadd0ba5bcb2144{\npadding-bottom:10px;\n}\nbody .av-special-heading.av-lgo10qdq-e6edc36381941c1d2eadd0ba5bcb2144 .av-special-heading-tag .heading-char{\nfont-size:25px;\n}\n.av-special-heading.av-lgo10qdq-e6edc36381941c1d2eadd0ba5bcb2144 .av-subheading{\nfont-size:15px;\n}\n<\/style>\n<div  class='av-special-heading av-lgo10qdq-e6edc36381941c1d2eadd0ba5bcb2144 av-special-heading-h2 blockquote modern-quote  avia-builder-el-6  el_before_av_textblock  avia-builder-el-first '><h2 class='av-special-heading-tag '  itemprop=\"headline\"  >Quando il tuo medico pu\u00f2 consigliarti una l\u2019esame del transito colonico con Transit-Pellets<\/h2><div class=\"special-heading-border\"><div class=\"special-heading-inner-border\"><\/div><\/div><\/div><br \/>\n<section  class='av_textblock_section av-lgo10xyj-12fcc3692990e701a44c36bef8076802 '   itemscope=\"itemscope\" itemtype=\"https:\/\/schema.org\/CreativeWork\" ><div class='avia_textblock'  itemprop=\"text\" ><p>In generale, il trattamento iniziale della stitichezza prevede spesso modifiche dietetiche e dello stile di vita, nonch\u00e9 l&#8217;uso di lassativi da banco come agenti formatori di massa e carboidrati non assorbibili. Se questi metodi si rivelano inefficaci, potrebbe essere effettuato uno studio del transito colico mediante capsule Transit-Pellets. Alcuni operatori sanitari potrebbero anche provare altre opzioni terapeutiche, come lassativi salini o farmaci stimolanti la motilit\u00e0, prima di raccomandare un test del transito colico.<\/p>\n<\/div><\/section><\/p><\/div><\/p>\n<div  class='flex_column av-82qa9r-38d1ddd7aa33e9d996055e9bebb62cee av_one_full  avia-builder-el-8  el_after_av_one_full  el_before_av_hr  first flex_column_div  column-top-margin'     ><p>\n<style type=\"text\/css\" data-created_by=\"avia_inline_auto\" id=\"style-css-av-lgo0zhk9-ed35758cc60a95fdf04b7fa5e33307c6\">\n#top .av-special-heading.av-lgo0zhk9-ed35758cc60a95fdf04b7fa5e33307c6{\npadding-bottom:10px;\n}\nbody .av-special-heading.av-lgo0zhk9-ed35758cc60a95fdf04b7fa5e33307c6 .av-special-heading-tag .heading-char{\nfont-size:25px;\n}\n.av-special-heading.av-lgo0zhk9-ed35758cc60a95fdf04b7fa5e33307c6 .av-subheading{\nfont-size:15px;\n}\n<\/style>\n<div  class='av-special-heading av-lgo0zhk9-ed35758cc60a95fdf04b7fa5e33307c6 av-special-heading-h2 blockquote modern-quote  avia-builder-el-9  el_before_av_textblock  avia-builder-el-first '><h2 class='av-special-heading-tag '  itemprop=\"headline\"  >Breve storia<\/h2><div class=\"special-heading-border\"><div class=\"special-heading-inner-border\"><\/div><\/div><\/div><br \/>\n<section  class='av_textblock_section av-lgo0zp5y-b12b3d9866b774380a33af887af6f745 '   itemscope=\"itemscope\" itemtype=\"https:\/\/schema.org\/CreativeWork\" ><div class='avia_textblock'  itemprop=\"text\" ><p>L&#8217;uso di marcatori radiopachi ingeriti per valutare il transito colico \u00e8 stato ampiamente accettato dal momento in cui \u00e8 stato descritto per la prima volta da Hinton nel 1969. Il test \u00e8 talvolta indicato come \u201cHintons Method\u201d, ma \u00e8 anche noto come, Colon Transit-Pellets test, Colonic Transit Markers Study, Radiopaque Markers Test, Radio-Opaque Markers Test, ROM Test o Bowel Motility Test. Misurare il tempo di transito colico con marcatori radiopachi \u00e8 attualmente considerato il metodo pi\u00f9 affidabile e sicuro valutare i disturbi gastrointestinali sia negli adulti che nei bambini.<\/p>\n<\/div><\/section><\/p><\/div>\n<div  class='hr av-1ss12yn-fb0ff6aaa713d720d5d04c499b5fd870 hr-default  avia-builder-el-11  el_after_av_one_full  el_before_av_one_full '><span class='hr-inner '><span class=\"hr-inner-style\"><\/span><\/span><\/div>\n<div  class='flex_column av-4tz6jj-ba43ec6a3a69f4390825efaa7a2fa723 av_one_full  avia-builder-el-12  el_after_av_hr  el_before_av_hr  first flex_column_div  '     ><style type=\"text\/css\" data-created_by=\"avia_inline_auto\" id=\"style-css-av-lgo11ewz-86548bdcbcc974ec2b2761d873f63d98\">\n#top .av_textblock_section.av-lgo11ewz-86548bdcbcc974ec2b2761d873f63d98 .avia_textblock{\nfont-size:13px;\n}\n<\/style>\n<section  class='av_textblock_section av-lgo11ewz-86548bdcbcc974ec2b2761d873f63d98 '   itemscope=\"itemscope\" itemtype=\"https:\/\/schema.org\/CreativeWork\" ><div class='avia_textblock'  itemprop=\"text\" ><p>Le informazioni presenti in questo sito non dovrebbero essere utilizzate come sostituto del consiglio medico del tuo medico. Discuti sempre le informazioni di diagnosi e trattamento, compresi i rischi, con il tuo medico. Ricorda che tutti i risultati di trattamento e di outcome sono specifici per il singolo paziente. I risultati possono variare.<\/p>\n<\/div><\/section><\/div>\n<div  class='hr av-sedvkv-ffe6cfa2af9b964db6ddc73f025a8b57 hr-default  avia-builder-el-14  el_after_av_one_full  avia-builder-el-last '><span class='hr-inner '><span class=\"hr-inner-style\"><\/span><\/span><\/div>\n","protected":false},"excerpt":{"rendered":"","protected":false},"author":1,"featured_media":0,"parent":0,"menu_order":0,"comment_status":"closed","ping_status":"closed","template":"","meta":{"footnotes":""},"class_list":["post-15007","page","type-page","status-publish","hentry"],"_links":{"self":[{"href":"https:\/\/medifactia.com\/it\/wp-json\/wp\/v2\/pages\/15007","targetHints":{"allow":["GET"]}}],"collection":[{"href":"https:\/\/medifactia.com\/it\/wp-json\/wp\/v2\/pages"}],"about":[{"href":"https:\/\/medifactia.com\/it\/wp-json\/wp\/v2\/types\/page"}],"author":[{"embeddable":true,"href":"https:\/\/medifactia.com\/it\/wp-json\/wp\/v2\/users\/1"}],"replies":[{"embeddable":true,"href":"https:\/\/medifactia.com\/it\/wp-json\/wp\/v2\/comments?post=15007"}],"version-history":[{"count":5,"href":"https:\/\/medifactia.com\/it\/wp-json\/wp\/v2\/pages\/15007\/revisions"}],"predecessor-version":[{"id":15168,"href":"https:\/\/medifactia.com\/it\/wp-json\/wp\/v2\/pages\/15007\/revisions\/15168"}],"wp:attachment":[{"href":"https:\/\/medifactia.com\/it\/wp-json\/wp\/v2\/media?parent=15007"}],"curies":[{"name":"wp","href":"https:\/\/api.w.org\/{rel}","templated":true}]}}