{"id":15111,"date":"2023-08-09T12:06:20","date_gmt":"2023-08-09T10:06:20","guid":{"rendered":"https:\/\/medifactia.com\/is\/gastrointestinal-disorders\/"},"modified":"2023-09-12T12:17:35","modified_gmt":"2023-09-12T10:17:35","slug":"gastrointestinal-disorders","status":"publish","type":"page","link":"https:\/\/medifactia.com\/is\/gastrointestinal-disorders\/","title":{"rendered":"Gastrointestinal Disorders"},"content":{"rendered":"<div  class='flex_column av-vcawky-18c8b3091d7005a1ca2a1950ce3b99ce av_one_full  avia-builder-el-0  el_before_av_one_full  avia-builder-el-first  first flex_column_div  '     ><style type=\"text\/css\" data-created_by=\"avia_inline_auto\" id=\"style-css-av-ll3mun2f-1ad3307a97f9fed1709524694a3a4431\">\n.avia-image-container.av-ll3mun2f-1ad3307a97f9fed1709524694a3a4431 img.avia_image{\nbox-shadow:none;\n}\n.avia-image-container.av-ll3mun2f-1ad3307a97f9fed1709524694a3a4431 .av-image-caption-overlay-center{\ncolor:#ffffff;\n}\n<\/style>\n<div  class='avia-image-container av-ll3mun2f-1ad3307a97f9fed1709524694a3a4431 av-styling- avia-align-center  avia-builder-el-1  avia-builder-el-no-sibling '   itemprop=\"image\" itemscope=\"itemscope\" itemtype=\"https:\/\/schema.org\/ImageObject\" ><div class=\"avia-image-container-inner\"><div class=\"avia-image-overlay-wrap\"><img decoding=\"async\" fetchpriority=\"high\" class='wp-image- avia-img-lazy-loading-not- avia_image ' src=\"https:\/\/medifactia.com\/wp-content\/uploads\/2023\/08\/Man_Toilet-scaled.jpg\" alt='' title=''   itemprop=\"thumbnailUrl\"  \/><\/div><\/div><\/div><\/div>\n<div  class='flex_column av-w7sqhe-d5fa4e22da3a538d13f5d1a26f7242b8 av_one_full  avia-builder-el-2  el_after_av_one_full  el_before_av_one_full  first flex_column_div  column-top-margin'     ><p>\n<style type=\"text\/css\" data-created_by=\"avia_inline_auto\" id=\"style-css-av-ll3mj5e5-c61e6e0db8a26309c81d73c917ac832a\">\n#top .av-special-heading.av-ll3mj5e5-c61e6e0db8a26309c81d73c917ac832a{\npadding-bottom:10px;\n}\nbody .av-special-heading.av-ll3mj5e5-c61e6e0db8a26309c81d73c917ac832a .av-special-heading-tag .heading-char{\nfont-size:25px;\n}\n.av-special-heading.av-ll3mj5e5-c61e6e0db8a26309c81d73c917ac832a .av-subheading{\nfont-size:15px;\n}\n<\/style>\n<div  class='av-special-heading av-ll3mj5e5-c61e6e0db8a26309c81d73c917ac832a av-special-heading-h1 blockquote modern-quote  avia-builder-el-3  el_before_av_textblock  avia-builder-el-first '><h1 class='av-special-heading-tag '  itemprop=\"headline\"  >Hagn\u00fdtur meltingarf\u00e6rasj\u00fakd\u00f3mur (FGID)<\/h1><div class=\"special-heading-border\"><div class=\"special-heading-inner-border\"><\/div><\/div><\/div><br \/>\n<section  class='av_textblock_section av-ll3mjwks-09a5b05a5d63f4e17acda3f0982bb6b5 '   itemscope=\"itemscope\" itemtype=\"https:\/\/schema.org\/CreativeWork\" ><div class='avia_textblock'  itemprop=\"text\" ><p>Hagn\u00fdtir meltingarf\u00e6rasj\u00fakd\u00f3mar (FGID) einkennast af langvarandi meltingarveiklun (e. GI) sem koma fram vegna starfs e\u00f0a \u00f3starfs meltingarf\u00e6ranna.<\/p>\n<p>Hagn\u00fdt meltingar- og hreyfingarvandam\u00e1l meltingarf\u00e6rasins eru algengust meltingarvandam\u00e1l \u00ed almennri f\u00f3lksfj\u00f6lgun. \u00c1\u00e6tla\u00f0 er a\u00f0 um 1 af hverjum 4 einstaklingi e\u00f0a jafnvel fleirum g\u00e6ti upplifa\u00f0 \u00feessa vandam\u00e1l. \u00deessar \u00e1stand mynda um 40% af meltingarvandam\u00e1lum sem l\u00e6kna og me\u00f0fer\u00f0armenn a\u00f0sto\u00f0a sj\u00faklinga me\u00f0.<\/p>\n<p>Hugtaki\u00f0 \u201evirkur\u201c er venjulega nota\u00f0 til a\u00f0 l\u00fdsa kvillum \u00fear sem regluleg starfsemi \u00fearmahreyfinga, n\u00e6mni \u00ed taugum \u00ed \u00fe\u00f6rmum e\u00f0a stj\u00f3rn heilans \u00e1 \u00feessari starfsemi truflast.<\/p>\n<p>Sumir af algengustu starfr\u00e6nu kvilla \u00ed meltingarvegi eru starfr\u00e6n h\u00e6g\u00f0atreg\u00f0a, hagn\u00fdtur ni\u00f0urgangur og I\u00f0ra\u00f3lga (ristilkrampar; e. Irritable Bowel Syndrome e\u00f0a IBS).<\/p>\n<\/div><\/section><\/p><\/div><div  class='flex_column av-1jtmvde-84260a62ab92da9de2ba17cb9d8eef8a av_one_full  avia-builder-el-5  el_after_av_one_full  el_before_av_one_full  first flex_column_div  column-top-margin'     ><p>\n<style type=\"text\/css\" data-created_by=\"avia_inline_auto\" id=\"style-css-av-ll3ml4jh-07c378c909b77d93f625e56531a916bd\">\n#top .av-special-heading.av-ll3ml4jh-07c378c909b77d93f625e56531a916bd{\npadding-bottom:10px;\n}\nbody .av-special-heading.av-ll3ml4jh-07c378c909b77d93f625e56531a916bd .av-special-heading-tag .heading-char{\nfont-size:25px;\n}\n.av-special-heading.av-ll3ml4jh-07c378c909b77d93f625e56531a916bd .av-subheading{\nfont-size:15px;\n}\n<\/style>\n<div  class='av-special-heading av-ll3ml4jh-07c378c909b77d93f625e56531a916bd av-special-heading-h2 blockquote modern-quote  avia-builder-el-6  el_before_av_textblock  avia-builder-el-first '><h2 class='av-special-heading-tag '  itemprop=\"headline\"  >Langvarandi h\u00e6g\u00f0atreg\u00f0a<\/h2><div class=\"special-heading-border\"><div class=\"special-heading-inner-border\"><\/div><\/div><\/div><br \/>\n<section  class='av_textblock_section av-ll3mm5zg-9d3204f66358feaa956605b5c8930f49 '   itemscope=\"itemscope\" itemtype=\"https:\/\/schema.org\/CreativeWork\" ><div class='avia_textblock'  itemprop=\"text\" ><p>Langvarandi h\u00e6g\u00f0atreg\u00f0a v\u00edsar til \u00feess \u00feegar \u00f3regluleg h\u00e6g\u00f0atreg\u00f0a e\u00f0a erfitt h\u00e6g\u00f0arfar var\u00f0ar \u00ed \u00fe\u00e1gu stundum \u00ed s\u00ed\u00f0asta lagi \u00ed nokkra viku e\u00f0a lengur. H\u00fan er oftast einkennist af \u00fev\u00ed a\u00f0 f\u00e1ist f\u00e6rri en \u00ferj\u00e1r h\u00e6g\u00f0ag\u00f6ngur \u00ed viku. \u00de\u00f3tt geysileg h\u00e6g\u00f0atreg\u00f0a geti kynnst b\u00e6\u00f0i hj\u00e1 fullor\u00f0num og b\u00f6rnum, \u00fe\u00e1 geta einstaklingar \u00e1kve\u00f0i\u00f0 \u00e1tt vi\u00f0 langvarandi h\u00e6g\u00f0atreg\u00f0u sem hefur mikinn \u00e1hrif \u00e1 daglegan l\u00edfsr\u00e1s \u00feeirra.<\/p>\n<p>Einkenni og merki langvarandi h\u00e6g\u00f0atreg\u00f0u innifela:<\/p>\n<ul>\n<li>A\u00f0 hafa f\u00e6rri en \u00ferj\u00e1r h\u00e6g\u00f0ag\u00f6ngur \u00e1 viku<\/li>\n<li>Uppf\u00e6ra klumpa\u00f0ar e\u00f0a har\u00f0ar h\u00e6g\u00f0ar<\/li>\n<li>A\u00f0 \u00fej\u00e1 sig vi\u00f0 h\u00e6g\u00f0atreg\u00f0u<\/li>\n<li>Skynjun um st\u00edfla \u00ed enda\u00fearmi sem hindrar h\u00e6g\u00f0atreg\u00f0u<\/li>\n<li>Gefur til kynna a\u00f0 \u00f3fullkominn t\u00f3mning enda\u00fearms eftir h\u00e6g\u00f0atreg\u00f0u<\/li>\n<li>A\u00f0 \u00feurfa a\u00f0 f\u00e1 a\u00f0sto\u00f0 til a\u00f0 t\u00f3mast, sem g\u00e6ti innifali\u00f0 \u00fea\u00f0 a\u00f0 \u00fdta \u00e1 maga e\u00f0a a\u00f0 fjarl\u00e6gja sk\u00edt me\u00f0 fingri<\/li>\n<\/ul>\n<p>H\u00e6g\u00f0atreg\u00f0a getur veri\u00f0 flokku\u00f0 sem langvarandi ef \u00fe\u00fa hefur lent \u00ed tveimur e\u00f0a fleiri af \u00feessum einkennum \u00e1varandi \u00ed \u00feremur m\u00e1nu\u00f0um. Langvarandi h\u00e6g\u00f0atreg\u00f0a, e\u00f0a \u00feegar h\u00fan kemur endurteki\u00f0, krefst meira \u00e1lagi vi\u00f0 a\u00f0 greina og me\u00f0h\u00f6ndla.<\/p>\n<\/div><\/section><\/p><\/div><div  class='flex_column av-10x8p8y-a287594219392dd62ffb17dd326eb404 av_one_full  avia-builder-el-8  el_after_av_one_full  el_before_av_one_full  first flex_column_div  column-top-margin'     ><p>\n<style type=\"text\/css\" data-created_by=\"avia_inline_auto\" id=\"style-css-av-ll3mmuxz-12fbeb9a6fe0ec7edcef5ca10017dbd2\">\n#top .av-special-heading.av-ll3mmuxz-12fbeb9a6fe0ec7edcef5ca10017dbd2{\npadding-bottom:10px;\n}\nbody .av-special-heading.av-ll3mmuxz-12fbeb9a6fe0ec7edcef5ca10017dbd2 .av-special-heading-tag .heading-char{\nfont-size:25px;\n}\n.av-special-heading.av-ll3mmuxz-12fbeb9a6fe0ec7edcef5ca10017dbd2 .av-subheading{\nfont-size:15px;\n}\n<\/style>\n<div  class='av-special-heading av-ll3mmuxz-12fbeb9a6fe0ec7edcef5ca10017dbd2 av-special-heading-h2 blockquote modern-quote  avia-builder-el-9  el_before_av_textblock  avia-builder-el-first '><h2 class='av-special-heading-tag '  itemprop=\"headline\"  >Langvarandi ni\u00f0urgangur<\/h2><div class=\"special-heading-border\"><div class=\"special-heading-inner-border\"><\/div><\/div><\/div><br \/>\n<section  class='av_textblock_section av-ll3mngxy-a721c813b549503bdadf87aa9a586981 '   itemscope=\"itemscope\" itemtype=\"https:\/\/schema.org\/CreativeWork\" ><div class='avia_textblock'  itemprop=\"text\" ><p>Ni\u00f0urgangur er algengt \u00e1stand sem einkennist af \u00fev\u00ed a\u00f0 h\u00e6g\u00f0irnar ver\u00f0a \u00fe\u00e9ttar e\u00f0a vatnslausar og \u00fearf \u00fe\u00e1 a\u00f0 skiptast \u00fe\u00e9tt \u00e1 \u00fev\u00ed a\u00f0 fara \u00e1 kl\u00f3sett. Hann getur komi\u00f0 ein og s\u00e9r e\u00f0a me\u00f0 \u00f6\u00f0rum einkennum eins og \u00f3gle\u00f0i, uppk\u00f6stum, magaverki e\u00f0a \u00feyngdartapi. Skyndilegur ni\u00f0urgangur hverfur oftast \u00ed viku e\u00f0a tveimur, en ver\u00f0ur langvarandi ef hann stendur lengur en 3\u20134 vikur. Ef engin s\u00e9rstak \u00e1st\u00e6\u00f0a finnst eftir ranns\u00f3kn sem fer \u00edtarlega fram og \u00e1kve\u00f0nar skilyr\u00f0i eru uppfyllt, getur veri\u00f0 teki\u00f0 tillit til greiningar sem kallast starfsemi- e\u00f0a langvarandi ni\u00f0urgangur.<\/p>\n<\/div><\/section><\/p><\/div><div  class='flex_column av-odeu9e-1af2c6b1ea3ecce6454987834f5d3f60 av_one_full  avia-builder-el-11  el_after_av_one_full  el_before_av_hr  first flex_column_div  column-top-margin'     ><p>\n<style type=\"text\/css\" data-created_by=\"avia_inline_auto\" id=\"style-css-av-ll3mnsx7-665db8684b02e9642221e2690c66739f\">\n#top .av-special-heading.av-ll3mnsx7-665db8684b02e9642221e2690c66739f{\npadding-bottom:10px;\n}\nbody .av-special-heading.av-ll3mnsx7-665db8684b02e9642221e2690c66739f .av-special-heading-tag .heading-char{\nfont-size:25px;\n}\n.av-special-heading.av-ll3mnsx7-665db8684b02e9642221e2690c66739f .av-subheading{\nfont-size:15px;\n}\n<\/style>\n<div  class='av-special-heading av-ll3mnsx7-665db8684b02e9642221e2690c66739f av-special-heading-h2 blockquote modern-quote  avia-builder-el-12  el_before_av_textblock  avia-builder-el-first '><h2 class='av-special-heading-tag '  itemprop=\"headline\"  >Irritable Bowel Syndrome (IBS) E\u00f0a I\u00f0ra\u00f3lga <\/h2><div class=\"special-heading-border\"><div class=\"special-heading-inner-border\"><\/div><\/div><\/div><br \/>\n<section  class='av_textblock_section av-ll3moucw-f006b17506cdf3fdefa27ebc084bed11 '   itemscope=\"itemscope\" itemtype=\"https:\/\/schema.org\/CreativeWork\" ><div class='avia_textblock'  itemprop=\"text\" ><p>Irritable bowel syndrome (IBS) I\u00f0ra\u00f3lga (ristilkrampar; e. Irritable Bowel Syndrome e\u00f0a IBS) er algengur sj\u00fakd\u00f3mur sem hefur \u00e1hrif \u00e1 maga og \u00fe\u00f6rmum, einnig kalla\u00f0ur meltingarvegur. Einkenni \u00feess eru krampar, kvi\u00f0verkir, upp\u00feemba, gas, auk ni\u00f0urgangs og h\u00e6g\u00f0atreg\u00f0u til skiptis, e\u00f0a stundum hvort tveggja. IBS er langvarandi sj\u00fakd\u00f3mur sem krefst langt\u00edmastj\u00f3rnunar til a\u00f0 takast \u00e1 vi\u00f0 einkenni \u00feess \u00e1 \u00e1hrifar\u00edkan h\u00e1tt. Umtalsver\u00f0ur fj\u00f6ldi einstaklinga sem upplifa mi\u00f0lungs til alvarlega IBS greinir fr\u00e1 l\u00e9legum l\u00edfsg\u00e6\u00f0um. Einkenni IBS geta veri\u00f0 mismunandi og hafa tilhneigingu til a\u00f0 vera vi\u00f0varandi \u00ed langan t\u00edma. Algengustu einkennin eru:<\/p>\n<ul>\n<li>Magaverkur, kippa\u00f0i e\u00f0a upp\u00feemba sem tengjast \u00fev\u00ed a\u00f0 h\u00e6g\u00f0i\u00f0 komi<\/li>\n<li>Breytingar \u00e1 \u00fatliti h\u00e6g\u00f0a<\/li>\n<li>Breytingar \u00e1 t\u00ed\u00f0ni h\u00e6g\u00f0aganga<\/li>\n<\/ul>\n<p>A\u00f0rar tengdar einkenni geta innifali\u00f0 skynjun \u00e1 \u00f3fullkominni t\u00f3mningu og aukinni fyrirb\u00e6ri lofti e\u00f0a sl\u00edms \u00ed h\u00e6g\u00f0unum.<\/p>\n<p>\u00dea\u00f0 eru fj\u00f6gur tegundir af I\u00f0ra\u00f3lgu (IBS). Hver tegund er nefnd eftir algengustu kvillunum, \u00fear \u00e1 me\u00f0al h\u00e6g\u00f0atreg\u00f0aframar I\u00f0ra\u00f3lga (IBS-C), ni\u00f0urgangursframar I\u00f0ra\u00f3lga (IBS-D), blanda\u00f0ri I\u00f0ra\u00f3lgu (IBS-M) og \u00f3flokkaderri I\u00f0ra\u00f3lgu (IBS \u00f3flokkader).<\/p>\n<\/div><\/section><\/p><\/div><div  class='hr av-5bf71u-0fc17794266e30ad9cc5c4260e9df573 hr-default  avia-builder-el-14  el_after_av_one_full  el_before_av_one_full '><span class='hr-inner '><span class=\"hr-inner-style\"><\/span><\/span><\/div><\/p>\n<div  class='flex_column av-16qxkia-ddb7daef80a5c3df972f5cad8e8e623c av_one_full  avia-builder-el-15  el_after_av_hr  el_before_av_hr  first flex_column_div  '     ><style type=\"text\/css\" data-created_by=\"avia_inline_auto\" id=\"style-css-av-ll3mqg6q-8f918120bac479fde7502dabee2ce1c4\">\n#top .av_textblock_section.av-ll3mqg6q-8f918120bac479fde7502dabee2ce1c4 .avia_textblock{\nfont-size:13px;\n}\n<\/style>\n<section  class='av_textblock_section av-ll3mqg6q-8f918120bac479fde7502dabee2ce1c4 '   itemscope=\"itemscope\" itemtype=\"https:\/\/schema.org\/CreativeWork\" ><div class='avia_textblock'  itemprop=\"text\" ><p>Uppl\u00fdsingar \u00e1 \u00feessari s\u00ed\u00f0u \u00e1 ekki a\u00f0 nota \u00ed sta\u00f0 l\u00e6knisr\u00e1\u00f0gjafar l\u00e6knisins. R\u00e6ddu alltaf greiningu og me\u00f0fer\u00f0aruppl\u00fdsingar, \u00fear me\u00f0 tali\u00f0 \u00e1h\u00e6ttu, vi\u00f0 l\u00e6kninn. Haf\u00f0u \u00ed huga a\u00f0 \u00f6ll me\u00f0fer\u00f0 og \u00e1rangur eru s\u00e9rt\u00e6kar fyrir hvern sj\u00fakling. Ni\u00f0urst\u00f6\u00f0urnar geta veri\u00f0 mismunandi.<\/p>\n<\/div><\/section><\/div><div  class='hr av-rtsaj6-d528e2842421b0c713aa5dafb313b352 hr-default  avia-builder-el-17  el_after_av_one_full  el_before_av_one_full '><span class='hr-inner '><span class=\"hr-inner-style\"><\/span><\/span><\/div><\/p>\n<div  class='flex_column av-jpilo2-80d69019b04e3fe061eaa22def74707d av_one_full  avia-builder-el-18  el_after_av_hr  avia-builder-el-last  first flex_column_div  '     ><style type=\"text\/css\" data-created_by=\"avia_inline_auto\" id=\"style-css-av-ll3msqtb-33b63a6eac43cd7ee4bdd225ddc31726\">\n#top .av_textblock_section.av-ll3msqtb-33b63a6eac43cd7ee4bdd225ddc31726 .avia_textblock{\nfont-size:12px;\ncolor:#707070;\n}\n<\/style>\n<section  class='av_textblock_section av-ll3msqtb-33b63a6eac43cd7ee4bdd225ddc31726 '   itemscope=\"itemscope\" itemtype=\"https:\/\/schema.org\/CreativeWork\" ><div class='avia_textblock av_inherit_color'  itemprop=\"text\" ><p>Aziz, I., Whitehead, W.E., Palsson, O., T\u00f6rnblom, H. &amp; Simr\u00e9n, M. (2020). Expert Review of Gastroenterology &amp; Hepatology. An approach to the diagnosis and management of Rome IV functional disorders of chronic constipation [electronic version]. Taylor &amp; Francis Group, Vol. no. 14, 1-8.<\/p>\n<p>Drossman DA., et al. (2016). Rome IV, the functional gastrointestinal disorders. Gastroenterology. Vol. 150:1262-1279.<\/p>\n<p>Keller, J., Bassotti, G., Clarke, J., et al. (2018). EXPERT CONSENCUS DOCUMENT. Advances in the diagnosis and classification of gastric and intestinal motility disorders [electronic version]. Nat Rev Gastroenterol Hepatol., Vol. 15(5), 291-308.<\/p>\n<p>Sperber, AD., et al. (2021). Worldwide Prevalence and Burden of Functional Gastrointestinal Disorders, Results of Rome Foundation Global Study. Gastroenterology. Vol. 160:99-114.<\/p>\n<\/div><\/section><\/div>\n","protected":false},"excerpt":{"rendered":"","protected":false},"author":1,"featured_media":0,"parent":0,"menu_order":0,"comment_status":"closed","ping_status":"closed","template":"","meta":{"footnotes":""},"class_list":["post-15111","page","type-page","status-publish","hentry"],"_links":{"self":[{"href":"https:\/\/medifactia.com\/is\/wp-json\/wp\/v2\/pages\/15111","targetHints":{"allow":["GET"]}}],"collection":[{"href":"https:\/\/medifactia.com\/is\/wp-json\/wp\/v2\/pages"}],"about":[{"href":"https:\/\/medifactia.com\/is\/wp-json\/wp\/v2\/types\/page"}],"author":[{"embeddable":true,"href":"https:\/\/medifactia.com\/is\/wp-json\/wp\/v2\/users\/1"}],"replies":[{"embeddable":true,"href":"https:\/\/medifactia.com\/is\/wp-json\/wp\/v2\/comments?post=15111"}],"version-history":[{"count":4,"href":"https:\/\/medifactia.com\/is\/wp-json\/wp\/v2\/pages\/15111\/revisions"}],"predecessor-version":[{"id":15121,"href":"https:\/\/medifactia.com\/is\/wp-json\/wp\/v2\/pages\/15111\/revisions\/15121"}],"wp:attachment":[{"href":"https:\/\/medifactia.com\/is\/wp-json\/wp\/v2\/media?parent=15111"}],"curies":[{"name":"wp","href":"https:\/\/api.w.org\/{rel}","templated":true}]}}