{"id":15017,"date":"2023-04-24T21:20:44","date_gmt":"2023-04-24T19:20:44","guid":{"rendered":"https:\/\/medifactia.com\/is\/?page_id=15017"},"modified":"2026-02-11T13:28:05","modified_gmt":"2026-02-11T12:28:05","slug":"instructions","status":"publish","type":"page","link":"https:\/\/medifactia.com\/is\/instructions\/","title":{"rendered":"Instructions"},"content":{"rendered":"<div  class='flex_column av-cdprcsp-7f962043b460d3d44d737835cdaddd22 av_one_full  avia-builder-el-0  el_before_av_one_full  avia-builder-el-first  first flex_column_div  '     ><div  class='avia-video av-buzodop-a0587ef6ec0cee083dc0315ed195df0b avia-video-16-9 av-no-preview-image avia-video-load-always av-lazyload-immediate av-lazyload-video-embed'  itemprop=\"video\" itemtype=\"https:\/\/schema.org\/VideoObject\"  data-original_url='https:\/\/vimeo.com\/796097857'><script type='text\/html' class='av-video-tmpl'><div class='avia-iframe-wrap'><iframe loading=\"lazy\" title=\"Medifactia video 1 2023 ENG.mp4\" src=\"https:\/\/player.vimeo.com\/video\/796097857?h=911af83fab&amp;dnt=1&amp;app_id=122963&autoplay=0&loop=0&controls=1&muted=0\" width=\"1500\" height=\"844\" frameborder=\"0\" allow=\"autoplay; fullscreen; picture-in-picture\" allowfullscreen><\/iframe><\/div><\/script><div class='av-click-to-play-overlay'><div class=\"avia_playpause_icon\"><\/div><\/div><\/div><\/div>\n<div  class='flex_column av-benzeg9-28290c02841eb32010e3e82260ca1ae6 av_one_full  avia-builder-el-2  el_after_av_one_full  el_before_av_one_full  first flex_column_div  column-top-margin'     ><p>\n<style type=\"text\/css\" data-created_by=\"avia_inline_auto\" id=\"style-css-av-lgv7zahh-07b4a2347b6991b1e5c9aa86cff1d585\">\n#top .av-special-heading.av-lgv7zahh-07b4a2347b6991b1e5c9aa86cff1d585{\npadding-bottom:10px;\n}\nbody .av-special-heading.av-lgv7zahh-07b4a2347b6991b1e5c9aa86cff1d585 .av-special-heading-tag .heading-char{\nfont-size:25px;\n}\n.av-special-heading.av-lgv7zahh-07b4a2347b6991b1e5c9aa86cff1d585 .av-subheading{\nfont-size:15px;\n}\n<\/style>\n<div  class='av-special-heading av-lgv7zahh-07b4a2347b6991b1e5c9aa86cff1d585 av-special-heading-h1 blockquote modern-quote  avia-builder-el-3  el_before_av_textblock  avia-builder-el-first '><h1 class='av-special-heading-tag '  itemprop=\"headline\"  >Lei\u00f0beiningar um r\u00e9tta notkun Transit-Pellets<\/h1><div class=\"special-heading-border\"><div class=\"special-heading-inner-border\"><\/div><\/div><\/div><br \/>\n<section  class='av_textblock_section av-lgv801y4-2c26814f20533bc7938ebe2378b248b2 '   itemscope=\"itemscope\" itemtype=\"https:\/\/schema.org\/CreativeWork\" ><div class='avia_textblock'  itemprop=\"text\" ><p>L\u00e6knir \u00e1v\u00edsar pr\u00f3fum \u00e1 Transit-Pellets til notkunar fyrir sj\u00faklinga \u00ed heimah\u00fasum. \u00cd sex daga samfleytt gleypir sj\u00faklingurinn geisla\u00fe\u00e9tt merkjum \u00ed sj\u00f6 HPMC hylkjum (h\u00fddr\u00f3pr\u00f3p\u00fdlmet\u00fdlsellul\u00f3sa) og s\u00ed\u00f0an r\u00f6ntgenmynd af kvi\u00f0arholi \u00e1 sj\u00f6unda degi.<\/p>\n<p>Til a\u00f0 tryggja r\u00e9tta og \u00f6rugga notkun Transit-Pellets er mikilv\u00e6gt a\u00f0 fara vandlega yfir lei\u00f0beiningar um notkun (IFU) \u00e1\u00f0ur en notkun hefst. \u00de\u00fa getur slegi\u00f0 \u00fea\u00f0 beint inn \u00ed gegnum <a href=\"https:\/\/medifactia.com\/wp-content\/uploads\/2026\/02\/0074-IFU-International-ver05.pdf\" target=\"_blank\" rel=\"noopener\">\u00deENNAN TENGIL<\/a>. Athuga\u00f0u a\u00f0 notkunarlei\u00f0beiningarnar geta breyst. N\u00fdjusta \u00fatg\u00e1fan er alltaf \u00ed bo\u00f0i \u00e1 \u00feessari s\u00ed\u00f0u.<\/p>\n<\/div><\/section><\/p><\/div><div  class='flex_column av-awv4ew9-42d1708954ab8739def8da0e87a98e9e av_one_full  avia-builder-el-5  el_after_av_one_full  el_before_av_hr  first flex_column_div  column-top-margin'     ><p>\n<style type=\"text\/css\" data-created_by=\"avia_inline_auto\" id=\"style-css-av-lgv80efc-cfa592a6175037e7e9f12d8339dc9715\">\n#top .av-special-heading.av-lgv80efc-cfa592a6175037e7e9f12d8339dc9715{\npadding-bottom:10px;\n}\nbody .av-special-heading.av-lgv80efc-cfa592a6175037e7e9f12d8339dc9715 .av-special-heading-tag .heading-char{\nfont-size:25px;\n}\n.av-special-heading.av-lgv80efc-cfa592a6175037e7e9f12d8339dc9715 .av-subheading{\nfont-size:15px;\n}\n<\/style>\n<div  class='av-special-heading av-lgv80efc-cfa592a6175037e7e9f12d8339dc9715 av-special-heading-h2 blockquote modern-quote  avia-builder-el-6  el_before_av_textblock  avia-builder-el-first '><h2 class='av-special-heading-tag '  itemprop=\"headline\"  >Gakktu \u00far skugga um n\u00e1kv\u00e6mar ni\u00f0urst\u00f6\u00f0ur: Fylgdu lei\u00f0beiningunum<\/h2><div class=\"special-heading-border\"><div class=\"special-heading-inner-border\"><\/div><\/div><\/div><br \/>\n<section  class='av_textblock_section av-lgv80xsi-f053b4bc753c0276a1d9a6c4a175d09d '   itemscope=\"itemscope\" itemtype=\"https:\/\/schema.org\/CreativeWork\" ><div class='avia_textblock'  itemprop=\"text\" ><p><img decoding=\"async\" class=\"alignright size-full wp-image-15198\" style=\"margin-left: 25px; margin-bottom: 30px;\" src=\"https:\/\/medifactia.com\/us\/wp-content\/uploads\/sites\/2\/2023\/02\/Transit-Pellets-Blister-gray.png\" alt=\"\" width=\"120\" \/>Mikilv\u00e6gt er a\u00f0 fylgja forskriftum um skammtast\u00e6r\u00f0ir merkja til \u00feess a\u00f0 tryggja r\u00e9ttar ni\u00f0urst\u00f6\u00f0ur. Transit-Pellets kaps\u00fala \u00e1 a\u00f0 taka daglega fr\u00e1 dag einum til dag fimm. \u00c1 dag sex skal taka kaps\u00falu \u00e1 morgnana, merkt &#8222;6:1&#8220;, og a\u00f0ra kaps\u00falu \u00e1 kv\u00f6ldin, merkt &#8222;6:2&#8220;.<\/p>\n<p>Til a\u00f0 tryggja n\u00e1kv\u00e6mni \u00ed m\u00e6lingunni, er mikilv\u00e6gt a\u00f0 skipuleggja r\u00f6ntgenathugunina \u00e1 vi\u00f0eigandi t\u00edma \u00ed tengslum vi\u00f0 s\u00ed\u00f0asta skammt \u00e1 dag sex, merkt &#8222;6:2&#8220;. \u00deetta \u00fe\u00fd\u00f0ir a\u00f0 r\u00f6ntgenathugunin \u00e6tti a\u00f0 vera skipul\u00f6g\u00f0 umtrent 12 klukkustundum eftir a\u00f0 s\u00ed\u00f0asta skammt var teki\u00f0 \u00e1 kv\u00f6ldin \u00e1 dag sex. Eftirfarandi t\u00f6fla veitir hj\u00e1lplega tilv\u00edsun.<\/p>\n<\/div><\/section><br \/>\n<div class='avia-data-table-wrap av-10yq9s9-69394348bb9c7d83c82826160dd7cf13 avia_responsive_table avia-table-1'><table  class='avia-table avia-data-table avia_pricing_default  avia-builder-el-8  el_after_av_textblock  avia-builder-el-last '  itemscope=\"itemscope\" itemtype=\"https:\/\/schema.org\/Table\" ><tbody><tr class='avia-heading-row'><th class=''>Dagur 1 (Gleyptu hylki 1)<\/th><th class=''>Dagur 7 (X-ray)<\/th><\/tr><tr class=''><td class=''>\u00deri\u00f0judagur<\/td><td class=''>M\u00e1nudagur<\/td><\/tr><tr class=''><td class=''>Mi\u00f0vikudagur<\/td><td class=''>\u00deri\u00f0judagur<\/td><\/tr><tr class=''><td class=''>Fimmtudagur<\/td><td class=''>Mi\u00f0vikudagur<\/td><\/tr><tr class=''><td class=''>F\u00f6studagur<\/td><td class=''>Fimmtudagur<\/td><\/tr><tr class=''><td class=''>Laugardagur<\/td><td class=''>F\u00f6studagur<\/td><\/tr><\/tbody><\/table><\/div><style type='text\/css'>.avia-table-1 td:nth-of-type(1):before { content: 'Dagur 1 (Gleyptu hylki 1)'; } .avia-table-1 td:nth-of-type(2):before { content: 'Dagur 7 (X-ray)'; } <\/style><\/p><\/div><\/p>\n<div  class='hr av-ju215-c9d87315284db99a0a0a46b0032befcb hr-default  avia-builder-el-9  el_after_av_one_full  el_before_av_one_full '><span class='hr-inner '><span class=\"hr-inner-style\"><\/span><\/span><\/div>\n<div  class='flex_column av-16a79xl-335b2633109d7d2332c83cefbc8cf368 av_one_full  avia-builder-el-10  el_after_av_hr  el_before_av_hr  first flex_column_div  '     ><style type=\"text\/css\" data-created_by=\"avia_inline_auto\" id=\"style-css-av-lgv840fh-d1c71d3fb9653b199fe241604c3e4983\">\n#top .av_textblock_section.av-lgv840fh-d1c71d3fb9653b199fe241604c3e4983 .avia_textblock{\nfont-size:13px;\n}\n<\/style>\n<section  class='av_textblock_section av-lgv840fh-d1c71d3fb9653b199fe241604c3e4983 '   itemscope=\"itemscope\" itemtype=\"https:\/\/schema.org\/CreativeWork\" ><div class='avia_textblock'  itemprop=\"text\" ><p>Uppl\u00fdsingar \u00e1 \u00feessari s\u00ed\u00f0u \u00e1 ekki a\u00f0 nota \u00ed sta\u00f0 l\u00e6knisr\u00e1\u00f0gjafar l\u00e6knisins. R\u00e6ddu alltaf greiningu og me\u00f0fer\u00f0aruppl\u00fdsingar, \u00fear me\u00f0 tali\u00f0 \u00e1h\u00e6ttu, vi\u00f0 l\u00e6kninn. Haf\u00f0u \u00ed huga a\u00f0 \u00f6ll me\u00f0fer\u00f0 og \u00e1rangur eru s\u00e9rt\u00e6kar fyrir hvern sj\u00fakling. Ni\u00f0urst\u00f6\u00f0urnar geta veri\u00f0 mismunandi.<\/p>\n<\/div><\/section><\/div>\n<div  class='hr av-js0lxl-2817dc9cde4d63492a711b2570a412a2 hr-default  avia-builder-el-12  el_after_av_one_full  avia-builder-el-last '><span class='hr-inner '><span class=\"hr-inner-style\"><\/span><\/span><\/div>\n","protected":false},"excerpt":{"rendered":"","protected":false},"author":1,"featured_media":0,"parent":0,"menu_order":0,"comment_status":"closed","ping_status":"closed","template":"","meta":{"footnotes":""},"class_list":["post-15017","page","type-page","status-publish","hentry"],"_links":{"self":[{"href":"https:\/\/medifactia.com\/is\/wp-json\/wp\/v2\/pages\/15017","targetHints":{"allow":["GET"]}}],"collection":[{"href":"https:\/\/medifactia.com\/is\/wp-json\/wp\/v2\/pages"}],"about":[{"href":"https:\/\/medifactia.com\/is\/wp-json\/wp\/v2\/types\/page"}],"author":[{"embeddable":true,"href":"https:\/\/medifactia.com\/is\/wp-json\/wp\/v2\/users\/1"}],"replies":[{"embeddable":true,"href":"https:\/\/medifactia.com\/is\/wp-json\/wp\/v2\/comments?post=15017"}],"version-history":[{"count":3,"href":"https:\/\/medifactia.com\/is\/wp-json\/wp\/v2\/pages\/15017\/revisions"}],"predecessor-version":[{"id":15188,"href":"https:\/\/medifactia.com\/is\/wp-json\/wp\/v2\/pages\/15017\/revisions\/15188"}],"wp:attachment":[{"href":"https:\/\/medifactia.com\/is\/wp-json\/wp\/v2\/media?parent=15017"}],"curies":[{"name":"wp","href":"https:\/\/api.w.org\/{rel}","templated":true}]}}