{"id":15010,"date":"2023-04-24T21:13:10","date_gmt":"2023-04-24T19:13:10","guid":{"rendered":"https:\/\/medifactia.com\/is\/?page_id=15010"},"modified":"2024-04-25T09:50:01","modified_gmt":"2024-04-25T07:50:01","slug":"colon-transit-study","status":"publish","type":"page","link":"https:\/\/medifactia.com\/is\/colon-transit-study\/","title":{"rendered":"Colon Transit Study"},"content":{"rendered":"<div  class='flex_column av-3v21882-da27b60e073a29f07c62685bae816ca8 av_one_full  avia-builder-el-0  el_before_av_one_full  avia-builder-el-first  first flex_column_div  '     ><style type=\"text\/css\" data-created_by=\"avia_inline_auto\" id=\"style-css-av-lgv7r5f2-1ac13feeaeab0cd783ea062f37a424b6\">\n.avia-image-container.av-lgv7r5f2-1ac13feeaeab0cd783ea062f37a424b6 img.avia_image{\nbox-shadow:none;\n}\n.avia-image-container.av-lgv7r5f2-1ac13feeaeab0cd783ea062f37a424b6 .av-image-caption-overlay-center{\ncolor:#ffffff;\n}\n<\/style>\n<div  class='avia-image-container av-lgv7r5f2-1ac13feeaeab0cd783ea062f37a424b6 av-styling- avia-align-center  avia-builder-el-1  avia-builder-el-no-sibling '   itemprop=\"image\" itemscope=\"itemscope\" itemtype=\"https:\/\/schema.org\/ImageObject\" ><div class=\"avia-image-container-inner\"><div class=\"avia-image-overlay-wrap\"><img decoding=\"async\" fetchpriority=\"high\" class='wp-image-15057 avia-img-lazy-loading-not-15057 avia_image ' src=\"https:\/\/medifactia.com\/is\/wp-content\/uploads\/sites\/8\/2023\/06\/patient-doctor-2.jpg\" alt='' title='patient-doctor-2'  height=\"1282\" width=\"1920\"  itemprop=\"thumbnailUrl\" srcset=\"https:\/\/medifactia.com\/is\/wp-content\/uploads\/sites\/8\/2023\/06\/patient-doctor-2.jpg 1920w, https:\/\/medifactia.com\/is\/wp-content\/uploads\/sites\/8\/2023\/06\/patient-doctor-2-300x200.jpg 300w, https:\/\/medifactia.com\/is\/wp-content\/uploads\/sites\/8\/2023\/06\/patient-doctor-2-1030x688.jpg 1030w, https:\/\/medifactia.com\/is\/wp-content\/uploads\/sites\/8\/2023\/06\/patient-doctor-2-768x513.jpg 768w, https:\/\/medifactia.com\/is\/wp-content\/uploads\/sites\/8\/2023\/06\/patient-doctor-2-1536x1026.jpg 1536w, https:\/\/medifactia.com\/is\/wp-content\/uploads\/sites\/8\/2023\/06\/patient-doctor-2-1500x1002.jpg 1500w, https:\/\/medifactia.com\/is\/wp-content\/uploads\/sites\/8\/2023\/06\/patient-doctor-2-705x471.jpg 705w\" sizes=\"(max-width: 1920px) 100vw, 1920px\" \/><\/div><\/div><\/div><\/div>\n<div  class='flex_column av-3ei2boi-170d0854ad0887fb9c30ce6f13093aa6 av_one_full  avia-builder-el-2  el_after_av_one_full  el_before_av_one_full  first flex_column_div  column-top-margin'     ><p>\n<style type=\"text\/css\" data-created_by=\"avia_inline_auto\" id=\"style-css-av-lgv7rddl-15d7e01ffff8f5c6193a41c994ea27d1\">\n#top .av-special-heading.av-lgv7rddl-15d7e01ffff8f5c6193a41c994ea27d1{\npadding-bottom:10px;\n}\nbody .av-special-heading.av-lgv7rddl-15d7e01ffff8f5c6193a41c994ea27d1 .av-special-heading-tag .heading-char{\nfont-size:25px;\n}\n.av-special-heading.av-lgv7rddl-15d7e01ffff8f5c6193a41c994ea27d1 .av-subheading{\nfont-size:15px;\n}\n<\/style>\n<div  class='av-special-heading av-lgv7rddl-15d7e01ffff8f5c6193a41c994ea27d1 av-special-heading-h1 blockquote modern-quote  avia-builder-el-3  el_before_av_textblock  avia-builder-el-first '><h1 class='av-special-heading-tag '  itemprop=\"headline\"  >Hva\u00f0 er a Colon Transit Study me\u00f0 Transit-Pellets hylkjum? <\/h1><div class=\"special-heading-border\"><div class=\"special-heading-inner-border\"><\/div><\/div><\/div><br \/>\n<section  class='av_textblock_section av-lgv7ruz7-57d60b2916844ab9a352474360540bf8 '   itemscope=\"itemscope\" itemtype=\"https:\/\/schema.org\/CreativeWork\" ><div class='avia_textblock'  itemprop=\"text\" ><p>Ristilflutningsranns\u00f3kn me\u00f0 Transit-Pellets er oft notu\u00f0 hj\u00e1 sj\u00faklingum sem \u00fej\u00e1st af langvinnri h\u00e6g\u00f0atreg\u00f0u, langvinnum ni\u00f0urgangi og \/ e\u00f0a i\u00f0ra\u00f3lgu (IBS). Tilgangur \u00feessarar pr\u00f3funar er a\u00f0 meta gegnumfer\u00f0art\u00edmann og hversu hratt e\u00f0a h\u00e6gt f\u00e6\u00f0a\/h\u00e6gar fara um \u00fearmana.<\/p>\n<p>Pr\u00f3fi\u00f0 felur \u00ed s\u00e9r innt\u00f6ku \u00e1 sj\u00f6 hylkjum \u00e1 sex daga t\u00edmabili, hvert me\u00f0 \u00f6rsm\u00e1um merkjum sem h\u00e6gt er a\u00f0 sj\u00e1 me\u00f0 r\u00f6ntgenmyndat\u00f6ku. Me\u00f0 \u00fev\u00ed a\u00f0 fylgjast me\u00f0 framvindu markanna \u00ed gegnum \u00fe\u00f6rmum getur l\u00e6knirinn magngreint alvarleika flutningsvandam\u00e1la. Ni\u00f0urst\u00f6\u00f0urnar geta veri\u00f0 mikilv\u00e6gar \u00ed a\u00f0 \u00e1kvar\u00f0a \u00fe\u00f6rfina \u00e1 \u00f6\u00f0rum sko\u00f0unarferlum og velja r\u00e9ttar me\u00f0fer\u00f0arvalkosti<\/p>\n<p>Transit-Pellets er mj\u00f6g \u00e1rangursr\u00edkt til a\u00f0 meta n\u00e1kv\u00e6mlega starfsemi meltingarvegarins. Hylkjunum og merkiefnunum er pakka\u00f0 \u00e1 einkv\u00e6man h\u00e1tt samkv\u00e6mt Transit-Pellets a\u00f0fer\u00f0inni, sem er fullgilt st\u00f6k r\u00f6ntgent\u00e6kni til a\u00f0 m\u00e6la allan \u00feverg\u00f6ngut\u00edma ristilsins, fr\u00e1 hra\u00f0ri til h\u00e6gri gegnumfer\u00f0ar.<\/p>\n<p>Neysla markanna er \u00f6rugg og merkin ver\u00f0a \u00fatr\u00fdmt \u00ed h\u00e6g\u00f0um og h\u00e6gt er a\u00f0 farga \u00feeim \u00e1 \u00f6ruggan h\u00e1tt me\u00f0 \u00fev\u00ed a\u00f0 sturta \u00feeim ni\u00f0ur \u00ed kl\u00f3setti\u00f0.<\/p>\n<\/div><\/section><\/p><\/div><div  class='flex_column av-33vf16q-9251ab7a6cbce0f5267707e9579f0e0c av_one_full  avia-builder-el-5  el_after_av_one_full  el_before_av_one_full  first flex_column_div  column-top-margin'     ><p>\n<style type=\"text\/css\" data-created_by=\"avia_inline_auto\" id=\"style-css-av-lgv7sfxz-9f3ecc8caa02d5686e7675dd58897575\">\n#top .av-special-heading.av-lgv7sfxz-9f3ecc8caa02d5686e7675dd58897575{\npadding-bottom:10px;\n}\nbody .av-special-heading.av-lgv7sfxz-9f3ecc8caa02d5686e7675dd58897575 .av-special-heading-tag .heading-char{\nfont-size:25px;\n}\n.av-special-heading.av-lgv7sfxz-9f3ecc8caa02d5686e7675dd58897575 .av-subheading{\nfont-size:15px;\n}\n<\/style>\n<div  class='av-special-heading av-lgv7sfxz-9f3ecc8caa02d5686e7675dd58897575 av-special-heading-h2 blockquote modern-quote  avia-builder-el-6  el_before_av_textblock  avia-builder-el-first '><h2 class='av-special-heading-tag '  itemprop=\"headline\"  >\u00deegar l\u00e6knirinn \u00feinn g\u00e6ti \u00e1v\u00edsa\u00f0 ristilflutningsranns\u00f3kn me\u00f0 Transit-Pellets<\/h2><div class=\"special-heading-border\"><div class=\"special-heading-inner-border\"><\/div><\/div><\/div><br \/>\n<section  class='av_textblock_section av-lgv7sr8c-d687fd869c7f52bd633835b306fa8ed4 '   itemscope=\"itemscope\" itemtype=\"https:\/\/schema.org\/CreativeWork\" ><div class='avia_textblock'  itemprop=\"text\" ><p>Almennt felur fyrsta stj\u00f3rnun h\u00e6g\u00f0atreg\u00f0u oft \u00ed s\u00e9r a\u00f0 gera breytingar \u00e1 matar\u00e6\u00f0i og l\u00edfsst\u00edl, auk \u00feess a\u00f0 pr\u00f3fa lausas\u00f6lulyf eins og magnmyndandi efni og kolvetni sem ekki fr\u00e1sogast. Ef \u00feessar a\u00f0fer\u00f0ir bera ekki \u00e1rangur er heimilt a\u00f0 gera ristilflutningsranns\u00f3kn \u00fear sem notu\u00f0 eru hylki me\u00f0 Transit-Pellets. Sumir heilbrig\u00f0isstarfsmenn geta einnig pr\u00f3fa\u00f0 a\u00f0ra me\u00f0fer\u00f0arm\u00f6guleika, svo sem saltvatnsh\u00e6g\u00f0alyf e\u00f0a hreyfi\u00f6rvandi lyf, \u00e1\u00f0ur en \u00feeir m\u00e6la me\u00f0 ristilflutningspr\u00f3fi.<\/p>\n<\/div><\/section><\/p><\/div><\/p>\n<div  class='flex_column av-2ouiq3m-1aae123a7690499ab06635e7e9addc20 av_one_full  avia-builder-el-8  el_after_av_one_full  el_before_av_hr  first flex_column_div  column-top-margin'     ><p>\n<style type=\"text\/css\" data-created_by=\"avia_inline_auto\" id=\"style-css-av-lgv7t154-05c07afe7f57574a36e3f73d306d6462\">\n#top .av-special-heading.av-lgv7t154-05c07afe7f57574a36e3f73d306d6462{\npadding-bottom:10px;\n}\nbody .av-special-heading.av-lgv7t154-05c07afe7f57574a36e3f73d306d6462 .av-special-heading-tag .heading-char{\nfont-size:25px;\n}\n.av-special-heading.av-lgv7t154-05c07afe7f57574a36e3f73d306d6462 .av-subheading{\nfont-size:15px;\n}\n<\/style>\n<div  class='av-special-heading av-lgv7t154-05c07afe7f57574a36e3f73d306d6462 av-special-heading-h2 blockquote modern-quote  avia-builder-el-9  el_before_av_textblock  avia-builder-el-first '><h2 class='av-special-heading-tag '  itemprop=\"headline\"  >Stutt saga<\/h2><div class=\"special-heading-border\"><div class=\"special-heading-inner-border\"><\/div><\/div><\/div><br \/>\n<section  class='av_textblock_section av-lgv7th3v-9c8b022d84100c2ac75e2eb6485d5fec '   itemscope=\"itemscope\" itemtype=\"https:\/\/schema.org\/CreativeWork\" ><div class='avia_textblock'  itemprop=\"text\" ><p>Notkun inntekinna geislamerktra merkja til a\u00f0 meta flutning ristils hefur veri\u00f0 almennt vi\u00f0urkennd fr\u00e1 \u00fev\u00ed a\u00f0 Hinton l\u00fdsti henni fyrst \u00e1ri\u00f0 1969. Pr\u00f3fi\u00f0 er stundum kalla\u00f0 \u201cHintons Method\u201c, en \u00fea\u00f0 er einnig \u00feekkt sem Colon Transit-Pellets test, Colonic Transit Markers Study, Radiopaque Markers Test, Radio-Opaque Markers Test, ROM Test, e\u00f0a Bowel Motility Test. M\u00e6ling \u00e1 gegnumfer\u00f0art\u00edma ristils me\u00f0 geisla\u00fe\u00e9ttum merkjum er sem stendur talin \u00e1rei\u00f0anlegasta og \u00f6ruggasta a\u00f0fer\u00f0in til meta meltingarf\u00e6rasj\u00fakd\u00f3ma b\u00e6\u00f0i hj\u00e1 fullor\u00f0num og b\u00f6rnum.<\/p>\n<\/div><\/section><\/p><\/div><div  class='hr av-25aui82-fda3b9813638afc4cd2b48b7d709ffbf hr-default  avia-builder-el-11  el_after_av_one_full  el_before_av_one_full '><span class='hr-inner '><span class=\"hr-inner-style\"><\/span><\/span><\/div><\/p>\n<div  class='flex_column av-1kircma-4d385ea6bb374d4b1b0552ca01e01657 av_one_full  avia-builder-el-12  el_after_av_hr  el_before_av_hr  first flex_column_div  '     ><style type=\"text\/css\" data-created_by=\"avia_inline_auto\" id=\"style-css-av-14o3daa-65946dd4fa54b3273d6cb500f42fdd62\">\n#top .av_textblock_section.av-14o3daa-65946dd4fa54b3273d6cb500f42fdd62 .avia_textblock{\nfont-size:13px;\n}\n<\/style>\n<section  class='av_textblock_section av-14o3daa-65946dd4fa54b3273d6cb500f42fdd62 '   itemscope=\"itemscope\" itemtype=\"https:\/\/schema.org\/CreativeWork\" ><div class='avia_textblock'  itemprop=\"text\" ><p>Uppl\u00fdsingar \u00e1 \u00feessari s\u00ed\u00f0u \u00e1 ekki a\u00f0 nota \u00ed sta\u00f0 l\u00e6knisr\u00e1\u00f0gjafar l\u00e6knisins. R\u00e6ddu alltaf greiningu og me\u00f0fer\u00f0aruppl\u00fdsingar, \u00fear me\u00f0 tali\u00f0 \u00e1h\u00e6ttu, vi\u00f0 l\u00e6kninn. Haf\u00f0u \u00ed huga a\u00f0 \u00f6ll me\u00f0fer\u00f0 og \u00e1rangur eru s\u00e9rt\u00e6kar fyrir hvern sj\u00fakling. Ni\u00f0urst\u00f6\u00f0urnar geta veri\u00f0 mismunandi.<\/p>\n<\/div><\/section><\/div>\n<div  class='hr av-r9ntsy-ec48fda5b91a2fbef635bcae001f08c3 hr-default  avia-builder-el-14  el_after_av_one_full  avia-builder-el-last '><span class='hr-inner '><span class=\"hr-inner-style\"><\/span><\/span><\/div>\n","protected":false},"excerpt":{"rendered":"","protected":false},"author":1,"featured_media":0,"parent":0,"menu_order":0,"comment_status":"closed","ping_status":"closed","template":"","meta":{"footnotes":""},"class_list":["post-15010","page","type-page","status-publish","hentry"],"_links":{"self":[{"href":"https:\/\/medifactia.com\/is\/wp-json\/wp\/v2\/pages\/15010","targetHints":{"allow":["GET"]}}],"collection":[{"href":"https:\/\/medifactia.com\/is\/wp-json\/wp\/v2\/pages"}],"about":[{"href":"https:\/\/medifactia.com\/is\/wp-json\/wp\/v2\/types\/page"}],"author":[{"embeddable":true,"href":"https:\/\/medifactia.com\/is\/wp-json\/wp\/v2\/users\/1"}],"replies":[{"embeddable":true,"href":"https:\/\/medifactia.com\/is\/wp-json\/wp\/v2\/comments?post=15010"}],"version-history":[{"count":5,"href":"https:\/\/medifactia.com\/is\/wp-json\/wp\/v2\/pages\/15010\/revisions"}],"predecessor-version":[{"id":15167,"href":"https:\/\/medifactia.com\/is\/wp-json\/wp\/v2\/pages\/15010\/revisions\/15167"}],"wp:attachment":[{"href":"https:\/\/medifactia.com\/is\/wp-json\/wp\/v2\/media?parent=15010"}],"curies":[{"name":"wp","href":"https:\/\/api.w.org\/{rel}","templated":true}]}}