{"id":15115,"date":"2023-08-09T12:06:20","date_gmt":"2023-08-09T10:06:20","guid":{"rendered":"https:\/\/medifactia.com\/fr\/gastrointestinal-disorders\/"},"modified":"2023-08-25T13:31:33","modified_gmt":"2023-08-25T11:31:33","slug":"gastrointestinal-disorders","status":"publish","type":"page","link":"https:\/\/medifactia.com\/fr\/gastrointestinal-disorders\/","title":{"rendered":"Gastrointestinal Disorders"},"content":{"rendered":"<div  class='flex_column av-vcawky-18c8b3091d7005a1ca2a1950ce3b99ce av_one_full  avia-builder-el-0  el_before_av_one_full  avia-builder-el-first  first flex_column_div  '     ><style type=\"text\/css\" data-created_by=\"avia_inline_auto\" id=\"style-css-av-ll3mun2f-1ad3307a97f9fed1709524694a3a4431\">\n.avia-image-container.av-ll3mun2f-1ad3307a97f9fed1709524694a3a4431 img.avia_image{\nbox-shadow:none;\n}\n.avia-image-container.av-ll3mun2f-1ad3307a97f9fed1709524694a3a4431 .av-image-caption-overlay-center{\ncolor:#ffffff;\n}\n<\/style>\n<div  class='avia-image-container av-ll3mun2f-1ad3307a97f9fed1709524694a3a4431 av-styling- avia-align-center  avia-builder-el-1  avia-builder-el-no-sibling '   itemprop=\"image\" itemscope=\"itemscope\" itemtype=\"https:\/\/schema.org\/ImageObject\" ><div class=\"avia-image-container-inner\"><div class=\"avia-image-overlay-wrap\"><img decoding=\"async\" fetchpriority=\"high\" class='wp-image- avia-img-lazy-loading-not- avia_image ' src=\"https:\/\/medifactia.com\/wp-content\/uploads\/2023\/08\/Man_Toilet-scaled.jpg\" alt='' title=''   itemprop=\"thumbnailUrl\"  \/><\/div><\/div><\/div><\/div>\n<div  class='flex_column av-w7sqhe-d5fa4e22da3a538d13f5d1a26f7242b8 av_one_full  avia-builder-el-2  el_after_av_one_full  el_before_av_one_full  first flex_column_div  column-top-margin'     ><p>\n<style type=\"text\/css\" data-created_by=\"avia_inline_auto\" id=\"style-css-av-ll3mj5e5-86585834aeab1d1759a7b61b63ccddbc\">\n#top .av-special-heading.av-ll3mj5e5-86585834aeab1d1759a7b61b63ccddbc{\npadding-bottom:10px;\n}\nbody .av-special-heading.av-ll3mj5e5-86585834aeab1d1759a7b61b63ccddbc .av-special-heading-tag .heading-char{\nfont-size:25px;\n}\n.av-special-heading.av-ll3mj5e5-86585834aeab1d1759a7b61b63ccddbc .av-subheading{\nfont-size:15px;\n}\n<\/style>\n<div  class='av-special-heading av-ll3mj5e5-86585834aeab1d1759a7b61b63ccddbc av-special-heading-h1 blockquote modern-quote  avia-builder-el-3  el_before_av_textblock  avia-builder-el-first '><h1 class='av-special-heading-tag '  itemprop=\"headline\"  >Troubles gastro-intestinaux fonctionnels (TGIF)<\/h1><div class=\"special-heading-border\"><div class=\"special-heading-inner-border\"><\/div><\/div><\/div><br \/>\n<section  class='av_textblock_section av-ll3mjwks-3ed552d8431f93f0aaa92fa83a1eef94 '   itemscope=\"itemscope\" itemtype=\"https:\/\/schema.org\/CreativeWork\" ><div class='avia_textblock'  itemprop=\"text\" ><p>Les troubles gastro-intestinaux fonctionnels se caract\u00e9risent par des sympt\u00f4mes gastro-intestinaux chroniques (\u00e0 long terme) qui surviennent en raison de la fonction ou de la dysfonction du syst\u00e8me digestif.<\/p>\n<p>Functional gastrointestinal and motility disorders are the most common gastrointestinal problems in the general population. It\u00b4s estimated that around 1 in 4 individuals or even more might experience these issues. These conditions make up about 40% of the GI problems that doctors and therapists help patients with.<\/p>\n<p>Le terme \u201cfonctionnel\u201d est g\u00e9n\u00e9ralement utilis\u00e9 pour d\u00e9crire des troubles dans lesquels les fonctions r\u00e9guli\u00e8res du mouvement des intestins, la sensibilit\u00e9 des nerfs intestinaux ou le contr\u00f4le c\u00e9r\u00e9bral de ces activit\u00e9s sont perturb\u00e9s.<\/p>\n<p>Parmi les troubles gastro-intestinaux fonctionnels les plus courants, on trouve la constipation fonctionnelle, la diarrh\u00e9e fonctionnelle et le syndrome de l&rsquo;intestin irritable (SII).<\/p>\n<\/div><\/section><\/p><\/div><div  class='flex_column av-1jtmvde-84260a62ab92da9de2ba17cb9d8eef8a av_one_full  avia-builder-el-5  el_after_av_one_full  el_before_av_one_full  first flex_column_div  column-top-margin'     ><p>\n<style type=\"text\/css\" data-created_by=\"avia_inline_auto\" id=\"style-css-av-ll3ml4jh-e42c8a190425448692dd96aa89de1e84\">\n#top .av-special-heading.av-ll3ml4jh-e42c8a190425448692dd96aa89de1e84{\npadding-bottom:10px;\n}\nbody .av-special-heading.av-ll3ml4jh-e42c8a190425448692dd96aa89de1e84 .av-special-heading-tag .heading-char{\nfont-size:25px;\n}\n.av-special-heading.av-ll3ml4jh-e42c8a190425448692dd96aa89de1e84 .av-subheading{\nfont-size:15px;\n}\n<\/style>\n<div  class='av-special-heading av-ll3ml4jh-e42c8a190425448692dd96aa89de1e84 av-special-heading-h2 blockquote modern-quote  avia-builder-el-6  el_before_av_textblock  avia-builder-el-first '><h2 class='av-special-heading-tag '  itemprop=\"headline\"  >Constipation chronique<\/h2><div class=\"special-heading-border\"><div class=\"special-heading-inner-border\"><\/div><\/div><\/div><br \/>\n<section  class='av_textblock_section av-ll3mm5zg-20b4496a7c9646f5e26187d06eb79991 '   itemscope=\"itemscope\" itemtype=\"https:\/\/schema.org\/CreativeWork\" ><div class='avia_textblock'  itemprop=\"text\" ><p>La constipation chronique fait r\u00e9f\u00e9rence \u00e0 la persistance de selles peu fr\u00e9quentes ou de passage difficile des selles pendant une p\u00e9riode prolong\u00e9e, g\u00e9n\u00e9ralement de plusieurs semaines ou plus. Elle se caract\u00e9rise souvent par moins de trois mouvements de l&rsquo;intestin par semaine. Bien que la constipation occasionnelle soit un probl\u00e8me courant tant chez les adultes que chez les enfants, certaines personnes peuvent souffrir de constipation chronique, ce qui a un impact significatif sur leurs routines quotidiennes.<\/p>\n<p>Les signes et sympt\u00f4mes de la constipation chronique comprennent :<\/p>\n<ul>\n<li>Avoir moins de trois mouvements de l&rsquo;intestin par semaine<\/li>\n<li>\u00c9prouver des selles en grumeaux ou dures<\/li>\n<li>Faire des efforts pendant les mouvements de l&rsquo;intestin<\/li>\n<li>Sensation d&rsquo;un blocage dans le rectum qui entrave les mouvements de l&rsquo;intestin<\/li>\n<li>Sentiment de vidange incompl\u00e8te du rectum apr\u00e8s un mouvement de l&rsquo;intestin<\/li>\n<li>Avoir besoin d&rsquo;aide pour vider le rectum, ce qui peut impliquer d&rsquo;appuyer sur l&rsquo;abdomen ou de retirer manuellement les selles avec un doigt<\/li>\n<\/ul>\n<p>La constipation peut \u00eatre class\u00e9e comme chronique si vous avez rencontr\u00e9 deux de ces sympt\u00f4mes de mani\u00e8re persistante au cours des trois derniers mois. Une constipation de longue dur\u00e9e (chronique) ou qui revient r\u00e9guli\u00e8rement n\u00e9cessite davantage d&rsquo;efforts pour diagnostiquer et traiter.<\/p>\n<\/div><\/section><\/p><\/div><div  class='flex_column av-10x8p8y-a287594219392dd62ffb17dd326eb404 av_one_full  avia-builder-el-8  el_after_av_one_full  el_before_av_one_full  first flex_column_div  column-top-margin'     ><p>\n<style type=\"text\/css\" data-created_by=\"avia_inline_auto\" id=\"style-css-av-ll3mmuxz-1457c5260f514693acccef150d8324d3\">\n#top .av-special-heading.av-ll3mmuxz-1457c5260f514693acccef150d8324d3{\npadding-bottom:10px;\n}\nbody .av-special-heading.av-ll3mmuxz-1457c5260f514693acccef150d8324d3 .av-special-heading-tag .heading-char{\nfont-size:25px;\n}\n.av-special-heading.av-ll3mmuxz-1457c5260f514693acccef150d8324d3 .av-subheading{\nfont-size:15px;\n}\n<\/style>\n<div  class='av-special-heading av-ll3mmuxz-1457c5260f514693acccef150d8324d3 av-special-heading-h2 blockquote modern-quote  avia-builder-el-9  el_before_av_textblock  avia-builder-el-first '><h2 class='av-special-heading-tag '  itemprop=\"headline\"  >Diarrh\u00e9e chronique<\/h2><div class=\"special-heading-border\"><div class=\"special-heading-inner-border\"><\/div><\/div><\/div><br \/>\n<section  class='av_textblock_section av-ll3mngxy-e393a0b3bce92c488ac3043db6d52eaf '   itemscope=\"itemscope\" itemtype=\"https:\/\/schema.org\/CreativeWork\" ><div class='avia_textblock'  itemprop=\"text\" ><p>La diarrh\u00e9e est une condition pr\u00e9valente caract\u00e9ris\u00e9e par le passage fr\u00e9quent de selles molles ou liquides. Elle peut survenir de mani\u00e8re ind\u00e9pendante ou accompagn\u00e9e d&rsquo;autres sympt\u00f4mes tels que des naus\u00e9es, des vomissements, des douleurs abdominales ou une perte de poids. La diarrh\u00e9e aigu\u00eb dispara\u00eet en quelques semaines et devient chronique lorsqu&rsquo;elle dure plus de 3 \u00e0 4 semaines. Si aucune cause sp\u00e9cifique n&rsquo;est trouv\u00e9e apr\u00e8s une enqu\u00eate approfondie et que certains crit\u00e8res sont remplis, un diagnostic de diarrh\u00e9e fonctionnelle ou chronique peut \u00eatre envisag\u00e9.<\/p>\n<\/div><\/section><\/p><\/div><div  class='flex_column av-odeu9e-1af2c6b1ea3ecce6454987834f5d3f60 av_one_full  avia-builder-el-11  el_after_av_one_full  el_before_av_hr  first flex_column_div  column-top-margin'     ><p>\n<style type=\"text\/css\" data-created_by=\"avia_inline_auto\" id=\"style-css-av-ll3mnsx7-0f475c8878ac01d7f2c7c2add8965bed\">\n#top .av-special-heading.av-ll3mnsx7-0f475c8878ac01d7f2c7c2add8965bed{\npadding-bottom:10px;\n}\nbody .av-special-heading.av-ll3mnsx7-0f475c8878ac01d7f2c7c2add8965bed .av-special-heading-tag .heading-char{\nfont-size:25px;\n}\n.av-special-heading.av-ll3mnsx7-0f475c8878ac01d7f2c7c2add8965bed .av-subheading{\nfont-size:15px;\n}\n<\/style>\n<div  class='av-special-heading av-ll3mnsx7-0f475c8878ac01d7f2c7c2add8965bed av-special-heading-h2 blockquote modern-quote  avia-builder-el-12  el_before_av_textblock  avia-builder-el-first '><h2 class='av-special-heading-tag '  itemprop=\"headline\"  >Syndrome de l\u2019intestin irritable (SII)<\/h2><div class=\"special-heading-border\"><div class=\"special-heading-inner-border\"><\/div><\/div><\/div><br \/>\n<section  class='av_textblock_section av-ll3moucw-012d68b4daff8778833aa2ef186ded39 '   itemscope=\"itemscope\" itemtype=\"https:\/\/schema.org\/CreativeWork\" ><div class='avia_textblock'  itemprop=\"text\" ><p>Le syndrome de l&rsquo;intestin irritable (SII) est un trouble fr\u00e9quent qui affecte l&rsquo;estomac et les intestins, \u00e9galement appel\u00e9 le tractus gastro-intestinal. Ses sympt\u00f4mes comprennent des crampes, des douleurs abdominales, des ballonnements, des gaz, ainsi que des \u00e9pisodes alternants de diarrh\u00e9e et de constipation, parfois les deux en m\u00eame temps. Le SII est une affection chronique qui n\u00e9cessite une prise en charge \u00e0 long terme pour traiter efficacement ses sympt\u00f4mes. Un nombre significatif de personnes souffrant de SII mod\u00e9r\u00e9 \u00e0 s\u00e9v\u00e8re signalent une mauvaise qualit\u00e9 de vie. Les sympt\u00f4mes du SII peuvent varier et ont tendance \u00e0 persister pendant une p\u00e9riode prolong\u00e9e. Les sympt\u00f4mes les plus courants comprennent :<\/p>\n<ul>\n<li>Douleurs abdominales, crampes ou ballonnements associ\u00e9s aux mouvements intestinaux<\/li>\n<li>Changements dans l&rsquo;apparence des selles<\/li>\n<li>Changements dans la fr\u00e9quence des mouvements intestinaux<\/li>\n<\/ul>\n<p>D&rsquo;autres sympt\u00f4mes associ\u00e9s peuvent inclure une sensation d&rsquo;\u00e9vacuation incompl\u00e8te et une augmentation de la pr\u00e9sence de gaz ou de mucus dans les selles.<\/p>\n<p>Il existe quatre types de SII. Chaque type est nomm\u00e9 en fonction de ses plaintes les plus courantes, notamment le SII pr\u00e9dominant \u00e0 la constipation (SII-C), le SII pr\u00e9dominant \u00e0 la diarrh\u00e9e (SII-D), le SII de type mixte (SII-M) et le SII non classifi\u00e9.<\/p>\n<\/div><\/section><\/p><\/div><div  class='hr av-5bf71u-0fc17794266e30ad9cc5c4260e9df573 hr-default  avia-builder-el-14  el_after_av_one_full  el_before_av_one_full '><span class='hr-inner '><span class=\"hr-inner-style\"><\/span><\/span><\/div><\/p>\n<div  class='flex_column av-16qxkia-ddb7daef80a5c3df972f5cad8e8e623c av_one_full  avia-builder-el-15  el_after_av_hr  el_before_av_hr  first flex_column_div  '     ><style type=\"text\/css\" data-created_by=\"avia_inline_auto\" id=\"style-css-av-ll3mqg6q-be652d1d2a197a30b775dc39a62b89c8\">\n#top .av_textblock_section.av-ll3mqg6q-be652d1d2a197a30b775dc39a62b89c8 .avia_textblock{\nfont-size:13px;\n}\n<\/style>\n<section  class='av_textblock_section av-ll3mqg6q-be652d1d2a197a30b775dc39a62b89c8 '   itemscope=\"itemscope\" itemtype=\"https:\/\/schema.org\/CreativeWork\" ><div class='avia_textblock'  itemprop=\"text\" ><p>Les informations pr\u00e9sentes sur ce site ne doivent pas \u00eatre utilis\u00e9es comme un substitut aux conseils m\u00e9dicaux de votre m\u00e9decin. Discutez toujours des informations de diagnostic et de traitement, y compris les risques, avec votre m\u00e9decin. Gardez \u00e0 l\u2019esprit que tous les r\u00e9sultats de traitement et de r\u00e9sultats sont sp\u00e9cifiques au patient individuel. Les r\u00e9sultats peuvent varier.<\/p>\n<\/div><\/section><\/div><div  class='hr av-rtsaj6-d528e2842421b0c713aa5dafb313b352 hr-default  avia-builder-el-17  el_after_av_one_full  el_before_av_one_full '><span class='hr-inner '><span class=\"hr-inner-style\"><\/span><\/span><\/div><\/p>\n<div  class='flex_column av-jpilo2-80d69019b04e3fe061eaa22def74707d av_one_full  avia-builder-el-18  el_after_av_hr  avia-builder-el-last  first flex_column_div  '     ><style type=\"text\/css\" data-created_by=\"avia_inline_auto\" id=\"style-css-av-ll3msqtb-33b63a6eac43cd7ee4bdd225ddc31726\">\n#top .av_textblock_section.av-ll3msqtb-33b63a6eac43cd7ee4bdd225ddc31726 .avia_textblock{\nfont-size:12px;\ncolor:#707070;\n}\n<\/style>\n<section  class='av_textblock_section av-ll3msqtb-33b63a6eac43cd7ee4bdd225ddc31726 '   itemscope=\"itemscope\" itemtype=\"https:\/\/schema.org\/CreativeWork\" ><div class='avia_textblock av_inherit_color'  itemprop=\"text\" ><p>Aziz, I., Whitehead, W.E., Palsson, O., T\u00f6rnblom, H. &amp; Simr\u00e9n, M. (2020). Expert Review of Gastroenterology &amp; Hepatology. An approach to the diagnosis and management of Rome IV functional disorders of chronic constipation [electronic version]. Taylor &amp; Francis Group, Vol. no. 14, 1-8.<\/p>\n<p>Drossman DA., et al. (2016). Rome IV, the functional gastrointestinal disorders. Gastroenterology. Vol. 150:1262-1279.<\/p>\n<p>Keller, J., Bassotti, G., Clarke, J., et al. (2018). EXPERT CONSENCUS DOCUMENT. Advances in the diagnosis and classification of gastric and intestinal motility disorders [electronic version]. Nat Rev Gastroenterol Hepatol., Vol. 15(5), 291-308.<\/p>\n<p>Sperber, AD., et al. (2021). Worldwide Prevalence and Burden of Functional Gastrointestinal Disorders, Results of Rome Foundation Global Study. Gastroenterology. Vol. 160:99-114.<\/p>\n<\/div><\/section><\/div>\n","protected":false},"excerpt":{"rendered":"","protected":false},"author":1,"featured_media":0,"parent":0,"menu_order":0,"comment_status":"closed","ping_status":"closed","template":"","meta":{"_lmt_disableupdate":"","_lmt_disable":"","footnotes":""},"class_list":["post-15115","page","type-page","status-publish","hentry"],"_links":{"self":[{"href":"https:\/\/medifactia.com\/fr\/wp-json\/wp\/v2\/pages\/15115","targetHints":{"allow":["GET"]}}],"collection":[{"href":"https:\/\/medifactia.com\/fr\/wp-json\/wp\/v2\/pages"}],"about":[{"href":"https:\/\/medifactia.com\/fr\/wp-json\/wp\/v2\/types\/page"}],"author":[{"embeddable":true,"href":"https:\/\/medifactia.com\/fr\/wp-json\/wp\/v2\/users\/1"}],"replies":[{"embeddable":true,"href":"https:\/\/medifactia.com\/fr\/wp-json\/wp\/v2\/comments?post=15115"}],"version-history":[{"count":3,"href":"https:\/\/medifactia.com\/fr\/wp-json\/wp\/v2\/pages\/15115\/revisions"}],"predecessor-version":[{"id":15120,"href":"https:\/\/medifactia.com\/fr\/wp-json\/wp\/v2\/pages\/15115\/revisions\/15120"}],"wp:attachment":[{"href":"https:\/\/medifactia.com\/fr\/wp-json\/wp\/v2\/media?parent=15115"}],"curies":[{"name":"wp","href":"https:\/\/api.w.org\/{rel}","templated":true}]}}