{"id":15006,"date":"2023-04-19T20:07:32","date_gmt":"2023-04-19T18:07:32","guid":{"rendered":"https:\/\/medifactia.com\/fr\/?page_id=15006"},"modified":"2024-04-25T09:29:34","modified_gmt":"2024-04-25T07:29:34","slug":"colon-transit-study","status":"publish","type":"page","link":"https:\/\/medifactia.com\/fr\/colon-transit-study\/","title":{"rendered":"Colon Transit Study"},"content":{"rendered":"<div  class='flex_column av-d6kxvi-b19bcda247d1d0fdcdd22046a0b17602 av_one_full  avia-builder-el-0  el_before_av_one_full  avia-builder-el-first  first flex_column_div  '     ><style type=\"text\/css\" data-created_by=\"avia_inline_auto\" id=\"style-css-av-lgo08i7n-9baad944b5b66d4ac6bb23b990b37f3c\">\n.avia-image-container.av-lgo08i7n-9baad944b5b66d4ac6bb23b990b37f3c img.avia_image{\nbox-shadow:none;\n}\n.avia-image-container.av-lgo08i7n-9baad944b5b66d4ac6bb23b990b37f3c .av-image-caption-overlay-center{\ncolor:#ffffff;\n}\n<\/style>\n<div  class='avia-image-container av-lgo08i7n-9baad944b5b66d4ac6bb23b990b37f3c av-styling- avia-align-center  avia-builder-el-1  avia-builder-el-no-sibling '   itemprop=\"image\" itemscope=\"itemscope\" itemtype=\"https:\/\/schema.org\/ImageObject\" ><div class=\"avia-image-container-inner\"><div class=\"avia-image-overlay-wrap\"><img decoding=\"async\" fetchpriority=\"high\" class='wp-image-15057 avia-img-lazy-loading-not-15057 avia_image ' src=\"https:\/\/medifactia.com\/fr\/wp-content\/uploads\/sites\/15\/2023\/06\/patient-doctor-2.jpg\" alt='' title='patient-doctor-2'  height=\"1282\" width=\"1920\"  itemprop=\"thumbnailUrl\" srcset=\"https:\/\/medifactia.com\/fr\/wp-content\/uploads\/sites\/15\/2023\/06\/patient-doctor-2.jpg 1920w, https:\/\/medifactia.com\/fr\/wp-content\/uploads\/sites\/15\/2023\/06\/patient-doctor-2-300x200.jpg 300w, https:\/\/medifactia.com\/fr\/wp-content\/uploads\/sites\/15\/2023\/06\/patient-doctor-2-1030x688.jpg 1030w, https:\/\/medifactia.com\/fr\/wp-content\/uploads\/sites\/15\/2023\/06\/patient-doctor-2-768x513.jpg 768w, https:\/\/medifactia.com\/fr\/wp-content\/uploads\/sites\/15\/2023\/06\/patient-doctor-2-1536x1026.jpg 1536w, https:\/\/medifactia.com\/fr\/wp-content\/uploads\/sites\/15\/2023\/06\/patient-doctor-2-1500x1002.jpg 1500w, https:\/\/medifactia.com\/fr\/wp-content\/uploads\/sites\/15\/2023\/06\/patient-doctor-2-705x471.jpg 705w\" sizes=\"(max-width: 1920px) 100vw, 1920px\" \/><\/div><\/div><\/div><\/div>\n<div  class='flex_column av-31kwcqm-1b2d8807ebfedc549288fb5133e903f7 av_one_full  avia-builder-el-2  el_after_av_one_full  el_before_av_one_full  first flex_column_div  column-top-margin'     ><p>\n<style type=\"text\/css\" data-created_by=\"avia_inline_auto\" id=\"style-css-av-lgo08r8t-3bdd0580d9f5c699832ef96654cb78a5\">\n#top .av-special-heading.av-lgo08r8t-3bdd0580d9f5c699832ef96654cb78a5{\npadding-bottom:10px;\n}\nbody .av-special-heading.av-lgo08r8t-3bdd0580d9f5c699832ef96654cb78a5 .av-special-heading-tag .heading-char{\nfont-size:25px;\n}\n.av-special-heading.av-lgo08r8t-3bdd0580d9f5c699832ef96654cb78a5 .av-subheading{\nfont-size:15px;\n}\n<\/style>\n<div  class='av-special-heading av-lgo08r8t-3bdd0580d9f5c699832ef96654cb78a5 av-special-heading-h1 blockquote modern-quote  avia-builder-el-3  el_before_av_textblock  avia-builder-el-first '><h1 class='av-special-heading-tag '  itemprop=\"headline\"  >Qu\u2018est-ce qu\u2019un examen de transit colique avec Transit-Pellets?<\/h1><div class=\"special-heading-border\"><div class=\"special-heading-inner-border\"><\/div><\/div><\/div><br \/>\n<section  class='av_textblock_section av-lgo097fn-b07235992abc53185a4cfda43a2d8d92 '   itemscope=\"itemscope\" itemtype=\"https:\/\/schema.org\/CreativeWork\" ><div class='avia_textblock'  itemprop=\"text\" ><p>L&rsquo;examen de transit colique avec Transit-Pellets est souvent utilis\u00e9 chez les patients souffrant de constipation chronique, de diarrh\u00e9e chronique et\/ou du syndrome du c\u00f4lon irritable (IBS). Le but de cet examen est d&rsquo;\u00e9valuer les troubles de la motilit\u00e9 et la vitesse \u00e0 laquelle la nourriture\/les selles traversent le tube digestif.<\/p>\n<p>L&rsquo;examen implique d&rsquo;avaler sept capsules contenant de petites marqueurs qui peuvent \u00eatre visualis\u00e9es avec une radiographie pendant une p\u00e9riode de six jours. En suivant le mouvement des marqueurs \u00e0 travers le c\u00f4lon, le m\u00e9decin peut quantifier la gravit\u00e9 du probl\u00e8me. Le test peut \u00eatre important pour d\u00e9terminer la n\u00e9cessit\u00e9 d&rsquo;autres proc\u00e9dures d&rsquo;examen, choisir la th\u00e9rapie appropri\u00e9e et pr\u00e9dire le pronostic \u00e0 long terme<\/p>\n<p>Les capsules et les marqueurs sont emball\u00e9s de mani\u00e8re unique selon la Transit-Pellets method, une m\u00e9thode simple valid\u00e9e pour mesurer toute la gamme de transit colique, du plus rapide au plus lent.<\/p>\n<p>La consommation de Transit-Pellets est s\u00fbre et les marqueurs quitteront le corps avec les selles et peuvent \u00eatre jet\u00e9s en toute s\u00e9curit\u00e9 dans les toilettes.<\/p>\n<\/div><\/section><\/p><\/div><div  class='flex_column av-2ec3lzy-b132f467fde2519d602fb0058b259085 av_one_full  avia-builder-el-5  el_after_av_one_full  el_before_av_one_full  first flex_column_div  column-top-margin'     ><p>\n<style type=\"text\/css\" data-created_by=\"avia_inline_auto\" id=\"style-css-av-lgo09gyh-d25d33d4238369f53518ae148c1721e2\">\n#top .av-special-heading.av-lgo09gyh-d25d33d4238369f53518ae148c1721e2{\npadding-bottom:10px;\n}\nbody .av-special-heading.av-lgo09gyh-d25d33d4238369f53518ae148c1721e2 .av-special-heading-tag .heading-char{\nfont-size:25px;\n}\n.av-special-heading.av-lgo09gyh-d25d33d4238369f53518ae148c1721e2 .av-subheading{\nfont-size:15px;\n}\n<\/style>\n<div  class='av-special-heading av-lgo09gyh-d25d33d4238369f53518ae148c1721e2 av-special-heading-h2 blockquote modern-quote  avia-builder-el-6  el_before_av_textblock  avia-builder-el-first '><h2 class='av-special-heading-tag '  itemprop=\"headline\"  >Lorsque votre m\u00e9decin peut recommander un examen de transit colique avec Transit-Pellets<\/h2><div class=\"special-heading-border\"><div class=\"special-heading-inner-border\"><\/div><\/div><\/div><br \/>\n<section  class='av_textblock_section av-lgo09tpb-769733badc153887558adbfbe1611191 '   itemscope=\"itemscope\" itemtype=\"https:\/\/schema.org\/CreativeWork\" ><div class='avia_textblock'  itemprop=\"text\" ><p>En g\u00e9n\u00e9ral, la prise en charge initiale de la constipation consiste souvent \u00e0 apporter des changements alimentaires et de style de vie, ainsi qu&rsquo;\u00e0 essayer des laxatifs en vente libre tels que des agents de remplissage et des glucides non absorbables. Si ces m\u00e9thodes s&rsquo;av\u00e8rent inefficaces, une \u00e9tude de transit colique \u00e0 l&rsquo;aide de capsules Transit-Pellets peut \u00eatre r\u00e9alis\u00e9e. Certains prestataires de soins de sant\u00e9 peuvent \u00e9galement essayer d&rsquo;autres options de traitement, telles que des laxatifs salins ou des m\u00e9dicaments stimulant la motilit\u00e9, avant de recommander une \u00e9tude de transit colique.<\/p>\n<\/div><\/section><\/p><\/div><\/p>\n<div  class='flex_column av-1x2ahsu-217896d9ca41d98e42969dc024481469 av_one_full  avia-builder-el-8  el_after_av_one_full  el_before_av_hr  first flex_column_div  column-top-margin'     ><p>\n<style type=\"text\/css\" data-created_by=\"avia_inline_auto\" id=\"style-css-av-lgo0a1bu-f86d868f16924c3cdead11f2978886a8\">\n#top .av-special-heading.av-lgo0a1bu-f86d868f16924c3cdead11f2978886a8{\npadding-bottom:10px;\n}\nbody .av-special-heading.av-lgo0a1bu-f86d868f16924c3cdead11f2978886a8 .av-special-heading-tag .heading-char{\nfont-size:25px;\n}\n.av-special-heading.av-lgo0a1bu-f86d868f16924c3cdead11f2978886a8 .av-subheading{\nfont-size:15px;\n}\n<\/style>\n<div  class='av-special-heading av-lgo0a1bu-f86d868f16924c3cdead11f2978886a8 av-special-heading-h2 blockquote modern-quote  avia-builder-el-9  el_before_av_textblock  avia-builder-el-first '><h2 class='av-special-heading-tag '  itemprop=\"headline\"  >Br\u00e8ve histoire<\/h2><div class=\"special-heading-border\"><div class=\"special-heading-inner-border\"><\/div><\/div><\/div><br \/>\n<section  class='av_textblock_section av-lgo0ab3a-7772925746851e608553829e4415ad15 '   itemscope=\"itemscope\" itemtype=\"https:\/\/schema.org\/CreativeWork\" ><div class='avia_textblock'  itemprop=\"text\" ><p>L&rsquo;utilisation de marqueurs radio-opaques ing\u00e9r\u00e9s pour \u00e9valuer le transit colique a \u00e9t\u00e9 largement accept\u00e9e depuis sa premi\u00e8re description par Hinton en 1969. Le test est parfois appel\u00e9 \u201cHintons Method\u201d, mais il est \u00e9galement connu sous le nom de test de Colon Transit-Pellets test, Colonic Transit Markers Study, Radio-Opaque Markers Test, ROM Test ou Bowel Motility Test. Mesurer le temps de transit colique avec des marqueurs radio-opaques est actuellement consid\u00e9r\u00e9 comme la m\u00e9thode la plus fiable et la plus s\u00fbre pour \u00e9valuer les troubles gastro-intestinaux chez les adultes et les enfants.<\/p>\n<\/div><\/section><\/p><\/div><div  class='hr av-1heakfy-8838559b96a96c3984b8c299b2fdb181 hr-default  avia-builder-el-11  el_after_av_one_full  el_before_av_one_full '><span class='hr-inner '><span class=\"hr-inner-style\"><\/span><\/span><\/div><\/p>\n<div  class='flex_column av-4s0g8u-625b1441122f1a02501aa2fadd112a93 av_one_full  avia-builder-el-12  el_after_av_hr  el_before_av_hr  first flex_column_div  '     ><style type=\"text\/css\" data-created_by=\"avia_inline_auto\" id=\"style-css-av-lgo0alnc-930758cb2c2c0244f9a0ec6ab5e27ece\">\n#top .av_textblock_section.av-lgo0alnc-930758cb2c2c0244f9a0ec6ab5e27ece .avia_textblock{\nfont-size:13px;\n}\n<\/style>\n<section  class='av_textblock_section av-lgo0alnc-930758cb2c2c0244f9a0ec6ab5e27ece '   itemscope=\"itemscope\" itemtype=\"https:\/\/schema.org\/CreativeWork\" ><div class='avia_textblock'  itemprop=\"text\" ><p>Les informations pr\u00e9sentes sur ce site ne doivent pas \u00eatre utilis\u00e9es comme un substitut aux conseils m\u00e9dicaux de votre m\u00e9decin. Discutez toujours des informations de diagnostic et de traitement, y compris les risques, avec votre m\u00e9decin. Gardez \u00e0 l&rsquo;esprit que tous les r\u00e9sultats de traitement et de r\u00e9sultats sont sp\u00e9cifiques au patient individuel. Les r\u00e9sultats peuvent varier.<\/p>\n<\/div><\/section><\/div>\n<div  class='hr av-kqo1by-fbcf440517a8520940d330fbdb1d5365 hr-default  avia-builder-el-14  el_after_av_one_full  avia-builder-el-last '><span class='hr-inner '><span class=\"hr-inner-style\"><\/span><\/span><\/div>\n","protected":false},"excerpt":{"rendered":"","protected":false},"author":1,"featured_media":0,"parent":0,"menu_order":0,"comment_status":"closed","ping_status":"closed","template":"","meta":{"_lmt_disableupdate":"","_lmt_disable":"","footnotes":""},"class_list":["post-15006","page","type-page","status-publish","hentry"],"_links":{"self":[{"href":"https:\/\/medifactia.com\/fr\/wp-json\/wp\/v2\/pages\/15006","targetHints":{"allow":["GET"]}}],"collection":[{"href":"https:\/\/medifactia.com\/fr\/wp-json\/wp\/v2\/pages"}],"about":[{"href":"https:\/\/medifactia.com\/fr\/wp-json\/wp\/v2\/types\/page"}],"author":[{"embeddable":true,"href":"https:\/\/medifactia.com\/fr\/wp-json\/wp\/v2\/users\/1"}],"replies":[{"embeddable":true,"href":"https:\/\/medifactia.com\/fr\/wp-json\/wp\/v2\/comments?post=15006"}],"version-history":[{"count":4,"href":"https:\/\/medifactia.com\/fr\/wp-json\/wp\/v2\/pages\/15006\/revisions"}],"predecessor-version":[{"id":15171,"href":"https:\/\/medifactia.com\/fr\/wp-json\/wp\/v2\/pages\/15006\/revisions\/15171"}],"wp:attachment":[{"href":"https:\/\/medifactia.com\/fr\/wp-json\/wp\/v2\/media?parent=15006"}],"curies":[{"name":"wp","href":"https:\/\/api.w.org\/{rel}","templated":true}]}}