{"id":15109,"date":"2023-08-09T12:06:20","date_gmt":"2023-08-09T10:06:20","guid":{"rendered":"https:\/\/medifactia.com\/fi\/gastrointestinal-disorders\/"},"modified":"2023-09-12T10:20:09","modified_gmt":"2023-09-12T08:20:09","slug":"gastrointestinal-disorders","status":"publish","type":"page","link":"https:\/\/medifactia.com\/fi\/gastrointestinal-disorders\/","title":{"rendered":"Gastrointestinal Disorders"},"content":{"rendered":"<div  class='flex_column av-vcawky-18c8b3091d7005a1ca2a1950ce3b99ce av_one_full  avia-builder-el-0  el_before_av_one_full  avia-builder-el-first  first flex_column_div  '     ><style type=\"text\/css\" data-created_by=\"avia_inline_auto\" id=\"style-css-av-ll3mun2f-1ad3307a97f9fed1709524694a3a4431\">\n.avia-image-container.av-ll3mun2f-1ad3307a97f9fed1709524694a3a4431 img.avia_image{\nbox-shadow:none;\n}\n.avia-image-container.av-ll3mun2f-1ad3307a97f9fed1709524694a3a4431 .av-image-caption-overlay-center{\ncolor:#ffffff;\n}\n<\/style>\n<div  class='avia-image-container av-ll3mun2f-1ad3307a97f9fed1709524694a3a4431 av-styling- avia-align-center  avia-builder-el-1  avia-builder-el-no-sibling '   itemprop=\"image\" itemscope=\"itemscope\" itemtype=\"https:\/\/schema.org\/ImageObject\" ><div class=\"avia-image-container-inner\"><div class=\"avia-image-overlay-wrap\"><img decoding=\"async\" fetchpriority=\"high\" class='wp-image- avia-img-lazy-loading-not- avia_image ' src=\"https:\/\/medifactia.com\/wp-content\/uploads\/2023\/08\/Man_Toilet-scaled.jpg\" alt='' title=''   itemprop=\"thumbnailUrl\"  \/><\/div><\/div><\/div><\/div>\n<div  class='flex_column av-w7sqhe-d5fa4e22da3a538d13f5d1a26f7242b8 av_one_full  avia-builder-el-2  el_after_av_one_full  el_before_av_one_full  first flex_column_div  column-top-margin'     ><p>\n<style type=\"text\/css\" data-created_by=\"avia_inline_auto\" id=\"style-css-av-ll3mj5e5-d168bd083237ea645c27915570a7fd15\">\n#top .av-special-heading.av-ll3mj5e5-d168bd083237ea645c27915570a7fd15{\npadding-bottom:10px;\n}\nbody .av-special-heading.av-ll3mj5e5-d168bd083237ea645c27915570a7fd15 .av-special-heading-tag .heading-char{\nfont-size:25px;\n}\n.av-special-heading.av-ll3mj5e5-d168bd083237ea645c27915570a7fd15 .av-subheading{\nfont-size:15px;\n}\n<\/style>\n<div  class='av-special-heading av-ll3mj5e5-d168bd083237ea645c27915570a7fd15 av-special-heading-h1 blockquote modern-quote  avia-builder-el-3  el_before_av_textblock  avia-builder-el-first '><h1 class='av-special-heading-tag '  itemprop=\"headline\"  >Ruoansulatuskanavan toiminnallisten h\u00e4iri\u00f6iden (FGID)<\/h1><div class=\"special-heading-border\"><div class=\"special-heading-inner-border\"><\/div><\/div><\/div><br \/>\n<section  class='av_textblock_section av-ll3mjwks-09a5b05a5d63f4e17acda3f0982bb6b5 '   itemscope=\"itemscope\" itemtype=\"https:\/\/schema.org\/CreativeWork\" ><div class='avia_textblock'  itemprop=\"text\" ><p>Ruoansulatuskanavan toiminnalliset h\u00e4iri\u00f6t ovat luonteenomaisia kroonisille (pitk\u00e4aikaisille) ruoansulatuskanavan oireille, jotka johtuvat ruoansulatusj\u00e4rjestelm\u00e4n toiminnasta tai toimintah\u00e4iri\u00f6st\u00e4.<\/p>\n<p>Ruoansulatuskanavan toiminnalliset h\u00e4iri\u00f6t ja liikkuvuush\u00e4iri\u00f6t ovat yleisimpi\u00e4 ruoansulatuskanavan ongelmia yleisv\u00e4est\u00f6ss\u00e4. Arvioidaan, ett\u00e4 noin nelj\u00e4sosalla tai jopa useammalla yksil\u00f6ll\u00e4 saattaa esiinty\u00e4 n\u00e4it\u00e4 ongelmia. N\u00e4m\u00e4 tilat muodostavat noin 40% niist\u00e4 ruoansulatuskanavan ongelmista, joiden parissa l\u00e4\u00e4k\u00e4rit ja terapeutit auttavat potilaita.<\/p>\n<p>Yleens\u00e4 termi \u201dtoiminnallinen\u201d kuvaa h\u00e4iri\u00f6it\u00e4, joissa suoliston liikkeiden normaali toiminta, suoliston hermojen herkkyys tai aivojen hallinta n\u00e4iden toimintojen yli h\u00e4iriintyv\u00e4t.<\/p>\n<p>Joitakin yleisimpi\u00e4 toiminnallisia ruoansulatuskanavan h\u00e4iri\u00f6it\u00e4 ovat toiminnallinen ummetus, toiminnallinen ripuli ja \u00e4rtyv\u00e4n suolen oireyhtym\u00e4 (IBS).<\/p>\n<\/div><\/section><\/p><\/div><div  class='flex_column av-1jtmvde-84260a62ab92da9de2ba17cb9d8eef8a av_one_full  avia-builder-el-5  el_after_av_one_full  el_before_av_one_full  first flex_column_div  column-top-margin'     ><p>\n<style type=\"text\/css\" data-created_by=\"avia_inline_auto\" id=\"style-css-av-ll3ml4jh-a98971c70de45c94962046290f26b20d\">\n#top .av-special-heading.av-ll3ml4jh-a98971c70de45c94962046290f26b20d{\npadding-bottom:10px;\n}\nbody .av-special-heading.av-ll3ml4jh-a98971c70de45c94962046290f26b20d .av-special-heading-tag .heading-char{\nfont-size:25px;\n}\n.av-special-heading.av-ll3ml4jh-a98971c70de45c94962046290f26b20d .av-subheading{\nfont-size:15px;\n}\n<\/style>\n<div  class='av-special-heading av-ll3ml4jh-a98971c70de45c94962046290f26b20d av-special-heading-h2 blockquote modern-quote  avia-builder-el-6  el_before_av_textblock  avia-builder-el-first '><h2 class='av-special-heading-tag '  itemprop=\"headline\"  >Krooninen ummetus<\/h2><div class=\"special-heading-border\"><div class=\"special-heading-inner-border\"><\/div><\/div><\/div><br \/>\n<section  class='av_textblock_section av-ll3mm5zg-9d3204f66358feaa956605b5c8930f49 '   itemscope=\"itemscope\" itemtype=\"https:\/\/schema.org\/CreativeWork\" ><div class='avia_textblock'  itemprop=\"text\" ><p>Krooninen ummetus viittaa harvoihin suoliston liikkeisiin tai vaikeaan ulosteen kulkeutumiseen pitk\u00e4n ajanjakson ajan, yleens\u00e4 useita viikkoja tai enemm\u00e4n. Se tunnetaan usein siit\u00e4, ett\u00e4 suoliston liikkeit\u00e4 tapahtuu harvemmin kuin kolme kertaa viikossa. Vaikka satunnainen ummetus on yleinen ongelma sek\u00e4 aikuisilla ett\u00e4 lapsilla, jotkut yksil\u00f6t voivat k\u00e4rsi\u00e4 kroonisesta ummetuksesta, mik\u00e4 vaikuttaa merkitt\u00e4v\u00e4sti heid\u00e4n p\u00e4ivitt\u00e4iseen el\u00e4m\u00e4\u00e4ns\u00e4.<\/p>\n<p>Kroonisen ummetuksen oireita ja merkkej\u00e4 ovat:<\/p>\n<ul>\n<li>Alle kolme suoliston liikett\u00e4 viikossa<\/li>\n<li>Kokee paksuja tai kovia ulosteita<\/li>\n<li>Ponnistelu suoliston liikkeiden aikana<\/li>\n<li>Tuntuu esteest\u00e4 per\u00e4suolessa, joka vaikeuttaa suoliston liikkeit\u00e4<\/li>\n<li>Tuntuu suolen ep\u00e4t\u00e4ydellisest\u00e4 tyhjenemisest\u00e4 suoliston liikkeen j\u00e4lkeen<\/li>\n<li>Tarvitsee apua per\u00e4suolen tyhjent\u00e4misess\u00e4, mik\u00e4 voi sis\u00e4lt\u00e4\u00e4 vatsan painamista tai ulosteen manuaalista poistamista sormella<\/li>\n<\/ul>\n<p>Ummetus voidaan luokitella krooniseksi, jos olet kohdannut kaksi tai useampia n\u00e4it\u00e4 oireita jatkuvasti viimeisten kolmen kuukauden ajan. Pitk\u00e4aikainen (krooninen) tai toistuva ummetus vaatii enemm\u00e4n vaivaa diagnosoida ja hoitaa.<\/p>\n<\/div><\/section><\/p><\/div><div  class='flex_column av-10x8p8y-a287594219392dd62ffb17dd326eb404 av_one_full  avia-builder-el-8  el_after_av_one_full  el_before_av_one_full  first flex_column_div  column-top-margin'     ><p>\n<style type=\"text\/css\" data-created_by=\"avia_inline_auto\" id=\"style-css-av-ll3mmuxz-0051371555dfc6a9928f7994ee1bbbb6\">\n#top .av-special-heading.av-ll3mmuxz-0051371555dfc6a9928f7994ee1bbbb6{\npadding-bottom:10px;\n}\nbody .av-special-heading.av-ll3mmuxz-0051371555dfc6a9928f7994ee1bbbb6 .av-special-heading-tag .heading-char{\nfont-size:25px;\n}\n.av-special-heading.av-ll3mmuxz-0051371555dfc6a9928f7994ee1bbbb6 .av-subheading{\nfont-size:15px;\n}\n<\/style>\n<div  class='av-special-heading av-ll3mmuxz-0051371555dfc6a9928f7994ee1bbbb6 av-special-heading-h2 blockquote modern-quote  avia-builder-el-9  el_before_av_textblock  avia-builder-el-first '><h2 class='av-special-heading-tag '  itemprop=\"headline\"  >Krooninen ripuli<\/h2><div class=\"special-heading-border\"><div class=\"special-heading-inner-border\"><\/div><\/div><\/div><br \/>\n<section  class='av_textblock_section av-ll3mngxy-a721c813b549503bdadf87aa9a586981 '   itemscope=\"itemscope\" itemtype=\"https:\/\/schema.org\/CreativeWork\" ><div class='avia_textblock'  itemprop=\"text\" ><p>Ripuli on yleinen tila, jolle on ominaista l\u00f6ysien tai vetisten ulosteiden usein esiintyv\u00e4 poistuminen. Se voi esiinty\u00e4 itsen\u00e4isesti tai samanaikaisesti muiden oireiden, kuten pahoinvoinnin, oksentelun, vatsakivun tai painonlaskun, kanssa. Akuutti ripuli katoaa muutamassa viikossa ja muuttuu krooniseksi, kun se kest\u00e4\u00e4 yli 3\u20134 viikkoa. Jos laajamittaisen tutkimuksen j\u00e4lkeen ei l\u00f6ydet\u00e4 erityist\u00e4 syyt\u00e4 ja tietyt kriteerit t\u00e4yttyv\u00e4t, voidaan harkita toiminnallisen tai kroonisen ripulin diagnoosia.<\/p>\n<\/div><\/section><\/p><\/div><div  class='flex_column av-odeu9e-1af2c6b1ea3ecce6454987834f5d3f60 av_one_full  avia-builder-el-11  el_after_av_one_full  el_before_av_hr  first flex_column_div  column-top-margin'     ><p>\n<style type=\"text\/css\" data-created_by=\"avia_inline_auto\" id=\"style-css-av-ll3mnsx7-a8e01f89e5ce123b7db262dfe185e33c\">\n#top .av-special-heading.av-ll3mnsx7-a8e01f89e5ce123b7db262dfe185e33c{\npadding-bottom:10px;\n}\nbody .av-special-heading.av-ll3mnsx7-a8e01f89e5ce123b7db262dfe185e33c .av-special-heading-tag .heading-char{\nfont-size:25px;\n}\n.av-special-heading.av-ll3mnsx7-a8e01f89e5ce123b7db262dfe185e33c .av-subheading{\nfont-size:15px;\n}\n<\/style>\n<div  class='av-special-heading av-ll3mnsx7-a8e01f89e5ce123b7db262dfe185e33c av-special-heading-h2 blockquote modern-quote  avia-builder-el-12  el_before_av_textblock  avia-builder-el-first '><h2 class='av-special-heading-tag '  itemprop=\"headline\"  >\u00c4rtyv\u00e4n suolen oireyhtym\u00e4n (IBS)<\/h2><div class=\"special-heading-border\"><div class=\"special-heading-inner-border\"><\/div><\/div><\/div><br \/>\n<section  class='av_textblock_section av-ll3moucw-f006b17506cdf3fdefa27ebc084bed11 '   itemscope=\"itemscope\" itemtype=\"https:\/\/schema.org\/CreativeWork\" ><div class='avia_textblock'  itemprop=\"text\" ><p>\u00c4rtyv\u00e4n suolen oireyhtym\u00e4 (IBS) on yleinen sairaus, joka vaikuttaa vatsaan ja suolistoon, jota kutsutaan my\u00f6s ruoansulatuskanavaksi. Sen oireisiin kuuluvat kouristelut, vatsakipu, turvotus, ilmavaivat sek\u00e4 vuorottelevat jaksot ripulia ja ummetusta, tai joskus molempia. IBS on krooninen tila, joka vaatii pitk\u00e4aikaista hallintaa sen oireiden tehokkaaksi k\u00e4sittelemiseksi. Merkitt\u00e4v\u00e4 m\u00e4\u00e4r\u00e4 kohtalaisen tai vaikean IBS:n kanssa el\u00e4vi\u00e4 ilmoittaa huonosta el\u00e4m\u00e4nlaadusta. IBS:n oireet voivat vaihdella ja taipuvat pitk\u00e4kestoiseen esiintymiseen. Yleisimm\u00e4t oireet sis\u00e4lt\u00e4v\u00e4t:<\/p>\n<ul>\n<li>Vatsakipu, kouristelut tai turvotus, jotka liittyv\u00e4t suoliston liikkeisiin<\/li>\n<li>Muutokset suoliston liikkeiden ulkon\u00e4\u00f6ss\u00e4<\/li>\n<li>Muutokset suoliston liikkeiden tiheydess\u00e4<\/li>\n<\/ul>\n<p>Muita liittyvi\u00e4 oireita voivat olla tunne ep\u00e4t\u00e4ydellisest\u00e4 tyhjent\u00e4misest\u00e4 sek\u00e4 lis\u00e4\u00e4ntynyt kaasun tai liman esiintyminen ulosteessa.<\/p>\n<p>On nelj\u00e4 tyyppi\u00e4 IBS:lle. Jokainen tyyppi on nimetty yleisimpien oireiden perusteella, mukaan lukien ummetusvoittoinen IBS (IBS-C), ripuliavoittoinen IBS (IBS-D), sekoitustyyppinen IBS (IBS-M) ja IBS-luokittelematon.<\/p>\n<\/div><\/section><\/p><\/div><div  class='hr av-5bf71u-0fc17794266e30ad9cc5c4260e9df573 hr-default  avia-builder-el-14  el_after_av_one_full  el_before_av_one_full '><span class='hr-inner '><span class=\"hr-inner-style\"><\/span><\/span><\/div><\/p>\n<div  class='flex_column av-16qxkia-ddb7daef80a5c3df972f5cad8e8e623c av_one_full  avia-builder-el-15  el_after_av_hr  el_before_av_hr  first flex_column_div  '     ><style type=\"text\/css\" data-created_by=\"avia_inline_auto\" id=\"style-css-av-ll3mqg6q-8f918120bac479fde7502dabee2ce1c4\">\n#top .av_textblock_section.av-ll3mqg6q-8f918120bac479fde7502dabee2ce1c4 .avia_textblock{\nfont-size:13px;\n}\n<\/style>\n<section  class='av_textblock_section av-ll3mqg6q-8f918120bac479fde7502dabee2ce1c4 '   itemscope=\"itemscope\" itemtype=\"https:\/\/schema.org\/CreativeWork\" ><div class='avia_textblock'  itemprop=\"text\" ><p>T\u00e4m\u00e4n sivuston tietoja ei tule k\u00e4ytt\u00e4\u00e4 l\u00e4\u00e4k\u00e4rin antaman neuvon korvaajana. Keskustele aina l\u00e4\u00e4k\u00e4rin kanssa diagnoosiin ja hoitoon liittyvist\u00e4 tiedoista, mukaan lukien mahdolliset riskit. Muista, ett\u00e4 kaikki hoitoon ja hoitotuloksiin liittyv\u00e4t tulokset ovat yksil\u00f6llisi\u00e4 kullekin potilaalle. Tulokset voivat vaihdella.<\/p>\n<\/div><\/section><\/div><div  class='hr av-rtsaj6-d528e2842421b0c713aa5dafb313b352 hr-default  avia-builder-el-17  el_after_av_one_full  el_before_av_one_full '><span class='hr-inner '><span class=\"hr-inner-style\"><\/span><\/span><\/div><\/p>\n<div  class='flex_column av-jpilo2-80d69019b04e3fe061eaa22def74707d av_one_full  avia-builder-el-18  el_after_av_hr  avia-builder-el-last  first flex_column_div  '     ><style type=\"text\/css\" data-created_by=\"avia_inline_auto\" id=\"style-css-av-ll3msqtb-33b63a6eac43cd7ee4bdd225ddc31726\">\n#top .av_textblock_section.av-ll3msqtb-33b63a6eac43cd7ee4bdd225ddc31726 .avia_textblock{\nfont-size:12px;\ncolor:#707070;\n}\n<\/style>\n<section  class='av_textblock_section av-ll3msqtb-33b63a6eac43cd7ee4bdd225ddc31726 '   itemscope=\"itemscope\" itemtype=\"https:\/\/schema.org\/CreativeWork\" ><div class='avia_textblock av_inherit_color'  itemprop=\"text\" ><p>Aziz, I., Whitehead, W.E., Palsson, O., T\u00f6rnblom, H. &amp; Simr\u00e9n, M. (2020). Expert Review of Gastroenterology &amp; Hepatology. An approach to the diagnosis and management of Rome IV functional disorders of chronic constipation [electronic version]. Taylor &amp; Francis Group, Vol. no. 14, 1-8.<\/p>\n<p>Drossman DA., et al. (2016). Rome IV, the functional gastrointestinal disorders. Gastroenterology. Vol. 150:1262-1279.<\/p>\n<p>Keller, J., Bassotti, G., Clarke, J., et al. (2018). EXPERT CONSENCUS DOCUMENT. Advances in the diagnosis and classification of gastric and intestinal motility disorders [electronic version]. Nat Rev Gastroenterol Hepatol., Vol. 15(5), 291-308.<\/p>\n<p>Sperber, AD., et al. (2021). Worldwide Prevalence and Burden of Functional Gastrointestinal Disorders, Results of Rome Foundation Global Study. Gastroenterology. Vol. 160:99-114.<\/p>\n<\/div><\/section><\/div>\n","protected":false},"excerpt":{"rendered":"","protected":false},"author":1,"featured_media":0,"parent":0,"menu_order":0,"comment_status":"closed","ping_status":"closed","template":"","meta":{"footnotes":""},"class_list":["post-15109","page","type-page","status-publish","hentry"],"_links":{"self":[{"href":"https:\/\/medifactia.com\/fi\/wp-json\/wp\/v2\/pages\/15109","targetHints":{"allow":["GET"]}}],"collection":[{"href":"https:\/\/medifactia.com\/fi\/wp-json\/wp\/v2\/pages"}],"about":[{"href":"https:\/\/medifactia.com\/fi\/wp-json\/wp\/v2\/types\/page"}],"author":[{"embeddable":true,"href":"https:\/\/medifactia.com\/fi\/wp-json\/wp\/v2\/users\/1"}],"replies":[{"embeddable":true,"href":"https:\/\/medifactia.com\/fi\/wp-json\/wp\/v2\/comments?post=15109"}],"version-history":[{"count":3,"href":"https:\/\/medifactia.com\/fi\/wp-json\/wp\/v2\/pages\/15109\/revisions"}],"predecessor-version":[{"id":15117,"href":"https:\/\/medifactia.com\/fi\/wp-json\/wp\/v2\/pages\/15109\/revisions\/15117"}],"wp:attachment":[{"href":"https:\/\/medifactia.com\/fi\/wp-json\/wp\/v2\/media?parent=15109"}],"curies":[{"name":"wp","href":"https:\/\/api.w.org\/{rel}","templated":true}]}}