{"id":15063,"date":"2016-04-14T11:33:18","date_gmt":"2016-04-14T09:33:18","guid":{"rendered":"https:\/\/medifactia.com\/fi\/clinical-evidence\/"},"modified":"2024-01-25T08:45:36","modified_gmt":"2024-01-25T07:45:36","slug":"clinical-evidence","status":"publish","type":"page","link":"https:\/\/medifactia.com\/fi\/clinical-evidence\/","title":{"rendered":"Clinical Evidence"},"content":{"rendered":"\n<style type=\"text\/css\" data-created_by=\"avia_inline_auto\" id=\"style-css-av-s4q3qzb-d6332a508b95ed23cac4094a93b296fb\">\n.flex_column.av-s4q3qzb-d6332a508b95ed23cac4094a93b296fb{\nborder-radius:0px 0px 0px 0px;\npadding:0px 0px 0px 0px;\n}\n<\/style>\n<div  class='flex_column av-s4q3qzb-d6332a508b95ed23cac4094a93b296fb av_one_full  avia-builder-el-0  el_before_av_one_full  avia-builder-el-first  first flex_column_div av-zero-column-padding  '     ><p>\n<style type=\"text\/css\" data-created_by=\"avia_inline_auto\" id=\"style-css-av-rqs31p3-d58cae48c800cb03398d47629df4573b\">\n#top .av-special-heading.av-rqs31p3-d58cae48c800cb03398d47629df4573b{\npadding-bottom:10px;\n}\nbody .av-special-heading.av-rqs31p3-d58cae48c800cb03398d47629df4573b .av-special-heading-tag .heading-char{\nfont-size:25px;\n}\n.av-special-heading.av-rqs31p3-d58cae48c800cb03398d47629df4573b .av-subheading{\nfont-size:15px;\n}\n<\/style>\n<div  class='av-special-heading av-rqs31p3-d58cae48c800cb03398d47629df4573b av-special-heading-h1 blockquote modern-quote  avia-builder-el-1  el_before_av_textblock  avia-builder-el-first '><h1 class='av-special-heading-tag '  itemprop=\"headline\"  >Clinical Evidence<\/h1><div class=\"special-heading-border\"><div class=\"special-heading-inner-border\"><\/div><\/div><\/div><br \/>\n<section  class='av_textblock_section av-rh6y2bb-394761751faa508a0af32ddefb2b3bbc '   itemscope=\"itemscope\" itemtype=\"https:\/\/schema.org\/CreativeWork\" ><div class='avia_textblock'  itemprop=\"text\" ><p>The Transit-Pellets method, also known as the Abrahamsson method, was developed by researchers Hasse Abrahamsson and Simeon Antov at Sahlgrenska University Hospital. The original publication is referred to as number one (1) in the table below. The other key studies outlined below are numbered two (2), six (6), nine (9), and fifteen (15). In 2014, the method received its current name. See below for examples of notable publications utilizing the Transit-Pellets method.<\/p>\n<\/div><\/section><br \/>\n<div class='avia-data-table-wrap av-qxb6quv-43b8bd1d26a6b7800dbedf0433430d66 avia_responsive_table avia-table-1'><table  class='avia-table avia-data-table avia_pricing_default  avia-builder-el-3  el_after_av_textblock  el_before_av_textblock '  itemscope=\"itemscope\" itemtype=\"https:\/\/schema.org\/Table\" ><tbody><tr class=''><td class=''>1. *Abrahamsson H, Antov S, Bosaeus I. <a href=\"https:\/\/www.ncbi.nlm.nih.gov\/pubmed\/3254616\" target=\"_blank\" rel=\"noopener\">Gastrointestinal and colonic segmental transit time evaluated by a single abdominal X-ray in healthy subjects and constipated patients<\/a>. Scand J Gastroenterol 1988, 23 (suppl 152), 72-80<br \/>\n<\/td><\/tr><tr class=''><td class=''>2. *Abrahamsson H, Antov S. <a href=\"https:\/\/www.ncbi.nlm.nih.gov\/pubmed\/20584262\" target=\"_blank\" rel=\"noopener\">Accuracy in assessment of colonic transit time with particles: how many markers should be used?<\/a> Neurogastroenterol Motil. 2010;22:1164-69<\/td><\/tr><tr class=''><td class=''>3. *Bohlin J, Dahlin E, Dreja J, Roth B, Ekberg O, Ohlsson B. <a href=\"https:\/\/www.ncbi.nlm.nih.gov\/pubmed\/30364803\" target=\"_blank\" rel=\"noopener\">Longer colonic transit time is associated with laxative and drug use, lifestyle factors, and symptoms of constipation<\/a>. Acta Radiologica Open. 2018;7(10):1-9<\/td><\/tr><tr class=''><td class=''>4. *Tsimogiannis KE, Karlbom U, Lundin E, Graf W. <a href=\"https:\/\/www.ncbi.nlm.nih.gov\/pubmed\/30937526\" target=\"_blank\" rel=\"noopener\">Long-term outcome after segmental colonic resection for slow transit constipation<\/a>. Int J Colorectal Dis 2019, 34(6):1013-1019.<\/td><\/tr><tr class=''><td class=''>5. *Larsen, HM., Krogh, K., Borre, M., et al. <a href=\"https:\/\/pubmed.ncbi.nlm.nih.gov\/36347822\/\" target=\"_blank\" rel=\"noopener\">Chronic loose stools following right-sided hemicolectomy for colon cancer and the association with bile acid malabsorption and small intestinal bacterial overgrowth<\/a>. Colorectal Disease. 2023;25:600-607.<\/td><\/tr><tr class=''><td class=''>6. **Sadik R, Abrahamsson H, Stotzer PO. <a href=\"https:\/\/www.ncbi.nlm.nih.gov\/pubmed\/12608462\" target=\"_blank\" rel=\"noopener\">Gender differences in gut transit shown with a newly developed radiological procedure<\/a>. Scand J Gastroenterol 2003;38:36-42.<\/td><\/tr><tr class=''><td class=''>7. **Sadik R, Abrahamsson H, Bj\u00f6rnsson E, Gunnarsdottir A, Stotzer PO. <a href=\"https:\/\/www.ncbi.nlm.nih.gov\/pubmed\/14621277\" target=\"_blank\" rel=\"noopener\">Etiology of portal hypertension may influence gastrointestinal transit<\/a>. Scand J Gastroenterol. 2003 Oct;38(10):1039-44.<\/td><\/tr><tr class=''><td class=''>8. **Sadik R, Abrahamsson H, Kilander A, Stotzer PO. <a href=\"https:\/\/www.ncbi.nlm.nih.gov\/pubmed\/15571592\" target=\"_blank\" rel=\"noopener\">Gut transit in celiac disease: delay of small bowel transit and acceleration after dietary treatment<\/a>. Am J Gastroenterol. 2004 Dec;99(12):2429-36.<\/td><\/tr><tr class=''><td class=''>9. **Sadik R, Abrahamsson H, Ung KA, et al. <a href=\"https:\/\/www.ncbi.nlm.nih.gov\/pubmed\/15089906\" target=\"_blank\" rel=\"noopener\">Accelerated regional bowel transit and overweight shown in idiopathic bile acid malabsorption<\/a>. Am J Gastroenterol 2004;99:711-718.<\/td><\/tr><tr class=''><td class=''>10. **Sadik R, Stotzer PO, Simr\u00e9n M, Abrahamsson H. <a href=\"https:\/\/www.ncbi.nlm.nih.gov\/pubmed\/17999649\" target=\"_blank\" rel=\"noopener\">Gastrointestinal transit abnormalites are frequently detected in patients with unexplained GI symptoms at a tertiary centre<\/a>. Neurogastroenterol Motil. 2008;20:197-205.<\/td><\/tr><tr class=''><td class=''>11. **Abrahamsson H, \u00d6stlund-Lindqvist AM, Nilsson R, Simr\u00e9n M, Gillberg PG. <a href=\"https:\/\/www.ncbi.nlm.nih.gov\/pubmed\/18788050\" target=\"_blank\" rel=\"noopener\">Altered bile acid metabolism patients with constipation-predominant irritable bowel syndrome and functional constipation<\/a>. Scand J Gastroenterol. 2008;43(12):1483-8.<\/td><\/tr><tr class=''><td class=''>12. **Sadik R, Bj\u00f6rnsson E, Simr\u00e9n M. <a href=\"https:\/\/www.ncbi.nlm.nih.gov\/pubmed\/19701093\" target=\"_blank\" rel=\"noopener\">The relationship between symptoms, body mass index, gastrointestinal transit and stool frequency in patients with irritable bowel syndrome<\/a>. Eur J Gastroenterol Hepatol. 2010 Jan;22(1):102-8. <\/td><\/tr><tr class=''><td class=''>13. **Simren M, Bajor A, Gillberg PG, Rudling M, Abrahamsson H. <a href=\"https:\/\/www.ncbi.nlm.nih.gov\/pubmed\/21545606\" target=\"_blank\" rel=\"noopener\">Randomised clinical trial: The ileal bile acid transporter inhibitor A3309 vs. placebo in patients with chronic idiopathic constipation&#8211;a double-blind study<\/a>. Aliment Pharmacol Ther. 2011;34(1):41-50.<\/td><\/tr><tr class=''><td class=''>14. **Strid H, Simr\u00e9n M, St\u00f6rsrud S, Stotzer PO, Sadik R. <a href=\"https:\/\/www.ncbi.nlm.nih.gov\/pubmed\/21366388\" target=\"_blank\" rel=\"noopener\">Effect of heavy exercise on gastrointestinal transit in endurance athletes<\/a>. Scand J Gastroenterol. 2011 Jun;46(6):673-7. <\/td><\/tr><tr class=''><td class=''>15. **T\u00f6rnblom H, Van Oudenhove L, Sadik R, Abrahamsson H, Tack J, Simr\u00e9n M. <a href=\"https:\/\/www.ncbi.nlm.nih.gov\/pubmed\/22334251\" target=\"blank\" rel=\"noopener\">Colonic transit time and IBS symptoms: what&#8217;s the link?<\/a> Am J Gastroenterol. 2012 May;107(5):754-60. <\/td><\/tr><tr class=''><td class=''>16. **Lindfors P, T\u00f6rnblom H, Sadik R, Bj\u00f6rnsson ES, Abrahamsson H, Simr\u00e9n M. <a href=\"https:\/\/www.ncbi.nlm.nih.gov\/pubmed\/23094932\" target=\"_blank\" rel=\"noopener\">Effects on gastrointestinal transit and antroduodenojejunal manometry after gut-directed hypnotherapy in irritable bowel syndrome<\/a>. IBS Scand J Gastroenterol. 2012 Dec;47(12):1480-7. <\/td><\/tr><tr class=''><td class=''>17. **Stotzer, P.O., Abrahamsson, H., Bajor, A., et al. <a href=\"https:\/\/medifactia.com\/wp-content\/uploads\/2022\/04\/Stotzer-P.O.-Abrahamsson-H.-Bajor-A.-et-al-2013.pdf\" target=\"_blank\" rel=\"noopener\">Effect of Cholestyramine on Gastrointestinal Transit in Patients with Idiopathic Bile Acid Diarrhea: A Prospective, Open-Label Study<\/a>. Ashdin Publishing: Neuroenterology Vol. 2, 2013.<\/td><\/tr><tr class=''><td class=''>18. **Tucker R, Ryan S, Hayee Hussain B, Bjarnason et al. <a href=\"https:\/\/medifactia.com\/wp-content\/uploads\/2022\/04\/Tucker-et-al-2020.pdf\" target=\"_blank\" rel=\"noopener\">Distinctive Pathophysiology Underlying Constipation in Parkinson\u2019s Disease: Implications for Cognitive Inefficiency<\/a>. J. Clin. Med. 2020, 9(6), 1916: 1-14<\/td><\/tr><tr class=''><td class=''>19. **Simr\u00e9n M, T\u00f6rnblom H, Palsson OS, et al. <a href=\"https:\/\/pubmed.ncbi.nlm.nih.gov\/31022401\/\" target=\"_blank\" rel=\"noopener\">Cumulative Effects of Psychologic Distress, Visceral Hypersensitivity, and Abnormal Transit on Patient-reported Outcomes in Irritable Bowel Syndrome<\/a>. Gastroenterology. 2019;157:391-402.<\/td><\/tr><tr class=''><td class=''>20. **Algera, JP., Colomier, E., Melchior, C., et al. <a href=\"https:\/\/pubmed.ncbi.nlm.nih.gov\/36221245\/\" target=\"_blank\" rel=\"noopener\">Associations between postprandial symptoms, hydrogen and methane production, and transit time in irritable bowel syndrome. Neurogastroenterology &amp; Motility<\/a>. 2023;35:e14482:1-12.<\/td><\/tr><tr class=''><td class=''>21. **Augustin, A., Guennec, AL., Umamahesan, C., et al. Faecal metabolite deficit, gut inflammation and diet in Parkinsons disease: Integrative analysis indicates inflammatory response syndrome. Cain. Trans. Med. 2023;13:e1152:1-18.<\/td><\/tr><\/tbody><\/table><\/div><br \/>\n\n<style type=\"text\/css\" data-created_by=\"avia_inline_auto\" id=\"style-css-av-6disgfr-c0c65f2f5abf44be6775f6ed972341f7\">\n#top .av_textblock_section.av-6disgfr-c0c65f2f5abf44be6775f6ed972341f7 .avia_textblock{\nfont-size:13px;\n}\n<\/style>\n<section  class='av_textblock_section av-6disgfr-c0c65f2f5abf44be6775f6ed972341f7 '   itemscope=\"itemscope\" itemtype=\"https:\/\/schema.org\/CreativeWork\" ><div class='avia_textblock'  itemprop=\"text\" ><p><em>* Studies with the original version, last marker dose 24 hrs before X-ray.<\/em><br \/>\n<em> ** Studies with the present version, last marker dose 12 hrs before X-ray<\/em><\/p>\n<\/div><\/section><\/p><\/div>\n<style type=\"text\/css\" data-created_by=\"avia_inline_auto\" id=\"style-css-av-5rxcmpj-b05694e6390dbf38c768e786fdd6b647\">\n.flex_column.av-5rxcmpj-b05694e6390dbf38c768e786fdd6b647{\nborder-radius:0px 0px 0px 0px;\npadding:0px 0px 0px 0px;\n}\n<\/style>\n<div  class='flex_column av-5rxcmpj-b05694e6390dbf38c768e786fdd6b647 av_one_full  avia-builder-el-5  el_after_av_one_full  avia-builder-el-last  first flex_column_div av-zero-column-padding  column-top-margin'     ><p>\n<style type=\"text\/css\" data-created_by=\"avia_inline_auto\" id=\"style-css-av-5b2yn2v-fd006a7606f68216cb438b8264b462ca\">\n#top .av-special-heading.av-5b2yn2v-fd006a7606f68216cb438b8264b462ca{\npadding-bottom:10px;\n}\nbody .av-special-heading.av-5b2yn2v-fd006a7606f68216cb438b8264b462ca .av-special-heading-tag .heading-char{\nfont-size:25px;\n}\n.av-special-heading.av-5b2yn2v-fd006a7606f68216cb438b8264b462ca .av-subheading{\nfont-size:15px;\n}\n<\/style>\n<div  class='av-special-heading av-5b2yn2v-fd006a7606f68216cb438b8264b462ca av-special-heading-h2 blockquote modern-quote  avia-builder-el-6  el_before_av_textblock  avia-builder-el-first '><h2 class='av-special-heading-tag '  itemprop=\"headline\"  >Colonic Transit Studies in Children<\/h2><div class=\"special-heading-border\"><div class=\"special-heading-inner-border\"><\/div><\/div><\/div><br \/>\n<section  class='av_textblock_section av-4zd2vtj-2aed373a39980505a1f27df5d1f757a5 '   itemscope=\"itemscope\" itemtype=\"https:\/\/schema.org\/CreativeWork\" ><div class='avia_textblock'  itemprop=\"text\" ><p>The studies listed below demonstrate the significance of the Abrahamsson method, also known as the Transit-Pellets method, in measuring colonic transit time in children and adolescents. Compared to other techniques, research by Wagener et al (2004) and Vande Velde et al (2013) found that the Abrahamsson method is the preferred method for this population.<\/p>\n<\/div><\/section><br \/>\n<div class='avia-data-table-wrap av-490tsmv-0ffe093705b5b2a2fbfbd5c7f2624d54 avia_responsive_table avia-table-2'><table  class='avia-table avia-data-table avia_pricing_default  avia-builder-el-8  el_after_av_textblock  avia-builder-el-last '  itemscope=\"itemscope\" itemtype=\"https:\/\/schema.org\/Table\" ><tbody><tr class=''><td class=''>1. Wagener K.R, Shankar R.R, Turnock G.L. <a href=\"https:\/\/www.ncbi.nlm.nih.gov\/pubmed\/14966733\" target=\"_blank\" rel=\"noopener\">Colonic Transit Time \u2013 What Is Normal?<\/a> Journal of Pediatric Surgery. 2004:Vol 39, No 2, pp166-169.<\/td><\/tr><tr class=''><td class=''>2. Velde V, Notebaert V, Meersschaut N. <a href=\"https:\/\/www.ncbi.nlm.nih.gov\/pubmed\/23887805\" target=\"_blank\" rel=\"noopener\">Colon transit time in healthy children and adolescent.<\/a> Int J Colorectal Dis. 2014:28:1721-1724.<\/td><\/tr><tr class=''><td class=''>3. Rintala R.J, Marttinen K, Virkola M, Rasanen C, Baillie C, Lindahl H. <a href=\"https:\/\/www.ncbi.nlm.nih.gov\/pubmed\/9094016\" target=\"_blank\" rel=\"noopener\">Segmental Colonic Motility in Patients With Anorectal Malformations.<\/a> Journal of Pediatric Surgery. 1997: Vol 32, No 3, pp 453-456. <\/td><\/tr><tr class=''><td class=''>4. Baillie C.T, Kenny S.E, Rintala J.M, Lloyd D.A. <a href=\"https:\/\/www.ncbi.nlm.nih.gov\/pubmed\/10052815\" target=\"_blank\" rel=\"noopener\">Long-Term Outcome and Colonic Motility After the Duhamel Procedure for Hirschsprung\u2019s Disease.<\/a> Journal of Pediatric Surgery. 1999:Vol 34, No2, pp325-329.<\/td><\/tr><\/tbody><\/table><\/div><\/p><\/div><\/p>\n","protected":false},"excerpt":{"rendered":"","protected":false},"author":1,"featured_media":0,"parent":0,"menu_order":0,"comment_status":"closed","ping_status":"closed","template":"","meta":{"footnotes":""},"class_list":["post-15063","page","type-page","status-publish","hentry"],"_links":{"self":[{"href":"https:\/\/medifactia.com\/fi\/wp-json\/wp\/v2\/pages\/15063","targetHints":{"allow":["GET"]}}],"collection":[{"href":"https:\/\/medifactia.com\/fi\/wp-json\/wp\/v2\/pages"}],"about":[{"href":"https:\/\/medifactia.com\/fi\/wp-json\/wp\/v2\/types\/page"}],"author":[{"embeddable":true,"href":"https:\/\/medifactia.com\/fi\/wp-json\/wp\/v2\/users\/1"}],"replies":[{"embeddable":true,"href":"https:\/\/medifactia.com\/fi\/wp-json\/wp\/v2\/comments?post=15063"}],"version-history":[{"count":5,"href":"https:\/\/medifactia.com\/fi\/wp-json\/wp\/v2\/pages\/15063\/revisions"}],"predecessor-version":[{"id":15149,"href":"https:\/\/medifactia.com\/fi\/wp-json\/wp\/v2\/pages\/15063\/revisions\/15149"}],"wp:attachment":[{"href":"https:\/\/medifactia.com\/fi\/wp-json\/wp\/v2\/media?parent=15063"}],"curies":[{"name":"wp","href":"https:\/\/api.w.org\/{rel}","templated":true}]}}