{"id":15009,"date":"2023-04-20T08:09:30","date_gmt":"2023-04-20T06:09:30","guid":{"rendered":"https:\/\/medifactia.com\/fi\/?page_id=15009"},"modified":"2026-02-11T13:27:01","modified_gmt":"2026-02-11T12:27:01","slug":"instructions","status":"publish","type":"page","link":"https:\/\/medifactia.com\/fi\/instructions\/","title":{"rendered":"Instructions"},"content":{"rendered":"<div  class='flex_column av-c3367gh-5130e939496d6b6133098a76d9342f30 av_one_full  avia-builder-el-0  el_before_av_one_full  avia-builder-el-first  first flex_column_div  '     ><div  class='avia-video av-buuhwpt-c70333fb902253b9c29f134cd5a0cbe2 avia-video-16-9 av-no-preview-image avia-video-load-always av-lazyload-immediate av-lazyload-video-embed'  itemprop=\"video\" itemtype=\"https:\/\/schema.org\/VideoObject\"  data-original_url='https:\/\/vimeo.com\/796097857'><script type='text\/html' class='av-video-tmpl'><div class='avia-iframe-wrap'><iframe loading=\"lazy\" title=\"Medifactia video 1 2023 ENG.mp4\" src=\"https:\/\/player.vimeo.com\/video\/796097857?h=911af83fab&amp;dnt=1&amp;app_id=122963&autoplay=0&loop=0&controls=1&muted=0\" width=\"1500\" height=\"844\" frameborder=\"0\" allow=\"autoplay; fullscreen; picture-in-picture\" allowfullscreen><\/iframe><\/div><\/script><div class='av-click-to-play-overlay'><div class=\"avia_playpause_icon\"><\/div><\/div><\/div><\/div>\n<div  class='flex_column av-b2zespt-4f77cd2917e21656fb1f0d78d637d1ed av_one_full  avia-builder-el-2  el_after_av_one_full  el_before_av_one_full  first flex_column_div  column-top-margin'     ><p>\n<style type=\"text\/css\" data-created_by=\"avia_inline_auto\" id=\"style-css-av-lgoq0594-2cb62ac1565ba1691dd5bc1f81b7797f\">\n#top .av-special-heading.av-lgoq0594-2cb62ac1565ba1691dd5bc1f81b7797f{\npadding-bottom:10px;\n}\nbody .av-special-heading.av-lgoq0594-2cb62ac1565ba1691dd5bc1f81b7797f .av-special-heading-tag .heading-char{\nfont-size:25px;\n}\n.av-special-heading.av-lgoq0594-2cb62ac1565ba1691dd5bc1f81b7797f .av-subheading{\nfont-size:15px;\n}\n<\/style>\n<div  class='av-special-heading av-lgoq0594-2cb62ac1565ba1691dd5bc1f81b7797f av-special-heading-h1 blockquote modern-quote  avia-builder-el-3  el_before_av_textblock  avia-builder-el-first '><h1 class='av-special-heading-tag '  itemprop=\"headline\"  >Transit-Pellet m\u00e4\u00e4r\u00e4t\u00e4\u00e4n l\u00e4\u00e4k\u00e4rin toimesta k\u00e4ytett\u00e4v\u00e4ksi kotona.<\/h1><div class=\"special-heading-border\"><div class=\"special-heading-inner-border\"><\/div><\/div><\/div><br \/>\n<section  class='av_textblock_section av-lgoq0q5c-d61154cd569212e7eafe8bf8f7e82584 '   itemscope=\"itemscope\" itemtype=\"https:\/\/schema.org\/CreativeWork\" ><div class='avia_textblock'  itemprop=\"text\" ><p>Kuuden per\u00e4kk\u00e4isen p\u00e4iv\u00e4n ajan niell\u00e4\u00e4n Transit-Pellets-markkereita, jotka ovat seitsem\u00e4n HPMC-kapselin sis\u00e4ll\u00e4, ja seitsem\u00e4nten\u00e4 p\u00e4iv\u00e4n\u00e4 tehd\u00e4\u00e4n vatsan r\u00f6ntgentutkimus.<\/p>\n<p>Transit-Pelletsin oikean ja turvallisen k\u00e4yt\u00f6n varmistamiseksi on t\u00e4rke\u00e4\u00e4 lukea Transit-Pelletsin k\u00e4ytt\u00f6ohje huolellisesti ennen k\u00e4yt\u00f6n aloittamista. Voit ladata sen suoraan t\u00e4m\u00e4n <a href=\"https:\/\/medifactia.com\/wp-content\/uploads\/2026\/02\/0074-IFU-International-ver05.pdf\" target=\"_blank\" rel=\"noopener\">LINKIN<\/a> kautta. Huomaa, ett\u00e4 k\u00e4ytt\u00f6ohjetta voidaan muuttaa. Viimeisin versio on aina saatavilla t\u00e4ll\u00e4 sivulla.<\/p>\n<\/div><\/section><\/p><\/div><div  class='flex_column av-13g3foh-9599effacdd5a694246a6c063c40a4ae av_one_full  avia-builder-el-5  el_after_av_one_full  el_before_av_hr  first flex_column_div  column-top-margin'     ><p>\n<style type=\"text\/css\" data-created_by=\"avia_inline_auto\" id=\"style-css-av-lgoq0z6d-89dea66c4127787a2fcc5d176643cbe1\">\n#top .av-special-heading.av-lgoq0z6d-89dea66c4127787a2fcc5d176643cbe1{\npadding-bottom:10px;\n}\nbody .av-special-heading.av-lgoq0z6d-89dea66c4127787a2fcc5d176643cbe1 .av-special-heading-tag .heading-char{\nfont-size:25px;\n}\n.av-special-heading.av-lgoq0z6d-89dea66c4127787a2fcc5d176643cbe1 .av-subheading{\nfont-size:15px;\n}\n<\/style>\n<div  class='av-special-heading av-lgoq0z6d-89dea66c4127787a2fcc5d176643cbe1 av-special-heading-h2 blockquote modern-quote  avia-builder-el-6  el_before_av_textblock  avia-builder-el-first '><h2 class='av-special-heading-tag '  itemprop=\"headline\"  >Varmista tarkat tulokset: Noudata m\u00e4\u00e4r\u00e4ttyj\u00e4 ohjeita.<\/h2><div class=\"special-heading-border\"><div class=\"special-heading-inner-border\"><\/div><\/div><\/div><br \/>\n<section  class='av_textblock_section av-lgoq1enj-3b2445b1181cc74aa154257c1cc99925 '   itemscope=\"itemscope\" itemtype=\"https:\/\/schema.org\/CreativeWork\" ><div class='avia_textblock'  itemprop=\"text\" ><p><img decoding=\"async\" class=\"alignright size-full wp-image-15198\" style=\"margin-left: 25px; margin-bottom: 30px;\" src=\"https:\/\/medifactia.com\/us\/wp-content\/uploads\/sites\/2\/2023\/02\/Transit-Pellets-Blister-gray.png\" alt=\"\" width=\"120\" \/>On t\u00e4rke\u00e4\u00e4 noudattaa l\u00e4\u00e4k\u00e4rin m\u00e4\u00e4r\u00e4\u00e4mi\u00e4 ohjeita, jotta saadaan tarkat tulokset tutkimuksesta. Niele yksi Transit-Pellets-kapseli p\u00e4ivitt\u00e4in p\u00e4iv\u00e4st\u00e4 yksi p\u00e4iv\u00e4\u00e4n viisi. P\u00e4iv\u00e4n\u00e4 kuusi sinun tulee niell\u00e4 kapseli aamulla, merkitty \u201d6:1\u201d, ja kapseli illalla, merkitty \u201d6:2\u201d.<\/p>\n<p>Jotta mittaus olisi tarkka, on t\u00e4rke\u00e4\u00e4 varata r\u00f6ntgentutkimus oikeaan aikaan suhteessa p\u00e4iv\u00e4n kuudennen p\u00e4iv\u00e4n viimeiseen kapseliin, joka on merkitty \u201d6:2\u201d. T\u00e4m\u00e4 tarkoittaa, ett\u00e4 r\u00f6ntgentutkimus on varattava noin 12 tuntia sen j\u00e4lkeen, kun viimeinen annos otettiin illalla p\u00e4iv\u00e4n kuuden p\u00e4\u00e4tteeksi. Taulukko alla voi olla hy\u00f6dyllinen viite.<\/p>\n<\/div><\/section><br \/>\n<div class='avia-data-table-wrap av-afygz5t-6fd52d324401238cdb749c91beb2bb5c avia_responsive_table avia-table-1'><table  class='avia-table avia-data-table avia_pricing_default  avia-builder-el-8  el_after_av_textblock  avia-builder-el-last '  itemscope=\"itemscope\" itemtype=\"https:\/\/schema.org\/Table\" ><tbody><tr class='avia-heading-row'><th class=''>P\u00e4iv\u00e4 1 (Nele kapseli 1)<\/th><th class=''>P\u00e4iv\u00e4 7 (r\u00f6ntgenkuva)<\/th><\/tr><tr class=''><td class=''>Tiistai<\/td><td class=''>Maanantai<\/td><\/tr><tr class=''><td class=''>Keskiviikko<\/td><td class=''>Tiistai<\/td><\/tr><tr class=''><td class=''>Torstai<\/td><td class=''>Keskiviikko<\/td><\/tr><tr class=''><td class=''>Perjantai<\/td><td class=''>Torstai<\/td><\/tr><tr class=''><td class=''>Lauantai<\/td><td class=''>Perjantai<\/td><\/tr><\/tbody><\/table><\/div><style type='text\/css'>.avia-table-1 td:nth-of-type(1):before { content: 'P\u00e4iv\u00e4 1 (Nele kapseli 1)'; } .avia-table-1 td:nth-of-type(2):before { content: 'P\u00e4iv\u00e4 7 (r\u00f6ntgenkuva)'; } <\/style><\/p><\/div><\/p>\n<div  class='hr av-1k54iv5-91b91b28d911a4972bd8f27be306459e hr-default  avia-builder-el-9  el_after_av_one_full  el_before_av_one_full '><span class='hr-inner '><span class=\"hr-inner-style\"><\/span><\/span><\/div>\n<div  class='flex_column av-12rv3cx-1942370cc12a6334a7560f400ac8eff0 av_one_full  avia-builder-el-10  el_after_av_hr  el_before_av_hr  first flex_column_div  '     ><style type=\"text\/css\" data-created_by=\"avia_inline_auto\" id=\"style-css-av-lgoq326n-a0a8426f9d0dee1e3201021e79720a3f\">\n#top .av_textblock_section.av-lgoq326n-a0a8426f9d0dee1e3201021e79720a3f .avia_textblock{\nfont-size:13px;\n}\n<\/style>\n<section  class='av_textblock_section av-lgoq326n-a0a8426f9d0dee1e3201021e79720a3f '   itemscope=\"itemscope\" itemtype=\"https:\/\/schema.org\/CreativeWork\" ><div class='avia_textblock'  itemprop=\"text\" ><p>T\u00e4m\u00e4n sivuston tietoja ei tule k\u00e4ytt\u00e4\u00e4 l\u00e4\u00e4k\u00e4rin antaman neuvon korvaajana. Keskustele aina l\u00e4\u00e4k\u00e4rin kanssa diagnoosiin ja hoitoon liittyvist\u00e4 tiedoista, mukaan lukien mahdolliset riskit. Muista, ett\u00e4 kaikki hoitoon ja hoitotuloksiin liittyv\u00e4t tulokset ovat yksil\u00f6llisi\u00e4 kullekin potilaalle. Tulokset voivat vaihdella.<\/p>\n<\/div><\/section><\/div>\n<div  class='hr av-qkf1r5-aa0379a4a2f2d568da385ab70f60ccfa hr-default  avia-builder-el-12  el_after_av_one_full  avia-builder-el-last '><span class='hr-inner '><span class=\"hr-inner-style\"><\/span><\/span><\/div>\n","protected":false},"excerpt":{"rendered":"","protected":false},"author":1,"featured_media":0,"parent":0,"menu_order":0,"comment_status":"closed","ping_status":"closed","template":"","meta":{"footnotes":""},"class_list":["post-15009","page","type-page","status-publish","hentry"],"_links":{"self":[{"href":"https:\/\/medifactia.com\/fi\/wp-json\/wp\/v2\/pages\/15009","targetHints":{"allow":["GET"]}}],"collection":[{"href":"https:\/\/medifactia.com\/fi\/wp-json\/wp\/v2\/pages"}],"about":[{"href":"https:\/\/medifactia.com\/fi\/wp-json\/wp\/v2\/types\/page"}],"author":[{"embeddable":true,"href":"https:\/\/medifactia.com\/fi\/wp-json\/wp\/v2\/users\/1"}],"replies":[{"embeddable":true,"href":"https:\/\/medifactia.com\/fi\/wp-json\/wp\/v2\/comments?post=15009"}],"version-history":[{"count":3,"href":"https:\/\/medifactia.com\/fi\/wp-json\/wp\/v2\/pages\/15009\/revisions"}],"predecessor-version":[{"id":15183,"href":"https:\/\/medifactia.com\/fi\/wp-json\/wp\/v2\/pages\/15009\/revisions\/15183"}],"wp:attachment":[{"href":"https:\/\/medifactia.com\/fi\/wp-json\/wp\/v2\/media?parent=15009"}],"curies":[{"name":"wp","href":"https:\/\/api.w.org\/{rel}","templated":true}]}}