{"id":15006,"date":"2023-04-20T08:06:03","date_gmt":"2023-04-20T06:06:03","guid":{"rendered":"https:\/\/medifactia.com\/fi\/?page_id=15006"},"modified":"2026-02-11T08:39:49","modified_gmt":"2026-02-11T07:39:49","slug":"color-transit-markers","status":"publish","type":"page","link":"https:\/\/medifactia.com\/fi\/color-transit-markers\/","title":{"rendered":"Color Transit Markers"},"content":{"rendered":"<div  class='flex_column av-4sm60ym-2fc516a5ab192c0ccf376360633d605c av_one_full  avia-builder-el-0  el_before_av_one_full  avia-builder-el-first  first flex_column_div  '     ><style type=\"text\/css\" data-created_by=\"avia_inline_auto\" id=\"style-css-av-lgopvwpc-fc2fa8f27a55bb688b6444c6e158873c\">\n.avia-image-container.av-lgopvwpc-fc2fa8f27a55bb688b6444c6e158873c img.avia_image{\nbox-shadow:none;\n}\n.avia-image-container.av-lgopvwpc-fc2fa8f27a55bb688b6444c6e158873c .av-image-caption-overlay-center{\ncolor:#ffffff;\n}\n<\/style>\n<div  class='avia-image-container av-lgopvwpc-fc2fa8f27a55bb688b6444c6e158873c av-styling- avia-align-center  avia-builder-el-1  avia-builder-el-no-sibling '   itemprop=\"image\" itemscope=\"itemscope\" itemtype=\"https:\/\/schema.org\/ImageObject\" ><div class=\"avia-image-container-inner\"><div class=\"avia-image-overlay-wrap\"><img decoding=\"async\" fetchpriority=\"high\" class='wp-image- avia-img-lazy-loading-not- avia_image ' src=\"https:\/\/medifactia.com\/us\/wp-content\/uploads\/sites\/2\/2023\/02\/medifactia-TP-Infinit.jpg\" alt='' title=''   itemprop=\"thumbnailUrl\"  \/><\/div><\/div><\/div><\/div>\n<div  class='flex_column av-4g0qan2-e42f796416e0c572052f233bc8f92b95 av_one_full  avia-builder-el-2  el_after_av_one_full  el_before_av_hr  first flex_column_div  column-top-margin'     ><p>\n<style type=\"text\/css\" data-created_by=\"avia_inline_auto\" id=\"style-css-av-lgopwa2z-35f6531594f5394e90cefe3789960427\">\n#top .av-special-heading.av-lgopwa2z-35f6531594f5394e90cefe3789960427{\npadding-bottom:10px;\n}\nbody .av-special-heading.av-lgopwa2z-35f6531594f5394e90cefe3789960427 .av-special-heading-tag .heading-char{\nfont-size:25px;\n}\n.av-special-heading.av-lgopwa2z-35f6531594f5394e90cefe3789960427 .av-subheading{\nfont-size:15px;\n}\n<\/style>\n<div  class='av-special-heading av-lgopwa2z-35f6531594f5394e90cefe3789960427 av-special-heading-h1 blockquote modern-quote  avia-builder-el-3  el_before_av_textblock  avia-builder-el-first '><h1 class='av-special-heading-tag '  itemprop=\"headline\"  >Transit-Pellets kuvaus<\/h1><div class=\"special-heading-border\"><div class=\"special-heading-inner-border\"><\/div><\/div><\/div><br \/>\n<section  class='av_textblock_section av-lgopwskt-7953de00b36fd13efa5879fc70444cfd '   itemscope=\"itemscope\" itemtype=\"https:\/\/schema.org\/CreativeWork\" ><div class='avia_textblock'  itemprop=\"text\" ><p>Transit-Pellets sis\u00e4lt\u00e4\u00e4 pieni\u00e4 r\u00f6ntgens\u00e4teit\u00e4 kest\u00e4vi\u00e4 merkkiaineita, \u201cpellets\u201d, jotka on valmistettu bariumsulfaatista (BaSO<sub>4<\/sub>) ja t\u00e4ytetty silikonilla kovan hydroksipropyylimetyyliselluloosa (HPMC) -kapselin sis\u00e4ll\u00e4. HPMC-kapselit ovat gelatiinittomia ja standardityyppisi\u00e4 l\u00e4\u00e4ketuotteissa k\u00e4ytett\u00e4vi\u00e4 kapseleita. Niiden teht\u00e4v\u00e4n\u00e4 on kuljettaa merkkiaineet vatsaan, jossa ne liukenevat. Transit-Tellets kulkevat ruoansulatuskanavan l\u00e4pi ja erittyv\u00e4t ulosteessa.<\/p>\n<p>Bariumsulfaatti on r\u00f6ntgens\u00e4teit\u00e4 kest\u00e4v\u00e4 materiaali, jota on k\u00e4ytetty mahalaukun ja suoliston r\u00f6ntgenkuvaukseen WB Cannonin pioneeriopinnoista l\u00e4htien 1890-luvulla. Termi \u201cr\u00f6ntgens\u00e4teit\u00e4 kest\u00e4v\u00e4\u201d viittaa materiaaleihin, kuten bariumsulfaattiin, jotka ovat tarpeeksi tiheit\u00e4 kest\u00e4m\u00e4\u00e4n l\u00e4pi s\u00e4teilev\u00e4n r\u00f6ntgens\u00e4teilyn ja n\u00e4kyv\u00e4t n\u00e4in ollen r\u00f6ntgenkuvassa. R\u00f6ntgens\u00e4teit\u00e4 kest\u00e4vi\u00e4 merkkiaineita, jotka sis\u00e4lt\u00e4v\u00e4t bariumsulfaattia, on k\u00e4ytetty paksusuolen kauttakulkuaikojen mittaamiseen yli 45 vuoden ajan. Silikoni on my\u00f6s laajalti k\u00e4ytetty materiaali monissa l\u00e4\u00e4ketieteellisiss\u00e4 tuotteissa.<\/p>\n<\/div><\/section><\/p><\/div>\n\n<style type=\"text\/css\" data-created_by=\"avia_inline_auto\" id=\"style-css-av-3yaq6se-6b9524c7e6f3dc287f3e02a1ef0e5588\">\n#top .hr.hr-invisible.av-3yaq6se-6b9524c7e6f3dc287f3e02a1ef0e5588{\nheight:10px;\n}\n<\/style>\n<div  class='hr av-3yaq6se-6b9524c7e6f3dc287f3e02a1ef0e5588 hr-invisible  avia-builder-el-5  el_after_av_one_full  el_before_av_three_fifth '><span class='hr-inner '><span class=\"hr-inner-style\"><\/span><\/span><\/div>\n<div  class='flex_column av-3a1bace-ae95baa34a3e83ef8c886d93db73fe10 av_three_fifth  avia-builder-el-6  el_after_av_hr  el_before_av_two_fifth  first flex_column_div  '     ><section  class='av_textblock_section av-lgopx6lf-41d0e3c22c4451bcbeec45c17a62c063 '   itemscope=\"itemscope\" itemtype=\"https:\/\/schema.org\/CreativeWork\" ><div class='avia_textblock'  itemprop=\"text\" ><p>HPMC-kapseli (koko -00-) koostuu kahdesta avoimesta sylinterist\u00e4, kapselista ja rungosta, jotka sopivat toisiinsa. Viisi kapselia sis\u00e4lt\u00e4\u00e4 kymmenen renkaan muotoista merkkiainetta, kun taas kaksi kapselia sis\u00e4lt\u00e4\u00e4 viisi putkimaisen muotoista merkkiainetta. Transit-Pellets-kapselit tulevat l\u00e4pipainopakkauksessa, joka on sijoitettu kartonkiin.<\/p>\n<p>Transit-Pelletsill\u00e4 on erilainen muoto kuudennella p\u00e4iv\u00e4ll\u00e4, jotta l\u00e4\u00e4k\u00e4ri voi n\u00e4hd\u00e4 tietyt osat paksusuolesta paremmin. Kuudennella p\u00e4iv\u00e4ll\u00e4 annos jaetaan my\u00f6s aamu- ja ilta-annokseen, ja t\u00e4m\u00e4 johtuu siit\u00e4, ett\u00e4 nopeaa paksusuolen kauttakulkua voidaan arvioida.<\/p>\n<\/div><\/section><\/div>\n\n<style type=\"text\/css\" data-created_by=\"avia_inline_auto\" id=\"style-css-av-31bqa0u-ad381988555eaaa9364cdfd383341ec9\">\n.flex_column.av-31bqa0u-ad381988555eaaa9364cdfd383341ec9{\npadding:10px 0 0 0;\n}\n<\/style>\n<div  class='flex_column av-31bqa0u-ad381988555eaaa9364cdfd383341ec9 av_two_fifth  avia-builder-el-8  el_after_av_three_fifth  el_before_av_hr  flex_column_div  '     ><style type=\"text\/css\" data-created_by=\"avia_inline_auto\" id=\"style-css-av-lgopxbs7-a0f4aa9bccc98cd32bca0587f0c7d1a6\">\n.avia-image-container.av-lgopxbs7-a0f4aa9bccc98cd32bca0587f0c7d1a6 img.avia_image{\nbox-shadow:none;\n}\n.avia-image-container.av-lgopxbs7-a0f4aa9bccc98cd32bca0587f0c7d1a6 .av-image-caption-overlay-center{\ncolor:#ffffff;\n}\n<\/style>\n<div  class='avia-image-container av-lgopxbs7-a0f4aa9bccc98cd32bca0587f0c7d1a6 av-styling- avia-align-center  avia-builder-el-9  avia-builder-el-no-sibling '   itemprop=\"image\" itemscope=\"itemscope\" itemtype=\"https:\/\/schema.org\/ImageObject\" ><div class=\"avia-image-container-inner\"><div class=\"avia-image-overlay-wrap\"><img decoding=\"async\" fetchpriority=\"high\" class='wp-image- avia-img-lazy-loading-not- avia_image ' src=\"https:\/\/medifactia.com\/us\/wp-content\/uploads\/sites\/2\/2023\/02\/kapslar-1.jpg\" alt='' title=''   itemprop=\"thumbnailUrl\"  \/><\/div><\/div><\/div><\/div>\n\n<style type=\"text\/css\" data-created_by=\"avia_inline_auto\" id=\"style-css-av-2ixo9by-bf7f3e2b0b37e297862f92ec72f479bc\">\n#top .hr.hr-invisible.av-2ixo9by-bf7f3e2b0b37e297862f92ec72f479bc{\nheight:50px;\n}\n<\/style>\n<div  class='hr av-2ixo9by-bf7f3e2b0b37e297862f92ec72f479bc hr-invisible  avia-builder-el-10  el_after_av_two_fifth  el_before_av_one_full '><span class='hr-inner '><span class=\"hr-inner-style\"><\/span><\/span><\/div>\n<div  class='flex_column av-1wsizha-578382b8dd0bc3c793f11cdf6efe3eb2 av_one_full  avia-builder-el-11  el_after_av_hr  el_before_av_hr  first flex_column_div  '     ><p>\n<style type=\"text\/css\" data-created_by=\"avia_inline_auto\" id=\"style-css-av-lgopxjoc-c070c97ae11e2c57fc03fbacaf7dbc52\">\n#top .av-special-heading.av-lgopxjoc-c070c97ae11e2c57fc03fbacaf7dbc52{\npadding-bottom:10px;\n}\nbody .av-special-heading.av-lgopxjoc-c070c97ae11e2c57fc03fbacaf7dbc52 .av-special-heading-tag .heading-char{\nfont-size:25px;\n}\n.av-special-heading.av-lgopxjoc-c070c97ae11e2c57fc03fbacaf7dbc52 .av-subheading{\nfont-size:15px;\n}\n<\/style>\n<div  class='av-special-heading av-lgopxjoc-c070c97ae11e2c57fc03fbacaf7dbc52 av-special-heading-h2 blockquote modern-quote  avia-builder-el-12  el_before_av_textblock  avia-builder-el-first '><h2 class='av-special-heading-tag '  itemprop=\"headline\"  >Transit-Pellets -k\u00e4ytt\u00f6ohje<\/h2><div class=\"special-heading-border\"><div class=\"special-heading-inner-border\"><\/div><\/div><\/div><br \/>\n<section  class='av_textblock_section av-lgopy6n6-8399841f1cee3768f60e92b6acac1bc2 '   itemscope=\"itemscope\" itemtype=\"https:\/\/schema.org\/CreativeWork\" ><div class='avia_textblock'  itemprop=\"text\" ><p>Jokainen Transit-Pellets -pakkauksessa on k\u00e4ytt\u00f6ohje, joka on saatavilla jopa 20 eri kielell\u00e4. On t\u00e4rke\u00e4\u00e4, ett\u00e4 Transit-Pelletsin k\u00e4ytt\u00e4j\u00e4 lukee t\u00e4m\u00e4n tiedon ennen tuotteen k\u00e4ytt\u00f6\u00e4. K\u00e4ytt\u00f6ohje sis\u00e4lt\u00e4\u00e4 t\u00e4rkeit\u00e4 ohjeita siit\u00e4, miten Transit-Pelletsi\u00e4 k\u00e4ytet\u00e4\u00e4n oikein. Lataa Transit-Pelletsin k\u00e4ytt\u00f6ohje t\u00e4m\u00e4n <a href=\"https:\/\/medifactia.com\/wp-content\/uploads\/2026\/02\/0074-IFU-International-ver05.pdf\" target=\"_blank\" rel=\"noopener\">LINKIN<\/a> kautta.<\/p>\n<\/div><\/section><\/p><\/div><div  class='hr av-1mf3wv2-79c183fcadd03cd4a15cf478e5e0410d hr-default  avia-builder-el-14  el_after_av_one_full  el_before_av_one_full '><span class='hr-inner '><span class=\"hr-inner-style\"><\/span><\/span><\/div><\/p>\n<div  class='flex_column av-139s8ny-86f99f9692d28a8f1e16008246f03c76 av_one_full  avia-builder-el-15  el_after_av_hr  el_before_av_hr  first flex_column_div  '     ><style type=\"text\/css\" data-created_by=\"avia_inline_auto\" id=\"style-css-av-lgopyfl1-fb8b57f4f5e1040bb90265266d4751e9\">\n#top .av_textblock_section.av-lgopyfl1-fb8b57f4f5e1040bb90265266d4751e9 .avia_textblock{\nfont-size:13px;\n}\n<\/style>\n<section  class='av_textblock_section av-lgopyfl1-fb8b57f4f5e1040bb90265266d4751e9 '   itemscope=\"itemscope\" itemtype=\"https:\/\/schema.org\/CreativeWork\" ><div class='avia_textblock'  itemprop=\"text\" ><p>T\u00e4m\u00e4n sivuston tietoja ei tule k\u00e4ytt\u00e4\u00e4 l\u00e4\u00e4k\u00e4rin antaman neuvon korvaajana. Keskustele aina l\u00e4\u00e4k\u00e4rin kanssa diagnoosiin ja hoitoon liittyvist\u00e4 tiedoista, mukaan lukien mahdolliset riskit. Muista, ett\u00e4 kaikki hoitoon ja hoitotuloksiin liittyv\u00e4t tulokset ovat yksil\u00f6llisi\u00e4 kullekin potilaalle. Tulokset voivat vaihdella.<\/p>\n<\/div><\/section><\/div>\n<div  class='hr av-so7j26-bf329a00fbee176da94c277301659a67 hr-default  avia-builder-el-17  el_after_av_one_full  avia-builder-el-last '><span class='hr-inner '><span class=\"hr-inner-style\"><\/span><\/span><\/div>\n","protected":false},"excerpt":{"rendered":"","protected":false},"author":1,"featured_media":0,"parent":0,"menu_order":0,"comment_status":"closed","ping_status":"closed","template":"","meta":{"footnotes":""},"class_list":["post-15006","page","type-page","status-publish","hentry"],"_links":{"self":[{"href":"https:\/\/medifactia.com\/fi\/wp-json\/wp\/v2\/pages\/15006","targetHints":{"allow":["GET"]}}],"collection":[{"href":"https:\/\/medifactia.com\/fi\/wp-json\/wp\/v2\/pages"}],"about":[{"href":"https:\/\/medifactia.com\/fi\/wp-json\/wp\/v2\/types\/page"}],"author":[{"embeddable":true,"href":"https:\/\/medifactia.com\/fi\/wp-json\/wp\/v2\/users\/1"}],"replies":[{"embeddable":true,"href":"https:\/\/medifactia.com\/fi\/wp-json\/wp\/v2\/comments?post=15006"}],"version-history":[{"count":3,"href":"https:\/\/medifactia.com\/fi\/wp-json\/wp\/v2\/pages\/15006\/revisions"}],"predecessor-version":[{"id":15179,"href":"https:\/\/medifactia.com\/fi\/wp-json\/wp\/v2\/pages\/15006\/revisions\/15179"}],"wp:attachment":[{"href":"https:\/\/medifactia.com\/fi\/wp-json\/wp\/v2\/media?parent=15006"}],"curies":[{"name":"wp","href":"https:\/\/api.w.org\/{rel}","templated":true}]}}