{"id":15003,"date":"2023-04-20T08:02:55","date_gmt":"2023-04-20T06:02:55","guid":{"rendered":"https:\/\/medifactia.com\/fi\/?page_id=15003"},"modified":"2024-04-25T09:45:37","modified_gmt":"2024-04-25T07:45:37","slug":"colon-transit-study","status":"publish","type":"page","link":"https:\/\/medifactia.com\/fi\/colon-transit-study\/","title":{"rendered":"Colon Transit Study"},"content":{"rendered":"<div  class='flex_column av-3dwmpwb-7ea72a8ba7cc043cfeb635bc0aa4b1e1 av_one_full  avia-builder-el-0  el_before_av_one_full  avia-builder-el-first  first flex_column_div  '     ><style type=\"text\/css\" data-created_by=\"avia_inline_auto\" id=\"style-css-av-lgopsi29-e568732e0ba37ae5803b4e8f4904d313\">\n.avia-image-container.av-lgopsi29-e568732e0ba37ae5803b4e8f4904d313 img.avia_image{\nbox-shadow:none;\n}\n.avia-image-container.av-lgopsi29-e568732e0ba37ae5803b4e8f4904d313 .av-image-caption-overlay-center{\ncolor:#ffffff;\n}\n<\/style>\n<div  class='avia-image-container av-lgopsi29-e568732e0ba37ae5803b4e8f4904d313 av-styling- avia-align-center  avia-builder-el-1  avia-builder-el-no-sibling '   itemprop=\"image\" itemscope=\"itemscope\" itemtype=\"https:\/\/schema.org\/ImageObject\" ><div class=\"avia-image-container-inner\"><div class=\"avia-image-overlay-wrap\"><img decoding=\"async\" fetchpriority=\"high\" class='wp-image-15052 avia-img-lazy-loading-not-15052 avia_image ' src=\"https:\/\/medifactia.com\/fi\/wp-content\/uploads\/sites\/7\/2023\/06\/patient-doctor-2.jpg\" alt='' title='patient-doctor-2'  height=\"1282\" width=\"1920\"  itemprop=\"thumbnailUrl\" srcset=\"https:\/\/medifactia.com\/fi\/wp-content\/uploads\/sites\/7\/2023\/06\/patient-doctor-2.jpg 1920w, https:\/\/medifactia.com\/fi\/wp-content\/uploads\/sites\/7\/2023\/06\/patient-doctor-2-300x200.jpg 300w, https:\/\/medifactia.com\/fi\/wp-content\/uploads\/sites\/7\/2023\/06\/patient-doctor-2-1030x688.jpg 1030w, https:\/\/medifactia.com\/fi\/wp-content\/uploads\/sites\/7\/2023\/06\/patient-doctor-2-768x513.jpg 768w, https:\/\/medifactia.com\/fi\/wp-content\/uploads\/sites\/7\/2023\/06\/patient-doctor-2-1536x1026.jpg 1536w, https:\/\/medifactia.com\/fi\/wp-content\/uploads\/sites\/7\/2023\/06\/patient-doctor-2-1500x1002.jpg 1500w, https:\/\/medifactia.com\/fi\/wp-content\/uploads\/sites\/7\/2023\/06\/patient-doctor-2-705x471.jpg 705w\" sizes=\"(max-width: 1920px) 100vw, 1920px\" \/><\/div><\/div><\/div><\/div>\n<div  class='flex_column av-37e42pn-4d6ba9be52072e9332a11cc2398b59c5 av_one_full  avia-builder-el-2  el_after_av_one_full  el_before_av_one_full  first flex_column_div  column-top-margin'     ><p>\n<style type=\"text\/css\" data-created_by=\"avia_inline_auto\" id=\"style-css-av-lgopso3q-70469fc19068b91965a612a76e82f55f\">\n#top .av-special-heading.av-lgopso3q-70469fc19068b91965a612a76e82f55f{\npadding-bottom:10px;\n}\nbody .av-special-heading.av-lgopso3q-70469fc19068b91965a612a76e82f55f .av-special-heading-tag .heading-char{\nfont-size:25px;\n}\n.av-special-heading.av-lgopso3q-70469fc19068b91965a612a76e82f55f .av-subheading{\nfont-size:15px;\n}\n<\/style>\n<div  class='av-special-heading av-lgopso3q-70469fc19068b91965a612a76e82f55f av-special-heading-h1 blockquote modern-quote  avia-builder-el-3  el_before_av_textblock  avia-builder-el-first '><h1 class='av-special-heading-tag '  itemprop=\"headline\"  >Mik\u00e4 on kolontransiitti tutkimus Transit-Pellets?<\/h1><div class=\"special-heading-border\"><div class=\"special-heading-inner-border\"><\/div><\/div><\/div><br \/>\n<section  class='av_textblock_section av-lgopt2qx-ba18584210f8933a4d46288f19c1f43f '   itemscope=\"itemscope\" itemtype=\"https:\/\/schema.org\/CreativeWork\" ><div class='avia_textblock'  itemprop=\"text\" ><p>Kolontransiittitutkimus Transit-Pellets suoritetaan usein potilaille, jotka k\u00e4rsiv\u00e4t kroonisesta ummetuksesta, kroonisesta ripulista ja\/tai \u00e4rtyv\u00e4n suolen oireyhtym\u00e4st\u00e4 (IBS). T\u00e4m\u00e4n testin tarkoituksena on arvioida motiliteettih\u00e4iri\u00f6it\u00e4 ja mitata, kuinka nopeasti tai hitaasti ruoka\/uloste kulkeutuu ruoansulatuskanavan l\u00e4pi.<\/p>\n<p>Testiin kuuluu seitsem\u00e4n kapselin nieleminen kuuden p\u00e4iv\u00e4n aikana. Kapseleissa on pieni\u00e4 merkkiaineita, jotka voidaan visualisoida r\u00f6ntgenkuvissa. Seuraamalla merkkiaineiden liikett\u00e4 paksusuolen l\u00e4pi l\u00e4\u00e4k\u00e4ri voi m\u00e4\u00e4ritt\u00e4\u00e4 ongelman vakavuusasteen. Testi voi olla t\u00e4rke\u00e4, kun m\u00e4\u00e4ritet\u00e4\u00e4n tarvetta muut tutkimustoimenpiteet, valitaan asianmukaista hoitoa ja arvioidaan pitk\u00e4n aikav\u00e4lin ennustetta<\/p>\n<p>Kapselit ja markkerit on pakattu ainutlaatuisesti Transit-Pellets method, joka on validointu yksinkertainen menetelm\u00e4 koko spektrin mittaamiseksi nopeasta hitaaseen kolontransitioon.<\/p>\n<p>Merkkiaineiden nauttiminen on turvallista ja ne poistuvat kehosta ulosteen mukana ja voidaan turvallisesti huuhdella alas vessassa.<\/p>\n<\/div><\/section><\/p><\/div><div  class='flex_column av-2fws2sb-239ebc7cedb1aa8976e2169111faf505 av_one_full  avia-builder-el-5  el_after_av_one_full  el_before_av_one_full  first flex_column_div  column-top-margin'     ><p>\n<style type=\"text\/css\" data-created_by=\"avia_inline_auto\" id=\"style-css-av-lgopt9nr-f2ed9da75284f9c4afb4c7628aab6541\">\n#top .av-special-heading.av-lgopt9nr-f2ed9da75284f9c4afb4c7628aab6541{\npadding-bottom:10px;\n}\nbody .av-special-heading.av-lgopt9nr-f2ed9da75284f9c4afb4c7628aab6541 .av-special-heading-tag .heading-char{\nfont-size:25px;\n}\n.av-special-heading.av-lgopt9nr-f2ed9da75284f9c4afb4c7628aab6541 .av-subheading{\nfont-size:15px;\n}\n<\/style>\n<div  class='av-special-heading av-lgopt9nr-f2ed9da75284f9c4afb4c7628aab6541 av-special-heading-h2 blockquote modern-quote  avia-builder-el-6  el_before_av_textblock  avia-builder-el-first '><h2 class='av-special-heading-tag '  itemprop=\"headline\"  >Kun l\u00e4\u00e4k\u00e4ri voi m\u00e4\u00e4r\u00e4t\u00e4 kolontransiittitutkimuksen Transit-Pellets<\/h2><div class=\"special-heading-border\"><div class=\"special-heading-inner-border\"><\/div><\/div><\/div><br \/>\n<section  class='av_textblock_section av-lgoptlbx-b56132acb350ed5913e9fabe496e8f4c '   itemscope=\"itemscope\" itemtype=\"https:\/\/schema.org\/CreativeWork\" ><div class='avia_textblock'  itemprop=\"text\" ><p>Yleens\u00e4 ummetuksen alkuvaiheen hoitoon kuuluu usein ruokavalion ja el\u00e4m\u00e4ntapojen muutosten tekeminen sek\u00e4 itsehoitolaksatiivien, kuten massaa lis\u00e4\u00e4vien aineiden ja imeytym\u00e4tt\u00f6mien hiilihydraattien, kokeilu. Jos n\u00e4m\u00e4 menetelm\u00e4t osoittautuvat tehottomiksi, voidaan suorittaa kolontransiittitutkimus k\u00e4ytt\u00e4en Transit-Pellets-kapseleita. Jotkut terveydenhuollon tarjoajat voivat kokeilla muita hoitovaihtoehtoja, kuten suolalaksatiiveja tai motiliteettia stimuloivia l\u00e4\u00e4kkeit\u00e4, ennen kuin suositellaan kolontransiittitesti\u00e4.<\/p>\n<\/div><\/section><\/p><\/div><\/p>\n<div  class='flex_column av-21nopnf-a4423757352ada57561456e666794cb9 av_one_full  avia-builder-el-8  el_after_av_one_full  el_before_av_hr  first flex_column_div  column-top-margin'     ><p>\n<style type=\"text\/css\" data-created_by=\"avia_inline_auto\" id=\"style-css-av-lgoptvmx-81bc7a573b73ab814d497d7e9b9d16ae\">\n#top .av-special-heading.av-lgoptvmx-81bc7a573b73ab814d497d7e9b9d16ae{\npadding-bottom:10px;\n}\nbody .av-special-heading.av-lgoptvmx-81bc7a573b73ab814d497d7e9b9d16ae .av-special-heading-tag .heading-char{\nfont-size:25px;\n}\n.av-special-heading.av-lgoptvmx-81bc7a573b73ab814d497d7e9b9d16ae .av-subheading{\nfont-size:15px;\n}\n<\/style>\n<div  class='av-special-heading av-lgoptvmx-81bc7a573b73ab814d497d7e9b9d16ae av-special-heading-h2 blockquote modern-quote  avia-builder-el-9  el_before_av_textblock  avia-builder-el-first '><h2 class='av-special-heading-tag '  itemprop=\"headline\"  >Lyhyt historia<\/h2><div class=\"special-heading-border\"><div class=\"special-heading-inner-border\"><\/div><\/div><\/div><br \/>\n<section  class='av_textblock_section av-lgopu534-79991a4563e48abfceff6c093474a897 '   itemscope=\"itemscope\" itemtype=\"https:\/\/schema.org\/CreativeWork\" ><div class='avia_textblock'  itemprop=\"text\" ><p>Nieleminen s\u00e4teilysuojattujen merkkien k\u00e4ytt\u00f6\u00e4 paksusuolen transitoimisen arvioimiseksi on laajalti hyv\u00e4ksytty siit\u00e4 l\u00e4htien, kun se kuvattiin ensimm\u00e4isen kerran Hintonin toimesta vuonna 1969. Testi\u00e4 kutsutaan joskus \u201cHintons Method\u201d, mutta sit\u00e4 tunnetaan my\u00f6s nimell\u00e4 Colon Transit-Pellets test, Colonic Transit Markers Study, Radiopaque Markers Test, Radio-Opaque Markers Test, ROM Test tai Bowel Motility Test. Paksusuolen transitoimisajan mittaaminen bariumia sis\u00e4lt\u00e4vien merkkien avulla on t\u00e4ll\u00e4 hetkell\u00e4 pidetty luotettavimpana ja turvallisimpana menetelm\u00e4n\u00e4 ruoansulatuskanavan h\u00e4iri\u00f6iden arvioimiseksi sek\u00e4 aikuisilla ett\u00e4 lapsilla.<\/p>\n<\/div><\/section><\/p><\/div><div  class='hr av-1irj463-33d7c96510ffa0989c3db1e088812af7 hr-default  avia-builder-el-11  el_after_av_one_full  el_before_av_one_full '><span class='hr-inner '><span class=\"hr-inner-style\"><\/span><\/span><\/div><\/p>\n<div  class='flex_column av-11o5haz-2205bf8c98b9c7b782648ad1c0b9b3b8 av_one_full  avia-builder-el-12  el_after_av_hr  el_before_av_hr  first flex_column_div  '     ><style type=\"text\/css\" data-created_by=\"avia_inline_auto\" id=\"style-css-av-lgopulcj-82c97beac3e36a1b74a58fc0b8de3628\">\n#top .av_textblock_section.av-lgopulcj-82c97beac3e36a1b74a58fc0b8de3628 .avia_textblock{\nfont-size:13px;\n}\n<\/style>\n<section  class='av_textblock_section av-lgopulcj-82c97beac3e36a1b74a58fc0b8de3628 '   itemscope=\"itemscope\" itemtype=\"https:\/\/schema.org\/CreativeWork\" ><div class='avia_textblock'  itemprop=\"text\" ><p>T\u00e4m\u00e4n sivuston tietoja ei tule k\u00e4ytt\u00e4\u00e4 l\u00e4\u00e4k\u00e4rin antaman neuvon korvaajana. Keskustele aina l\u00e4\u00e4k\u00e4rin kanssa diagnoosiin ja hoitoon liittyvist\u00e4 tiedoista, mukaan lukien mahdolliset riskit. Muista, ett\u00e4 kaikki hoitoon ja hoitotuloksiin liittyv\u00e4t tulokset ovat yksil\u00f6llisi\u00e4 kullekin potilaalle. Tulokset voivat vaihdella.<\/p>\n<\/div><\/section><\/div>\n<div  class='hr av-uboqe3-1a5a24efd57e67d579906f1fe323ab54 hr-default  avia-builder-el-14  el_after_av_one_full  avia-builder-el-last '><span class='hr-inner '><span class=\"hr-inner-style\"><\/span><\/span><\/div>\n","protected":false},"excerpt":{"rendered":"","protected":false},"author":1,"featured_media":0,"parent":0,"menu_order":0,"comment_status":"closed","ping_status":"closed","template":"","meta":{"footnotes":""},"class_list":["post-15003","page","type-page","status-publish","hentry"],"_links":{"self":[{"href":"https:\/\/medifactia.com\/fi\/wp-json\/wp\/v2\/pages\/15003","targetHints":{"allow":["GET"]}}],"collection":[{"href":"https:\/\/medifactia.com\/fi\/wp-json\/wp\/v2\/pages"}],"about":[{"href":"https:\/\/medifactia.com\/fi\/wp-json\/wp\/v2\/types\/page"}],"author":[{"embeddable":true,"href":"https:\/\/medifactia.com\/fi\/wp-json\/wp\/v2\/users\/1"}],"replies":[{"embeddable":true,"href":"https:\/\/medifactia.com\/fi\/wp-json\/wp\/v2\/comments?post=15003"}],"version-history":[{"count":4,"href":"https:\/\/medifactia.com\/fi\/wp-json\/wp\/v2\/pages\/15003\/revisions"}],"predecessor-version":[{"id":15162,"href":"https:\/\/medifactia.com\/fi\/wp-json\/wp\/v2\/pages\/15003\/revisions\/15162"}],"wp:attachment":[{"href":"https:\/\/medifactia.com\/fi\/wp-json\/wp\/v2\/media?parent=15003"}],"curies":[{"name":"wp","href":"https:\/\/api.w.org\/{rel}","templated":true}]}}