{"id":15136,"date":"2023-08-09T12:06:20","date_gmt":"2023-08-09T10:06:20","guid":{"rendered":"https:\/\/medifactia.com\/es\/gastrointestinal-disorders\/"},"modified":"2023-08-25T13:25:01","modified_gmt":"2023-08-25T11:25:01","slug":"gastrointestinal-disorders","status":"publish","type":"page","link":"https:\/\/medifactia.com\/es\/gastrointestinal-disorders\/","title":{"rendered":"Gastrointestinal Disorders"},"content":{"rendered":"<div  class='flex_column av-vcawky-18c8b3091d7005a1ca2a1950ce3b99ce av_one_full  avia-builder-el-0  el_before_av_one_full  avia-builder-el-first  first flex_column_div  '     ><style type=\"text\/css\" data-created_by=\"avia_inline_auto\" id=\"style-css-av-ll3mun2f-1ad3307a97f9fed1709524694a3a4431\">\n.avia-image-container.av-ll3mun2f-1ad3307a97f9fed1709524694a3a4431 img.avia_image{\nbox-shadow:none;\n}\n.avia-image-container.av-ll3mun2f-1ad3307a97f9fed1709524694a3a4431 .av-image-caption-overlay-center{\ncolor:#ffffff;\n}\n<\/style>\n<div  class='avia-image-container av-ll3mun2f-1ad3307a97f9fed1709524694a3a4431 av-styling- avia-align-center  avia-builder-el-1  avia-builder-el-no-sibling '   itemprop=\"image\" itemscope=\"itemscope\" itemtype=\"https:\/\/schema.org\/ImageObject\" ><div class=\"avia-image-container-inner\"><div class=\"avia-image-overlay-wrap\"><img decoding=\"async\" fetchpriority=\"high\" class='wp-image- avia-img-lazy-loading-not- avia_image ' src=\"https:\/\/medifactia.com\/wp-content\/uploads\/2023\/08\/Man_Toilet-scaled.jpg\" alt='' title=''   itemprop=\"thumbnailUrl\"  \/><\/div><\/div><\/div><\/div>\n<div  class='flex_column av-w7sqhe-d5fa4e22da3a538d13f5d1a26f7242b8 av_one_full  avia-builder-el-2  el_after_av_one_full  el_before_av_one_full  first flex_column_div  column-top-margin'     ><p>\n<style type=\"text\/css\" data-created_by=\"avia_inline_auto\" id=\"style-css-av-ll3mj5e5-ff179a75a624c02f527469eb343e0080\">\n#top .av-special-heading.av-ll3mj5e5-ff179a75a624c02f527469eb343e0080{\npadding-bottom:10px;\n}\nbody .av-special-heading.av-ll3mj5e5-ff179a75a624c02f527469eb343e0080 .av-special-heading-tag .heading-char{\nfont-size:25px;\n}\n.av-special-heading.av-ll3mj5e5-ff179a75a624c02f527469eb343e0080 .av-subheading{\nfont-size:15px;\n}\n<\/style>\n<div  class='av-special-heading av-ll3mj5e5-ff179a75a624c02f527469eb343e0080 av-special-heading-h1 blockquote modern-quote  avia-builder-el-3  el_before_av_textblock  avia-builder-el-first '><h1 class='av-special-heading-tag '  itemprop=\"headline\"  >Trastornos Gastrointestinales Funcionales (TGF)<\/h1><div class=\"special-heading-border\"><div class=\"special-heading-inner-border\"><\/div><\/div><\/div><br \/>\n<section  class='av_textblock_section av-ll3mjwks-3ed552d8431f93f0aaa92fa83a1eef94 '   itemscope=\"itemscope\" itemtype=\"https:\/\/schema.org\/CreativeWork\" ><div class='avia_textblock'  itemprop=\"text\" ><p>Los trastornos gastrointestinales funcionales se caracterizan por s\u00edntomas cr\u00f3nicos (a largo plazo) del sistema gastrointestinal que surgen debido a la funci\u00f3n o disfunci\u00f3n del sistema digestivo.<\/p>\n<p>Los trastornos gastrointestinales y de motilidad funcionales son los problemas gastrointestinales m\u00e1s comunes en la poblaci\u00f3n general. Se estima que alrededor de 1 de cada 4 individuos, e incluso m\u00e1s, podr\u00edan experimentar estos problemas. Estas condiciones constituyen aproximadamente el 40% de los problemas gastrointestinales con los que los m\u00e9dicos y terapeutas ayudan a los pacientes.<\/p>\n<p>El t\u00e9rmino \u201cfunctional\u201d se utiliza generalmente para describir trastornos en los cuales las funciones regulares del movimiento de los intestinos, la sensibilidad de los nervios intestinales o el control del cerebro sobre estas actividades se ven interrumpidas.<\/p>\n<p>Algunos de los trastornos gastrointestinales funcionales m\u00e1s comunes son el estre\u00f1imiento funcional, la diarrea funcional y el S\u00edndrome del Intestino Irritable (SII).<\/p>\n<\/div><\/section><\/p><\/div><div  class='flex_column av-1jtmvde-84260a62ab92da9de2ba17cb9d8eef8a av_one_full  avia-builder-el-5  el_after_av_one_full  el_before_av_one_full  first flex_column_div  column-top-margin'     ><p>\n<style type=\"text\/css\" data-created_by=\"avia_inline_auto\" id=\"style-css-av-ll3ml4jh-1268ab09b77639be0c8c4126ca9de2ef\">\n#top .av-special-heading.av-ll3ml4jh-1268ab09b77639be0c8c4126ca9de2ef{\npadding-bottom:10px;\n}\nbody .av-special-heading.av-ll3ml4jh-1268ab09b77639be0c8c4126ca9de2ef .av-special-heading-tag .heading-char{\nfont-size:25px;\n}\n.av-special-heading.av-ll3ml4jh-1268ab09b77639be0c8c4126ca9de2ef .av-subheading{\nfont-size:15px;\n}\n<\/style>\n<div  class='av-special-heading av-ll3ml4jh-1268ab09b77639be0c8c4126ca9de2ef av-special-heading-h2 blockquote modern-quote  avia-builder-el-6  el_before_av_textblock  avia-builder-el-first '><h2 class='av-special-heading-tag '  itemprop=\"headline\"  >Estre\u00f1imiento Cr\u00f3nico<\/h2><div class=\"special-heading-border\"><div class=\"special-heading-inner-border\"><\/div><\/div><\/div><br \/>\n<section  class='av_textblock_section av-ll3mm5zg-20b4496a7c9646f5e26187d06eb79991 '   itemscope=\"itemscope\" itemtype=\"https:\/\/schema.org\/CreativeWork\" ><div class='avia_textblock'  itemprop=\"text\" ><p>El estre\u00f1imiento cr\u00f3nico se refiere a la persistencia de evacuaciones intestinales poco frecuentes o a la dificultad para evacuar heces durante un per\u00edodo prolongado, generalmente de varias semanas o m\u00e1s. A menudo se caracteriza por tener menos de tres evacuaciones intestinales por semana. Si bien el estre\u00f1imiento ocasional es un problema com\u00fan tanto en adultos como en ni\u00f1os, algunas personas pueden padecer estre\u00f1imiento cr\u00f3nico, lo que afecta significativamente sus rutinas diarias.<\/p>\n<p>Los signos y s\u00edntomas del estre\u00f1imiento cr\u00f3nico incluyen:<\/p>\n<ul>\n<li>Tener menos de tres evacuaciones intestinales por semana<\/li>\n<li>Experimentar heces en forma de grumos o duras<\/li>\n<li>Hacer esfuerzo al evacuar<\/li>\n<li>Sensaci\u00f3n de obstrucci\u00f3n en el recto que dificulta las evacuaciones intestinalis<\/li>\n<li>Sentir que no se ha vaciado completamente el recto despu\u00e9s de una evacuaci\u00f3n<\/li>\n<li>Necesitar ayuda para vaciar el recto, lo que puede implicar presionar el abdomen o retirar manualmente las heces con un dedo<\/li>\n<\/ul>\n<p>El estre\u00f1imiento puede clasificarse como cr\u00f3nico si has experimentado dos o m\u00e1s de estos s\u00edntomas de manera persistente durante los \u00faltimos tres meses. El estre\u00f1imiento que es a largo plazo (cr\u00f3nico) o que se repite requiere un mayor esfuerzo para diagnosticar y tratar.<\/p>\n<\/div><\/section><\/p><\/div><div  class='flex_column av-10x8p8y-a287594219392dd62ffb17dd326eb404 av_one_full  avia-builder-el-8  el_after_av_one_full  el_before_av_one_full  first flex_column_div  column-top-margin'     ><p>\n<style type=\"text\/css\" data-created_by=\"avia_inline_auto\" id=\"style-css-av-ll3mmuxz-e1cd4a6e60accfc2995da5cb7f32da65\">\n#top .av-special-heading.av-ll3mmuxz-e1cd4a6e60accfc2995da5cb7f32da65{\npadding-bottom:10px;\n}\nbody .av-special-heading.av-ll3mmuxz-e1cd4a6e60accfc2995da5cb7f32da65 .av-special-heading-tag .heading-char{\nfont-size:25px;\n}\n.av-special-heading.av-ll3mmuxz-e1cd4a6e60accfc2995da5cb7f32da65 .av-subheading{\nfont-size:15px;\n}\n<\/style>\n<div  class='av-special-heading av-ll3mmuxz-e1cd4a6e60accfc2995da5cb7f32da65 av-special-heading-h2 blockquote modern-quote  avia-builder-el-9  el_before_av_textblock  avia-builder-el-first '><h2 class='av-special-heading-tag '  itemprop=\"headline\"  >Diarrea Cr\u00f3nica<\/h2><div class=\"special-heading-border\"><div class=\"special-heading-inner-border\"><\/div><\/div><\/div><br \/>\n<section  class='av_textblock_section av-ll3mngxy-e393a0b3bce92c488ac3043db6d52eaf '   itemscope=\"itemscope\" itemtype=\"https:\/\/schema.org\/CreativeWork\" ><div class='avia_textblock'  itemprop=\"text\" ><p>La diarrea es una condici\u00f3n com\u00fan caracterizada por la frecuente eliminaci\u00f3n de heces sueltas o acuosas. Puede ocurrir de manera independiente o junto a otros s\u00edntomas como n\u00e1useas, v\u00f3mitos, dolor abdominal o p\u00e9rdida de peso. La diarrea aguda desaparece en unas pocas semanas y se vuelve cr\u00f3nica cuando dura m\u00e1s de 3-4 semanas. Si no se encuentra una causa espec\u00edfica despu\u00e9s de una investigaci\u00f3n exhaustiva y se cumplen ciertos criterios, se puede considerar un diagn\u00f3stico de diarrea funcional o cr\u00f3nica.<\/p>\n<\/div><\/section><\/p><\/div><div  class='flex_column av-odeu9e-1af2c6b1ea3ecce6454987834f5d3f60 av_one_full  avia-builder-el-11  el_after_av_one_full  el_before_av_hr  first flex_column_div  column-top-margin'     ><p>\n<style type=\"text\/css\" data-created_by=\"avia_inline_auto\" id=\"style-css-av-ll3mnsx7-95db541b0d7f3deb3cdea62ce9805a97\">\n#top .av-special-heading.av-ll3mnsx7-95db541b0d7f3deb3cdea62ce9805a97{\npadding-bottom:10px;\n}\nbody .av-special-heading.av-ll3mnsx7-95db541b0d7f3deb3cdea62ce9805a97 .av-special-heading-tag .heading-char{\nfont-size:25px;\n}\n.av-special-heading.av-ll3mnsx7-95db541b0d7f3deb3cdea62ce9805a97 .av-subheading{\nfont-size:15px;\n}\n<\/style>\n<div  class='av-special-heading av-ll3mnsx7-95db541b0d7f3deb3cdea62ce9805a97 av-special-heading-h2 blockquote modern-quote  avia-builder-el-12  el_before_av_textblock  avia-builder-el-first '><h2 class='av-special-heading-tag '  itemprop=\"headline\"  >S\u00edndrome de Intestino Irritable (SII)<\/h2><div class=\"special-heading-border\"><div class=\"special-heading-inner-border\"><\/div><\/div><\/div><br \/>\n<section  class='av_textblock_section av-ll3moucw-012d68b4daff8778833aa2ef186ded39 '   itemscope=\"itemscope\" itemtype=\"https:\/\/schema.org\/CreativeWork\" ><div class='avia_textblock'  itemprop=\"text\" ><p>El S\u00edndrome de Intestino Irritable (SII) es un trastorno com\u00fan que afecta al est\u00f3mago y los intestinos, tambi\u00e9n conocido como tracto gastrointestinal. Sus s\u00edntomas incluyen calambres, dolor abdominal, hinchaz\u00f3n, gases, as\u00ed como episodios alternantes de diarrea y estre\u00f1imiento, o a veces ambos. El SII es una condici\u00f3n cr\u00f3nica que requiere un manejo a largo plazo para abordar eficazmente sus s\u00edntomas. Un n\u00famero significativo de personas que experimentan un SII de moderado a grave informan una baja calidad de vida. Los s\u00edntomas del SII pueden variar y tienden a persistir durante un per\u00edodo prolongado. Los s\u00edntomas m\u00e1s prevalentes incluyen:<\/p>\n<ul>\n<li>Dolor abdominal, calambres o hinchaz\u00f3n asociados con las evacuaciones intestinalis<\/li>\n<li>Cambios en la apariencia de las evacuaciones intestinales<\/li>\n<li>Cambios en la frecuencia de las evacuaciones intestinales<\/li>\n<\/ul>\n<p>Otros s\u00edntomas relacionados pueden incluir la sensaci\u00f3n de evacuaci\u00f3n incompleta y un aumento en la presencia de gases o mucosidad en las heces.<\/p>\n<p>Existen cuatro tipos de SII. Cada tipo se nombra seg\u00fan sus quejas m\u00e1s comunes, que incluyen SII predominantemente con estre\u00f1imiento (SII-C), SII predominantemente con diarrea (SII-D), SII tipo mixto (SII-M) y SII no clasificado.<\/p>\n<\/div><\/section><\/p><\/div><div  class='hr av-5bf71u-0fc17794266e30ad9cc5c4260e9df573 hr-default  avia-builder-el-14  el_after_av_one_full  el_before_av_one_full '><span class='hr-inner '><span class=\"hr-inner-style\"><\/span><\/span><\/div><\/p>\n<div  class='flex_column av-16qxkia-ddb7daef80a5c3df972f5cad8e8e623c av_one_full  avia-builder-el-15  el_after_av_hr  el_before_av_hr  first flex_column_div  '     ><style type=\"text\/css\" data-created_by=\"avia_inline_auto\" id=\"style-css-av-ll3mqg6q-be652d1d2a197a30b775dc39a62b89c8\">\n#top .av_textblock_section.av-ll3mqg6q-be652d1d2a197a30b775dc39a62b89c8 .avia_textblock{\nfont-size:13px;\n}\n<\/style>\n<section  class='av_textblock_section av-ll3mqg6q-be652d1d2a197a30b775dc39a62b89c8 '   itemscope=\"itemscope\" itemtype=\"https:\/\/schema.org\/CreativeWork\" ><div class='avia_textblock'  itemprop=\"text\" ><p>As informa\u00e7\u00f5es contidas neste site n\u00e3o devem ser utilizadas como substituto para aconselhamento m\u00e9dico do seu m\u00e9dico. Sempre discuta informa\u00e7\u00f5es sobre diagn\u00f3stico e tratamento, incluindo riscos, com o seu m\u00e9dico. Lembre-se de que todos os resultados de tratamento s\u00e3o espec\u00edficos para o paciente individual. Os resultados podem variar.<\/p>\n<\/div><\/section><\/div><div  class='hr av-rtsaj6-d528e2842421b0c713aa5dafb313b352 hr-default  avia-builder-el-17  el_after_av_one_full  el_before_av_one_full '><span class='hr-inner '><span class=\"hr-inner-style\"><\/span><\/span><\/div><\/p>\n<div  class='flex_column av-jpilo2-80d69019b04e3fe061eaa22def74707d av_one_full  avia-builder-el-18  el_after_av_hr  avia-builder-el-last  first flex_column_div  '     ><style type=\"text\/css\" data-created_by=\"avia_inline_auto\" id=\"style-css-av-ll3msqtb-33b63a6eac43cd7ee4bdd225ddc31726\">\n#top .av_textblock_section.av-ll3msqtb-33b63a6eac43cd7ee4bdd225ddc31726 .avia_textblock{\nfont-size:12px;\ncolor:#707070;\n}\n<\/style>\n<section  class='av_textblock_section av-ll3msqtb-33b63a6eac43cd7ee4bdd225ddc31726 '   itemscope=\"itemscope\" itemtype=\"https:\/\/schema.org\/CreativeWork\" ><div class='avia_textblock av_inherit_color'  itemprop=\"text\" ><p>Aziz, I., Whitehead, W.E., Palsson, O., T\u00f6rnblom, H. &amp; Simr\u00e9n, M. (2020). Expert Review of Gastroenterology &amp; Hepatology. An approach to the diagnosis and management of Rome IV functional disorders of chronic constipation [electronic version]. Taylor &amp; Francis Group, Vol. no. 14, 1-8.<\/p>\n<p>Drossman DA., et al. (2016). Rome IV, the functional gastrointestinal disorders. Gastroenterology. Vol. 150:1262-1279.<\/p>\n<p>Keller, J., Bassotti, G., Clarke, J., et al. (2018). EXPERT CONSENCUS DOCUMENT. Advances in the diagnosis and classification of gastric and intestinal motility disorders [electronic version]. Nat Rev Gastroenterol Hepatol., Vol. 15(5), 291-308.<\/p>\n<p>Sperber, AD., et al. (2021). Worldwide Prevalence and Burden of Functional Gastrointestinal Disorders, Results of Rome Foundation Global Study. Gastroenterology. Vol. 160:99-114.<\/p>\n<\/div><\/section><\/div>\n","protected":false},"excerpt":{"rendered":"","protected":false},"author":1,"featured_media":0,"parent":0,"menu_order":0,"comment_status":"closed","ping_status":"closed","template":"","meta":{"footnotes":""},"class_list":["post-15136","page","type-page","status-publish","hentry"],"_links":{"self":[{"href":"https:\/\/medifactia.com\/es\/wp-json\/wp\/v2\/pages\/15136","targetHints":{"allow":["GET"]}}],"collection":[{"href":"https:\/\/medifactia.com\/es\/wp-json\/wp\/v2\/pages"}],"about":[{"href":"https:\/\/medifactia.com\/es\/wp-json\/wp\/v2\/types\/page"}],"author":[{"embeddable":true,"href":"https:\/\/medifactia.com\/es\/wp-json\/wp\/v2\/users\/1"}],"replies":[{"embeddable":true,"href":"https:\/\/medifactia.com\/es\/wp-json\/wp\/v2\/comments?post=15136"}],"version-history":[{"count":3,"href":"https:\/\/medifactia.com\/es\/wp-json\/wp\/v2\/pages\/15136\/revisions"}],"predecessor-version":[{"id":15141,"href":"https:\/\/medifactia.com\/es\/wp-json\/wp\/v2\/pages\/15136\/revisions\/15141"}],"wp:attachment":[{"href":"https:\/\/medifactia.com\/es\/wp-json\/wp\/v2\/media?parent=15136"}],"curies":[{"name":"wp","href":"https:\/\/api.w.org\/{rel}","templated":true}]}}