{"id":15030,"date":"2023-04-19T21:07:10","date_gmt":"2023-04-19T19:07:10","guid":{"rendered":"https:\/\/medifactia.com\/es\/?page_id=15030"},"modified":"2026-02-11T13:24:39","modified_gmt":"2026-02-11T12:24:39","slug":"instructions","status":"publish","type":"page","link":"https:\/\/medifactia.com\/es\/instructions\/","title":{"rendered":"Instructions"},"content":{"rendered":"<div  class='flex_column av-c9p30t2-fc5e67bda1dd3493763868c467e489d1 av_one_full  avia-builder-el-0  el_before_av_one_full  avia-builder-el-first  first flex_column_div  '     ><div  class='avia-video av-bupz0ja-5089a259658800f79db309c50ba40e55 avia-video-16-9 av-no-preview-image avia-video-load-always av-lazyload-immediate av-lazyload-video-embed'  itemprop=\"video\" itemtype=\"https:\/\/schema.org\/VideoObject\"  data-original_url='https:\/\/vimeo.com\/796097857'><script type='text\/html' class='av-video-tmpl'><div class='avia-iframe-wrap'><iframe loading=\"lazy\" title=\"Medifactia video 1 2023 ENG.mp4\" src=\"https:\/\/player.vimeo.com\/video\/796097857?h=911af83fab&amp;dnt=1&amp;app_id=122963&autoplay=0&loop=0&controls=1&muted=0\" width=\"1500\" height=\"844\" frameborder=\"0\" allow=\"autoplay; fullscreen; picture-in-picture\" allowfullscreen><\/iframe><\/div><\/script><div class='av-click-to-play-overlay'><div class=\"avia_playpause_icon\"><\/div><\/div><\/div><\/div>\n<div  class='flex_column av-bacrp1y-c5f2305449cc039d0f91451523209739 av_one_full  avia-builder-el-2  el_after_av_one_full  el_before_av_one_full  first flex_column_div  column-top-margin'     ><p>\n<style type=\"text\/css\" data-created_by=\"avia_inline_auto\" id=\"style-css-av-lgo2bx5w-c33db6bc7b58de610591c7d03ae9a8bf\">\n#top .av-special-heading.av-lgo2bx5w-c33db6bc7b58de610591c7d03ae9a8bf{\npadding-bottom:10px;\n}\nbody .av-special-heading.av-lgo2bx5w-c33db6bc7b58de610591c7d03ae9a8bf .av-special-heading-tag .heading-char{\nfont-size:25px;\n}\n.av-special-heading.av-lgo2bx5w-c33db6bc7b58de610591c7d03ae9a8bf .av-subheading{\nfont-size:15px;\n}\n<\/style>\n<div  class='av-special-heading av-lgo2bx5w-c33db6bc7b58de610591c7d03ae9a8bf av-special-heading-h1 blockquote modern-quote  avia-builder-el-3  el_before_av_textblock  avia-builder-el-first '><h1 class='av-special-heading-tag '  itemprop=\"headline\"  >Instrucciones para el uso correcto de Transit-Pellets<\/h1><div class=\"special-heading-border\"><div class=\"special-heading-inner-border\"><\/div><\/div><\/div><br \/>\n<section  class='av_textblock_section av-lgo2cpiy-5137d90101f2dec6abe4682492bc846b '   itemscope=\"itemscope\" itemtype=\"https:\/\/schema.org\/CreativeWork\" ><div class='avia_textblock'  itemprop=\"text\" ><p>Las pruebas de marcadores Transit-Pellets se recetan por un m\u00e9dico para que los pacientes las utilicen en el entorno dom\u00e9stico. Durante seis d\u00edas consecutivos, el paciente traga los marcadores Transit-Pellets contenidos en siete c\u00e1psulas de HPMC (hidroxipropil metilcelulosa), seguido de una radiograf\u00eda abdominal en el s\u00e9ptimo d\u00eda.<\/p>\n<p>Para garantizar el uso adecuado y seguro de los Transit-Pellets, es importante revisar cuidadosamente las Instrucciones de Uso (IFU) de los Transit-Pellets antes de iniciar su uso. Puede acceder a ellas directamente a trav\u00e9s de <a href=\"https:\/\/medifactia.com\/wp-content\/uploads\/2026\/02\/0074-IFU-International-ver05.pdf\" target=\"_blank\" rel=\"noopener\">ESTE ENLACE<\/a>. Tenga en cuenta que las IFU de Transit-Pellets est\u00e1n sujetas a cambios. La versi\u00f3n m\u00e1s actual siempre estar\u00e1 disponible en este sitio.<\/p>\n<\/div><\/section><\/p><\/div><div  class='flex_column av-atf83x2-6b6ffa97985bee3388273f8e03f7d58d av_one_full  avia-builder-el-5  el_after_av_one_full  el_before_av_hr  first flex_column_div  column-top-margin'     ><p>\n<style type=\"text\/css\" data-created_by=\"avia_inline_auto\" id=\"style-css-av-lgo2cxas-930f401018f194c424a65fbc55741e23\">\n#top .av-special-heading.av-lgo2cxas-930f401018f194c424a65fbc55741e23{\npadding-bottom:10px;\n}\nbody .av-special-heading.av-lgo2cxas-930f401018f194c424a65fbc55741e23 .av-special-heading-tag .heading-char{\nfont-size:25px;\n}\n.av-special-heading.av-lgo2cxas-930f401018f194c424a65fbc55741e23 .av-subheading{\nfont-size:15px;\n}\n<\/style>\n<div  class='av-special-heading av-lgo2cxas-930f401018f194c424a65fbc55741e23 av-special-heading-h2 blockquote modern-quote  avia-builder-el-6  el_before_av_textblock  avia-builder-el-first '><h2 class='av-special-heading-tag '  itemprop=\"headline\"  >Asegurar Resultados Precisos: Seguir Instrucciones Recetadas<\/h2><div class=\"special-heading-border\"><div class=\"special-heading-inner-border\"><\/div><\/div><\/div><br \/>\n<section  class='av_textblock_section av-lgo2dcbn-5ebd3dc8260f2c37477de7d1afae377e '   itemscope=\"itemscope\" itemtype=\"https:\/\/schema.org\/CreativeWork\" ><div class='avia_textblock'  itemprop=\"text\" ><p><img decoding=\"async\" class=\"alignright size-full wp-image-15198\" style=\"margin-left: 25px; margin-bottom: 30px;\" src=\"https:\/\/medifactia.com\/us\/wp-content\/uploads\/sites\/2\/2023\/02\/Transit-Pellets-Blister-gray.png\" alt=\"\" width=\"120\" \/>Es importante seguir las instrucciones de dosificaci\u00f3n recetadas para los marcadores para asegurar resultados precisos. Se debe tomar una c\u00e1psula de Transit-Pellets cada d\u00eda desde el d\u00eda uno hasta el d\u00eda cinco. En el d\u00eda seis, se debe tomar una c\u00e1psula en la ma\u00f1ana, etiquetada como \u201d6:1\u201d, y otra c\u00e1psula en la noche, etiquetada como \u201d6:2\u201d.<\/p>\n<p>Para garantizar la precisi\u00f3n de la medici\u00f3n, es importante programar el examen radiol\u00f3gico en el momento adecuado en relaci\u00f3n con la \u00faltima dosis de marcadores en el d\u00eda seis, etiquetada como \u201d6:2\u201d. Esto significa que la radiograf\u00eda debe programarse aproximadamente 12 horas despu\u00e9s de que se ingiera la \u00faltima dosis de marcadores en la noche del d\u00eda seis. La siguiente tabla proporciona una referencia \u00fatil.<\/p>\n<\/div><\/section><br \/>\n<div class='avia-data-table-wrap av-ahaeddi-e88e7a6970e52e0e2ef7cc057c0e8885 avia_responsive_table avia-table-1'><table  class='avia-table avia-data-table avia_pricing_default  avia-builder-el-8  el_after_av_textblock  avia-builder-el-last '  itemscope=\"itemscope\" itemtype=\"https:\/\/schema.org\/Table\" ><tbody><tr class='avia-heading-row'><th class=''>D\u00eda 1 (Tragar C\u00e1psula 1)<\/th><th class=''>D\u00eda 7 (Radiograf\u00eda)<\/th><\/tr><tr class=''><td class=''>Martes<\/td><td class=''>Lunes<\/td><\/tr><tr class=''><td class=''>Mi\u00e9rcoles<\/td><td class=''>Martes<\/td><\/tr><tr class=''><td class=''>Jueves<\/td><td class=''>Mi\u00e9rcoles<\/td><\/tr><tr class=''><td class=''>Viernes<\/td><td class=''>Jueves<\/td><\/tr><tr class=''><td class=''>S\u00e1bado<\/td><td class=''>Viernes<\/td><\/tr><\/tbody><\/table><\/div><style type='text\/css'>.avia-table-1 td:nth-of-type(1):before { content: 'D\u00eda 1 (Tragar C\u00e1psula 1)'; } .avia-table-1 td:nth-of-type(2):before { content: 'D\u00eda 7 (Radiograf\u00eda)'; } <\/style><\/p><\/div><\/p>\n<div  class='hr av-1t6dmnq-013f2be7bb1692016e23444ed89df1fc hr-default  avia-builder-el-9  el_after_av_one_full  el_before_av_one_full '><span class='hr-inner '><span class=\"hr-inner-style\"><\/span><\/span><\/div>\n<div  class='flex_column av-18ngjrq-641d07fcb1e213770a37fa2e538b1801 av_one_full  avia-builder-el-10  el_after_av_hr  el_before_av_hr  first flex_column_div  '     ><style type=\"text\/css\" data-created_by=\"avia_inline_auto\" id=\"style-css-av-lgo2fc73-23c84d421a737adfbfa1794ca79aba23\">\n#top .av_textblock_section.av-lgo2fc73-23c84d421a737adfbfa1794ca79aba23 .avia_textblock{\nfont-size:13px;\n}\n<\/style>\n<section  class='av_textblock_section av-lgo2fc73-23c84d421a737adfbfa1794ca79aba23 '   itemscope=\"itemscope\" itemtype=\"https:\/\/schema.org\/CreativeWork\" ><div class='avia_textblock'  itemprop=\"text\" ><p>As informa\u00e7\u00f5es contidas neste site n\u00e3o devem ser utilizadas como substituto para aconselhamento m\u00e9dico do seu m\u00e9dico. Sempre discuta informa\u00e7\u00f5es sobre diagn\u00f3stico e tratamento, incluindo riscos, com o seu m\u00e9dico. Lembre-se de que todos os resultados de tratamento s\u00e3o espec\u00edficos para o paciente individual. Os resultados podem variar.<\/p>\n<\/div><\/section><\/div>\n<div  class='hr av-2mm3me-a4b0938007b2d1657f8873c300a4dc45 hr-default  avia-builder-el-12  el_after_av_one_full  avia-builder-el-last '><span class='hr-inner '><span class=\"hr-inner-style\"><\/span><\/span><\/div>\n","protected":false},"excerpt":{"rendered":"","protected":false},"author":1,"featured_media":0,"parent":0,"menu_order":0,"comment_status":"closed","ping_status":"closed","template":"","meta":{"footnotes":""},"class_list":["post-15030","page","type-page","status-publish","hentry"],"_links":{"self":[{"href":"https:\/\/medifactia.com\/es\/wp-json\/wp\/v2\/pages\/15030","targetHints":{"allow":["GET"]}}],"collection":[{"href":"https:\/\/medifactia.com\/es\/wp-json\/wp\/v2\/pages"}],"about":[{"href":"https:\/\/medifactia.com\/es\/wp-json\/wp\/v2\/types\/page"}],"author":[{"embeddable":true,"href":"https:\/\/medifactia.com\/es\/wp-json\/wp\/v2\/users\/1"}],"replies":[{"embeddable":true,"href":"https:\/\/medifactia.com\/es\/wp-json\/wp\/v2\/comments?post=15030"}],"version-history":[{"count":3,"href":"https:\/\/medifactia.com\/es\/wp-json\/wp\/v2\/pages\/15030\/revisions"}],"predecessor-version":[{"id":15215,"href":"https:\/\/medifactia.com\/es\/wp-json\/wp\/v2\/pages\/15030\/revisions\/15215"}],"wp:attachment":[{"href":"https:\/\/medifactia.com\/es\/wp-json\/wp\/v2\/media?parent=15030"}],"curies":[{"name":"wp","href":"https:\/\/api.w.org\/{rel}","templated":true}]}}