{"id":15027,"date":"2023-04-19T21:03:19","date_gmt":"2023-04-19T19:03:19","guid":{"rendered":"https:\/\/medifactia.com\/es\/?page_id=15027"},"modified":"2026-02-11T08:37:34","modified_gmt":"2026-02-11T07:37:34","slug":"colon-transit-markers","status":"publish","type":"page","link":"https:\/\/medifactia.com\/es\/colon-transit-markers\/","title":{"rendered":"Colon Transit Markers"},"content":{"rendered":"<div  class='flex_column av-4sr87mb-a4be3888382a644bac19a47a7cb50bc3 av_one_full  avia-builder-el-0  el_before_av_one_full  avia-builder-el-first  first flex_column_div  '     ><style type=\"text\/css\" data-created_by=\"avia_inline_auto\" id=\"style-css-av-lgo27d44-8a145ca446e624fd3390e5cdccc62e8c\">\n.avia-image-container.av-lgo27d44-8a145ca446e624fd3390e5cdccc62e8c img.avia_image{\nbox-shadow:none;\n}\n.avia-image-container.av-lgo27d44-8a145ca446e624fd3390e5cdccc62e8c .av-image-caption-overlay-center{\ncolor:#ffffff;\n}\n<\/style>\n<div  class='avia-image-container av-lgo27d44-8a145ca446e624fd3390e5cdccc62e8c av-styling- avia-align-center  avia-builder-el-1  avia-builder-el-no-sibling '   itemprop=\"image\" itemscope=\"itemscope\" itemtype=\"https:\/\/schema.org\/ImageObject\" ><div class=\"avia-image-container-inner\"><div class=\"avia-image-overlay-wrap\"><img decoding=\"async\" fetchpriority=\"high\" class='wp-image- avia-img-lazy-loading-not- avia_image ' src=\"https:\/\/medifactia.com\/us\/wp-content\/uploads\/sites\/2\/2023\/02\/medifactia-TP-Infinit.jpg\" alt='' title=''   itemprop=\"thumbnailUrl\"  \/><\/div><\/div><\/div><\/div>\n<div  class='flex_column av-47mviyb-135c23a06f08a6435cfc774222d40879 av_one_full  avia-builder-el-2  el_after_av_one_full  el_before_av_hr  first flex_column_div  column-top-margin'     ><p>\n<style type=\"text\/css\" data-created_by=\"avia_inline_auto\" id=\"style-css-av-lgo27la1-ff39203cbfe851c0e2e058371740853b\">\n#top .av-special-heading.av-lgo27la1-ff39203cbfe851c0e2e058371740853b{\npadding-bottom:10px;\n}\nbody .av-special-heading.av-lgo27la1-ff39203cbfe851c0e2e058371740853b .av-special-heading-tag .heading-char{\nfont-size:25px;\n}\n.av-special-heading.av-lgo27la1-ff39203cbfe851c0e2e058371740853b .av-subheading{\nfont-size:15px;\n}\n<\/style>\n<div  class='av-special-heading av-lgo27la1-ff39203cbfe851c0e2e058371740853b av-special-heading-h1 blockquote modern-quote  avia-builder-el-3  el_before_av_textblock  avia-builder-el-first '><h1 class='av-special-heading-tag '  itemprop=\"headline\"  >Descripci\u00f3n de Transit-Pellets<\/h1><div class=\"special-heading-border\"><div class=\"special-heading-inner-border\"><\/div><\/div><\/div><br \/>\n<section  class='av_textblock_section av-lgo28eae-819bbc10afb39dcbe42e954fe62dcd4e '   itemscope=\"itemscope\" itemtype=\"https:\/\/schema.org\/CreativeWork\" ><div class='avia_textblock'  itemprop=\"text\" ><p>El Transit-Pellets consiste en peque\u00f1as marcadores radiopacos, \u201dpellets\u201d, hechas de sulfato de bario (BaSO<sub>4<\/sub>) rellenas de silicona dentro de una c\u00e1psula de hidroxipropil metilcelulosa (HPMC) de cubierta dura. Las c\u00e1psulas de HPMC son libres de gelatina y del tipo est\u00e1ndar utilizado en productos medicinales. Su funci\u00f3n es transportar las marcadores al est\u00f3mago, donde se disuelven. Las marcadores pasan a trav\u00e9s del tracto gastrointestinal y se excretan en las heces.<\/p>\n<p>El sulfato de bario es un material radiopaco que se ha utilizado para la imagen radiogr\u00e1fica del tracto gastrointestinal desde los estudios pioneros de WB Cannon en la d\u00e9cada de 1890. El t\u00e9rmino \u201dradiopaco\u201d se refiere a materiales, como el sulfato de bario, que son lo suficientemente densos como para resistir los rayos X que los atraviesan, y por lo tanto pueden ser vistos en una radiograf\u00eda. El uso de marcadores radiopacos impregnadas con sulfato de bario para medir el tiempo de tr\u00e1nsito del colon se ha utilizado durante m\u00e1s de 45 a\u00f1os. El silicona tambi\u00e9n es un material ampliamente utilizado en muchas aplicaciones de tecnolog\u00eda m\u00e9dica.<\/p>\n<\/div><\/section><\/p><\/div>\n\n<style type=\"text\/css\" data-created_by=\"avia_inline_auto\" id=\"style-css-av-3s0q1kj-c529c063aecf442e374b79c05293fe6b\">\n#top .hr.hr-invisible.av-3s0q1kj-c529c063aecf442e374b79c05293fe6b{\nheight:10px;\n}\n<\/style>\n<div  class='hr av-3s0q1kj-c529c063aecf442e374b79c05293fe6b hr-invisible  avia-builder-el-5  el_after_av_one_full  el_before_av_three_fifth '><span class='hr-inner '><span class=\"hr-inner-style\"><\/span><\/span><\/div>\n<div  class='flex_column av-3hry5gz-72991281d52d2bf4eadf9785bd4f434d av_three_fifth  avia-builder-el-6  el_after_av_hr  el_before_av_two_fifth  first flex_column_div  '     ><section  class='av_textblock_section av-lgo28quk-f62da2b4da6f6044c03350c2be66ec8e '   itemscope=\"itemscope\" itemtype=\"https:\/\/schema.org\/CreativeWork\" ><div class='avia_textblock'  itemprop=\"text\" ><p>La c\u00e1psula de HPMC (tama\u00f1o -00-) est\u00e1 compuesta por dos cilindros de extremo abierto, una tapa y un cuerpo, que encajan dentro del otro. Cinco de las c\u00e1psulas contienen diez marcadores con forma de anillo, mientras que dos c\u00e1psulas contienen cinco marcadores con forma de tubo. Las c\u00e1psulas de Transit-Pellets vienen en un bl\u00edster que est\u00e1 colocado dentro de una caja.<\/p>\n<p>En el d\u00eda seis, los Transit-Pellets tienen una forma diferente para ayudar al m\u00e9dico a visualizar mejor ciertas partes del colon. Adem\u00e1s, la dosis en el d\u00eda seis se divide en una dosis de la ma\u00f1ana y otra de la noche para poder evaluar si ocurre un tr\u00e1nsito r\u00e1pido del colon.<\/p>\n<\/div><\/section><\/div>\n\n<style type=\"text\/css\" data-created_by=\"avia_inline_auto\" id=\"style-css-av-33yox0z-3c041a1d990a97998e533206a82474de\">\n.flex_column.av-33yox0z-3c041a1d990a97998e533206a82474de{\npadding:10px 0 0 0;\n}\n<\/style>\n<div  class='flex_column av-33yox0z-3c041a1d990a97998e533206a82474de av_two_fifth  avia-builder-el-8  el_after_av_three_fifth  el_before_av_hr  flex_column_div  '     ><style type=\"text\/css\" data-created_by=\"avia_inline_auto\" id=\"style-css-av-lgo28v4n-c320d8c24370381bb8dd35fddb6267d1\">\n.avia-image-container.av-lgo28v4n-c320d8c24370381bb8dd35fddb6267d1 img.avia_image{\nbox-shadow:none;\n}\n.avia-image-container.av-lgo28v4n-c320d8c24370381bb8dd35fddb6267d1 .av-image-caption-overlay-center{\ncolor:#ffffff;\n}\n<\/style>\n<div  class='avia-image-container av-lgo28v4n-c320d8c24370381bb8dd35fddb6267d1 av-styling- avia-align-center  avia-builder-el-9  avia-builder-el-no-sibling '   itemprop=\"image\" itemscope=\"itemscope\" itemtype=\"https:\/\/schema.org\/ImageObject\" ><div class=\"avia-image-container-inner\"><div class=\"avia-image-overlay-wrap\"><img decoding=\"async\" fetchpriority=\"high\" class='wp-image- avia-img-lazy-loading-not- avia_image ' src=\"https:\/\/medifactia.com\/us\/wp-content\/uploads\/sites\/2\/2023\/02\/kapslar-1.jpg\" alt='' title=''   itemprop=\"thumbnailUrl\"  \/><\/div><\/div><\/div><\/div>\n\n<style type=\"text\/css\" data-created_by=\"avia_inline_auto\" id=\"style-css-av-2l7jd0z-8e22763e60db733f52d67bea33ab05d0\">\n#top .hr.hr-invisible.av-2l7jd0z-8e22763e60db733f52d67bea33ab05d0{\nheight:50px;\n}\n<\/style>\n<div  class='hr av-2l7jd0z-8e22763e60db733f52d67bea33ab05d0 hr-invisible  avia-builder-el-10  el_after_av_two_fifth  el_before_av_one_full '><span class='hr-inner '><span class=\"hr-inner-style\"><\/span><\/span><\/div>\n<div  class='flex_column av-242950z-d65abcf3e3a01a8978b8860d9d0a4cf6 av_one_full  avia-builder-el-11  el_after_av_hr  el_before_av_hr  first flex_column_div  '     ><p>\n<style type=\"text\/css\" data-created_by=\"avia_inline_auto\" id=\"style-css-av-lgo294p3-f8b3e273ca219e9f6d87c878141b8f21\">\n#top .av-special-heading.av-lgo294p3-f8b3e273ca219e9f6d87c878141b8f21{\npadding-bottom:10px;\n}\nbody .av-special-heading.av-lgo294p3-f8b3e273ca219e9f6d87c878141b8f21 .av-special-heading-tag .heading-char{\nfont-size:25px;\n}\n.av-special-heading.av-lgo294p3-f8b3e273ca219e9f6d87c878141b8f21 .av-subheading{\nfont-size:15px;\n}\n<\/style>\n<div  class='av-special-heading av-lgo294p3-f8b3e273ca219e9f6d87c878141b8f21 av-special-heading-h2 blockquote modern-quote  avia-builder-el-12  el_before_av_textblock  avia-builder-el-first '><h2 class='av-special-heading-tag '  itemprop=\"headline\"  >Instrucciones de uso de Transit-Pellets<\/h2><div class=\"special-heading-border\"><div class=\"special-heading-inner-border\"><\/div><\/div><\/div><br \/>\n<section  class='av_textblock_section av-lgo29vjw-ef6894893594886fb580a06cf093c2a7 '   itemscope=\"itemscope\" itemtype=\"https:\/\/schema.org\/CreativeWork\" ><div class='avia_textblock'  itemprop=\"text\" ><p>Cada paquete de Transit-Pellets incluye unas instrucciones de uso disponibles en hasta 20 idiomas diferentes. Es importante que el usuario de Transit-Pellets lea esta informaci\u00f3n antes de comenzar a utilizar el producto. Las instrucciones de uso contienen informaci\u00f3n importante sobre c\u00f3mo utilizar correctamente Transit-Pellets. Descargue las instrucciones de uso de Transit-Pellets a trav\u00e9s de <a href=\"https:\/\/medifactia.com\/wp-content\/uploads\/2026\/02\/0074-IFU-International-ver05.pdf\" target=\"_blank\" rel=\"noopener\">ESTE ENLACE<\/a>.<\/p>\n<\/div><\/section><\/p><\/div><div  class='hr av-1qlqkxf-f4e1cdf5cf917d421584ed40285eb275 hr-default  avia-builder-el-14  el_after_av_one_full  el_before_av_one_full '><span class='hr-inner '><span class=\"hr-inner-style\"><\/span><\/span><\/div><\/p>\n<div  class='flex_column av-17fxrg3-91bcbe7102ac9aba4d13d23a52469fdd av_one_full  avia-builder-el-15  el_after_av_hr  el_before_av_hr  first flex_column_div  '     ><style type=\"text\/css\" data-created_by=\"avia_inline_auto\" id=\"style-css-av-lgo2a8or-4a376f2903492a07f34fbfc236fa3a50\">\n#top .av_textblock_section.av-lgo2a8or-4a376f2903492a07f34fbfc236fa3a50 .avia_textblock{\nfont-size:13px;\n}\n<\/style>\n<section  class='av_textblock_section av-lgo2a8or-4a376f2903492a07f34fbfc236fa3a50 '   itemscope=\"itemscope\" itemtype=\"https:\/\/schema.org\/CreativeWork\" ><div class='avia_textblock'  itemprop=\"text\" ><p>As informa\u00e7\u00f5es contidas neste site n\u00e3o devem ser utilizadas como substituto para aconselhamento m\u00e9dico do seu m\u00e9dico. Sempre discuta informa\u00e7\u00f5es sobre diagn\u00f3stico e tratamento, incluindo riscos, com o seu m\u00e9dico. Lembre-se de que todos os resultados de tratamento s\u00e3o espec\u00edficos para o paciente individual. Os resultados podem variar.<\/p>\n<\/div><\/section><\/div>\n<div  class='hr av-n9xsdv-5b6f53ddb3491ac047e72f6282ceb0e7 hr-default  avia-builder-el-17  el_after_av_one_full  avia-builder-el-last '><span class='hr-inner '><span class=\"hr-inner-style\"><\/span><\/span><\/div>\n","protected":false},"excerpt":{"rendered":"","protected":false},"author":1,"featured_media":0,"parent":0,"menu_order":0,"comment_status":"closed","ping_status":"closed","template":"","meta":{"footnotes":""},"class_list":["post-15027","page","type-page","status-publish","hentry"],"_links":{"self":[{"href":"https:\/\/medifactia.com\/es\/wp-json\/wp\/v2\/pages\/15027","targetHints":{"allow":["GET"]}}],"collection":[{"href":"https:\/\/medifactia.com\/es\/wp-json\/wp\/v2\/pages"}],"about":[{"href":"https:\/\/medifactia.com\/es\/wp-json\/wp\/v2\/types\/page"}],"author":[{"embeddable":true,"href":"https:\/\/medifactia.com\/es\/wp-json\/wp\/v2\/users\/1"}],"replies":[{"embeddable":true,"href":"https:\/\/medifactia.com\/es\/wp-json\/wp\/v2\/comments?post=15027"}],"version-history":[{"count":3,"href":"https:\/\/medifactia.com\/es\/wp-json\/wp\/v2\/pages\/15027\/revisions"}],"predecessor-version":[{"id":15211,"href":"https:\/\/medifactia.com\/es\/wp-json\/wp\/v2\/pages\/15027\/revisions\/15211"}],"wp:attachment":[{"href":"https:\/\/medifactia.com\/es\/wp-json\/wp\/v2\/media?parent=15027"}],"curies":[{"name":"wp","href":"https:\/\/api.w.org\/{rel}","templated":true}]}}