{"id":15024,"date":"2023-04-19T21:00:07","date_gmt":"2023-04-19T19:00:07","guid":{"rendered":"https:\/\/medifactia.com\/es\/?page_id=15024"},"modified":"2024-04-25T09:38:00","modified_gmt":"2024-04-25T07:38:00","slug":"colon-transit-study","status":"publish","type":"page","link":"https:\/\/medifactia.com\/es\/colon-transit-study\/","title":{"rendered":"Colon Transit Study"},"content":{"rendered":"<div  class='flex_column av-3gsgptc-0b187791652b643c138c457c2b8fe525 av_one_full  avia-builder-el-0  el_before_av_one_full  avia-builder-el-first  first flex_column_div  '     ><style type=\"text\/css\" data-created_by=\"avia_inline_auto\" id=\"style-css-av-lgo248qo-f73995c1a567318d5fa8aafc3830d4fb\">\n.avia-image-container.av-lgo248qo-f73995c1a567318d5fa8aafc3830d4fb img.avia_image{\nbox-shadow:none;\n}\n.avia-image-container.av-lgo248qo-f73995c1a567318d5fa8aafc3830d4fb .av-image-caption-overlay-center{\ncolor:#ffffff;\n}\n<\/style>\n<div  class='avia-image-container av-lgo248qo-f73995c1a567318d5fa8aafc3830d4fb av-styling- avia-align-center  avia-builder-el-1  avia-builder-el-no-sibling '   itemprop=\"image\" itemscope=\"itemscope\" itemtype=\"https:\/\/schema.org\/ImageObject\" ><div class=\"avia-image-container-inner\"><div class=\"avia-image-overlay-wrap\"><img decoding=\"async\" fetchpriority=\"high\" class='wp-image-15073 avia-img-lazy-loading-not-15073 avia_image ' src=\"https:\/\/medifactia.com\/es\/wp-content\/uploads\/sites\/5\/2023\/06\/patient-doctor-2.jpg\" alt='' title='patient-doctor-2'  height=\"1282\" width=\"1920\"  itemprop=\"thumbnailUrl\" srcset=\"https:\/\/medifactia.com\/es\/wp-content\/uploads\/sites\/5\/2023\/06\/patient-doctor-2.jpg 1920w, https:\/\/medifactia.com\/es\/wp-content\/uploads\/sites\/5\/2023\/06\/patient-doctor-2-300x200.jpg 300w, https:\/\/medifactia.com\/es\/wp-content\/uploads\/sites\/5\/2023\/06\/patient-doctor-2-1030x688.jpg 1030w, https:\/\/medifactia.com\/es\/wp-content\/uploads\/sites\/5\/2023\/06\/patient-doctor-2-768x513.jpg 768w, https:\/\/medifactia.com\/es\/wp-content\/uploads\/sites\/5\/2023\/06\/patient-doctor-2-1536x1026.jpg 1536w, https:\/\/medifactia.com\/es\/wp-content\/uploads\/sites\/5\/2023\/06\/patient-doctor-2-1500x1002.jpg 1500w, https:\/\/medifactia.com\/es\/wp-content\/uploads\/sites\/5\/2023\/06\/patient-doctor-2-705x471.jpg 705w\" sizes=\"(max-width: 1920px) 100vw, 1920px\" \/><\/div><\/div><\/div><\/div>\n<div  class='flex_column av-35sjgj4-2c4d34c3c9497539d365a8a88605d09e av_one_full  avia-builder-el-2  el_after_av_one_full  el_before_av_one_full  first flex_column_div  column-top-margin'     ><p>\n<style type=\"text\/css\" data-created_by=\"avia_inline_auto\" id=\"style-css-av-lgo24iey-35e1ac2b474149bd6fd20c41637c561f\">\n#top .av-special-heading.av-lgo24iey-35e1ac2b474149bd6fd20c41637c561f{\npadding-bottom:10px;\n}\nbody .av-special-heading.av-lgo24iey-35e1ac2b474149bd6fd20c41637c561f .av-special-heading-tag .heading-char{\nfont-size:25px;\n}\n.av-special-heading.av-lgo24iey-35e1ac2b474149bd6fd20c41637c561f .av-subheading{\nfont-size:15px;\n}\n<\/style>\n<div  class='av-special-heading av-lgo24iey-35e1ac2b474149bd6fd20c41637c561f av-special-heading-h1 blockquote modern-quote  avia-builder-el-3  el_before_av_textblock  avia-builder-el-first '><h1 class='av-special-heading-tag '  itemprop=\"headline\"  >\u00bfQu\u00e9 es una exame de tr\u00e1nsito col\u00f3nico con Transit-Pellets?<\/h1><div class=\"special-heading-border\"><div class=\"special-heading-inner-border\"><\/div><\/div><\/div><br \/>\n<section  class='av_textblock_section av-lgo24xyt-991e7e48e932ec7ad288ad6bcf0554de '   itemscope=\"itemscope\" itemtype=\"https:\/\/schema.org\/CreativeWork\" ><div class='avia_textblock'  itemprop=\"text\" ><p>Una exame de tr\u00e1nsito col\u00f3nico con Transit-Pellets se utiliza a menudo en pacientes que sufren de estre\u00f1imiento cr\u00f3nico, diarrea cr\u00f3nica y \/ o s\u00edndrome del intestino irritable (IBS). El prop\u00f3sito de esta prueba es evaluar trastornos de la motilidad y c\u00f3mo la comida \/ heces pasan a trav\u00e9s del tracto gastrointestinal, ya sea r\u00e1pidamente o lentamente.<\/p>\n<p>La prueba implica que durante un per\u00edodo de seis d\u00edas, se ingieren siete c\u00e1psulas que contienen peque\u00f1os marcadores que pueden visualizarse con una radiograf\u00eda. Siguiendo el movimiento de los marcadores a trav\u00e9s del colon, el m\u00e9dico puede cuantificar la gravedad del problema. Los resultados pueden ser importantes para determinar la necesidad de otros procedimientos de examen y elegir opciones de tratamiento adecuadas.<\/p>\n<p>Las c\u00e1psulas y los marcadores est\u00e1n empaquetados de manera \u00fanica seg\u00fan el Transit-Pellets method, un m\u00e9todo simple validado para medir todo el espectro del tr\u00e1nsito col\u00f3nico de r\u00e1pido a lento.<\/p>\n<p>Consumir Transit-Pellets es seguro y los marcadores se eliminar\u00e1n del cuerpo con las heces y pueden ser eliminados con seguridad en el inodoro.<\/p>\n<\/div><\/section><\/p><\/div><div  class='flex_column av-2eod52o-8e4c5d6ca323515081f2575c517c9a37 av_one_full  avia-builder-el-5  el_after_av_one_full  el_before_av_one_full  first flex_column_div  column-top-margin'     ><p>\n<style type=\"text\/css\" data-created_by=\"avia_inline_auto\" id=\"style-css-av-lgo256y6-c8b9ed2bf7e948a5e3a24867aad317d2\">\n#top .av-special-heading.av-lgo256y6-c8b9ed2bf7e948a5e3a24867aad317d2{\npadding-bottom:10px;\n}\nbody .av-special-heading.av-lgo256y6-c8b9ed2bf7e948a5e3a24867aad317d2 .av-special-heading-tag .heading-char{\nfont-size:25px;\n}\n.av-special-heading.av-lgo256y6-c8b9ed2bf7e948a5e3a24867aad317d2 .av-subheading{\nfont-size:15px;\n}\n<\/style>\n<div  class='av-special-heading av-lgo256y6-c8b9ed2bf7e948a5e3a24867aad317d2 av-special-heading-h2 blockquote modern-quote  avia-builder-el-6  el_before_av_textblock  avia-builder-el-first '><h2 class='av-special-heading-tag '  itemprop=\"headline\"  >Cuando su m\u00e9dico puede recetar una exame de tr\u00e1nsito col\u00f3nico con Transit-Pellets<\/h2><div class=\"special-heading-border\"><div class=\"special-heading-inner-border\"><\/div><\/div><\/div><br \/>\n<section  class='av_textblock_section av-lgo25eld-547b1c17f8edcf91b2b6ecc42fe9ec37 '   itemscope=\"itemscope\" itemtype=\"https:\/\/schema.org\/CreativeWork\" ><div class='avia_textblock'  itemprop=\"text\" ><p>En general, el manejo inicial del estre\u00f1imiento a menudo incluye cambios en la dieta y el estilo de vida, as\u00ed como la prueba de laxantes de venta libre como agentes formadores de masa y carbohidratos no absorbibles. Si estos m\u00e9todos resultan ineficaces, se puede realizar una exame de tr\u00e1nsito col\u00f3nico utilizando c\u00e1psulas de Transit-Pellets. Algunos proveedores de atenci\u00f3n m\u00e9dica tambi\u00e9n pueden probar otras opciones de tratamiento, como laxantes salinos o medicamentos estimulantes de la motilidad, antes de recomendar una prueba de tr\u00e1nsito col\u00f3nico.<\/p>\n<\/div><\/section><\/p><\/div><\/p>\n<div  class='flex_column av-27bf8vk-3f20b9e48133095fa57ec6fcd4be0a5a av_one_full  avia-builder-el-8  el_after_av_one_full  el_before_av_hr  first flex_column_div  column-top-margin'     ><p>\n<style type=\"text\/css\" data-created_by=\"avia_inline_auto\" id=\"style-css-av-lgo25nsr-9f4f13b3fb8114130412190970639e6d\">\n#top .av-special-heading.av-lgo25nsr-9f4f13b3fb8114130412190970639e6d{\npadding-bottom:10px;\n}\nbody .av-special-heading.av-lgo25nsr-9f4f13b3fb8114130412190970639e6d .av-special-heading-tag .heading-char{\nfont-size:25px;\n}\n.av-special-heading.av-lgo25nsr-9f4f13b3fb8114130412190970639e6d .av-subheading{\nfont-size:15px;\n}\n<\/style>\n<div  class='av-special-heading av-lgo25nsr-9f4f13b3fb8114130412190970639e6d av-special-heading-h2 blockquote modern-quote  avia-builder-el-9  el_before_av_textblock  avia-builder-el-first '><h2 class='av-special-heading-tag '  itemprop=\"headline\"  >Breve historia<\/h2><div class=\"special-heading-border\"><div class=\"special-heading-inner-border\"><\/div><\/div><\/div><br \/>\n<section  class='av_textblock_section av-lgo25x63-42ad04ea3c8b94bf2d349d6855f704b7 '   itemscope=\"itemscope\" itemtype=\"https:\/\/schema.org\/CreativeWork\" ><div class='avia_textblock'  itemprop=\"text\" ><p>El uso de marcadores radiopacos ingeridos para evaluar el tr\u00e1nsito col\u00f3nico ha sido ampliamente aceptado desde que fue descrito por Hinton en 1969. La prueba a veces se conoce como \u201cHintons Method\u201d, pero tambi\u00e9n se conoce como la Colon Transit-Pellets test, Colonic Transit Markers Study, Radiopaque Markers Test, Radio-Opaque Markers Test, ROM Test o Bowel Motility Test. Medir el tiempo de tr\u00e1nsito col\u00f3nico con marcadores radiopacos se considera actualmente el m\u00e9todo m\u00e1s confiable y seguro evaluar trastornos gastrointestinales tanto en adultos como en ni\u00f1os.<\/p>\n<\/div><\/section><\/p><\/div><div  class='hr av-1tulyz4-233a4c406547ac00960c1e24270e747d hr-default  avia-builder-el-11  el_after_av_one_full  el_before_av_one_full '><span class='hr-inner '><span class=\"hr-inner-style\"><\/span><\/span><\/div><\/p>\n<div  class='flex_column av-1bm5fdc-61800fee5e9573fdb5753dba1549165b av_one_full  avia-builder-el-12  el_after_av_hr  el_before_av_hr  first flex_column_div  '     ><style type=\"text\/css\" data-created_by=\"avia_inline_auto\" id=\"style-css-av-lgo267hg-7c61ddbfe8333f8902f90aa0aef2b3bc\">\n#top .av_textblock_section.av-lgo267hg-7c61ddbfe8333f8902f90aa0aef2b3bc .avia_textblock{\nfont-size:13px;\n}\n<\/style>\n<section  class='av_textblock_section av-lgo267hg-7c61ddbfe8333f8902f90aa0aef2b3bc '   itemscope=\"itemscope\" itemtype=\"https:\/\/schema.org\/CreativeWork\" ><div class='avia_textblock'  itemprop=\"text\" ><p>As informa\u00e7\u00f5es contidas neste site n\u00e3o devem ser utilizadas como substituto para aconselhamento m\u00e9dico do seu m\u00e9dico. Sempre discuta informa\u00e7\u00f5es sobre diagn\u00f3stico e tratamento, incluindo riscos, com o seu m\u00e9dico. Lembre-se de que todos os resultados de tratamento s\u00e3o espec\u00edficos para o paciente individual. Os resultados podem variar.<\/p>\n<\/div><\/section><\/div>\n<div  class='hr av-j1ce1c-4517cc91b9601267c167117418f128b0 hr-default  avia-builder-el-14  el_after_av_one_full  avia-builder-el-last '><span class='hr-inner '><span class=\"hr-inner-style\"><\/span><\/span><\/div>\n","protected":false},"excerpt":{"rendered":"","protected":false},"author":1,"featured_media":0,"parent":0,"menu_order":0,"comment_status":"closed","ping_status":"closed","template":"","meta":{"footnotes":""},"class_list":["post-15024","page","type-page","status-publish","hentry"],"_links":{"self":[{"href":"https:\/\/medifactia.com\/es\/wp-json\/wp\/v2\/pages\/15024","targetHints":{"allow":["GET"]}}],"collection":[{"href":"https:\/\/medifactia.com\/es\/wp-json\/wp\/v2\/pages"}],"about":[{"href":"https:\/\/medifactia.com\/es\/wp-json\/wp\/v2\/types\/page"}],"author":[{"embeddable":true,"href":"https:\/\/medifactia.com\/es\/wp-json\/wp\/v2\/users\/1"}],"replies":[{"embeddable":true,"href":"https:\/\/medifactia.com\/es\/wp-json\/wp\/v2\/comments?post=15024"}],"version-history":[{"count":4,"href":"https:\/\/medifactia.com\/es\/wp-json\/wp\/v2\/pages\/15024\/revisions"}],"predecessor-version":[{"id":15192,"href":"https:\/\/medifactia.com\/es\/wp-json\/wp\/v2\/pages\/15024\/revisions\/15192"}],"wp:attachment":[{"href":"https:\/\/medifactia.com\/es\/wp-json\/wp\/v2\/media?parent=15024"}],"curies":[{"name":"wp","href":"https:\/\/api.w.org\/{rel}","templated":true}]}}