{"id":15102,"date":"2023-08-09T12:06:20","date_gmt":"2023-08-09T10:06:20","guid":{"rendered":"https:\/\/medifactia.com\/de\/gastrointestinal-disorders\/"},"modified":"2023-08-09T14:17:47","modified_gmt":"2023-08-09T12:17:47","slug":"gastrointestinal-disorders","status":"publish","type":"page","link":"https:\/\/medifactia.com\/de\/gastrointestinal-disorders\/","title":{"rendered":"Gastrointestinal Disorders"},"content":{"rendered":"<div  class='flex_column av-vcawky-18c8b3091d7005a1ca2a1950ce3b99ce av_one_full  avia-builder-el-0  el_before_av_one_full  avia-builder-el-first  first flex_column_div  '     ><style type=\"text\/css\" data-created_by=\"avia_inline_auto\" id=\"style-css-av-ll3mun2f-1ad3307a97f9fed1709524694a3a4431\">\n.avia-image-container.av-ll3mun2f-1ad3307a97f9fed1709524694a3a4431 img.avia_image{\nbox-shadow:none;\n}\n.avia-image-container.av-ll3mun2f-1ad3307a97f9fed1709524694a3a4431 .av-image-caption-overlay-center{\ncolor:#ffffff;\n}\n<\/style>\n<div  class='avia-image-container av-ll3mun2f-1ad3307a97f9fed1709524694a3a4431 av-styling- avia-align-center  avia-builder-el-1  avia-builder-el-no-sibling '   itemprop=\"image\" itemscope=\"itemscope\" itemtype=\"https:\/\/schema.org\/ImageObject\" ><div class=\"avia-image-container-inner\"><div class=\"avia-image-overlay-wrap\"><img decoding=\"async\" fetchpriority=\"high\" class='wp-image- avia-img-lazy-loading-not- avia_image ' src=\"https:\/\/medifactia.com\/wp-content\/uploads\/2023\/08\/Man_Toilet-scaled.jpg\" alt='' title=''   itemprop=\"thumbnailUrl\"  \/><\/div><\/div><\/div><\/div>\n<div  class='flex_column av-w7sqhe-d5fa4e22da3a538d13f5d1a26f7242b8 av_one_full  avia-builder-el-2  el_after_av_one_full  el_before_av_one_full  first flex_column_div  column-top-margin'     ><p>\n<style type=\"text\/css\" data-created_by=\"avia_inline_auto\" id=\"style-css-av-ll3mj5e5-93b17d748983e4323f677fb48bb29ca3\">\n#top .av-special-heading.av-ll3mj5e5-93b17d748983e4323f677fb48bb29ca3{\npadding-bottom:10px;\n}\nbody .av-special-heading.av-ll3mj5e5-93b17d748983e4323f677fb48bb29ca3 .av-special-heading-tag .heading-char{\nfont-size:25px;\n}\n.av-special-heading.av-ll3mj5e5-93b17d748983e4323f677fb48bb29ca3 .av-subheading{\nfont-size:15px;\n}\n<\/style>\n<div  class='av-special-heading av-ll3mj5e5-93b17d748983e4323f677fb48bb29ca3 av-special-heading-h1 blockquote modern-quote  avia-builder-el-3  el_before_av_textblock  avia-builder-el-first '><h1 class='av-special-heading-tag '  itemprop=\"headline\"  >Funktionelle gastrointestinale St\u00f6rungen (FGID)<\/h1><div class=\"special-heading-border\"><div class=\"special-heading-inner-border\"><\/div><\/div><\/div><br \/>\n<section  class='av_textblock_section av-ll3mjwks-3ed552d8431f93f0aaa92fa83a1eef94 '   itemscope=\"itemscope\" itemtype=\"https:\/\/schema.org\/CreativeWork\" ><div class='avia_textblock'  itemprop=\"text\" ><p>Funktionelle gastrointestinale St\u00f6rungen werden durch chronische (langanhaltende) GI-Symptome charakterisiert, die aufgrund der Funktion oder Dysfunktion des Verdauungssystems auftreten. Funktionelle gastrointestinale und Motilit\u00e4tsst\u00f6rungen sind die h\u00e4ufigsten gastrointestinalen Probleme in der allgemeinen Bev\u00f6lkerung. Es wird gesch\u00e4tzt, dass etwa 1 von 4 Personen oder sogar mehr mit diesen Problemen konfrontiert sein k\u00f6nnten. Diese Bedingungen machen etwa 40% der GI-Probleme aus, bei denen \u00c4rzte und Therapeuten Patienten helfen.<\/p>\n<p>Der Begriff \u201dfunktionell\u201d wird normalerweise verwendet, um St\u00f6rungen zu beschreiben, bei denen die regul\u00e4ren Funktionen der Darmbewegung, die Empfindlichkeit der Darmnerven oder die Kontrolle des Gehirns \u00fcber diese Aktivit\u00e4ten gest\u00f6rt sind.<\/p>\n<p>Einige der h\u00e4ufigsten funktionellen gastrointestinale St\u00f6rungen sind funktionelle Verstopfung, funktioneller Durchfall und das Reizdarmsyndrom (IBS).<\/p>\n<\/div><\/section><\/p><\/div><div  class='flex_column av-1jtmvde-84260a62ab92da9de2ba17cb9d8eef8a av_one_full  avia-builder-el-5  el_after_av_one_full  el_before_av_one_full  first flex_column_div  column-top-margin'     ><p>\n<style type=\"text\/css\" data-created_by=\"avia_inline_auto\" id=\"style-css-av-ll3ml4jh-d5407af608c8edd7f947e8263864db51\">\n#top .av-special-heading.av-ll3ml4jh-d5407af608c8edd7f947e8263864db51{\npadding-bottom:10px;\n}\nbody .av-special-heading.av-ll3ml4jh-d5407af608c8edd7f947e8263864db51 .av-special-heading-tag .heading-char{\nfont-size:25px;\n}\n.av-special-heading.av-ll3ml4jh-d5407af608c8edd7f947e8263864db51 .av-subheading{\nfont-size:15px;\n}\n<\/style>\n<div  class='av-special-heading av-ll3ml4jh-d5407af608c8edd7f947e8263864db51 av-special-heading-h2 blockquote modern-quote  avia-builder-el-6  el_before_av_textblock  avia-builder-el-first '><h2 class='av-special-heading-tag '  itemprop=\"headline\"  >Chronischer Verstopfung <\/h2><div class=\"special-heading-border\"><div class=\"special-heading-inner-border\"><\/div><\/div><\/div><br \/>\n<section  class='av_textblock_section av-ll3mm5zg-20b4496a7c9646f5e26187d06eb79991 '   itemscope=\"itemscope\" itemtype=\"https:\/\/schema.org\/CreativeWork\" ><div class='avia_textblock'  itemprop=\"text\" ><p>Chronische Verstopfung bezieht sich auf das anhaltende Auftreten von seltenen Stuhlg\u00e4ngen oder dem erschwerten Abgang von Stuhl \u00fcber einen l\u00e4ngeren Zeitraum, der in der Regel mehrere Wochen oder l\u00e4nger dauert. Oft zeichnet sie sich dadurch aus, dass weniger als drei Stuhlg\u00e4nge pro Woche erfolgen. Gelegentliche Verstopfung ist ein h\u00e4ufiges Problem sowohl bei Erwachsenen als auch bei Kindern, und einige Personen leiden unter chronischer Verstopfung, die sich negativ auf ihre Lebensqualit\u00e4t auswirken kann.<\/p>\n<p>Anzeichen und Symptome von chronischer Verstopfung sind:<\/p>\n<ul>\n<li>Weniger als drei Stuhlg\u00e4nge pro Woche<\/li>\n<li>Klumpige oder harte St\u00fchle<\/li>\n<li>Anstrengung w\u00e4hrend des Stuhlgangs<\/li>\n<li>Gef\u00fchl einer Blockade im Rektum, die den Stuhlgang behindert<\/li>\n<li>Gef\u00fchl der unvollst\u00e4ndigen Entleerung des Rektums nach einem Stuhlgang<\/li>\n<li>Hilfe ben\u00f6tigen, um das Rektum zu entleeren, was das Dr\u00fccken auf den Bauch oder manuelles Entfernen von Stuhl mit einem Finger einschlie\u00dfen kann<\/li>\n<\/ul>\n<p>Verstopfung kann als chronisch eingestuft werden, wenn Sie zwei oder mehr dieser Symptome \u00fcber die letzten drei Monate hinweg beharrlich erlebt haben. Verstopfung, die langfristig (chronisch) ist oder immer wiederkehrt, erfordert mehr Aufwand bei der Diagnose und Behandlung.<\/p>\n<\/div><\/section><\/p><\/div><div  class='flex_column av-10x8p8y-a287594219392dd62ffb17dd326eb404 av_one_full  avia-builder-el-8  el_after_av_one_full  el_before_av_one_full  first flex_column_div  column-top-margin'     ><p>\n<style type=\"text\/css\" data-created_by=\"avia_inline_auto\" id=\"style-css-av-ll3mmuxz-2c767c999615e99332df305c21f74755\">\n#top .av-special-heading.av-ll3mmuxz-2c767c999615e99332df305c21f74755{\npadding-bottom:10px;\n}\nbody .av-special-heading.av-ll3mmuxz-2c767c999615e99332df305c21f74755 .av-special-heading-tag .heading-char{\nfont-size:25px;\n}\n.av-special-heading.av-ll3mmuxz-2c767c999615e99332df305c21f74755 .av-subheading{\nfont-size:15px;\n}\n<\/style>\n<div  class='av-special-heading av-ll3mmuxz-2c767c999615e99332df305c21f74755 av-special-heading-h2 blockquote modern-quote  avia-builder-el-9  el_before_av_textblock  avia-builder-el-first '><h2 class='av-special-heading-tag '  itemprop=\"headline\"  >Durchfall<\/h2><div class=\"special-heading-border\"><div class=\"special-heading-inner-border\"><\/div><\/div><\/div><br \/>\n<section  class='av_textblock_section av-ll3mngxy-e393a0b3bce92c488ac3043db6d52eaf '   itemscope=\"itemscope\" itemtype=\"https:\/\/schema.org\/CreativeWork\" ><div class='avia_textblock'  itemprop=\"text\" ><p>Durchfall ist ein h\u00e4ufig auftretender Zustand, der sich durch h\u00e4ufigen Stuhlgang mit lockerem oder w\u00e4ssrigem Stuhl auszeichnet. Es kann unabh\u00e4ngig auftreten oder neben anderen Symptomen wie \u00dcbelkeit, Erbrechen, Bauchschmerzen oder Gewichtsverlust auftreten. Akuter Durchfall verschwindet innerhalb weniger Wochen und wird chronisch, wenn er l\u00e4nger als 3-4 Wochen andauert. Wenn nach gr\u00fcndlicher Untersuchung keine spezifische Ursache gefunden wird und bestimmte Kriterien erf\u00fcllt sind, kann eine Diagnose von funktionellem oder chronischem Durchfall in Betracht gezogen werden.<\/p>\n<\/div><\/section><\/p><\/div><div  class='flex_column av-odeu9e-1af2c6b1ea3ecce6454987834f5d3f60 av_one_full  avia-builder-el-11  el_after_av_one_full  el_before_av_hr  first flex_column_div  column-top-margin'     ><p>\n<style type=\"text\/css\" data-created_by=\"avia_inline_auto\" id=\"style-css-av-ll3mnsx7-4b776f8731cc1928704b7fc18bab4dcb\">\n#top .av-special-heading.av-ll3mnsx7-4b776f8731cc1928704b7fc18bab4dcb{\npadding-bottom:10px;\n}\nbody .av-special-heading.av-ll3mnsx7-4b776f8731cc1928704b7fc18bab4dcb .av-special-heading-tag .heading-char{\nfont-size:25px;\n}\n.av-special-heading.av-ll3mnsx7-4b776f8731cc1928704b7fc18bab4dcb .av-subheading{\nfont-size:15px;\n}\n<\/style>\n<div  class='av-special-heading av-ll3mnsx7-4b776f8731cc1928704b7fc18bab4dcb av-special-heading-h2 blockquote modern-quote  avia-builder-el-12  el_before_av_textblock  avia-builder-el-first '><h2 class='av-special-heading-tag '  itemprop=\"headline\"  >Reizdarmsyndrom (IBS)<\/h2><div class=\"special-heading-border\"><div class=\"special-heading-inner-border\"><\/div><\/div><\/div><br \/>\n<section  class='av_textblock_section av-ll3moucw-012d68b4daff8778833aa2ef186ded39 '   itemscope=\"itemscope\" itemtype=\"https:\/\/schema.org\/CreativeWork\" ><div class='avia_textblock'  itemprop=\"text\" ><p>Das Reizdarmsyndrom (IBS) ist eine h\u00e4ufige St\u00f6rung, die den Magen und den Darm, auch als Verdauungstrakt bekannt, betrifft. Die Symptome umfassen Kr\u00e4mpfe, Bauchschmerzen, Bl\u00e4hungen sowie abwechselnde Episoden von Durchfall und Verstopfung oder manchmal beides. IBS ist eine chronische Erkrankung, die eine langfristige Behandlung erfordert, um die Symptome effektiv zu behandeln. Eine bedeutende Anzahl von Menschen mit m\u00e4\u00dfigem bis schwerem IBS berichten \u00fcber eine schlechte Lebensqualit\u00e4t.<\/p>\n<p>Die Symptome von IBS k\u00f6nnen variieren und neigen dazu, \u00fcber einen l\u00e4ngeren Zeitraum anzuhalten. Die h\u00e4ufigsten Symptome sind:<\/p>\n<ul>\n<li>Bauchschmerzen, Kr\u00e4mpfe oder Bl\u00e4hungen in Verbindung mit dem Stuhlgang<\/li>\n<li>Ver\u00e4nderungen im Aussehen des Stuhlgangs<\/li>\n<li>Ver\u00e4nderungen in der H\u00e4ufigkeit des Stuhlgangs<\/li>\n<\/ul>\n<p>Andere damit verbundene Symptome k\u00f6nnen ein Gef\u00fchl der unvollst\u00e4ndigen Entleerung und vermehrtes Gas oder Schleim im Stuhl sein.<\/p>\n<p>Es gibt vier Arten von Reizdarmsyndrom (IBS). Jede Art ist nach ihren h\u00e4ufigsten Beschwerden benannt, einschlie\u00dflich des \u00fcberwiegend verstopfungsgepr\u00e4gten Reizdarmsyndroms (IBS-C), des \u00fcberwiegend durchfallgepr\u00e4gten Reizdarmsyndroms (IBS-D), des gemischten Typs des Reizdarmsyndroms (IBS-M) und des nicht klassifizierten Reizdarmsyndroms.<\/p>\n<\/div><\/section><\/p><\/div><div  class='hr av-5bf71u-0fc17794266e30ad9cc5c4260e9df573 hr-default  avia-builder-el-14  el_after_av_one_full  el_before_av_one_full '><span class='hr-inner '><span class=\"hr-inner-style\"><\/span><\/span><\/div><\/p>\n<div  class='flex_column av-16qxkia-ddb7daef80a5c3df972f5cad8e8e623c av_one_full  avia-builder-el-15  el_after_av_hr  el_before_av_hr  first flex_column_div  '     ><style type=\"text\/css\" data-created_by=\"avia_inline_auto\" id=\"style-css-av-ll3mqg6q-be652d1d2a197a30b775dc39a62b89c8\">\n#top .av_textblock_section.av-ll3mqg6q-be652d1d2a197a30b775dc39a62b89c8 .avia_textblock{\nfont-size:13px;\n}\n<\/style>\n<section  class='av_textblock_section av-ll3mqg6q-be652d1d2a197a30b775dc39a62b89c8 '   itemscope=\"itemscope\" itemtype=\"https:\/\/schema.org\/CreativeWork\" ><div class='avia_textblock'  itemprop=\"text\" ><p>Die Informationen auf dieser Website sollten nicht als Ersatz f\u00fcr medizinischen Rat von Ihrem Arzt verwendet werden. Besprechen Sie immer Diagnose- und Behandlungsinformationen einschlie\u00dflich Risiken mit Ihrem Arzt. Beachten Sie, dass alle Behandlungs- und Ergebnisergebnisse spezifisch f\u00fcr den einzelnen Patienten sind. Ergebnisse k\u00f6nnen variieren.<\/p>\n<\/div><\/section><\/div><div  class='hr av-rtsaj6-d528e2842421b0c713aa5dafb313b352 hr-default  avia-builder-el-17  el_after_av_one_full  el_before_av_one_full '><span class='hr-inner '><span class=\"hr-inner-style\"><\/span><\/span><\/div><\/p>\n<div  class='flex_column av-jpilo2-80d69019b04e3fe061eaa22def74707d av_one_full  avia-builder-el-18  el_after_av_hr  avia-builder-el-last  first flex_column_div  '     ><style type=\"text\/css\" data-created_by=\"avia_inline_auto\" id=\"style-css-av-ll3msqtb-33b63a6eac43cd7ee4bdd225ddc31726\">\n#top .av_textblock_section.av-ll3msqtb-33b63a6eac43cd7ee4bdd225ddc31726 .avia_textblock{\nfont-size:12px;\ncolor:#707070;\n}\n<\/style>\n<section  class='av_textblock_section av-ll3msqtb-33b63a6eac43cd7ee4bdd225ddc31726 '   itemscope=\"itemscope\" itemtype=\"https:\/\/schema.org\/CreativeWork\" ><div class='avia_textblock av_inherit_color'  itemprop=\"text\" ><p>Aziz, I., Whitehead, W.E., Palsson, O., T\u00f6rnblom, H. &amp; Simr\u00e9n, M. (2020). Expert Review of Gastroenterology &amp; Hepatology. An approach to the diagnosis and management of Rome IV functional disorders of chronic constipation [electronic version]. Taylor &amp; Francis Group, Vol. no. 14, 1-8.<\/p>\n<p>Drossman DA., et al. (2016). Rome IV, the functional gastrointestinal disorders. Gastroenterology. Vol. 150:1262-1279.<\/p>\n<p>Keller, J., Bassotti, G., Clarke, J., et al. (2018). EXPERT CONSENCUS DOCUMENT. Advances in the diagnosis and classification of gastric and intestinal motility disorders [electronic version]. Nat Rev Gastroenterol Hepatol., Vol. 15(5), 291-308.<\/p>\n<p>Sperber, AD., et al. (2021). Worldwide Prevalence and Burden of Functional Gastrointestinal Disorders, Results of Rome Foundation Global Study. Gastroenterology. Vol. 160:99-114.<\/p>\n<\/div><\/section><\/div>\n","protected":false},"excerpt":{"rendered":"","protected":false},"author":1,"featured_media":0,"parent":0,"menu_order":0,"comment_status":"closed","ping_status":"closed","template":"","meta":{"footnotes":""},"class_list":["post-15102","page","type-page","status-publish","hentry"],"_links":{"self":[{"href":"https:\/\/medifactia.com\/de\/wp-json\/wp\/v2\/pages\/15102","targetHints":{"allow":["GET"]}}],"collection":[{"href":"https:\/\/medifactia.com\/de\/wp-json\/wp\/v2\/pages"}],"about":[{"href":"https:\/\/medifactia.com\/de\/wp-json\/wp\/v2\/types\/page"}],"author":[{"embeddable":true,"href":"https:\/\/medifactia.com\/de\/wp-json\/wp\/v2\/users\/1"}],"replies":[{"embeddable":true,"href":"https:\/\/medifactia.com\/de\/wp-json\/wp\/v2\/comments?post=15102"}],"version-history":[{"count":2,"href":"https:\/\/medifactia.com\/de\/wp-json\/wp\/v2\/pages\/15102\/revisions"}],"predecessor-version":[{"id":15103,"href":"https:\/\/medifactia.com\/de\/wp-json\/wp\/v2\/pages\/15102\/revisions\/15103"}],"wp:attachment":[{"href":"https:\/\/medifactia.com\/de\/wp-json\/wp\/v2\/media?parent=15102"}],"curies":[{"name":"wp","href":"https:\/\/api.w.org\/{rel}","templated":true}]}}