{"id":14992,"date":"2023-04-19T19:53:13","date_gmt":"2023-04-19T17:53:13","guid":{"rendered":"https:\/\/medifactia.com\/de\/?page_id=14992"},"modified":"2026-02-11T13:32:50","modified_gmt":"2026-02-11T12:32:50","slug":"instructions","status":"publish","type":"page","link":"https:\/\/medifactia.com\/de\/instructions\/","title":{"rendered":"Instructions"},"content":{"rendered":"<div  class='flex_column av-cjwlwi8-aba78f8bc25e2c5104a6cf9fb39e4acb av_one_full  avia-builder-el-0  el_before_av_one_full  avia-builder-el-first  first flex_column_div  '     ><div  class='avia-video av-c53osxc-a6bf56c2c4db934b825c367f76582c87 avia-video-16-9 av-no-preview-image avia-video-load-always av-lazyload-immediate av-lazyload-video-embed'  itemprop=\"video\" itemtype=\"https:\/\/schema.org\/VideoObject\"  data-original_url='https:\/\/vimeo.com\/796097857'><script type='text\/html' class='av-video-tmpl'><div class='avia-iframe-wrap'><iframe loading=\"lazy\" title=\"Medifactia video 1 2023 ENG.mp4\" src=\"https:\/\/player.vimeo.com\/video\/796097857?h=911af83fab&amp;dnt=1&amp;app_id=122963&autoplay=0&loop=0&controls=1&muted=0\" width=\"1500\" height=\"844\" frameborder=\"0\" allow=\"autoplay; fullscreen; picture-in-picture\" allowfullscreen><\/iframe><\/div><\/script><div class='av-click-to-play-overlay'><div class=\"avia_playpause_icon\"><\/div><\/div><\/div><\/div>\n<div  class='flex_column av-bor7yls-5fdb515b9208fb38fa594c399aaa647b av_one_full  avia-builder-el-2  el_after_av_one_full  el_before_av_one_full  first flex_column_div  column-top-margin'     ><p>\n<style type=\"text\/css\" data-created_by=\"avia_inline_auto\" id=\"style-css-av-lgnzo876-4562f8ab0a995859ca6f3cfb15d6e829\">\n#top .av-special-heading.av-lgnzo876-4562f8ab0a995859ca6f3cfb15d6e829{\npadding-bottom:10px;\n}\nbody .av-special-heading.av-lgnzo876-4562f8ab0a995859ca6f3cfb15d6e829 .av-special-heading-tag .heading-char{\nfont-size:25px;\n}\n.av-special-heading.av-lgnzo876-4562f8ab0a995859ca6f3cfb15d6e829 .av-subheading{\nfont-size:15px;\n}\n<\/style>\n<div  class='av-special-heading av-lgnzo876-4562f8ab0a995859ca6f3cfb15d6e829 av-special-heading-h1 blockquote modern-quote  avia-builder-el-3  el_before_av_textblock  avia-builder-el-first '><h1 class='av-special-heading-tag '  itemprop=\"headline\"  >Anweisungen zur korrekten Verwendung von Transit-Pellets<\/h1><div class=\"special-heading-border\"><div class=\"special-heading-inner-border\"><\/div><\/div><\/div><br \/>\n<section  class='av_textblock_section av-lgnzoz9r-a79c61a36f0cb29b083c31eff6ddbcd0 '   itemscope=\"itemscope\" itemtype=\"https:\/\/schema.org\/CreativeWork\" ><div class='avia_textblock'  itemprop=\"text\" ><p>Transit-Pellets werden von \u00c4rzten f\u00fcr den Einsatz in der h\u00e4uslichen Umgebung verschrieben.<br \/>\nAn sechs aufeinander folgenden Tagen schluckt man Transit-Pellets-Marker, die in sieben HPMC-Kapseln enthalten sind, gefolgt von einer Bauchr\u00f6ntgenuntersuchung am siebten Tag.<\/p>\n<p>Um eine korrekte und sichere Verwendung von Transit-Pellets zu gew\u00e4hrleisten, ist es wichtig, die Gebrauchsanweisung f\u00fcr Transit-Pellets sorgf\u00e4ltig zu lesen, bevor die Verwendung begonnen wird. Sie k\u00f6nnen es direkt \u00fcber <a href=\"https:\/\/medifactia.com\/wp-content\/uploads\/2026\/02\/0074-IFU-International-ver05.pdf\" target=\"_blank\" rel=\"noopener\">DIESEN LINK<\/a> herunterladen. Bitte beachten Sie, dass die Anleitung ge\u00e4ndert werden kann. Die neueste Version ist immer auf dieser Seite verf\u00fcgbar.<\/p>\n<\/div><\/section><\/p><\/div><div  class='flex_column av-b6ncgcw-96b9b66cc6b980927ddf704a0c37a117 av_one_full  avia-builder-el-5  el_after_av_one_full  el_before_av_hr  first flex_column_div  column-top-margin'     ><p>\n<style type=\"text\/css\" data-created_by=\"avia_inline_auto\" id=\"style-css-av-anj5i7k-4ff53ac58c8a692be114d79a90d11539\">\n#top .av-special-heading.av-anj5i7k-4ff53ac58c8a692be114d79a90d11539{\npadding-bottom:10px;\n}\nbody .av-special-heading.av-anj5i7k-4ff53ac58c8a692be114d79a90d11539 .av-special-heading-tag .heading-char{\nfont-size:25px;\n}\n.av-special-heading.av-anj5i7k-4ff53ac58c8a692be114d79a90d11539 .av-subheading{\nfont-size:15px;\n}\n<\/style>\n<div  class='av-special-heading av-anj5i7k-4ff53ac58c8a692be114d79a90d11539 av-special-heading-h2 blockquote modern-quote  avia-builder-el-6  el_before_av_textblock  avia-builder-el-first '><h2 class='av-special-heading-tag '  itemprop=\"headline\"  >Sichern Sie genaue Ergebnisse: Befolgen Sie die vorgeschriebenen Anweisungen<\/h2><div class=\"special-heading-border\"><div class=\"special-heading-inner-border\"><\/div><\/div><\/div><br \/>\n<section  class='av_textblock_section av-lgnzpuve-21bdd9d0720ede6311fa4f86ebca449a '   itemscope=\"itemscope\" itemtype=\"https:\/\/schema.org\/CreativeWork\" ><div class='avia_textblock'  itemprop=\"text\" ><p><img decoding=\"async\" class=\"alignright size-full wp-image-15198\" style=\"margin-left: 25px; margin-bottom: 30px;\" src=\"https:\/\/medifactia.com\/us\/wp-content\/uploads\/sites\/2\/2023\/02\/Transit-Pellets-Blister-gray.png\" alt=\"\" width=\"120\" \/>Es ist wichtig, die verschriebenen Dosieranweisungen f\u00fcr die Marker zu befolgen, um genaue Ergebnisse zu gew\u00e4hrleisten. Eine Transit-Pellets-Kapsel sollte von Tag eins bis Tag f\u00fcnf t\u00e4glich eingenommen werden. Am sechsten Tag sollte eine Kapsel am Morgen eingenommen werden, die als \u201c6:1\u201d bezeichnet wird, und eine Kapsel am Abend, die als \u201c6:2\u201d bezeichnet wird.<\/p>\n<p>Um die Genauigkeit der Messung zu gew\u00e4hrleisten, ist es wichtig, die radiologische Untersuchung zum richtigen Zeitpunkt im Verh\u00e4ltnis zur letzten Marker-Dosis am sechsten Tag, die als \u201c6:2\u201d bezeichnet wird, zu planen. Das bedeutet, dass das R\u00f6ntgen ungef\u00e4hr 12 Stunden nach der letzten Marker-Dosis am Abend des sechsten Tages geplant werden sollte. Die folgende Tabelle bietet eine hilfreiche Referenz.<\/p>\n<\/div><\/section><br \/>\n<div class='avia-data-table-wrap av-ailfm4w-d9c0dfc1660417feab862b33e81d1de4 avia_responsive_table avia-table-1'><table  class='avia-table avia-data-table avia_pricing_default  avia-builder-el-8  el_after_av_textblock  avia-builder-el-last '  itemscope=\"itemscope\" itemtype=\"https:\/\/schema.org\/Table\" ><tbody><tr class='avia-heading-row'><th class=''>Tag 1 (Kapsel 1 schlucken)<\/th><th class=''>Tag 7 (R\u00f6ntgen)<\/th><\/tr><tr class=''><td class=''>Dienstag<\/td><td class=''>Montag<\/td><\/tr><tr class=''><td class=''>Mittwoch<\/td><td class=''>Dienstag<\/td><\/tr><tr class=''><td class=''>Donnerstag<\/td><td class=''>Mittwoch<\/td><\/tr><tr class=''><td class=''>Freitag<\/td><td class=''>Donnerstag<\/td><\/tr><tr class=''><td class=''>Samstag<\/td><td class=''>Freitag<\/td><\/tr><\/tbody><\/table><\/div><style type='text\/css'>.avia-table-1 td:nth-of-type(1):before { content: 'Tag 1 (Kapsel 1 schlucken)'; } .avia-table-1 td:nth-of-type(2):before { content: 'Tag 7 (R\u00f6ntgen)'; } <\/style><\/p><\/div><\/p>\n<div  class='hr av-6bsrm8-043d93d86c74f9026aada6545ad6ad0b hr-default  avia-builder-el-9  el_after_av_one_full  el_before_av_one_full '><span class='hr-inner '><span class=\"hr-inner-style\"><\/span><\/span><\/div>\n<div  class='flex_column av-155nnm8-c9d5f4d1ef4d054d29ecf126e15b2ca6 av_one_full  avia-builder-el-10  el_after_av_hr  el_before_av_hr  first flex_column_div  '     ><style type=\"text\/css\" data-created_by=\"avia_inline_auto\" id=\"style-css-av-lgnzq7tv-0e83de1203dfa999c353cfbd2ea6c9dc\">\n#top .av_textblock_section.av-lgnzq7tv-0e83de1203dfa999c353cfbd2ea6c9dc .avia_textblock{\nfont-size:13px;\n}\n<\/style>\n<section  class='av_textblock_section av-lgnzq7tv-0e83de1203dfa999c353cfbd2ea6c9dc '   itemscope=\"itemscope\" itemtype=\"https:\/\/schema.org\/CreativeWork\" ><div class='avia_textblock'  itemprop=\"text\" ><p>Die Informationen auf dieser Website sollten nicht als Ersatz f\u00fcr medizinischen Rat von Ihrem Arzt verwendet werden. Besprechen Sie immer Diagnose- und Behandlungsinformationen einschlie\u00dflich Risiken mit Ihrem Arzt. Beachten Sie, dass alle Behandlungs- und Ergebnisergebnisse spezifisch f\u00fcr den einzelnen Patienten sind. Ergebnisse k\u00f6nnen variieren.<\/p>\n<\/div><\/section><\/div>\n<div  class='hr av-l134eo-ca898e690ee081c4bbb8e71d925c0e5c hr-default  avia-builder-el-12  el_after_av_one_full  avia-builder-el-last '><span class='hr-inner '><span class=\"hr-inner-style\"><\/span><\/span><\/div>\n","protected":false},"excerpt":{"rendered":"","protected":false},"author":1,"featured_media":0,"parent":0,"menu_order":0,"comment_status":"closed","ping_status":"closed","template":"","meta":{"footnotes":""},"class_list":["post-14992","page","type-page","status-publish","hentry"],"_links":{"self":[{"href":"https:\/\/medifactia.com\/de\/wp-json\/wp\/v2\/pages\/14992","targetHints":{"allow":["GET"]}}],"collection":[{"href":"https:\/\/medifactia.com\/de\/wp-json\/wp\/v2\/pages"}],"about":[{"href":"https:\/\/medifactia.com\/de\/wp-json\/wp\/v2\/types\/page"}],"author":[{"embeddable":true,"href":"https:\/\/medifactia.com\/de\/wp-json\/wp\/v2\/users\/1"}],"replies":[{"embeddable":true,"href":"https:\/\/medifactia.com\/de\/wp-json\/wp\/v2\/comments?post=14992"}],"version-history":[{"count":4,"href":"https:\/\/medifactia.com\/de\/wp-json\/wp\/v2\/pages\/14992\/revisions"}],"predecessor-version":[{"id":15173,"href":"https:\/\/medifactia.com\/de\/wp-json\/wp\/v2\/pages\/14992\/revisions\/15173"}],"wp:attachment":[{"href":"https:\/\/medifactia.com\/de\/wp-json\/wp\/v2\/media?parent=14992"}],"curies":[{"name":"wp","href":"https:\/\/api.w.org\/{rel}","templated":true}]}}