{"id":14987,"date":"2023-04-19T19:48:28","date_gmt":"2023-04-19T17:48:28","guid":{"rendered":"https:\/\/medifactia.com\/de\/?page_id=14987"},"modified":"2026-02-11T08:44:35","modified_gmt":"2026-02-11T07:44:35","slug":"colon-transit-markers","status":"publish","type":"page","link":"https:\/\/medifactia.com\/de\/colon-transit-markers\/","title":{"rendered":"Colon Transit Markers"},"content":{"rendered":"<div  class='flex_column av-4rizpcb-3e15c5f0226e7fffa10a28d310b5254b av_one_full  avia-builder-el-0  el_before_av_one_full  avia-builder-el-first  first flex_column_div  '     ><style type=\"text\/css\" data-created_by=\"avia_inline_auto\" id=\"style-css-av-lgnzidki-a8a39a3df288e9760a37d6593180de9c\">\n.avia-image-container.av-lgnzidki-a8a39a3df288e9760a37d6593180de9c img.avia_image{\nbox-shadow:none;\n}\n.avia-image-container.av-lgnzidki-a8a39a3df288e9760a37d6593180de9c .av-image-caption-overlay-center{\ncolor:#ffffff;\n}\n<\/style>\n<div  class='avia-image-container av-lgnzidki-a8a39a3df288e9760a37d6593180de9c av-styling- avia-align-center  avia-builder-el-1  avia-builder-el-no-sibling '   itemprop=\"image\" itemscope=\"itemscope\" itemtype=\"https:\/\/schema.org\/ImageObject\" ><div class=\"avia-image-container-inner\"><div class=\"avia-image-overlay-wrap\"><img decoding=\"async\" fetchpriority=\"high\" class='wp-image-14988 avia-img-lazy-loading-not-14988 avia_image ' src=\"https:\/\/medifactia.com\/de\/wp-content\/uploads\/sites\/14\/2023\/04\/medifactia-TP-Infinit.jpg\" alt='' title='medifactia-TP-Infinit'  height=\"996\" width=\"1500\"  itemprop=\"thumbnailUrl\" srcset=\"https:\/\/medifactia.com\/de\/wp-content\/uploads\/sites\/14\/2023\/04\/medifactia-TP-Infinit.jpg 1500w, https:\/\/medifactia.com\/de\/wp-content\/uploads\/sites\/14\/2023\/04\/medifactia-TP-Infinit-300x199.jpg 300w, https:\/\/medifactia.com\/de\/wp-content\/uploads\/sites\/14\/2023\/04\/medifactia-TP-Infinit-1030x684.jpg 1030w, https:\/\/medifactia.com\/de\/wp-content\/uploads\/sites\/14\/2023\/04\/medifactia-TP-Infinit-768x510.jpg 768w, https:\/\/medifactia.com\/de\/wp-content\/uploads\/sites\/14\/2023\/04\/medifactia-TP-Infinit-705x468.jpg 705w\" sizes=\"(max-width: 1500px) 100vw, 1500px\" \/><\/div><\/div><\/div><\/div>\n<div  class='flex_column av-4gajy3v-4d67afb7ed79353f1c851e22cd8bda13 av_one_full  avia-builder-el-2  el_after_av_one_full  el_before_av_hr  first flex_column_div  column-top-margin'     ><p>\n<style type=\"text\/css\" data-created_by=\"avia_inline_auto\" id=\"style-css-av-lgnzj3td-362cfa6e600e914ad74dc6a653773c28\">\n#top .av-special-heading.av-lgnzj3td-362cfa6e600e914ad74dc6a653773c28{\npadding-bottom:10px;\n}\nbody .av-special-heading.av-lgnzj3td-362cfa6e600e914ad74dc6a653773c28 .av-special-heading-tag .heading-char{\nfont-size:25px;\n}\n.av-special-heading.av-lgnzj3td-362cfa6e600e914ad74dc6a653773c28 .av-subheading{\nfont-size:15px;\n}\n<\/style>\n<div  class='av-special-heading av-lgnzj3td-362cfa6e600e914ad74dc6a653773c28 av-special-heading-h1 blockquote modern-quote  avia-builder-el-3  el_before_av_textblock  avia-builder-el-first '><h1 class='av-special-heading-tag '  itemprop=\"headline\"  >Beschreibung von Transit-Pellets<\/h1><div class=\"special-heading-border\"><div class=\"special-heading-inner-border\"><\/div><\/div><\/div><br \/>\n<section  class='av_textblock_section av-lgnzjm08-633ec075e4fb3e2b05e79dc3b0ae1544 '   itemscope=\"itemscope\" itemtype=\"https:\/\/schema.org\/CreativeWork\" ><div class='avia_textblock'  itemprop=\"text\" ><p>Transit-Pellets bestehen aus kleinen r\u00f6ntgendichten Markern, \u201cPellets\u201d, die aus Bariumsulfat (BaSO4) hergestellt und mit Silikon gef\u00fcllt sind, die sich in einer harten Hydroxypropylmethylcellulose- (HPMC-) Kapsel befinden. Die HPMC-Kapseln sind gelatinefrei und von Standardtyp, der f\u00fcr medizinische Produkte verwendet wird. Ihre Funktion besteht darin, die Marker in den Magen zu transportieren, wo sie sich aufl\u00f6sen. Die Marker passieren den Magen-Darm-Trakt und werden im Stuhl ausgeschieden.<\/p>\n<p>Bariumsulfat ist ein r\u00f6ntgendichtes Material, das seit den Pionierstudien von WB Cannon in den 1890er Jahren f\u00fcr die R\u00f6ntgenuntersuchung des Magen-Darm-Trakts verwendet wird. Der Begriff \u201dr\u00f6ntgendicht\u201d bezieht sich auf Materialien wie Bariumsulfat, die dicht genug sind, um R\u00f6ntgenstrahlen zu widerstehen, die durch sie scheinen, und die daher auf einem R\u00f6ntgenbild sichtbar sind. Die Verwendung von r\u00f6ntgendichten Markern, die mit Bariumsulfat impr\u00e4gniert sind, um die Kolontransitzeit zu messen, wird seit \u00fcber 45 Jahren eingesetzt. Silikon ist auch ein weit verbreitetes Material in vielen medizintechnischen Produkten.<\/p>\n<\/div><\/section><\/p><\/div>\n\n<style type=\"text\/css\" data-created_by=\"avia_inline_auto\" id=\"style-css-av-3s6dnsb-653234843c31cfeb75e8c8c68e640619\">\n#top .hr.hr-invisible.av-3s6dnsb-653234843c31cfeb75e8c8c68e640619{\nheight:10px;\n}\n<\/style>\n<div  class='hr av-3s6dnsb-653234843c31cfeb75e8c8c68e640619 hr-invisible  avia-builder-el-5  el_after_av_one_full  el_before_av_three_fifth '><span class='hr-inner '><span class=\"hr-inner-style\"><\/span><\/span><\/div>\n<div  class='flex_column av-3nla5qj-9f2decd6bf680552cbfcf79043e38c72 av_three_fifth  avia-builder-el-6  el_after_av_hr  el_before_av_two_fifth  first flex_column_div  '     ><section  class='av_textblock_section av-lgnzk62m-6ce78cf372b996cd2b776dd7b2f96d60 '   itemscope=\"itemscope\" itemtype=\"https:\/\/schema.org\/CreativeWork\" ><div class='avia_textblock'  itemprop=\"text\" ><p>Die HPMC-Kapsel (Gr\u00f6\u00dfe -00-) besteht aus zwei offenen Zylindern, einer Kapsel und einem K\u00f6rper, die ineinander passen. F\u00fcnf der Kapseln enthalten zehn ringf\u00f6rmige Marker, w\u00e4hrend zwei Kapseln f\u00fcnf r\u00f6hrenf\u00f6rmige Marker enthalten. Die Transit-Pellets-Kapseln sind in einer Blisterverpackung verpackt, die in eine Schachtel gelegt wird.<\/p>\n<p>Transit-Pellets haben am sechsten Tag eine andere Form, um dem Arzt zu helfen, bestimmte Teile des Dickdarms besser zu sehen. Am sechsten Tag wird die Dosis auch auf eine Morgen- und Abenddosis aufgeteilt, um beurteilen zu k\u00f6nnen, ob eine schnelle Kolontransitzeit vorliegt.<\/p>\n<\/div><\/section><\/div>\n\n<style type=\"text\/css\" data-created_by=\"avia_inline_auto\" id=\"style-css-av-2wyjuaz-168fda6c73fa9fb73815dd1fd68e74fe\">\n.flex_column.av-2wyjuaz-168fda6c73fa9fb73815dd1fd68e74fe{\npadding:10px 0 0 0;\n}\n<\/style>\n<div  class='flex_column av-2wyjuaz-168fda6c73fa9fb73815dd1fd68e74fe av_two_fifth  avia-builder-el-8  el_after_av_three_fifth  el_before_av_hr  flex_column_div  '     ><style type=\"text\/css\" data-created_by=\"avia_inline_auto\" id=\"style-css-av-lgnzktip-9fa8141b0bff09fe2018caae470be252\">\n.avia-image-container.av-lgnzktip-9fa8141b0bff09fe2018caae470be252 img.avia_image{\nbox-shadow:none;\n}\n.avia-image-container.av-lgnzktip-9fa8141b0bff09fe2018caae470be252 .av-image-caption-overlay-center{\ncolor:#ffffff;\n}\n<\/style>\n<div  class='avia-image-container av-lgnzktip-9fa8141b0bff09fe2018caae470be252 av-styling- avia-align-center  avia-builder-el-9  avia-builder-el-no-sibling '   itemprop=\"image\" itemscope=\"itemscope\" itemtype=\"https:\/\/schema.org\/ImageObject\" ><div class=\"avia-image-container-inner\"><div class=\"avia-image-overlay-wrap\"><img decoding=\"async\" fetchpriority=\"high\" class='wp-image-14989 avia-img-lazy-loading-not-14989 avia_image ' src=\"https:\/\/medifactia.com\/de\/wp-content\/uploads\/sites\/14\/2023\/04\/kapslar-1.jpg\" alt='' title='kapslar-1'  height=\"1080\" width=\"1080\"  itemprop=\"thumbnailUrl\" srcset=\"https:\/\/medifactia.com\/de\/wp-content\/uploads\/sites\/14\/2023\/04\/kapslar-1.jpg 1080w, https:\/\/medifactia.com\/de\/wp-content\/uploads\/sites\/14\/2023\/04\/kapslar-1-300x300.jpg 300w, https:\/\/medifactia.com\/de\/wp-content\/uploads\/sites\/14\/2023\/04\/kapslar-1-1030x1030.jpg 1030w, https:\/\/medifactia.com\/de\/wp-content\/uploads\/sites\/14\/2023\/04\/kapslar-1-80x80.jpg 80w, https:\/\/medifactia.com\/de\/wp-content\/uploads\/sites\/14\/2023\/04\/kapslar-1-768x768.jpg 768w, https:\/\/medifactia.com\/de\/wp-content\/uploads\/sites\/14\/2023\/04\/kapslar-1-36x36.jpg 36w, https:\/\/medifactia.com\/de\/wp-content\/uploads\/sites\/14\/2023\/04\/kapslar-1-180x180.jpg 180w, https:\/\/medifactia.com\/de\/wp-content\/uploads\/sites\/14\/2023\/04\/kapslar-1-705x705.jpg 705w\" sizes=\"(max-width: 1080px) 100vw, 1080px\" \/><\/div><\/div><\/div><\/div>\n\n<style type=\"text\/css\" data-created_by=\"avia_inline_auto\" id=\"style-css-av-2dwmc97-7f256f8ccb57e8582c674ca7457513db\">\n#top .hr.hr-invisible.av-2dwmc97-7f256f8ccb57e8582c674ca7457513db{\nheight:50px;\n}\n<\/style>\n<div  class='hr av-2dwmc97-7f256f8ccb57e8582c674ca7457513db hr-invisible  avia-builder-el-10  el_after_av_two_fifth  el_before_av_one_full '><span class='hr-inner '><span class=\"hr-inner-style\"><\/span><\/span><\/div>\n<div  class='flex_column av-266irl7-e177c2b99b3be11a11316c230ad9edf7 av_one_full  avia-builder-el-11  el_after_av_hr  el_before_av_hr  first flex_column_div  '     ><p>\n<style type=\"text\/css\" data-created_by=\"avia_inline_auto\" id=\"style-css-av-lgnzl36w-80680065f199213ade23cf25163714a1\">\n#top .av-special-heading.av-lgnzl36w-80680065f199213ade23cf25163714a1{\npadding-bottom:10px;\n}\nbody .av-special-heading.av-lgnzl36w-80680065f199213ade23cf25163714a1 .av-special-heading-tag .heading-char{\nfont-size:25px;\n}\n.av-special-heading.av-lgnzl36w-80680065f199213ade23cf25163714a1 .av-subheading{\nfont-size:15px;\n}\n<\/style>\n<div  class='av-special-heading av-lgnzl36w-80680065f199213ade23cf25163714a1 av-special-heading-h2 blockquote modern-quote  avia-builder-el-12  el_before_av_textblock  avia-builder-el-first '><h2 class='av-special-heading-tag '  itemprop=\"headline\"  >Anleitung f\u00fcr Transit-Pellets<\/h2><div class=\"special-heading-border\"><div class=\"special-heading-inner-border\"><\/div><\/div><\/div><br \/>\n<section  class='av_textblock_section av-lgnzlvk8-190fd686757064896a2cda92bcb4b8cb '   itemscope=\"itemscope\" itemtype=\"https:\/\/schema.org\/CreativeWork\" ><div class='avia_textblock'  itemprop=\"text\" ><p>Jede Verpackung von Transit-Pellets enth\u00e4lt eine Anleitung, die in bis zu 20 verschiedenen Sprachen verf\u00fcgbar ist. Es ist wichtig, dass der Benutzer von Transit-Pellets diese Informationen liest, bevor er das Produkt verwendet. Die Anleitung enth\u00e4lt wichtige Anweisungen zur korrekten Verwendung von Transit-Pellets. Laden Sie die Transit-Pellets-Anleitung \u00fcber <a href=\"https:\/\/medifactia.com\/wp-content\/uploads\/2026\/02\/0074-IFU-International-ver05.pdf\" target=\"_blank\" rel=\"noopener\">DIESEN LINK<\/a> herunter.<\/p>\n<\/div><\/section><\/p><\/div><div  class='hr av-1o8u617-99e92b2b84fa386cbf63c3536a7247f7 hr-default  avia-builder-el-14  el_after_av_one_full  el_before_av_one_full '><span class='hr-inner '><span class=\"hr-inner-style\"><\/span><\/span><\/div><\/p>\n<div  class='flex_column av-1042g3v-01955d1b0da27811299f5472208b2522 av_one_full  avia-builder-el-15  el_after_av_hr  el_before_av_hr  first flex_column_div  '     ><style type=\"text\/css\" data-created_by=\"avia_inline_auto\" id=\"style-css-av-lgnzm45n-27f522aaef27ee8f47bf20f8480c9a59\">\n#top .av_textblock_section.av-lgnzm45n-27f522aaef27ee8f47bf20f8480c9a59 .avia_textblock{\nfont-size:13px;\n}\n<\/style>\n<section  class='av_textblock_section av-lgnzm45n-27f522aaef27ee8f47bf20f8480c9a59 '   itemscope=\"itemscope\" itemtype=\"https:\/\/schema.org\/CreativeWork\" ><div class='avia_textblock'  itemprop=\"text\" ><p>Die Informationen auf dieser Website sollten nicht als Ersatz f\u00fcr medizinischen Rat von Ihrem Arzt verwendet werden. Besprechen Sie immer Diagnose- und Behandlungsinformationen einschlie\u00dflich Risiken mit Ihrem Arzt. Beachten Sie, dass alle Behandlungs- und Ergebnisergebnisse spezifisch f\u00fcr den einzelnen Patienten sind. Ergebnisse k\u00f6nnen variieren.<\/p>\n<\/div><\/section><\/div>\n<div  class='hr av-rsj9nv-f4522fedefdbe39c9d1ba1da7f2887ba hr-default  avia-builder-el-17  el_after_av_one_full  avia-builder-el-last '><span class='hr-inner '><span class=\"hr-inner-style\"><\/span><\/span><\/div>\n","protected":false},"excerpt":{"rendered":"","protected":false},"author":1,"featured_media":0,"parent":0,"menu_order":0,"comment_status":"closed","ping_status":"closed","template":"","meta":{"footnotes":""},"class_list":["post-14987","page","type-page","status-publish","hentry"],"_links":{"self":[{"href":"https:\/\/medifactia.com\/de\/wp-json\/wp\/v2\/pages\/14987","targetHints":{"allow":["GET"]}}],"collection":[{"href":"https:\/\/medifactia.com\/de\/wp-json\/wp\/v2\/pages"}],"about":[{"href":"https:\/\/medifactia.com\/de\/wp-json\/wp\/v2\/types\/page"}],"author":[{"embeddable":true,"href":"https:\/\/medifactia.com\/de\/wp-json\/wp\/v2\/users\/1"}],"replies":[{"embeddable":true,"href":"https:\/\/medifactia.com\/de\/wp-json\/wp\/v2\/comments?post=14987"}],"version-history":[{"count":3,"href":"https:\/\/medifactia.com\/de\/wp-json\/wp\/v2\/pages\/14987\/revisions"}],"predecessor-version":[{"id":15169,"href":"https:\/\/medifactia.com\/de\/wp-json\/wp\/v2\/pages\/14987\/revisions\/15169"}],"wp:attachment":[{"href":"https:\/\/medifactia.com\/de\/wp-json\/wp\/v2\/media?parent=14987"}],"curies":[{"name":"wp","href":"https:\/\/api.w.org\/{rel}","templated":true}]}}