{"id":14983,"date":"2023-04-19T19:42:03","date_gmt":"2023-04-19T17:42:03","guid":{"rendered":"https:\/\/medifactia.com\/de\/?page_id=14983"},"modified":"2024-04-25T09:27:49","modified_gmt":"2024-04-25T07:27:49","slug":"colon-transit-study","status":"publish","type":"page","link":"https:\/\/medifactia.com\/de\/colon-transit-study\/","title":{"rendered":"Colon Transit Study"},"content":{"rendered":"<div  class='flex_column av-3gi826f-5415edaa80420965a116c2c7b88d7c99 av_one_full  avia-builder-el-0  el_before_av_one_full  avia-builder-el-first  first flex_column_div  '     ><style type=\"text\/css\" data-created_by=\"avia_inline_auto\" id=\"style-css-av-lgnz112f-e43b4ce2e49eb5719d85d5573a207e7e\">\n.avia-image-container.av-lgnz112f-e43b4ce2e49eb5719d85d5573a207e7e img.avia_image{\nbox-shadow:none;\n}\n.avia-image-container.av-lgnz112f-e43b4ce2e49eb5719d85d5573a207e7e .av-image-caption-overlay-center{\ncolor:#ffffff;\n}\n<\/style>\n<div  class='avia-image-container av-lgnz112f-e43b4ce2e49eb5719d85d5573a207e7e av-styling- avia-align-center  avia-builder-el-1  avia-builder-el-no-sibling '   itemprop=\"image\" itemscope=\"itemscope\" itemtype=\"https:\/\/schema.org\/ImageObject\" ><div class=\"avia-image-container-inner\"><div class=\"avia-image-overlay-wrap\"><img decoding=\"async\" fetchpriority=\"high\" class='wp-image-15036 avia-img-lazy-loading-not-15036 avia_image ' src=\"https:\/\/medifactia.com\/de\/wp-content\/uploads\/sites\/14\/2023\/06\/patient-doctor-2.jpg\" alt='' title='patient-doctor-2'  height=\"1282\" width=\"1920\"  itemprop=\"thumbnailUrl\" srcset=\"https:\/\/medifactia.com\/de\/wp-content\/uploads\/sites\/14\/2023\/06\/patient-doctor-2.jpg 1920w, https:\/\/medifactia.com\/de\/wp-content\/uploads\/sites\/14\/2023\/06\/patient-doctor-2-300x200.jpg 300w, https:\/\/medifactia.com\/de\/wp-content\/uploads\/sites\/14\/2023\/06\/patient-doctor-2-1030x688.jpg 1030w, https:\/\/medifactia.com\/de\/wp-content\/uploads\/sites\/14\/2023\/06\/patient-doctor-2-768x513.jpg 768w, https:\/\/medifactia.com\/de\/wp-content\/uploads\/sites\/14\/2023\/06\/patient-doctor-2-1536x1026.jpg 1536w, https:\/\/medifactia.com\/de\/wp-content\/uploads\/sites\/14\/2023\/06\/patient-doctor-2-1500x1002.jpg 1500w, https:\/\/medifactia.com\/de\/wp-content\/uploads\/sites\/14\/2023\/06\/patient-doctor-2-705x471.jpg 705w\" sizes=\"(max-width: 1920px) 100vw, 1920px\" \/><\/div><\/div><\/div><\/div>\n<div  class='flex_column av-36zl3jb-ba2615cac51f96279963f1e0b549fa6c av_one_full  avia-builder-el-2  el_after_av_one_full  el_before_av_one_full  first flex_column_div  column-top-margin'     ><p>\n<style type=\"text\/css\" data-created_by=\"avia_inline_auto\" id=\"style-css-av-lgnz3cbj-d975a003bf76455888a11e9ad9344e2f\">\n#top .av-special-heading.av-lgnz3cbj-d975a003bf76455888a11e9ad9344e2f{\npadding-bottom:10px;\n}\nbody .av-special-heading.av-lgnz3cbj-d975a003bf76455888a11e9ad9344e2f .av-special-heading-tag .heading-char{\nfont-size:25px;\n}\n.av-special-heading.av-lgnz3cbj-d975a003bf76455888a11e9ad9344e2f .av-subheading{\nfont-size:15px;\n}\n<\/style>\n<div  class='av-special-heading av-lgnz3cbj-d975a003bf76455888a11e9ad9344e2f av-special-heading-h1 blockquote modern-quote  avia-builder-el-3  el_before_av_textblock  avia-builder-el-first '><h1 class='av-special-heading-tag '  itemprop=\"headline\"  >Was ist eine Kolontransituntersuchung mit Transit &#8211; Pellets?<\/h1><div class=\"special-heading-border\"><div class=\"special-heading-inner-border\"><\/div><\/div><\/div><br \/>\n<section  class='av_textblock_section av-lgnzbx8v-0c216c67057d31229da8044c0904a1b7 '   itemscope=\"itemscope\" itemtype=\"https:\/\/schema.org\/CreativeWork\" ><div class='avia_textblock'  itemprop=\"text\" ><p>Eine Kolontransituntersuchung mit Transit-Pellets wird oft bei Patienten eingesetzt, die unter chronischer Verstopfung, chronischem Durchfall und\/oder Reizdarmsyndrom (IBS) leiden. Das Ziel dieses Tests ist es, Motilit\u00e4tsst\u00f6rungen und die Geschwindigkeit zu bewerten, mit der Nahrung\/Stuhl durch den Magen-Darm-Trakt gelangt.<\/p>\n<p>Der Test beinhaltet das Schlucken von sieben Kapseln, die w\u00e4hrend eines Zeitraums von sechs Tagen eingenommen werden und kleine Marker enthalten, die auf einem R\u00f6ntgenbild sichtbar gemacht werden k\u00f6nnen. Indem der Arzt die Bewegung der Marker durch den Dickdarm verfolgt, kann er den Schweregrad des Problems quantifizieren. Die Ergebnisse k\u00f6nnen wichtig sein, um den Bedarf an andere Untersuchungsverfahren Verfahren festzulegen und geeignete Behandlungsm\u00f6glichkeiten zu w\u00e4hlen.<\/p>\n<p>Die Kapseln und Marker sind nach der Transit-Pellets method einzigartig verpackt, eine validierte Methode zur Messung des gesamten Spektrums von schnellem bis langsamem Kolontransit. Das Verzehren von Transit-Pellets ist sicher und die Marker werden mit dem Stuhl ausgeschieden und k\u00f6nnen sicher in der Toilette entsorgt werden.<\/p>\n<\/div><\/section><\/p><\/div><div  class='flex_column av-2hlmksn-0e784123e541ff29fbdab7c9fb0c956c av_one_full  avia-builder-el-5  el_after_av_one_full  el_before_av_one_full  first flex_column_div  column-top-margin'     ><p>\n<style type=\"text\/css\" data-created_by=\"avia_inline_auto\" id=\"style-css-av-lgnzcd6q-742a2c64b30da58bc5702920ee84cc3a\">\n#top .av-special-heading.av-lgnzcd6q-742a2c64b30da58bc5702920ee84cc3a{\npadding-bottom:10px;\n}\nbody .av-special-heading.av-lgnzcd6q-742a2c64b30da58bc5702920ee84cc3a .av-special-heading-tag .heading-char{\nfont-size:25px;\n}\n.av-special-heading.av-lgnzcd6q-742a2c64b30da58bc5702920ee84cc3a .av-subheading{\nfont-size:15px;\n}\n<\/style>\n<div  class='av-special-heading av-lgnzcd6q-742a2c64b30da58bc5702920ee84cc3a av-special-heading-h2 blockquote modern-quote  avia-builder-el-6  el_before_av_textblock  avia-builder-el-first '><h2 class='av-special-heading-tag '  itemprop=\"headline\"  >Ihr Arzt eine Kolontransitzeitmessung mit Transit-Pellets empfiehlt<\/h2><div class=\"special-heading-border\"><div class=\"special-heading-inner-border\"><\/div><\/div><\/div><br \/>\n<section  class='av_textblock_section av-lgnzcoy3-5ea3030426620de649ad7c1c4b87280e '   itemscope=\"itemscope\" itemtype=\"https:\/\/schema.org\/CreativeWork\" ><div class='avia_textblock'  itemprop=\"text\" ><p>Im Allgemeinen beinhaltet die initiale Behandlung von Verstopfung oft \u00c4nderungen in der Ern\u00e4hrung und Lebensweise sowie die Verwendung von rezeptfreien Abf\u00fchrmitteln wie Ballaststoffen und nicht absorbierbaren Kohlenhydraten. Wenn diese Methoden unwirksam sind, kann eine Kolontransituntersuchung mit Transit-Pellets-Kapseln durchgef\u00fchrt werden. Einige \u00c4rzte k\u00f6nnen auch andere Behandlungsoptionen wie Salzabf\u00fchrmittel oder motilit\u00e4tsstimulierende Medikamente ausprobieren, bevor sie eine Kolontransituntersuchung empfehlen.<\/p>\n<\/div><\/section><\/p><\/div><\/p>\n<div  class='flex_column av-2474w5j-9f1cc1a9bfae07fbdbaaa24450755819 av_one_full  avia-builder-el-8  el_after_av_one_full  el_before_av_hr  first flex_column_div  column-top-margin'     ><p>\n<style type=\"text\/css\" data-created_by=\"avia_inline_auto\" id=\"style-css-av-lgnzcz6t-6e74bdb8e254dc32b8ba1279be4f6491\">\n#top .av-special-heading.av-lgnzcz6t-6e74bdb8e254dc32b8ba1279be4f6491{\npadding-bottom:10px;\n}\nbody .av-special-heading.av-lgnzcz6t-6e74bdb8e254dc32b8ba1279be4f6491 .av-special-heading-tag .heading-char{\nfont-size:25px;\n}\n.av-special-heading.av-lgnzcz6t-6e74bdb8e254dc32b8ba1279be4f6491 .av-subheading{\nfont-size:15px;\n}\n<\/style>\n<div  class='av-special-heading av-lgnzcz6t-6e74bdb8e254dc32b8ba1279be4f6491 av-special-heading-h2 blockquote modern-quote  avia-builder-el-9  el_before_av_textblock  avia-builder-el-first '><h2 class='av-special-heading-tag '  itemprop=\"headline\"  >Kurze Geschichte<\/h2><div class=\"special-heading-border\"><div class=\"special-heading-inner-border\"><\/div><\/div><\/div><br \/>\n<section  class='av_textblock_section av-lgnzdhtg-f82a503d6e0379015abcb3e15376a297 '   itemscope=\"itemscope\" itemtype=\"https:\/\/schema.org\/CreativeWork\" ><div class='avia_textblock'  itemprop=\"text\" ><p>Die Verwendung von verschluckbaren, r\u00f6ntgendichte Markern zur Beurteilung des Kolontransits wurde seit ihrer erstmaligen Beschreibung durch Hinton im Jahr 1969 weithin akzeptiert. Der Test wird manchmal als \u201cHintons Method\u201d oder \u201cHinton Test\u201d bezeichnet, aber er ist auch bekannt als die Colon Transit-Pellets Test, Colonic Transit Markers Study, Radiopaque Markers Test, Radio-Opaque Markers Test, ROM Test oder Bowel Motility Test. Die Messung der Kolontransitzeit mit r\u00f6ntgendichten Markierungen gilt derzeit als die zuverl\u00e4ssigste und sicherste Methode zur Bewertung von Magen-Darm-Erkrankungen bei Erwachsenen und Kindern.<\/p>\n<\/div><\/section><\/p><\/div><div  class='hr av-1rmevrb-04c68e906978a3cec61fb52d9bdf3843 hr-default  avia-builder-el-11  el_after_av_one_full  el_before_av_one_full '><span class='hr-inner '><span class=\"hr-inner-style\"><\/span><\/span><\/div><\/p>\n<div  class='flex_column av-10es8zr-f9221f8e36e5ea0c091b8c6f587a6d6d av_one_full  avia-builder-el-12  el_after_av_hr  el_before_av_hr  first flex_column_div  '     ><style type=\"text\/css\" data-created_by=\"avia_inline_auto\" id=\"style-css-av-lgnzdsou-acee24a0aecb0f26ff6262476478877b\">\n#top .av_textblock_section.av-lgnzdsou-acee24a0aecb0f26ff6262476478877b .avia_textblock{\nfont-size:13px;\n}\n<\/style>\n<section  class='av_textblock_section av-lgnzdsou-acee24a0aecb0f26ff6262476478877b '   itemscope=\"itemscope\" itemtype=\"https:\/\/schema.org\/CreativeWork\" ><div class='avia_textblock'  itemprop=\"text\" ><p>Die Informationen auf dieser Website sollten nicht als Ersatz f\u00fcr medizinischen Rat von Ihrem Arzt verwendet werden. Besprechen Sie immer Diagnose- und Behandlungsinformationen einschlie\u00dflich Risiken mit Ihrem Arzt. Beachten Sie, dass alle Behandlungs- und Ergebnisergebnisse spezifisch f\u00fcr den einzelnen Patienten sind. Ergebnisse k\u00f6nnen variieren.<\/p>\n<\/div><\/section><\/div>\n<div  class='hr av-qz8qp3-04475f87e65e441e9811211741ec4ef3 hr-default  avia-builder-el-14  el_after_av_one_full  avia-builder-el-last '><span class='hr-inner '><span class=\"hr-inner-style\"><\/span><\/span><\/div>\n","protected":false},"excerpt":{"rendered":"","protected":false},"author":1,"featured_media":0,"parent":0,"menu_order":0,"comment_status":"closed","ping_status":"closed","template":"","meta":{"footnotes":""},"class_list":["post-14983","page","type-page","status-publish","hentry"],"_links":{"self":[{"href":"https:\/\/medifactia.com\/de\/wp-json\/wp\/v2\/pages\/14983","targetHints":{"allow":["GET"]}}],"collection":[{"href":"https:\/\/medifactia.com\/de\/wp-json\/wp\/v2\/pages"}],"about":[{"href":"https:\/\/medifactia.com\/de\/wp-json\/wp\/v2\/types\/page"}],"author":[{"embeddable":true,"href":"https:\/\/medifactia.com\/de\/wp-json\/wp\/v2\/users\/1"}],"replies":[{"embeddable":true,"href":"https:\/\/medifactia.com\/de\/wp-json\/wp\/v2\/comments?post=14983"}],"version-history":[{"count":5,"href":"https:\/\/medifactia.com\/de\/wp-json\/wp\/v2\/pages\/14983\/revisions"}],"predecessor-version":[{"id":15150,"href":"https:\/\/medifactia.com\/de\/wp-json\/wp\/v2\/pages\/14983\/revisions\/15150"}],"wp:attachment":[{"href":"https:\/\/medifactia.com\/de\/wp-json\/wp\/v2\/media?parent=14983"}],"curies":[{"name":"wp","href":"https:\/\/api.w.org\/{rel}","templated":true}]}}