{"id":15124,"date":"2023-08-09T12:06:20","date_gmt":"2023-08-09T10:06:20","guid":{"rendered":"https:\/\/medifactia.com\/da\/gastrointestinal-disorders\/"},"modified":"2023-09-04T09:32:55","modified_gmt":"2023-09-04T07:32:55","slug":"gastrointestinal-disorders","status":"publish","type":"page","link":"https:\/\/medifactia.com\/da\/gastrointestinal-disorders\/","title":{"rendered":"Gastrointestinal Disorders"},"content":{"rendered":"<div  class='flex_column av-vcawky-18c8b3091d7005a1ca2a1950ce3b99ce av_one_full  avia-builder-el-0  el_before_av_one_full  avia-builder-el-first  first flex_column_div  '     ><style type=\"text\/css\" data-created_by=\"avia_inline_auto\" id=\"style-css-av-ll3mun2f-1ad3307a97f9fed1709524694a3a4431\">\n.avia-image-container.av-ll3mun2f-1ad3307a97f9fed1709524694a3a4431 img.avia_image{\nbox-shadow:none;\n}\n.avia-image-container.av-ll3mun2f-1ad3307a97f9fed1709524694a3a4431 .av-image-caption-overlay-center{\ncolor:#ffffff;\n}\n<\/style>\n<div  class='avia-image-container av-ll3mun2f-1ad3307a97f9fed1709524694a3a4431 av-styling- avia-align-center  avia-builder-el-1  avia-builder-el-no-sibling '   itemprop=\"image\" itemscope=\"itemscope\" itemtype=\"https:\/\/schema.org\/ImageObject\" ><div class=\"avia-image-container-inner\"><div class=\"avia-image-overlay-wrap\"><img decoding=\"async\" fetchpriority=\"high\" class='wp-image- avia-img-lazy-loading-not- avia_image ' src=\"https:\/\/medifactia.com\/wp-content\/uploads\/2023\/08\/Man_Toilet-scaled.jpg\" alt='' title=''   itemprop=\"thumbnailUrl\"  \/><\/div><\/div><\/div><\/div>\n<div  class='flex_column av-w7sqhe-d5fa4e22da3a538d13f5d1a26f7242b8 av_one_full  avia-builder-el-2  el_after_av_one_full  el_before_av_one_full  first flex_column_div  column-top-margin'     ><p>\n<style type=\"text\/css\" data-created_by=\"avia_inline_auto\" id=\"style-css-av-ll3mj5e5-84d35e0eee85ac36d8d0abb789d76334\">\n#top .av-special-heading.av-ll3mj5e5-84d35e0eee85ac36d8d0abb789d76334{\npadding-bottom:10px;\n}\nbody .av-special-heading.av-ll3mj5e5-84d35e0eee85ac36d8d0abb789d76334 .av-special-heading-tag .heading-char{\nfont-size:25px;\n}\n.av-special-heading.av-ll3mj5e5-84d35e0eee85ac36d8d0abb789d76334 .av-subheading{\nfont-size:15px;\n}\n<\/style>\n<div  class='av-special-heading av-ll3mj5e5-84d35e0eee85ac36d8d0abb789d76334 av-special-heading-h1 blockquote modern-quote  avia-builder-el-3  el_before_av_textblock  avia-builder-el-first '><h1 class='av-special-heading-tag '  itemprop=\"headline\"  >Funktionelle Gastrointestinale Lidelser (FGID)<\/h1><div class=\"special-heading-border\"><div class=\"special-heading-inner-border\"><\/div><\/div><\/div><br \/>\n<section  class='av_textblock_section av-ll3mjwks-3ed552d8431f93f0aaa92fa83a1eef94 '   itemscope=\"itemscope\" itemtype=\"https:\/\/schema.org\/CreativeWork\" ><div class='avia_textblock'  itemprop=\"text\" ><p>Funktionelle gastrointestinale lidelser er karakteriseret ved kroniske (langvarige) mave-tarmsymptomer, der opst\u00e5r p\u00e5 grund af funktionen eller dysfunktionen af \u200b\u200bford\u00f8jelsessystemet.<\/p>\n<p>Funktionelle gastrointestinale og motilitetslidelser er de mest almindelige mave-tarmproblemer i den generelle befolkning. Det estimeres, at omkring 1 ud af 4 personer eller m\u00e5ske endnu flere kan opleve disse problemer. Disse tilstande udg\u00f8r cirka 40% af de mave-tarmproblemer, som l\u00e6ger og terapeuter hj\u00e6lper patienter med.<\/p>\n<p>Udtrykket &#8216;funktionel&#8217; bruges normalt til at beskrive lidelser, hvor de normale funktioner i tarmbev\u00e6gelserne, f\u00f8lsomheden i tarmernes nerver eller hjernens kontrol over disse aktiviteter forstyrres.<\/p>\n<p>Nogle af de mest almindelige funktionelle gastrointestinale lidelser er funktionel forstoppelse, funktionel diarr\u00e9 og irritabel tyktarm (IBS).<\/p>\n<\/div><\/section><\/p><\/div><div  class='flex_column av-1jtmvde-84260a62ab92da9de2ba17cb9d8eef8a av_one_full  avia-builder-el-5  el_after_av_one_full  el_before_av_one_full  first flex_column_div  column-top-margin'     ><p>\n<style type=\"text\/css\" data-created_by=\"avia_inline_auto\" id=\"style-css-av-ll3ml4jh-b5c84283388efd5e12c3f75a6f355e8f\">\n#top .av-special-heading.av-ll3ml4jh-b5c84283388efd5e12c3f75a6f355e8f{\npadding-bottom:10px;\n}\nbody .av-special-heading.av-ll3ml4jh-b5c84283388efd5e12c3f75a6f355e8f .av-special-heading-tag .heading-char{\nfont-size:25px;\n}\n.av-special-heading.av-ll3ml4jh-b5c84283388efd5e12c3f75a6f355e8f .av-subheading{\nfont-size:15px;\n}\n<\/style>\n<div  class='av-special-heading av-ll3ml4jh-b5c84283388efd5e12c3f75a6f355e8f av-special-heading-h2 blockquote modern-quote  avia-builder-el-6  el_before_av_textblock  avia-builder-el-first '><h2 class='av-special-heading-tag '  itemprop=\"headline\"  >Kronisk forstoppelse<\/h2><div class=\"special-heading-border\"><div class=\"special-heading-inner-border\"><\/div><\/div><\/div><br \/>\n<section  class='av_textblock_section av-ll3mm5zg-20b4496a7c9646f5e26187d06eb79991 '   itemscope=\"itemscope\" itemtype=\"https:\/\/schema.org\/CreativeWork\" ><div class='avia_textblock'  itemprop=\"text\" ><p>Kronisk forstoppelse refererer til vedvarende sj\u00e6ldne tarmbev\u00e6gelser eller vanskelig aff\u00f8ring i en l\u00e6ngere periode, typisk varende flere uger eller mere. Det kendetegnes ofte ved at have f\u00e6rre end tre tarmbev\u00e6gelser om ugen. Mens lejlighedsvis forstoppelse er et udbredt problem b\u00e5de for voksne og b\u00f8rn, kan visse personer opleve kronisk forstoppelse, hvilket markant p\u00e5virker deres daglige rutiner.<\/p>\n<p>Tegn og symptomer p\u00e5 kronisk forstoppelse inkluderer:<\/p>\n<ul>\n<li>At have f\u00e6rre end tre tarmbev\u00e6gelser om ugen<\/li>\n<li>Opleve klumpede eller h\u00e5rde aff\u00f8ring<\/li>\n<li>Anstrengelse under tarmbev\u00e6gelser<\/li>\n<li>Fornemmelse af en blokering i endetarmen, der hindrer tarmbev\u00e6gelser<\/li>\n<li>F\u00f8lelse af ufuldst\u00e6ndig t\u00f8mning af endetarmen efter en tarmbev\u00e6gelse<\/li>\n<li>Behov for hj\u00e6lp til at t\u00f8mme endetarmen, hvilket kan involvere tryk p\u00e5 maven eller manuel fjernelse af aff\u00f8ring med en finger<\/li>\n<\/ul>\n<p>Forstoppelse kan klassificeres som kronisk, hvis du vedvarende har haft to eller flere af disse symptomer i de seneste tre m\u00e5neder. Forstoppelse, der er langvarig (kronisk) eller som gentager sig, kr\u00e6ver mere indsats for at diagnosticere og behandle.<\/p>\n<\/div><\/section><\/p><\/div><div  class='flex_column av-10x8p8y-a287594219392dd62ffb17dd326eb404 av_one_full  avia-builder-el-8  el_after_av_one_full  el_before_av_one_full  first flex_column_div  column-top-margin'     ><p>\n<style type=\"text\/css\" data-created_by=\"avia_inline_auto\" id=\"style-css-av-ll3mmuxz-e15e400f1155ce65e6c15322eed54318\">\n#top .av-special-heading.av-ll3mmuxz-e15e400f1155ce65e6c15322eed54318{\npadding-bottom:10px;\n}\nbody .av-special-heading.av-ll3mmuxz-e15e400f1155ce65e6c15322eed54318 .av-special-heading-tag .heading-char{\nfont-size:25px;\n}\n.av-special-heading.av-ll3mmuxz-e15e400f1155ce65e6c15322eed54318 .av-subheading{\nfont-size:15px;\n}\n<\/style>\n<div  class='av-special-heading av-ll3mmuxz-e15e400f1155ce65e6c15322eed54318 av-special-heading-h2 blockquote modern-quote  avia-builder-el-9  el_before_av_textblock  avia-builder-el-first '><h2 class='av-special-heading-tag '  itemprop=\"headline\"  >Kronisk diarr\u00e9<\/h2><div class=\"special-heading-border\"><div class=\"special-heading-inner-border\"><\/div><\/div><\/div><br \/>\n<section  class='av_textblock_section av-ll3mngxy-e393a0b3bce92c488ac3043db6d52eaf '   itemscope=\"itemscope\" itemtype=\"https:\/\/schema.org\/CreativeWork\" ><div class='avia_textblock'  itemprop=\"text\" ><p>Diarr\u00e9 er en udbredt tilstand, der kendetegnes ved hyppig passage af l\u00f8s eller vandig aff\u00f8ring. Den kan forekomme uafh\u00e6ngigt eller sammen med andre symptomer som kvalme, opkastning, mavesmerter eller v\u00e6gttab. Akut diarr\u00e9 forsvinder inden for nogle uger og bliver kronisk, n\u00e5r den varer l\u00e6ngere end 3-4 uger. Hvis der ikke findes nogen specifik \u00e5rsag efter en grundig unders\u00f8gelse og visse kriterier er opfyldt, kan en diagnose af funktionel eller kronisk diarr\u00e9 overvejes.<\/p>\n<\/div><\/section><\/p><\/div><div  class='flex_column av-odeu9e-1af2c6b1ea3ecce6454987834f5d3f60 av_one_full  avia-builder-el-11  el_after_av_one_full  el_before_av_hr  first flex_column_div  column-top-margin'     ><p>\n<style type=\"text\/css\" data-created_by=\"avia_inline_auto\" id=\"style-css-av-ll3mnsx7-2f55c205c6971d424e064732351ddd18\">\n#top .av-special-heading.av-ll3mnsx7-2f55c205c6971d424e064732351ddd18{\npadding-bottom:10px;\n}\nbody .av-special-heading.av-ll3mnsx7-2f55c205c6971d424e064732351ddd18 .av-special-heading-tag .heading-char{\nfont-size:25px;\n}\n.av-special-heading.av-ll3mnsx7-2f55c205c6971d424e064732351ddd18 .av-subheading{\nfont-size:15px;\n}\n<\/style>\n<div  class='av-special-heading av-ll3mnsx7-2f55c205c6971d424e064732351ddd18 av-special-heading-h2 blockquote modern-quote  avia-builder-el-12  el_before_av_textblock  avia-builder-el-first '><h2 class='av-special-heading-tag '  itemprop=\"headline\"  >Irritabel tyk tarm (IBS)<\/h2><div class=\"special-heading-border\"><div class=\"special-heading-inner-border\"><\/div><\/div><\/div><br \/>\n<section  class='av_textblock_section av-ll3moucw-012d68b4daff8778833aa2ef186ded39 '   itemscope=\"itemscope\" itemtype=\"https:\/\/schema.org\/CreativeWork\" ><div class='avia_textblock'  itemprop=\"text\" ><p>Irritabel tyktarm (IBS) er en almindelig lidelse, der p\u00e5virker maven og tarmene, ogs\u00e5 kaldet mave-tarmkanalen. Dets symptomer omfatter kramper, mavesmerter, oppustethed, luft i maven samt skiftevis episoder med diarr\u00e9 og forstoppelse, eller nogle gange begge dele. IBS er en kronisk tilstand, der kr\u00e6ver langvarig behandling for effektivt at h\u00e5ndtere dens symptomer. Et betydeligt antal personer, der oplever moderat til sv\u00e6r IBS, rapporterer om en d\u00e5rlig livskvalitet. Symptomerne p\u00e5 IBS kan variere og har tendens til at vedvare i lang tid. De mest udbredte symptomer inkluderer:<\/p>\n<ul>\n<li>Mavesmerter, kramper eller oppustethed i forbindelse med tarmbev\u00e6gelser<\/li>\n<li>\u00c6ndringer i udseendet af tarmbev\u00e6gelser<\/li>\n<li>\u00c6ndringer i hyppigheden af tarmbev\u00e6gelser<\/li>\n<\/ul>\n<p>Andre relaterede symptomer kan omfatte en f\u00f8lelse af ufuldst\u00e6ndig t\u00f8mning og \u00f8get tilstedev\u00e6relse af luft eller slim i aff\u00f8ringen.<\/p>\n<p>Der er fire typer af IBS. Hver type er opkaldt efter dens mest almindelige klager, herunder forstoppelse-domineret IBS (IBS-C), diarr\u00e9-domineret IBS (IBS-D), blandet type IBS (IBS-M) og uklassificeret IBS.<\/p>\n<\/div><\/section><\/p><\/div><div  class='hr av-5bf71u-0fc17794266e30ad9cc5c4260e9df573 hr-default  avia-builder-el-14  el_after_av_one_full  el_before_av_one_full '><span class='hr-inner '><span class=\"hr-inner-style\"><\/span><\/span><\/div><\/p>\n<div  class='flex_column av-16qxkia-ddb7daef80a5c3df972f5cad8e8e623c av_one_full  avia-builder-el-15  el_after_av_hr  el_before_av_hr  first flex_column_div  '     ><style type=\"text\/css\" data-created_by=\"avia_inline_auto\" id=\"style-css-av-ll3mqg6q-be652d1d2a197a30b775dc39a62b89c8\">\n#top .av_textblock_section.av-ll3mqg6q-be652d1d2a197a30b775dc39a62b89c8 .avia_textblock{\nfont-size:13px;\n}\n<\/style>\n<section  class='av_textblock_section av-ll3mqg6q-be652d1d2a197a30b775dc39a62b89c8 '   itemscope=\"itemscope\" itemtype=\"https:\/\/schema.org\/CreativeWork\" ><div class='avia_textblock'  itemprop=\"text\" ><p>Information p\u00e5 denne hjemmeside b\u00f8r ikke bruges som erstatning for medicinsk r\u00e5dgivning fra din l\u00e6ge. Diskut\u00e9r altid diagnosticering og behandlingsinformation, herunder risici, med din l\u00e6ge. Husk p\u00e5 at al behandling og alle resultater er specifikke for den enkelte patient. Resultater kan variere.<\/p>\n<\/div><\/section><\/div><div  class='hr av-rtsaj6-d528e2842421b0c713aa5dafb313b352 hr-default  avia-builder-el-17  el_after_av_one_full  el_before_av_one_full '><span class='hr-inner '><span class=\"hr-inner-style\"><\/span><\/span><\/div><\/p>\n<div  class='flex_column av-jpilo2-80d69019b04e3fe061eaa22def74707d av_one_full  avia-builder-el-18  el_after_av_hr  avia-builder-el-last  first flex_column_div  '     ><style type=\"text\/css\" data-created_by=\"avia_inline_auto\" id=\"style-css-av-ll3msqtb-33b63a6eac43cd7ee4bdd225ddc31726\">\n#top .av_textblock_section.av-ll3msqtb-33b63a6eac43cd7ee4bdd225ddc31726 .avia_textblock{\nfont-size:12px;\ncolor:#707070;\n}\n<\/style>\n<section  class='av_textblock_section av-ll3msqtb-33b63a6eac43cd7ee4bdd225ddc31726 '   itemscope=\"itemscope\" itemtype=\"https:\/\/schema.org\/CreativeWork\" ><div class='avia_textblock av_inherit_color'  itemprop=\"text\" ><p>Aziz, I., Whitehead, W.E., Palsson, O., T\u00f6rnblom, H. &amp; Simr\u00e9n, M. (2020). Expert Review of Gastroenterology &amp; Hepatology. An approach to the diagnosis and management of Rome IV functional disorders of chronic constipation [electronic version]. Taylor &amp; Francis Group, Vol. no. 14, 1-8.<\/p>\n<p>Drossman DA., et al. (2016). Rome IV, the functional gastrointestinal disorders. Gastroenterology. Vol. 150:1262-1279.<\/p>\n<p>Keller, J., Bassotti, G., Clarke, J., et al. (2018). EXPERT CONSENCUS DOCUMENT. Advances in the diagnosis and classification of gastric and intestinal motility disorders [electronic version]. Nat Rev Gastroenterol Hepatol., Vol. 15(5), 291-308.<\/p>\n<p>Sperber, AD., et al. (2021). Worldwide Prevalence and Burden of Functional Gastrointestinal Disorders, Results of Rome Foundation Global Study. Gastroenterology. Vol. 160:99-114.<\/p>\n<\/div><\/section><\/div>\n","protected":false},"excerpt":{"rendered":"","protected":false},"author":1,"featured_media":0,"parent":0,"menu_order":0,"comment_status":"closed","ping_status":"closed","template":"","meta":{"footnotes":""},"class_list":["post-15124","page","type-page","status-publish","hentry"],"_links":{"self":[{"href":"https:\/\/medifactia.com\/da\/wp-json\/wp\/v2\/pages\/15124","targetHints":{"allow":["GET"]}}],"collection":[{"href":"https:\/\/medifactia.com\/da\/wp-json\/wp\/v2\/pages"}],"about":[{"href":"https:\/\/medifactia.com\/da\/wp-json\/wp\/v2\/types\/page"}],"author":[{"embeddable":true,"href":"https:\/\/medifactia.com\/da\/wp-json\/wp\/v2\/users\/1"}],"replies":[{"embeddable":true,"href":"https:\/\/medifactia.com\/da\/wp-json\/wp\/v2\/comments?post=15124"}],"version-history":[{"count":3,"href":"https:\/\/medifactia.com\/da\/wp-json\/wp\/v2\/pages\/15124\/revisions"}],"predecessor-version":[{"id":15132,"href":"https:\/\/medifactia.com\/da\/wp-json\/wp\/v2\/pages\/15124\/revisions\/15132"}],"wp:attachment":[{"href":"https:\/\/medifactia.com\/da\/wp-json\/wp\/v2\/media?parent=15124"}],"curies":[{"name":"wp","href":"https:\/\/api.w.org\/{rel}","templated":true}]}}