{"id":15010,"date":"2023-04-20T06:40:25","date_gmt":"2023-04-20T04:40:25","guid":{"rendered":"https:\/\/medifactia.com\/da\/?page_id=15010"},"modified":"2026-02-11T13:22:46","modified_gmt":"2026-02-11T12:22:46","slug":"instructions","status":"publish","type":"page","link":"https:\/\/medifactia.com\/da\/instructions\/","title":{"rendered":"Instructions"},"content":{"rendered":"<div  class='flex_column av-cb8owoy-6a1465da1ea6361a40598f2d230e8b3b av_one_full  avia-builder-el-0  el_before_av_one_full  avia-builder-el-first  first flex_column_div  '     ><div  class='avia-video av-bsvj1eq-86ccffc74b6bed371719f8ae58c93308 avia-video-16-9 av-no-preview-image avia-video-load-always av-lazyload-immediate av-lazyload-video-embed'  itemprop=\"video\" itemtype=\"https:\/\/schema.org\/VideoObject\"  data-original_url='https:\/\/vimeo.com\/796097857'><script type='text\/html' class='av-video-tmpl'><div class='avia-iframe-wrap'><iframe loading=\"lazy\" title=\"Medifactia video 1 2023 ENG.mp4\" src=\"https:\/\/player.vimeo.com\/video\/796097857?h=911af83fab&amp;dnt=1&amp;app_id=122963&autoplay=0&loop=0&controls=1&muted=0\" width=\"1500\" height=\"844\" frameborder=\"0\" allow=\"autoplay; fullscreen; picture-in-picture\" allowfullscreen><\/iframe><\/div><\/script><div class='av-click-to-play-overlay'><div class=\"avia_playpause_icon\"><\/div><\/div><\/div><\/div>\n<div  class='flex_column av-b948gzm-c39ae4e30712482e84844251a23c8646 av_one_full  avia-builder-el-2  el_after_av_one_full  el_before_av_one_full  first flex_column_div  column-top-margin'     ><p>\n<style type=\"text\/css\" data-created_by=\"avia_inline_auto\" id=\"style-css-av-lgomtc8h-4a62be4eab82c33bb6378e416f722864\">\n#top .av-special-heading.av-lgomtc8h-4a62be4eab82c33bb6378e416f722864{\npadding-bottom:10px;\n}\nbody .av-special-heading.av-lgomtc8h-4a62be4eab82c33bb6378e416f722864 .av-special-heading-tag .heading-char{\nfont-size:25px;\n}\n.av-special-heading.av-lgomtc8h-4a62be4eab82c33bb6378e416f722864 .av-subheading{\nfont-size:15px;\n}\n<\/style>\n<div  class='av-special-heading av-lgomtc8h-4a62be4eab82c33bb6378e416f722864 av-special-heading-h1 blockquote modern-quote  avia-builder-el-3  el_before_av_textblock  avia-builder-el-first '><h1 class='av-special-heading-tag '  itemprop=\"headline\"  >Instruktioner for korrekt brug af Transit-Pellets<\/h1><div class=\"special-heading-border\"><div class=\"special-heading-inner-border\"><\/div><\/div><\/div><br \/>\n<section  class='av_textblock_section av-lgomu3de-6177b207e02eb93fa624630ed4130521 '   itemscope=\"itemscope\" itemtype=\"https:\/\/schema.org\/CreativeWork\" ><div class='avia_textblock'  itemprop=\"text\" ><p>Transit-Pellets mark\u00f8rtests ordineres af l\u00e6ger til brug af patienter i hjemmet. I seks p\u00e5 hinanden f\u00f8lgende dage sluger patienten Transit-Pellets mark\u00f8rer, som er indeholdt i syv HPMC-kapsler (hydropropylmetylcellulose), efterfulgt af en abdominal r\u00f8ntgen p\u00e5 dag syv.<\/p>\n<p>For at sikre korrekt og sikker brug af Transit-Pellets er det vigtigt at gennemg\u00e5 Transit-Pellets brugsanvisning grundigt, inden du begynder at bruge produktet. Du kan f\u00e5 adgang til den direkte via <a href=\"https:\/\/medifactia.com\/wp-content\/uploads\/2026\/02\/0074-IFU-International-ver05.pdf\" target=\"_blank\" rel=\"noopener\">DETTE LINK<\/a>. V\u00e6r opm\u00e6rksom p\u00e5, at Transit-Pellets brugsanvisning kan \u00e6ndre sig. Den mest aktuelle version er altid tilg\u00e6ngelig p\u00e5 dette websted.<\/p>\n<\/div><\/section><\/p><\/div><div  class='flex_column av-awho0ma-82d91335254f34122d2731a7537f1357 av_one_full  avia-builder-el-5  el_after_av_one_full  el_before_av_hr  first flex_column_div  column-top-margin'     ><p>\n<style type=\"text\/css\" data-created_by=\"avia_inline_auto\" id=\"style-css-av-lgomuak7-21ba8a469deb0f41f979c9fc6e741e0d\">\n#top .av-special-heading.av-lgomuak7-21ba8a469deb0f41f979c9fc6e741e0d{\npadding-bottom:10px;\n}\nbody .av-special-heading.av-lgomuak7-21ba8a469deb0f41f979c9fc6e741e0d .av-special-heading-tag .heading-char{\nfont-size:25px;\n}\n.av-special-heading.av-lgomuak7-21ba8a469deb0f41f979c9fc6e741e0d .av-subheading{\nfont-size:15px;\n}\n<\/style>\n<div  class='av-special-heading av-lgomuak7-21ba8a469deb0f41f979c9fc6e741e0d av-special-heading-h2 blockquote modern-quote  avia-builder-el-6  el_before_av_textblock  avia-builder-el-first '><h2 class='av-special-heading-tag '  itemprop=\"headline\"  >S\u00f8rg for n\u00f8jagtige resultater: F\u00f8lg ordinerede instruktioner<\/h2><div class=\"special-heading-border\"><div class=\"special-heading-inner-border\"><\/div><\/div><\/div><br \/>\n<section  class='av_textblock_section av-lgomuqhb-e246ea7722d4fd4a06665abb3b5a45e0 '   itemscope=\"itemscope\" itemtype=\"https:\/\/schema.org\/CreativeWork\" ><div class='avia_textblock'  itemprop=\"text\" ><p><img decoding=\"async\" class=\"alignright size-full wp-image-15198\" style=\"margin-left: 25px; margin-bottom: 30px;\" src=\"https:\/\/medifactia.com\/us\/wp-content\/uploads\/sites\/2\/2023\/02\/Transit-Pellets-Blister-gray.png\" alt=\"\" width=\"120\" \/>Det er vigtigt at f\u00f8lge de ordinerede doseringsinstruktioner for mark\u00f8rerne for at sikre n\u00f8jagtige resultater. \u00c9n Transit-Pellets kapsel skal tages hver dag fra dag \u00e9t til dag fem. P\u00e5 dag seks skal \u00e9n kapsel tages om morgenen, m\u00e6rket som \u201d6:1\u201d, og \u00e9n kapsel skal tages om aftenen, m\u00e6rket som \u201d6:2\u201d.<\/p>\n<p>For at sikre n\u00f8jagtigheden af m\u00e5lingen er det vigtigt at planl\u00e6gge radiologiunders\u00f8gelsen p\u00e5 det passende tidspunkt i forhold til den sidste mark\u00f8rdosis p\u00e5 dag seks, m\u00e6rket som \u201d6:2\u201d. Dette betyder, at r\u00f8ntgenunders\u00f8gelsen skal planl\u00e6gges cirka 12 timer efter den sidste mark\u00f8rdosis blev indtaget om aftenen p\u00e5 dag seks. F\u00f8lgende tabel giver en nyttig reference.<\/p>\n<\/div><\/section><br \/>\n<div class='avia-data-table-wrap av-afl4v7m-44e90c7339e74e02ee766e91015b4974 avia_responsive_table avia-table-1'><table  class='avia-table avia-data-table avia_pricing_default  avia-builder-el-8  el_after_av_textblock  avia-builder-el-last '  itemscope=\"itemscope\" itemtype=\"https:\/\/schema.org\/Table\" ><tbody><tr class='avia-heading-row'><th class=''>Dag 1 (Swallow Capsule 1)<\/th><th class=''>Dag 7 (R\u00f8ntgen)<\/th><\/tr><tr class=''><td class=''>Tirsdag<\/td><td class=''>Mandag<\/td><\/tr><tr class=''><td class=''>Onsdag<\/td><td class=''>Tirsdag<\/td><\/tr><tr class=''><td class=''>Torsdag<\/td><td class=''>Onsdag<\/td><\/tr><tr class=''><td class=''>Fredag<\/td><td class=''>Torsdag<\/td><\/tr><tr class=''><td class=''>L\u00f8rdag<\/td><td class=''>Fredag<\/td><\/tr><\/tbody><\/table><\/div><style type='text\/css'>.avia-table-1 td:nth-of-type(1):before { content: 'Dag 1 (Swallow Capsule 1)'; } .avia-table-1 td:nth-of-type(2):before { content: 'Dag 7 (R\u00f8ntgen)'; } <\/style><\/p><\/div><\/p>\n<div  class='hr av-1n4449u-363d1f5bc95222995f970878bb34970a hr-default  avia-builder-el-9  el_after_av_one_full  el_before_av_one_full '><span class='hr-inner '><span class=\"hr-inner-style\"><\/span><\/span><\/div>\n<div  class='flex_column av-18svlcy-a723e244fe0b7a0a154e982c07042fc1 av_one_full  avia-builder-el-10  el_after_av_hr  el_before_av_hr  first flex_column_div  '     ><style type=\"text\/css\" data-created_by=\"avia_inline_auto\" id=\"style-css-av-lgomwim5-35234d15c175665d7241dea901ff876d\">\n#top .av_textblock_section.av-lgomwim5-35234d15c175665d7241dea901ff876d .avia_textblock{\nfont-size:13px;\n}\n<\/style>\n<section  class='av_textblock_section av-lgomwim5-35234d15c175665d7241dea901ff876d '   itemscope=\"itemscope\" itemtype=\"https:\/\/schema.org\/CreativeWork\" ><div class='avia_textblock'  itemprop=\"text\" ><p>Information p\u00e5 denne hjemmeside b\u00f8r ikke bruges som erstatning for medicinsk r\u00e5dgivning fra din l\u00e6ge. Diskut\u00e9r altid diagnosticering og behandlingsinformation, herunder risici, med din l\u00e6ge. Husk p\u00e5 at al behandling og alle resultater er specifikke for den enkelte patient. Resultater kan variere.<\/p>\n<\/div><\/section><\/div>\n<div  class='hr av-k4tffm-e66c46cac4f11d13288dbe9e64223554 hr-default  avia-builder-el-12  el_after_av_one_full  avia-builder-el-last '><span class='hr-inner '><span class=\"hr-inner-style\"><\/span><\/span><\/div>\n","protected":false},"excerpt":{"rendered":"","protected":false},"author":1,"featured_media":0,"parent":0,"menu_order":0,"comment_status":"closed","ping_status":"closed","template":"","meta":{"footnotes":""},"class_list":["post-15010","page","type-page","status-publish","hentry"],"_links":{"self":[{"href":"https:\/\/medifactia.com\/da\/wp-json\/wp\/v2\/pages\/15010","targetHints":{"allow":["GET"]}}],"collection":[{"href":"https:\/\/medifactia.com\/da\/wp-json\/wp\/v2\/pages"}],"about":[{"href":"https:\/\/medifactia.com\/da\/wp-json\/wp\/v2\/types\/page"}],"author":[{"embeddable":true,"href":"https:\/\/medifactia.com\/da\/wp-json\/wp\/v2\/users\/1"}],"replies":[{"embeddable":true,"href":"https:\/\/medifactia.com\/da\/wp-json\/wp\/v2\/comments?post=15010"}],"version-history":[{"count":4,"href":"https:\/\/medifactia.com\/da\/wp-json\/wp\/v2\/pages\/15010\/revisions"}],"predecessor-version":[{"id":15205,"href":"https:\/\/medifactia.com\/da\/wp-json\/wp\/v2\/pages\/15010\/revisions\/15205"}],"wp:attachment":[{"href":"https:\/\/medifactia.com\/da\/wp-json\/wp\/v2\/media?parent=15010"}],"curies":[{"name":"wp","href":"https:\/\/api.w.org\/{rel}","templated":true}]}}