{"id":15005,"date":"2023-04-20T06:37:10","date_gmt":"2023-04-20T04:37:10","guid":{"rendered":"https:\/\/medifactia.com\/da\/?page_id=15005"},"modified":"2026-02-11T08:34:52","modified_gmt":"2026-02-11T07:34:52","slug":"colon-transit-markers","status":"publish","type":"page","link":"https:\/\/medifactia.com\/da\/colon-transit-markers\/","title":{"rendered":"Colon Transit Markers"},"content":{"rendered":"<div  class='flex_column av-4x2321p-9097b90a92054eadddb401494de1f826 av_one_full  avia-builder-el-0  el_before_av_one_full  avia-builder-el-first  first flex_column_div  '     ><style type=\"text\/css\" data-created_by=\"avia_inline_auto\" id=\"style-css-av-lgomq9f1-d4698729cc753590242e1a05226db7fd\">\n.avia-image-container.av-lgomq9f1-d4698729cc753590242e1a05226db7fd img.avia_image{\nbox-shadow:none;\n}\n.avia-image-container.av-lgomq9f1-d4698729cc753590242e1a05226db7fd .av-image-caption-overlay-center{\ncolor:#ffffff;\n}\n<\/style>\n<div  class='avia-image-container av-lgomq9f1-d4698729cc753590242e1a05226db7fd av-styling- avia-align-center  avia-builder-el-1  avia-builder-el-no-sibling '   itemprop=\"image\" itemscope=\"itemscope\" itemtype=\"https:\/\/schema.org\/ImageObject\" ><div class=\"avia-image-container-inner\"><div class=\"avia-image-overlay-wrap\"><img decoding=\"async\" fetchpriority=\"high\" class='wp-image- avia-img-lazy-loading-not- avia_image ' src=\"https:\/\/medifactia.com\/us\/wp-content\/uploads\/sites\/2\/2023\/02\/medifactia-TP-Infinit.jpg\" alt='' title=''   itemprop=\"thumbnailUrl\"  \/><\/div><\/div><\/div><\/div>\n<div  class='flex_column av-4gve4al-b9215b46c6475c47d56d61b1db2b08b8 av_one_full  avia-builder-el-2  el_after_av_one_full  el_before_av_hr  first flex_column_div  column-top-margin'     ><p>\n<style type=\"text\/css\" data-created_by=\"avia_inline_auto\" id=\"style-css-av-lgomq51a-a7a445dc24ee96c896a47c9657effab0\">\n#top .av-special-heading.av-lgomq51a-a7a445dc24ee96c896a47c9657effab0{\npadding-bottom:10px;\n}\nbody .av-special-heading.av-lgomq51a-a7a445dc24ee96c896a47c9657effab0 .av-special-heading-tag .heading-char{\nfont-size:25px;\n}\n.av-special-heading.av-lgomq51a-a7a445dc24ee96c896a47c9657effab0 .av-subheading{\nfont-size:15px;\n}\n<\/style>\n<div  class='av-special-heading av-lgomq51a-a7a445dc24ee96c896a47c9657effab0 av-special-heading-h1 blockquote modern-quote  avia-builder-el-3  el_before_av_textblock  avia-builder-el-first '><h1 class='av-special-heading-tag '  itemprop=\"headline\"  >Beskrivelse af Transit-Pellets:<\/h1><div class=\"special-heading-border\"><div class=\"special-heading-inner-border\"><\/div><\/div><\/div><br \/>\n<section  class='av_textblock_section av-lgomqru0-c4d8cf6bac5fa46804d66d081db07ce9 '   itemscope=\"itemscope\" itemtype=\"https:\/\/schema.org\/CreativeWork\" ><div class='avia_textblock'  itemprop=\"text\" ><p>Transit-Pellets best\u00e5r af sm\u00e5 r\u00f8ntgent\u00e6tte mark\u00f8rer, \u201dpellets\u201d, fremstillet af bariumsulfat (BaSO<sup>4<\/sup>) fyldt med silikone indeni en h\u00e5rd hydroxypropylmethylcellulose (HPMC) kapsel. HPMC-kapslerne er gelatinefri og af standardtypen, der anvendes til medicinske produkter. Deres funktion er at transportere mark\u00f8rerne til maven, hvor de opl\u00f8ses. Mark\u00f8rerne passerer gennem mave-tarmkanalen og udskilles i aff\u00f8ringen.<\/p>\n<p>Bariumsulfat er et r\u00f8ntgent\u00e6t materiale, der har v\u00e6ret anvendt til r\u00f8ntgenafbildning af mave-tarmkanalen siden pionerstudierne af WB Cannon i 1890&#8217;erne. Udtrykket \u201dr\u00f8ntgent\u00e6t\u201d henviser til materialer s\u00e5som bariumsulfat, der er tilstr\u00e6kkeligt t\u00e6tte til at modst\u00e5 r\u00f8ntgenstr\u00e5ler, der skinner igennem dem, og som derfor kan ses p\u00e5 et r\u00f8ntgenbillede. Anvendelsen af r\u00f8ntgent\u00e6tte mark\u00f8rer impr\u00e6gneret med bariumsulfat til m\u00e5ling af kolontransittid har v\u00e6ret anvendt i over 45 \u00e5r. Silikone er ogs\u00e5 et bredt anvendt materiale inden for mange medicinsk-tekniske produkter.<\/p>\n<\/div><\/section><\/p><\/div>\n\n<style type=\"text\/css\" data-created_by=\"avia_inline_auto\" id=\"style-css-av-3zcpn6l-dd7b8bb7e0e8b770e22b1fa778c6f0e0\">\n#top .hr.hr-invisible.av-3zcpn6l-dd7b8bb7e0e8b770e22b1fa778c6f0e0{\nheight:10px;\n}\n<\/style>\n<div  class='hr av-3zcpn6l-dd7b8bb7e0e8b770e22b1fa778c6f0e0 hr-invisible  avia-builder-el-5  el_after_av_one_full  el_before_av_three_fifth '><span class='hr-inner '><span class=\"hr-inner-style\"><\/span><\/span><\/div>\n<div  class='flex_column av-39xx471-7efd0d00f28fd6716b5bb8fd06f0bcfe av_three_fifth  avia-builder-el-6  el_after_av_hr  el_before_av_two_fifth  first flex_column_div  '     ><section  class='av_textblock_section av-lgomr20v-d0b33d54e6d71641b09c29d25eea106f '   itemscope=\"itemscope\" itemtype=\"https:\/\/schema.org\/CreativeWork\" ><div class='avia_textblock'  itemprop=\"text\" ><p>HPMC-kapslen (st\u00f8rrelse -00-) best\u00e5r af to \u00e5bne cylindre, en kapsel og en krop, der passer ind i hinanden. Fem af kapslerne indeholder ti ringformede mark\u00f8rer, mens to kapsler indeholder fem r\u00f8rformede mark\u00f8rer. Transit-Pellets-kapslerne kommer i en blisterpakning, der er placeret inde i en karton.<\/p>\n<p>Transit-Pellets har en anden form p\u00e5 dag seks for at hj\u00e6lpe l\u00e6gen med at se visse dele af tyktarmen bedre. P\u00e5 dag seks er dosis ogs\u00e5 opdelt i en morgen- og en aftendosis, og \u00e5rsagen til dette er at kunne vurdere, om hurtig kolontransit forekommer.<\/p>\n<\/div><\/section><\/div>\n\n<style type=\"text\/css\" data-created_by=\"avia_inline_auto\" id=\"style-css-av-bh75el-27d09ec8ed4559c1c1ae21bac0ad6b37\">\n.flex_column.av-bh75el-27d09ec8ed4559c1c1ae21bac0ad6b37{\npadding:10px 0 0 0;\n}\n<\/style>\n<div  class='flex_column av-bh75el-27d09ec8ed4559c1c1ae21bac0ad6b37 av_two_fifth  avia-builder-el-8  el_after_av_three_fifth  el_before_av_hr  flex_column_div  '     ><style type=\"text\/css\" data-created_by=\"avia_inline_auto\" id=\"style-css-av-lgomr6lw-e6cf9165430b2260b866082e85834589\">\n.avia-image-container.av-lgomr6lw-e6cf9165430b2260b866082e85834589 img.avia_image{\nbox-shadow:none;\n}\n.avia-image-container.av-lgomr6lw-e6cf9165430b2260b866082e85834589 .av-image-caption-overlay-center{\ncolor:#ffffff;\n}\n<\/style>\n<div  class='avia-image-container av-lgomr6lw-e6cf9165430b2260b866082e85834589 av-styling- avia-align-center  avia-builder-el-9  avia-builder-el-no-sibling '   itemprop=\"image\" itemscope=\"itemscope\" itemtype=\"https:\/\/schema.org\/ImageObject\" ><div class=\"avia-image-container-inner\"><div class=\"avia-image-overlay-wrap\"><img decoding=\"async\" fetchpriority=\"high\" class='wp-image- avia-img-lazy-loading-not- avia_image ' src=\"https:\/\/medifactia.com\/us\/wp-content\/uploads\/sites\/2\/2023\/02\/kapslar-1.jpg\" alt='' title=''   itemprop=\"thumbnailUrl\"  \/><\/div><\/div><\/div><\/div>\n\n<style type=\"text\/css\" data-created_by=\"avia_inline_auto\" id=\"style-css-av-2knamfx-25d35b6500eb4fa7527a248c0cfad16a\">\n#top .hr.hr-invisible.av-2knamfx-25d35b6500eb4fa7527a248c0cfad16a{\nheight:50px;\n}\n<\/style>\n<div  class='hr av-2knamfx-25d35b6500eb4fa7527a248c0cfad16a hr-invisible  avia-builder-el-10  el_after_av_two_fifth  el_before_av_one_full '><span class='hr-inner '><span class=\"hr-inner-style\"><\/span><\/span><\/div>\n<div  class='flex_column av-29jmc1p-2ffec8ce793cb3b201fd4291cc02b802 av_one_full  avia-builder-el-11  el_after_av_hr  el_before_av_hr  first flex_column_div  '     ><p>\n<style type=\"text\/css\" data-created_by=\"avia_inline_auto\" id=\"style-css-av-lgomribq-258e8b6866647f03ef2e132759575f51\">\n#top .av-special-heading.av-lgomribq-258e8b6866647f03ef2e132759575f51{\npadding-bottom:10px;\n}\nbody .av-special-heading.av-lgomribq-258e8b6866647f03ef2e132759575f51 .av-special-heading-tag .heading-char{\nfont-size:25px;\n}\n.av-special-heading.av-lgomribq-258e8b6866647f03ef2e132759575f51 .av-subheading{\nfont-size:15px;\n}\n<\/style>\n<div  class='av-special-heading av-lgomribq-258e8b6866647f03ef2e132759575f51 av-special-heading-h2 blockquote modern-quote  avia-builder-el-12  el_before_av_textblock  avia-builder-el-first '><h2 class='av-special-heading-tag '  itemprop=\"headline\"  >Brugsvejledning for Transit-Pellets<\/h2><div class=\"special-heading-border\"><div class=\"special-heading-inner-border\"><\/div><\/div><\/div><br \/>\n<section  class='av_textblock_section av-lgoms1u1-6c097f848617f89f42a1feabb044d99b '   itemscope=\"itemscope\" itemtype=\"https:\/\/schema.org\/CreativeWork\" ><div class='avia_textblock'  itemprop=\"text\" ><p>Hver pakke med Transit-Pellets inkluderer en brugsvejledning, som er tilg\u00e6ngelig p\u00e5 op til 20 forskellige sprog. Det er vigtigt, at brugeren af Transit-Pellets l\u00e6ser denne information, inden produktet tages i brug. Brugsvejledningen indeholder vigtige instruktioner om, hvordan man korrekt anvender Transit-Pellets. Download Transit-Pellets brugsvejledning via <a href=\"https:\/\/medifactia.com\/wp-content\/uploads\/2026\/02\/0074-IFU-International-ver05.pdf\" target=\"_blank\" rel=\"noopener\">DETTE LINK<\/a>.<\/p>\n<\/div><\/section><\/p><\/div><div  class='hr av-5tp6u5-25cfd03bb3a7b1c0a2df593251102528 hr-default  avia-builder-el-14  el_after_av_one_full  el_before_av_one_full '><span class='hr-inner '><span class=\"hr-inner-style\"><\/span><\/span><\/div><\/p>\n<div  class='flex_column av-157uykd-c0543170463fa238f7a4a3929859ad77 av_one_full  avia-builder-el-15  el_after_av_hr  el_before_av_hr  first flex_column_div  '     ><style type=\"text\/css\" data-created_by=\"avia_inline_auto\" id=\"style-css-av-lgomsak9-3ce27c2ad2d25cc2da20b6bc2f79deb2\">\n#top .av_textblock_section.av-lgomsak9-3ce27c2ad2d25cc2da20b6bc2f79deb2 .avia_textblock{\nfont-size:13px;\n}\n<\/style>\n<section  class='av_textblock_section av-lgomsak9-3ce27c2ad2d25cc2da20b6bc2f79deb2 '   itemscope=\"itemscope\" itemtype=\"https:\/\/schema.org\/CreativeWork\" ><div class='avia_textblock'  itemprop=\"text\" ><p>Information p\u00e5 denne hjemmeside b\u00f8r ikke bruges som erstatning for medicinsk r\u00e5dgivning fra din l\u00e6ge. Diskut\u00e9r altid diagnosticering og behandlingsinformation, herunder risici, med din l\u00e6ge. Husk p\u00e5 at al behandling og alle resultater er specifikke for den enkelte patient. Resultater kan variere.<\/p>\n<\/div><\/section><\/div>\n<div  class='hr av-qm328t-d1b5423df6c5a464f45758bcd0ee38de hr-default  avia-builder-el-17  el_after_av_one_full  avia-builder-el-last '><span class='hr-inner '><span class=\"hr-inner-style\"><\/span><\/span><\/div>\n","protected":false},"excerpt":{"rendered":"","protected":false},"author":1,"featured_media":0,"parent":0,"menu_order":0,"comment_status":"closed","ping_status":"closed","template":"","meta":{"footnotes":""},"class_list":["post-15005","page","type-page","status-publish","hentry"],"_links":{"self":[{"href":"https:\/\/medifactia.com\/da\/wp-json\/wp\/v2\/pages\/15005","targetHints":{"allow":["GET"]}}],"collection":[{"href":"https:\/\/medifactia.com\/da\/wp-json\/wp\/v2\/pages"}],"about":[{"href":"https:\/\/medifactia.com\/da\/wp-json\/wp\/v2\/types\/page"}],"author":[{"embeddable":true,"href":"https:\/\/medifactia.com\/da\/wp-json\/wp\/v2\/users\/1"}],"replies":[{"embeddable":true,"href":"https:\/\/medifactia.com\/da\/wp-json\/wp\/v2\/comments?post=15005"}],"version-history":[{"count":4,"href":"https:\/\/medifactia.com\/da\/wp-json\/wp\/v2\/pages\/15005\/revisions"}],"predecessor-version":[{"id":15201,"href":"https:\/\/medifactia.com\/da\/wp-json\/wp\/v2\/pages\/15005\/revisions\/15201"}],"wp:attachment":[{"href":"https:\/\/medifactia.com\/da\/wp-json\/wp\/v2\/media?parent=15005"}],"curies":[{"name":"wp","href":"https:\/\/api.w.org\/{rel}","templated":true}]}}